{"id":53,"date":"2022-03-14T10:02:59","date_gmt":"2022-03-14T09:02:59","guid":{"rendered":"https:\/\/www.ibsasailing.com\/sailing-for-children\/"},"modified":"2025-07-30T14:16:56","modified_gmt":"2025-07-30T12:16:56","slug":"inclusive-sailing","status":"publish","type":"page","link":"https:\/\/www.ibsasailing.com\/en\/inclusive-sailing\/","title":{"rendered":"Inclusive Sailing"},"content":{"rendered":"\n<p>IBSA\u2019s project <em>Sailing into the Future. Together<\/em> has focused on a sport \u2013 sailing\u2013, turning it into a vehicle for raising awareness about themes such as inclusion and social integration. This is done in collaboration with <strong>organisations that promote sailing initiatives for people with disabilities<\/strong>. Launching inclusive sailing projects means championing cultural and social change and creating a journey of enrichment that benefits everyone involved. Sport becomes a tool for discovering aptitudes and talents, <strong>transcending physical and cognitive disabilities<\/strong>, as well as an opportunity to build self-confidence and to create opportunities for shared experiences, while teaching mutual respect. <strong>With these goals in mind, we established partnerships with several sailing organisations in Switzerland, Italy, France, Spain and the United States.<\/strong><\/p>\n\n\n\n<div style=\"height:36px\" aria-hidden=\"true\" class=\"wp-block-spacer\"><\/div>\n\n\n\n<p><strong>Switzerland<\/strong><\/p>\n\n\n\n<p>In Switzerland, we support the <em><strong>Associazione Velabili<\/strong><\/em>, based at the <em>Circolo Velico Lago di Lugano<\/em>, which promotes sailing programmes for people with disabilities.<\/p>\n\n\n\n<p>In June 2023, we supported Velabili\u2019s participation in the Special Olympics World Games in Berlin, and in 2025, we donated an <em>RS Venture Connect SCS<\/em> boat to the organisation.<\/p>\n\n\n\n<p>Additionally, since 2023, IBSA Switzerland has been the sponsor of <em><strong>Coppa IBSA<\/strong><\/em>, the end-of-season regatta at the <em>Circolo Velico Lago di Lugano<\/em>.<\/p>\n\n\n\n<div style=\"height:36px\" aria-hidden=\"true\" class=\"wp-block-spacer\"><\/div>\n\n\n\n<p><strong>France<\/strong><\/p>\n\n\n\n<p>In France, we began a collaboration with the<strong> <em>Soci\u00e9t\u00e9 des R\u00e9gates d\u2019Antibes<\/em><\/strong> on the C\u00f4te d\u2019Azur, reinforcing our message of inclusion and social responsibility.<\/p>\n\n\n\n<p>The donation of two Hansa 303 boats enabled this renowned club, already committed to youth sailing activities, to extend its initiatives to people with disabilities.<\/p>\n\n\n\n<p>In September 2023, IBSA France organised the first<em> <strong>IBSA Regatta<\/strong><\/em> in Antibes, a two-day event dedicated to young athletes aged 12 to 17, including 23 sailors with disabilities from ten French sailing clubs.<\/p>\n\n\n\n<div style=\"height:36px\" aria-hidden=\"true\" class=\"wp-block-spacer\"><\/div>\n\n\n\n<p><strong>Italy<\/strong><\/p>\n\n\n\n<p>In Italy, we donated two Hansa 303 boats to the <strong><em>Yacht Club Punta Ala<\/em> <\/strong>(in the province of Grosseto).<\/p>\n\n\n\n<p>Furthermore, IBSA Italy has signed a three-year partnership with <em><strong>Para Sailing Academy<\/strong><\/em> (a disabled sailing school) of the Italian Sailing Federation (FIV, <em>Federazione Italiana Vela<\/em>). This project, supported by CONI, CIP, and World Sailing, aims to make sailing increasingly accessible both nationally and internationally.<\/p>\n\n\n\n<div style=\"height:36px\" aria-hidden=\"true\" class=\"wp-block-spacer\"><\/div>\n\n\n\n<p><strong>Spain<\/strong><\/p>\n\n\n\n<p>In Spain, we donated two Hansa 303 boats to the <strong><em>Escola de Vela Adaptada<\/em> <\/strong>in Sitges (Barcelona). IBSA Iberia continues its collaboration with the association to promote a series of inclusive sailing activities for children and young people.<\/p>\n\n\n\n<div style=\"height:36px\" aria-hidden=\"true\" class=\"wp-block-spacer\"><\/div>\n\n\n\n<p><strong>United States<\/strong><\/p>\n\n\n\n<p>In the United States, IBSA USA supports the Newport (Rhode Island) organisation <strong><em>Sail to Prevail<\/em>, <\/strong>which aims to enable around 1,500 people with disabilities to practise sailing with the support of professional skippers.<\/p>\n\n\n\n<div style=\"height:36px\" aria-hidden=\"true\" class=\"wp-block-spacer\"><\/div>\n\n\n\n<p>Although our sporting venture on a Class40 concluded in 2024, the project <em>Sailing into the Future. Together<\/em> lives on through inclusive sailing, with renewed momentum and the hope of extending this commitment to other organisations and nations. Inclusion allows us to celebrate differences and<strong> imagine horizons instead of boundaries, helping to build a better future.<\/strong><\/p>\n\n\n\nngg_shortcode_0_placeholder\n","protected":false},"excerpt":{"rendered":"<p>IBSA\u2019s project Sailing into the Future. Together has focused on a sport \u2013 sailing\u2013, turning it into a vehicle for raising awareness about themes such as inclusion and social integration. This is done in collaboration with organisations that promote sailing initiatives for people with disabilities. Launching inclusive sailing projects means championing cultural and social change [&hellip;]<\/p>\n","protected":false},"author":4,"featured_media":0,"parent":0,"menu_order":0,"comment_status":"closed","ping_status":"closed","template":"sailing-children.php","meta":{"_acf_changed":false,"ngg_post_thumbnail":0,"footnotes":""},"class_list":["post-53","page","type-page","status-publish","hentry"],"acf":[],"yoast_head":"<!-- This site is optimized with the Yoast SEO plugin v24.3 - https:\/\/yoast.com\/wordpress\/plugins\/seo\/ -->\n<title>Inclusive Sailing - IBSA Sailing<\/title>\n<meta name=\"robots\" content=\"index, follow, max-snippet:-1, max-image-preview:large, max-video-preview:-1\" \/>\n<link rel=\"canonical\" href=\"https:\/\/www.ibsasailing.com\/en\/inclusive-sailing\/\" \/>\n<meta property=\"og:locale\" content=\"en_US\" \/>\n<meta property=\"og:type\" content=\"article\" \/>\n<meta property=\"og:title\" content=\"Inclusive Sailing - IBSA Sailing\" \/>\n<meta property=\"og:description\" content=\"IBSA\u2019s project Sailing into the Future. Together has focused on a sport \u2013 sailing\u2013, turning it into a vehicle for raising awareness about themes such as inclusion and social integration. This is done in collaboration with organisations that promote sailing initiatives for people with disabilities. Launching inclusive sailing projects means championing cultural and social change [&hellip;]\" \/>\n<meta property=\"og:url\" content=\"https:\/\/www.ibsasailing.com\/en\/inclusive-sailing\/\" \/>\n<meta property=\"og:site_name\" content=\"IBSA Sailing\" \/>\n<meta property=\"article:publisher\" content=\"https:\/\/www.facebook.com\/ibsapharma\/\" \/>\n<meta property=\"article:modified_time\" content=\"2025-07-30T12:16:56+00:00\" \/>\n<meta property=\"og:image\" content=\"https:\/\/www.ibsasailing.com\/wp-content\/uploads\/2022\/07\/278415181_5075440115869116_1553031771407206903_n.jpg\" \/>\n\t<meta property=\"og:image:width\" content=\"2048\" \/>\n\t<meta property=\"og:image:height\" content=\"1152\" \/>\n\t<meta property=\"og:image:type\" content=\"image\/jpeg\" \/>\n<meta name=\"twitter:card\" content=\"summary_large_image\" \/>\n<meta name=\"twitter:label1\" content=\"Est. reading time\" \/>\n\t<meta name=\"twitter:data1\" content=\"3 minutes\" \/>\n<script type=\"application\/ld+json\" class=\"yoast-schema-graph\">{\"@context\":\"https:\/\/schema.org\",\"@graph\":[{\"@type\":\"WebPage\",\"@id\":\"https:\/\/www.ibsasailing.com\/en\/inclusive-sailing\/\",\"url\":\"https:\/\/www.ibsasailing.com\/en\/inclusive-sailing\/\",\"name\":\"Inclusive Sailing - IBSA Sailing\",\"isPartOf\":{\"@id\":\"https:\/\/www.ibsasailing.com\/#website\"},\"datePublished\":\"2022-03-14T09:02:59+00:00\",\"dateModified\":\"2025-07-30T12:16:56+00:00\",\"breadcrumb\":{\"@id\":\"https:\/\/www.ibsasailing.com\/en\/inclusive-sailing\/#breadcrumb\"},\"inLanguage\":\"en-US\",\"potentialAction\":[{\"@type\":\"ReadAction\",\"target\":[\"https:\/\/www.ibsasailing.com\/en\/inclusive-sailing\/\"]}]},{\"@type\":\"BreadcrumbList\",\"@id\":\"https:\/\/www.ibsasailing.com\/en\/inclusive-sailing\/#breadcrumb\",\"itemListElement\":[{\"@type\":\"ListItem\",\"position\":1,\"name\":\"Home\",\"item\":\"https:\/\/www.ibsasailing.com\/en\/\"},{\"@type\":\"ListItem\",\"position\":2,\"name\":\"Inclusive Sailing\"}]},{\"@type\":\"WebSite\",\"@id\":\"https:\/\/www.ibsasailing.com\/#website\",\"url\":\"https:\/\/www.ibsasailing.com\/\",\"name\":\"IBSA Sailing\",\"description\":\"Sailing into the Future. Together\",\"publisher\":{\"@id\":\"https:\/\/www.ibsasailing.com\/#organization\"},\"potentialAction\":[{\"@type\":\"SearchAction\",\"target\":{\"@type\":\"EntryPoint\",\"urlTemplate\":\"https:\/\/www.ibsasailing.com\/?s={search_term_string}\"},\"query-input\":{\"@type\":\"PropertyValueSpecification\",\"valueRequired\":true,\"valueName\":\"search_term_string\"}}],\"inLanguage\":\"en-US\"},{\"@type\":\"Organization\",\"@id\":\"https:\/\/www.ibsasailing.com\/#organization\",\"name\":\"IBSA Sailing\",\"url\":\"https:\/\/www.ibsasailing.com\/\",\"logo\":{\"@type\":\"ImageObject\",\"inLanguage\":\"en-US\",\"@id\":\"https:\/\/www.ibsasailing.com\/#\/schema\/logo\/image\/\",\"url\":\"https:\/\/www.ibsasailing.com\/wp-content\/uploads\/2022\/11\/IBSA_RdR_StartDay40-1-scaled.jpg\",\"contentUrl\":\"https:\/\/www.ibsasailing.com\/wp-content\/uploads\/2022\/11\/IBSA_RdR_StartDay40-1-scaled.jpg\",\"width\":2560,\"height\":1523,\"caption\":\"IBSA Sailing\"},\"image\":{\"@id\":\"https:\/\/www.ibsasailing.com\/#\/schema\/logo\/image\/\"},\"sameAs\":[\"https:\/\/www.facebook.com\/ibsapharma\/\"]}]}<\/script>\n<!-- \/ Yoast SEO plugin. -->","yoast_head_json":{"title":"Inclusive Sailing - IBSA Sailing","robots":{"index":"index","follow":"follow","max-snippet":"max-snippet:-1","max-image-preview":"max-image-preview:large","max-video-preview":"max-video-preview:-1"},"canonical":"https:\/\/www.ibsasailing.com\/en\/inclusive-sailing\/","og_locale":"en_US","og_type":"article","og_title":"Inclusive Sailing - IBSA Sailing","og_description":"IBSA\u2019s project Sailing into the Future. Together has focused on a sport \u2013 sailing\u2013, turning it into a vehicle for raising awareness about themes such as inclusion and social integration. This is done in collaboration with organisations that promote sailing initiatives for people with disabilities. Launching inclusive sailing projects means championing cultural and social change [&hellip;]","og_url":"https:\/\/www.ibsasailing.com\/en\/inclusive-sailing\/","og_site_name":"IBSA Sailing","article_publisher":"https:\/\/www.facebook.com\/ibsapharma\/","article_modified_time":"2025-07-30T12:16:56+00:00","og_image":[{"width":2048,"height":1152,"url":"https:\/\/www.ibsasailing.com\/wp-content\/uploads\/2022\/07\/278415181_5075440115869116_1553031771407206903_n.jpg","type":"image\/jpeg"}],"twitter_card":"summary_large_image","twitter_misc":{"Est. reading time":"3 minutes"},"schema":{"@context":"https:\/\/schema.org","@graph":[{"@type":"WebPage","@id":"https:\/\/www.ibsasailing.com\/en\/inclusive-sailing\/","url":"https:\/\/www.ibsasailing.com\/en\/inclusive-sailing\/","name":"Inclusive Sailing - IBSA Sailing","isPartOf":{"@id":"https:\/\/www.ibsasailing.com\/#website"},"datePublished":"2022-03-14T09:02:59+00:00","dateModified":"2025-07-30T12:16:56+00:00","breadcrumb":{"@id":"https:\/\/www.ibsasailing.com\/en\/inclusive-sailing\/#breadcrumb"},"inLanguage":"en-US","potentialAction":[{"@type":"ReadAction","target":["https:\/\/www.ibsasailing.com\/en\/inclusive-sailing\/"]}]},{"@type":"BreadcrumbList","@id":"https:\/\/www.ibsasailing.com\/en\/inclusive-sailing\/#breadcrumb","itemListElement":[{"@type":"ListItem","position":1,"name":"Home","item":"https:\/\/www.ibsasailing.com\/en\/"},{"@type":"ListItem","position":2,"name":"Inclusive Sailing"}]},{"@type":"WebSite","@id":"https:\/\/www.ibsasailing.com\/#website","url":"https:\/\/www.ibsasailing.com\/","name":"IBSA Sailing","description":"Sailing into the Future. Together","publisher":{"@id":"https:\/\/www.ibsasailing.com\/#organization"},"potentialAction":[{"@type":"SearchAction","target":{"@type":"EntryPoint","urlTemplate":"https:\/\/www.ibsasailing.com\/?s={search_term_string}"},"query-input":{"@type":"PropertyValueSpecification","valueRequired":true,"valueName":"search_term_string"}}],"inLanguage":"en-US"},{"@type":"Organization","@id":"https:\/\/www.ibsasailing.com\/#organization","name":"IBSA Sailing","url":"https:\/\/www.ibsasailing.com\/","logo":{"@type":"ImageObject","inLanguage":"en-US","@id":"https:\/\/www.ibsasailing.com\/#\/schema\/logo\/image\/","url":"https:\/\/www.ibsasailing.com\/wp-content\/uploads\/2022\/11\/IBSA_RdR_StartDay40-1-scaled.jpg","contentUrl":"https:\/\/www.ibsasailing.com\/wp-content\/uploads\/2022\/11\/IBSA_RdR_StartDay40-1-scaled.jpg","width":2560,"height":1523,"caption":"IBSA Sailing"},"image":{"@id":"https:\/\/www.ibsasailing.com\/#\/schema\/logo\/image\/"},"sameAs":["https:\/\/www.facebook.com\/ibsapharma\/"]}]}},"_links":{"self":[{"href":"https:\/\/www.ibsasailing.com\/en\/wp-json\/wp\/v2\/pages\/53","targetHints":{"allow":["GET"]}}],"collection":[{"href":"https:\/\/www.ibsasailing.com\/en\/wp-json\/wp\/v2\/pages"}],"about":[{"href":"https:\/\/www.ibsasailing.com\/en\/wp-json\/wp\/v2\/types\/page"}],"author":[{"embeddable":true,"href":"https:\/\/www.ibsasailing.com\/en\/wp-json\/wp\/v2\/users\/4"}],"replies":[{"embeddable":true,"href":"https:\/\/www.ibsasailing.com\/en\/wp-json\/wp\/v2\/comments?post=53"}],"version-history":[{"count":8,"href":"https:\/\/www.ibsasailing.com\/en\/wp-json\/wp\/v2\/pages\/53\/revisions"}],"predecessor-version":[{"id":8970,"href":"https:\/\/www.ibsasailing.com\/en\/wp-json\/wp\/v2\/pages\/53\/revisions\/8970"}],"wp:attachment":[{"href":"https:\/\/www.ibsasailing.com\/en\/wp-json\/wp\/v2\/media?parent=53"}],"curies":[{"name":"wp","href":"https:\/\/api.w.org\/{rel}","templated":true}]}}