{"id":1517,"date":"2022-07-22T11:16:18","date_gmt":"2022-07-22T09:16:18","guid":{"rendered":"https:\/\/www.ibsasailing.com\/?page_id=1517"},"modified":"2023-07-25T12:18:31","modified_gmt":"2023-07-25T10:18:31","slug":"luca-bertacchi","status":"publish","type":"page","link":"https:\/\/www.ibsasailing.com\/fr\/luca-bertacchi\/","title":{"rendered":"Luca Bertacchi"},"content":{"rendered":"\n<p>Luca, d\u2019origine florentine et n\u00e9 en&nbsp;1971, est le chef d\u2019\u00e9quipe du projet Class40 IBSA. Dipl\u00f4m\u00e9 de l\u2019\u00e9cole polytechnique de Milan en ing\u00e9nierie, il poss\u00e8de une ma\u00eetrise en finance d\u2019entreprise de l\u2019universit\u00e9 Bocconi.&nbsp;<br><br>Il a fait carri\u00e8re dans l\u2019industrie, la finance et le secteur des assurances en occupant divers postes de direction en Italie et \u00e0 l\u2019\u00e9tranger.&nbsp; Il vit aujourd\u2019hui \u00e0 Zurich o\u00f9 il travaille dans le conseil strat\u00e9gique, principalement dans le secteur de la finance et des assurances.<br><br>\u00ab&nbsp;La voile est plus qu\u2019une passion pour moi, je me souviens de mon premier voyage en Sardaigne au d\u00e9but des ann\u00e9es&nbsp;1970 et de la chance que j\u2019ai eue de naviguer \u00e0 bord du Corsaro&nbsp;II, un ketch historique de la marine\u2026 depuis, je n\u2019ai plus quitt\u00e9 le bateau&nbsp;\u00bb.<br><br>La Sardaigne est devenue sa maison \u00e0 l\u2019\u00e2ge de 10&nbsp;ans lorsque son p\u00e8re est devenu secr\u00e9taire g\u00e9n\u00e9ral du Yacht Club Costa Smeralda et des d\u00e9fis historiques tels que Azzurra.&nbsp;<br><br>Pendant ses \u00e9tudes, il a pu travailler et s\u2019amuser en tant que marin et r\u00e9gatier en grandissant avec les meilleurs marins italiens.&nbsp;<br><br>Ces derni\u00e8res ann\u00e9es, il a mis son exp\u00e9rience de gestionnaire au service du d\u00e9veloppement du sport de la voile.<br><br>Son engagement se poursuit en tant que directeur sportif du Circolo Vela Bellano.&nbsp; Avec une \u00e9quipe d\u2019entra\u00eeneurs et de professionnels ainsi qu\u2019avec le soutien de la F\u00e9d\u00e9ration italienne de voile, ils investissent dans le concept de \u00ab&nbsp;cercle vertueux&nbsp;\u00bb de la voile de comp\u00e9tition, en d\u00e9veloppant une p\u00e9pini\u00e8re de jeunes athl\u00e8tes mais aussi en soutenant la voile durable et les initiatives de protection de l\u2019environnement.<br><br>En 2021, a lieu la rencontre avec Alberto Bona, qui l\u2019engage comme navigateur de la Giraglia sur le BertaX, un X-Yacht de 50&nbsp;pieds. &nbsp;<br><br>Ensemble, ils optimisent le bateau et r\u00e9alisent une course couronn\u00e9e de succ\u00e8s qui marque le d\u00e9but d\u2019une forte communion de valeurs et la conviction qu\u2019ensemble ils peuvent faire quelque chose d\u2019unique.&nbsp;<br><br>\u00ab&nbsp;Travailler avec Alberto a \u00e9t\u00e9 l\u2019une des exp\u00e9riences les plus amusantes et les plus int\u00e9ressantes de ma vie.&nbsp; Alberto n\u2019est pas seulement un marin de haute mer talentueux, mais un marin d\u2019une autre \u00e9poque aux valeurs profondes et sinc\u00e8res.&nbsp; Il combine une pr\u00e9paration m\u00e9ticuleuse avec une sensibilit\u00e9 que j\u2019ai rarement rencontr\u00e9e&nbsp;\u00bb.<br><br>Ensemble, ils ont con\u00e7u la campagne de trois ans de la Class40, qui a re\u00e7u l\u2019approbation du groupe IBSA, donnant ainsi lieu \u00e0 ce splendide d\u00e9fi.&nbsp;<\/p>\n","protected":false},"excerpt":{"rendered":"<p>Luca, d\u2019origine florentine et n\u00e9 en&nbsp;1971, est le chef d\u2019\u00e9quipe du projet Class40 IBSA. Dipl\u00f4m\u00e9 de l\u2019\u00e9cole polytechnique de Milan en ing\u00e9nierie, il poss\u00e8de une ma\u00eetrise en finance d\u2019entreprise de l\u2019universit\u00e9 Bocconi.&nbsp; Il a fait carri\u00e8re dans l\u2019industrie, la finance et le secteur des assurances en occupant divers postes de direction en Italie et \u00e0 [&hellip;]<\/p>\n","protected":false},"author":4,"featured_media":0,"parent":0,"menu_order":0,"comment_status":"closed","ping_status":"closed","template":"luca.php","meta":{"_acf_changed":false,"ngg_post_thumbnail":0,"footnotes":""},"class_list":["post-1517","page","type-page","status-publish","hentry"],"acf":[],"yoast_head":"<!-- This site is optimized with the Yoast SEO plugin v24.3 - https:\/\/yoast.com\/wordpress\/plugins\/seo\/ -->\n<title>Luca Bertacchi - IBSA Sailing<\/title>\n<meta name=\"robots\" content=\"index, follow, max-snippet:-1, max-image-preview:large, max-video-preview:-1\" \/>\n<link rel=\"canonical\" href=\"https:\/\/www.ibsasailing.com\/fr\/luca-bertacchi\/\" \/>\n<meta property=\"og:locale\" content=\"fr_FR\" \/>\n<meta property=\"og:type\" content=\"article\" \/>\n<meta property=\"og:title\" content=\"Luca Bertacchi - IBSA Sailing\" \/>\n<meta property=\"og:description\" content=\"Luca, d\u2019origine florentine et n\u00e9 en&nbsp;1971, est le chef d\u2019\u00e9quipe du projet Class40 IBSA. Dipl\u00f4m\u00e9 de l\u2019\u00e9cole polytechnique de Milan en ing\u00e9nierie, il poss\u00e8de une ma\u00eetrise en finance d\u2019entreprise de l\u2019universit\u00e9 Bocconi.&nbsp; Il a fait carri\u00e8re dans l\u2019industrie, la finance et le secteur des assurances en occupant divers postes de direction en Italie et \u00e0 [&hellip;]\" \/>\n<meta property=\"og:url\" content=\"https:\/\/www.ibsasailing.com\/fr\/luca-bertacchi\/\" \/>\n<meta property=\"og:site_name\" content=\"IBSA Sailing\" \/>\n<meta property=\"article:publisher\" content=\"https:\/\/www.facebook.com\/ibsapharma\/\" \/>\n<meta property=\"article:modified_time\" content=\"2023-07-25T10:18:31+00:00\" \/>\n<meta property=\"og:image\" content=\"https:\/\/www.ibsasailing.com\/wp-content\/uploads\/2023\/07\/Luca-Bertacchi-4.jpg\" \/>\n\t<meta property=\"og:image:width\" content=\"2048\" \/>\n\t<meta property=\"og:image:height\" content=\"1366\" \/>\n\t<meta property=\"og:image:type\" content=\"image\/jpeg\" \/>\n<meta name=\"twitter:card\" content=\"summary_large_image\" \/>\n<meta name=\"twitter:label1\" content=\"Dur\u00e9e de lecture estim\u00e9e\" \/>\n\t<meta name=\"twitter:data1\" content=\"3 minutes\" \/>\n<script type=\"application\/ld+json\" class=\"yoast-schema-graph\">{\"@context\":\"https:\/\/schema.org\",\"@graph\":[{\"@type\":\"WebPage\",\"@id\":\"https:\/\/www.ibsasailing.com\/fr\/luca-bertacchi\/\",\"url\":\"https:\/\/www.ibsasailing.com\/fr\/luca-bertacchi\/\",\"name\":\"Luca Bertacchi - IBSA Sailing\",\"isPartOf\":{\"@id\":\"https:\/\/www.ibsasailing.com\/#website\"},\"datePublished\":\"2022-07-22T09:16:18+00:00\",\"dateModified\":\"2023-07-25T10:18:31+00:00\",\"breadcrumb\":{\"@id\":\"https:\/\/www.ibsasailing.com\/fr\/luca-bertacchi\/#breadcrumb\"},\"inLanguage\":\"fr-FR\",\"potentialAction\":[{\"@type\":\"ReadAction\",\"target\":[\"https:\/\/www.ibsasailing.com\/fr\/luca-bertacchi\/\"]}]},{\"@type\":\"BreadcrumbList\",\"@id\":\"https:\/\/www.ibsasailing.com\/fr\/luca-bertacchi\/#breadcrumb\",\"itemListElement\":[{\"@type\":\"ListItem\",\"position\":1,\"name\":\"Home\",\"item\":\"https:\/\/www.ibsasailing.com\/fr\/\"},{\"@type\":\"ListItem\",\"position\":2,\"name\":\"Luca Bertacchi\"}]},{\"@type\":\"WebSite\",\"@id\":\"https:\/\/www.ibsasailing.com\/#website\",\"url\":\"https:\/\/www.ibsasailing.com\/\",\"name\":\"IBSA Sailing\",\"description\":\"Sailing into the Future. Together\",\"publisher\":{\"@id\":\"https:\/\/www.ibsasailing.com\/#organization\"},\"potentialAction\":[{\"@type\":\"SearchAction\",\"target\":{\"@type\":\"EntryPoint\",\"urlTemplate\":\"https:\/\/www.ibsasailing.com\/?s={search_term_string}\"},\"query-input\":{\"@type\":\"PropertyValueSpecification\",\"valueRequired\":true,\"valueName\":\"search_term_string\"}}],\"inLanguage\":\"fr-FR\"},{\"@type\":\"Organization\",\"@id\":\"https:\/\/www.ibsasailing.com\/#organization\",\"name\":\"IBSA Sailing\",\"url\":\"https:\/\/www.ibsasailing.com\/\",\"logo\":{\"@type\":\"ImageObject\",\"inLanguage\":\"fr-FR\",\"@id\":\"https:\/\/www.ibsasailing.com\/#\/schema\/logo\/image\/\",\"url\":\"https:\/\/www.ibsasailing.com\/wp-content\/uploads\/2022\/11\/IBSA_RdR_StartDay40-1-scaled.jpg\",\"contentUrl\":\"https:\/\/www.ibsasailing.com\/wp-content\/uploads\/2022\/11\/IBSA_RdR_StartDay40-1-scaled.jpg\",\"width\":2560,\"height\":1523,\"caption\":\"IBSA Sailing\"},\"image\":{\"@id\":\"https:\/\/www.ibsasailing.com\/#\/schema\/logo\/image\/\"},\"sameAs\":[\"https:\/\/www.facebook.com\/ibsapharma\/\"]}]}<\/script>\n<!-- \/ Yoast SEO plugin. -->","yoast_head_json":{"title":"Luca Bertacchi - IBSA Sailing","robots":{"index":"index","follow":"follow","max-snippet":"max-snippet:-1","max-image-preview":"max-image-preview:large","max-video-preview":"max-video-preview:-1"},"canonical":"https:\/\/www.ibsasailing.com\/fr\/luca-bertacchi\/","og_locale":"fr_FR","og_type":"article","og_title":"Luca Bertacchi - IBSA Sailing","og_description":"Luca, d\u2019origine florentine et n\u00e9 en&nbsp;1971, est le chef d\u2019\u00e9quipe du projet Class40 IBSA. Dipl\u00f4m\u00e9 de l\u2019\u00e9cole polytechnique de Milan en ing\u00e9nierie, il poss\u00e8de une ma\u00eetrise en finance d\u2019entreprise de l\u2019universit\u00e9 Bocconi.&nbsp; Il a fait carri\u00e8re dans l\u2019industrie, la finance et le secteur des assurances en occupant divers postes de direction en Italie et \u00e0 [&hellip;]","og_url":"https:\/\/www.ibsasailing.com\/fr\/luca-bertacchi\/","og_site_name":"IBSA Sailing","article_publisher":"https:\/\/www.facebook.com\/ibsapharma\/","article_modified_time":"2023-07-25T10:18:31+00:00","og_image":[{"width":2048,"height":1366,"url":"https:\/\/www.ibsasailing.com\/wp-content\/uploads\/2023\/07\/Luca-Bertacchi-4.jpg","type":"image\/jpeg"}],"twitter_card":"summary_large_image","twitter_misc":{"Dur\u00e9e de lecture estim\u00e9e":"3 minutes"},"schema":{"@context":"https:\/\/schema.org","@graph":[{"@type":"WebPage","@id":"https:\/\/www.ibsasailing.com\/fr\/luca-bertacchi\/","url":"https:\/\/www.ibsasailing.com\/fr\/luca-bertacchi\/","name":"Luca Bertacchi - IBSA Sailing","isPartOf":{"@id":"https:\/\/www.ibsasailing.com\/#website"},"datePublished":"2022-07-22T09:16:18+00:00","dateModified":"2023-07-25T10:18:31+00:00","breadcrumb":{"@id":"https:\/\/www.ibsasailing.com\/fr\/luca-bertacchi\/#breadcrumb"},"inLanguage":"fr-FR","potentialAction":[{"@type":"ReadAction","target":["https:\/\/www.ibsasailing.com\/fr\/luca-bertacchi\/"]}]},{"@type":"BreadcrumbList","@id":"https:\/\/www.ibsasailing.com\/fr\/luca-bertacchi\/#breadcrumb","itemListElement":[{"@type":"ListItem","position":1,"name":"Home","item":"https:\/\/www.ibsasailing.com\/fr\/"},{"@type":"ListItem","position":2,"name":"Luca Bertacchi"}]},{"@type":"WebSite","@id":"https:\/\/www.ibsasailing.com\/#website","url":"https:\/\/www.ibsasailing.com\/","name":"IBSA Sailing","description":"Sailing into the Future. Together","publisher":{"@id":"https:\/\/www.ibsasailing.com\/#organization"},"potentialAction":[{"@type":"SearchAction","target":{"@type":"EntryPoint","urlTemplate":"https:\/\/www.ibsasailing.com\/?s={search_term_string}"},"query-input":{"@type":"PropertyValueSpecification","valueRequired":true,"valueName":"search_term_string"}}],"inLanguage":"fr-FR"},{"@type":"Organization","@id":"https:\/\/www.ibsasailing.com\/#organization","name":"IBSA Sailing","url":"https:\/\/www.ibsasailing.com\/","logo":{"@type":"ImageObject","inLanguage":"fr-FR","@id":"https:\/\/www.ibsasailing.com\/#\/schema\/logo\/image\/","url":"https:\/\/www.ibsasailing.com\/wp-content\/uploads\/2022\/11\/IBSA_RdR_StartDay40-1-scaled.jpg","contentUrl":"https:\/\/www.ibsasailing.com\/wp-content\/uploads\/2022\/11\/IBSA_RdR_StartDay40-1-scaled.jpg","width":2560,"height":1523,"caption":"IBSA Sailing"},"image":{"@id":"https:\/\/www.ibsasailing.com\/#\/schema\/logo\/image\/"},"sameAs":["https:\/\/www.facebook.com\/ibsapharma\/"]}]}},"_links":{"self":[{"href":"https:\/\/www.ibsasailing.com\/fr\/wp-json\/wp\/v2\/pages\/1517","targetHints":{"allow":["GET"]}}],"collection":[{"href":"https:\/\/www.ibsasailing.com\/fr\/wp-json\/wp\/v2\/pages"}],"about":[{"href":"https:\/\/www.ibsasailing.com\/fr\/wp-json\/wp\/v2\/types\/page"}],"author":[{"embeddable":true,"href":"https:\/\/www.ibsasailing.com\/fr\/wp-json\/wp\/v2\/users\/4"}],"replies":[{"embeddable":true,"href":"https:\/\/www.ibsasailing.com\/fr\/wp-json\/wp\/v2\/comments?post=1517"}],"version-history":[{"count":0,"href":"https:\/\/www.ibsasailing.com\/fr\/wp-json\/wp\/v2\/pages\/1517\/revisions"}],"wp:attachment":[{"href":"https:\/\/www.ibsasailing.com\/fr\/wp-json\/wp\/v2\/media?parent=1517"}],"curies":[{"name":"wp","href":"https:\/\/api.w.org\/{rel}","templated":true}]}}