{"id":1524,"date":"2022-07-22T12:52:58","date_gmt":"2022-07-22T10:52:58","guid":{"rendered":"https:\/\/www.ibsasailing.com\/?page_id=1524"},"modified":"2023-07-25T12:41:06","modified_gmt":"2023-07-25T10:41:06","slug":"pierre-edouard-regaud","status":"publish","type":"page","link":"https:\/\/www.ibsasailing.com\/fr\/pierre-edouard-regaud\/","title":{"rendered":"Pierre-Edouard Regaud"},"content":{"rendered":"\n<p>Pierre-\u00c9douard Regaud a commenc\u00e9 sa carri\u00e8re professionnelle en&nbsp;1999 dans la Marine nationale, d\u2019abord comme jeune commandos marine, puis comme nageur de combat dans les forces sp\u00e9ciales, et enfin comme officier de quart sur le pont d\u2019un navire jusqu\u2019\u00e0 la fin de sa carri\u00e8re militaire en&nbsp;2010.<\/p>\n\n\n\n<p>Avec ses onze ann\u00e9es pass\u00e9es \u00e0 parcourir le monde et en symbiose avec la mer entre navigation de surface et plong\u00e9e sous-marine, une fois quitt\u00e9 l\u2019arm\u00e9e, le passage au monde de la voile en tant que marin professionnel semblait plus que naturel pour Pierre-\u00c9douard.<\/p>\n\n\n\n<p>Parall\u00e8lement \u00e0 ses activit\u00e9s de navigation, Pierre-\u00c9douard a commenc\u00e9 \u00e0 construire des mod\u00e8les de bateaux de haute mer, d\u2019abord comme un hobby puis comme une profession. En&nbsp;2016, il a r\u00e9alis\u00e9 un mod\u00e8le de Class40, le POGO&nbsp;S3, pour un ami qui, ravi du r\u00e9sultat, lui a \u00e9galement command\u00e9 la r\u00e9alisation du mod\u00e8le r\u00e9el pour la saison de courses oc\u00e9aniques suivante et adapt\u00e9 \u00e0 un aller-retour transatlantique.<\/p>\n\n\n\n<p>Le reste appartient \u00e0 l\u2019histoire&nbsp;: tr\u00e8s vite, Pierre-\u00c9douard devient \u00e9galement moniteur technique et capitaine de bateau, acqu\u00e9rant de plus en plus d\u2019exp\u00e9rience et de technique.<\/p>\n\n\n\n<p>En 2022, Pierre-\u00c9douard s\u2019est occup\u00e9 avec Alberto Bona de la pr\u00e9paration du Class40 IBSA \u2013 un Mach 5, successeur du Mach 4 et premi\u00e8re \u00e9volution des nouvelles coques \u00ab scow \u00bb, avec des lignes innovantes et de grands volumes d\u2019\u00e9trave pour de meilleures performances dans de nombreuses allures \u2013 qui a amen\u00e9 Alberto sur la Route du Rhum 2022. Celle de IBSA n\u2019est pas la premi\u00e8re coque \u00e0 \u00e9trave scow que Pierre-\u00c9douard a suivie hors du chantier : \u00e0 l\u2019hiver 2022, il a pr\u00e9par\u00e9 le Class40 POGO S4, un bateau de derni\u00e8re g\u00e9n\u00e9ration, gr\u00e2ce auquel il a \u00e9galement eu l\u2019occasion d\u2019exp\u00e9rimenter une nouvelle fa\u00e7on de naviguer et donc une nouvelle fa\u00e7on d\u2019aborder la pr\u00e9paration d\u2019un bateau de course au large.<\/p>\n","protected":false},"excerpt":{"rendered":"<p>Pierre-\u00c9douard Regaud a commenc\u00e9 sa carri\u00e8re professionnelle en&nbsp;1999 dans la Marine nationale, d\u2019abord comme jeune commandos marine, puis comme nageur de combat dans les forces sp\u00e9ciales, et enfin comme officier de quart sur le pont d\u2019un navire jusqu\u2019\u00e0 la fin de sa carri\u00e8re militaire en&nbsp;2010. Avec ses onze ann\u00e9es pass\u00e9es \u00e0 parcourir le monde et [&hellip;]<\/p>\n","protected":false},"author":4,"featured_media":0,"parent":0,"menu_order":0,"comment_status":"closed","ping_status":"closed","template":"pierre.php","meta":{"_acf_changed":false,"ngg_post_thumbnail":0,"footnotes":""},"class_list":["post-1524","page","type-page","status-publish","hentry"],"acf":[],"yoast_head":"<!-- This site is optimized with the Yoast SEO plugin v24.3 - https:\/\/yoast.com\/wordpress\/plugins\/seo\/ -->\n<title>Pierre-Edouard Regaud - IBSA Sailing<\/title>\n<meta name=\"robots\" content=\"index, follow, max-snippet:-1, max-image-preview:large, max-video-preview:-1\" \/>\n<link rel=\"canonical\" href=\"https:\/\/www.ibsasailing.com\/fr\/pierre-edouard-regaud\/\" \/>\n<meta property=\"og:locale\" content=\"fr_FR\" \/>\n<meta property=\"og:type\" content=\"article\" \/>\n<meta property=\"og:title\" content=\"Pierre-Edouard Regaud - IBSA Sailing\" \/>\n<meta property=\"og:description\" content=\"Pierre-\u00c9douard Regaud a commenc\u00e9 sa carri\u00e8re professionnelle en&nbsp;1999 dans la Marine nationale, d\u2019abord comme jeune commandos marine, puis comme nageur de combat dans les forces sp\u00e9ciales, et enfin comme officier de quart sur le pont d\u2019un navire jusqu\u2019\u00e0 la fin de sa carri\u00e8re militaire en&nbsp;2010. Avec ses onze ann\u00e9es pass\u00e9es \u00e0 parcourir le monde et [&hellip;]\" \/>\n<meta property=\"og:url\" content=\"https:\/\/www.ibsasailing.com\/fr\/pierre-edouard-regaud\/\" \/>\n<meta property=\"og:site_name\" content=\"IBSA Sailing\" \/>\n<meta property=\"article:publisher\" content=\"https:\/\/www.facebook.com\/ibsapharma\/\" \/>\n<meta property=\"article:modified_time\" content=\"2023-07-25T10:41:06+00:00\" \/>\n<meta property=\"og:image\" content=\"https:\/\/www.ibsasailing.com\/wp-content\/uploads\/2023\/07\/28A4576-scaled.jpg\" \/>\n\t<meta property=\"og:image:width\" content=\"2560\" \/>\n\t<meta property=\"og:image:height\" content=\"1707\" \/>\n\t<meta property=\"og:image:type\" content=\"image\/jpeg\" \/>\n<meta name=\"twitter:card\" content=\"summary_large_image\" \/>\n<meta name=\"twitter:label1\" content=\"Dur\u00e9e de lecture estim\u00e9e\" \/>\n\t<meta name=\"twitter:data1\" content=\"2 minutes\" \/>\n<script type=\"application\/ld+json\" class=\"yoast-schema-graph\">{\"@context\":\"https:\/\/schema.org\",\"@graph\":[{\"@type\":\"WebPage\",\"@id\":\"https:\/\/www.ibsasailing.com\/fr\/pierre-edouard-regaud\/\",\"url\":\"https:\/\/www.ibsasailing.com\/fr\/pierre-edouard-regaud\/\",\"name\":\"Pierre-Edouard Regaud - IBSA Sailing\",\"isPartOf\":{\"@id\":\"https:\/\/www.ibsasailing.com\/#website\"},\"datePublished\":\"2022-07-22T10:52:58+00:00\",\"dateModified\":\"2023-07-25T10:41:06+00:00\",\"breadcrumb\":{\"@id\":\"https:\/\/www.ibsasailing.com\/fr\/pierre-edouard-regaud\/#breadcrumb\"},\"inLanguage\":\"fr-FR\",\"potentialAction\":[{\"@type\":\"ReadAction\",\"target\":[\"https:\/\/www.ibsasailing.com\/fr\/pierre-edouard-regaud\/\"]}]},{\"@type\":\"BreadcrumbList\",\"@id\":\"https:\/\/www.ibsasailing.com\/fr\/pierre-edouard-regaud\/#breadcrumb\",\"itemListElement\":[{\"@type\":\"ListItem\",\"position\":1,\"name\":\"Home\",\"item\":\"https:\/\/www.ibsasailing.com\/fr\/\"},{\"@type\":\"ListItem\",\"position\":2,\"name\":\"Pierre-Edouard Regaud\"}]},{\"@type\":\"WebSite\",\"@id\":\"https:\/\/www.ibsasailing.com\/#website\",\"url\":\"https:\/\/www.ibsasailing.com\/\",\"name\":\"IBSA Sailing\",\"description\":\"Sailing into the Future. Together\",\"publisher\":{\"@id\":\"https:\/\/www.ibsasailing.com\/#organization\"},\"potentialAction\":[{\"@type\":\"SearchAction\",\"target\":{\"@type\":\"EntryPoint\",\"urlTemplate\":\"https:\/\/www.ibsasailing.com\/?s={search_term_string}\"},\"query-input\":{\"@type\":\"PropertyValueSpecification\",\"valueRequired\":true,\"valueName\":\"search_term_string\"}}],\"inLanguage\":\"fr-FR\"},{\"@type\":\"Organization\",\"@id\":\"https:\/\/www.ibsasailing.com\/#organization\",\"name\":\"IBSA Sailing\",\"url\":\"https:\/\/www.ibsasailing.com\/\",\"logo\":{\"@type\":\"ImageObject\",\"inLanguage\":\"fr-FR\",\"@id\":\"https:\/\/www.ibsasailing.com\/#\/schema\/logo\/image\/\",\"url\":\"https:\/\/www.ibsasailing.com\/wp-content\/uploads\/2022\/11\/IBSA_RdR_StartDay40-1-scaled.jpg\",\"contentUrl\":\"https:\/\/www.ibsasailing.com\/wp-content\/uploads\/2022\/11\/IBSA_RdR_StartDay40-1-scaled.jpg\",\"width\":2560,\"height\":1523,\"caption\":\"IBSA Sailing\"},\"image\":{\"@id\":\"https:\/\/www.ibsasailing.com\/#\/schema\/logo\/image\/\"},\"sameAs\":[\"https:\/\/www.facebook.com\/ibsapharma\/\"]}]}<\/script>\n<!-- \/ Yoast SEO plugin. -->","yoast_head_json":{"title":"Pierre-Edouard Regaud - IBSA Sailing","robots":{"index":"index","follow":"follow","max-snippet":"max-snippet:-1","max-image-preview":"max-image-preview:large","max-video-preview":"max-video-preview:-1"},"canonical":"https:\/\/www.ibsasailing.com\/fr\/pierre-edouard-regaud\/","og_locale":"fr_FR","og_type":"article","og_title":"Pierre-Edouard Regaud - IBSA Sailing","og_description":"Pierre-\u00c9douard Regaud a commenc\u00e9 sa carri\u00e8re professionnelle en&nbsp;1999 dans la Marine nationale, d\u2019abord comme jeune commandos marine, puis comme nageur de combat dans les forces sp\u00e9ciales, et enfin comme officier de quart sur le pont d\u2019un navire jusqu\u2019\u00e0 la fin de sa carri\u00e8re militaire en&nbsp;2010. Avec ses onze ann\u00e9es pass\u00e9es \u00e0 parcourir le monde et [&hellip;]","og_url":"https:\/\/www.ibsasailing.com\/fr\/pierre-edouard-regaud\/","og_site_name":"IBSA Sailing","article_publisher":"https:\/\/www.facebook.com\/ibsapharma\/","article_modified_time":"2023-07-25T10:41:06+00:00","og_image":[{"width":2560,"height":1707,"url":"https:\/\/www.ibsasailing.com\/wp-content\/uploads\/2023\/07\/28A4576-scaled.jpg","type":"image\/jpeg"}],"twitter_card":"summary_large_image","twitter_misc":{"Dur\u00e9e de lecture estim\u00e9e":"2 minutes"},"schema":{"@context":"https:\/\/schema.org","@graph":[{"@type":"WebPage","@id":"https:\/\/www.ibsasailing.com\/fr\/pierre-edouard-regaud\/","url":"https:\/\/www.ibsasailing.com\/fr\/pierre-edouard-regaud\/","name":"Pierre-Edouard Regaud - IBSA Sailing","isPartOf":{"@id":"https:\/\/www.ibsasailing.com\/#website"},"datePublished":"2022-07-22T10:52:58+00:00","dateModified":"2023-07-25T10:41:06+00:00","breadcrumb":{"@id":"https:\/\/www.ibsasailing.com\/fr\/pierre-edouard-regaud\/#breadcrumb"},"inLanguage":"fr-FR","potentialAction":[{"@type":"ReadAction","target":["https:\/\/www.ibsasailing.com\/fr\/pierre-edouard-regaud\/"]}]},{"@type":"BreadcrumbList","@id":"https:\/\/www.ibsasailing.com\/fr\/pierre-edouard-regaud\/#breadcrumb","itemListElement":[{"@type":"ListItem","position":1,"name":"Home","item":"https:\/\/www.ibsasailing.com\/fr\/"},{"@type":"ListItem","position":2,"name":"Pierre-Edouard Regaud"}]},{"@type":"WebSite","@id":"https:\/\/www.ibsasailing.com\/#website","url":"https:\/\/www.ibsasailing.com\/","name":"IBSA Sailing","description":"Sailing into the Future. Together","publisher":{"@id":"https:\/\/www.ibsasailing.com\/#organization"},"potentialAction":[{"@type":"SearchAction","target":{"@type":"EntryPoint","urlTemplate":"https:\/\/www.ibsasailing.com\/?s={search_term_string}"},"query-input":{"@type":"PropertyValueSpecification","valueRequired":true,"valueName":"search_term_string"}}],"inLanguage":"fr-FR"},{"@type":"Organization","@id":"https:\/\/www.ibsasailing.com\/#organization","name":"IBSA Sailing","url":"https:\/\/www.ibsasailing.com\/","logo":{"@type":"ImageObject","inLanguage":"fr-FR","@id":"https:\/\/www.ibsasailing.com\/#\/schema\/logo\/image\/","url":"https:\/\/www.ibsasailing.com\/wp-content\/uploads\/2022\/11\/IBSA_RdR_StartDay40-1-scaled.jpg","contentUrl":"https:\/\/www.ibsasailing.com\/wp-content\/uploads\/2022\/11\/IBSA_RdR_StartDay40-1-scaled.jpg","width":2560,"height":1523,"caption":"IBSA Sailing"},"image":{"@id":"https:\/\/www.ibsasailing.com\/#\/schema\/logo\/image\/"},"sameAs":["https:\/\/www.facebook.com\/ibsapharma\/"]}]}},"_links":{"self":[{"href":"https:\/\/www.ibsasailing.com\/fr\/wp-json\/wp\/v2\/pages\/1524","targetHints":{"allow":["GET"]}}],"collection":[{"href":"https:\/\/www.ibsasailing.com\/fr\/wp-json\/wp\/v2\/pages"}],"about":[{"href":"https:\/\/www.ibsasailing.com\/fr\/wp-json\/wp\/v2\/types\/page"}],"author":[{"embeddable":true,"href":"https:\/\/www.ibsasailing.com\/fr\/wp-json\/wp\/v2\/users\/4"}],"replies":[{"embeddable":true,"href":"https:\/\/www.ibsasailing.com\/fr\/wp-json\/wp\/v2\/comments?post=1524"}],"version-history":[{"count":0,"href":"https:\/\/www.ibsasailing.com\/fr\/wp-json\/wp\/v2\/pages\/1524\/revisions"}],"wp:attachment":[{"href":"https:\/\/www.ibsasailing.com\/fr\/wp-json\/wp\/v2\/media?parent=1524"}],"curies":[{"name":"wp","href":"https:\/\/api.w.org\/{rel}","templated":true}]}}