{"id":345,"date":"2022-03-24T09:50:02","date_gmt":"2022-03-24T08:50:02","guid":{"rendered":"https:\/\/www.ibsasailing.com\/?page_id=345"},"modified":"2023-07-26T18:01:10","modified_gmt":"2023-07-26T16:01:10","slug":"sidney-gavignet","status":"publish","type":"page","link":"https:\/\/www.ibsasailing.com\/fr\/sidney-gavignet\/","title":{"rendered":"Sidney Gavignet"},"content":{"rendered":"\n<p>La confiance, l&rsquo;\u00e9nergie de la performance.&nbsp;<\/p>\n\n\n\n<p>Marin depuis 35 ans, Sidney Gavignet a v\u00e9cu 35 ans d&rsquo;aventures, dont\u202f: un tour du monde aux c\u00f4t\u00e9s d&rsquo;Eric Tabarly, une participation \u00e0 la Coupe de l&rsquo;America dans l&rsquo;\u00e9quipe de Marc Pajot, 3 tours du monde en \u00e9quipage et avec escales (deux secondes et une victoire), plus d&rsquo;une trentaine de transats dont 5 en double avec notamment Isabelle Autissier, 3 Routes du Rhum en Solitaire.&nbsp;<\/p>\n\n\n\n<p>Sidney Gavignet a remport\u00e9 la Route du Rhum 2018 dans la cat\u00e9gorie Rhum Mono sur le monocoque Caf\u00e9 Joyeux. Pour cette derni\u00e8re aventure, la victoire n&rsquo;\u00e9tait pas l&rsquo;objectif principal\u202f: Les Caf\u00e9s Joyeux sont des caf\u00e9s, bas\u00e9s \u00e0 Rennes et \u00e0 Paris, dont les employ\u00e9s ont un handicap mental ou cognitif. Naviguer aux couleurs de Caf\u00e9 Joyeux, c&rsquo;est porter, dans une course en solitaire, les couleurs d&rsquo;une aventure collective, et \u00eatre convaincu, tout au long de la travers\u00e9e, de la force, du sourire et de la joie.&nbsp;<\/p>\n\n\n\n<p>Si, pendant 35 ans, Sidney Gavignet a recherch\u00e9 la performance pour gagner, aujourd&rsquo;hui il voit les choses diff\u00e9remment. Petit \u00e0 petit, il a pris du recul par rapport \u00e0 son approche des objectifs. En faisant cela, ses performances se sont am\u00e9lior\u00e9es\u202f!&nbsp;<\/p>\n\n\n\n<p>Pour lui, performer, c&rsquo;est maintenant r\u00e9ussir dans la vie. Cette recherche l&rsquo;am\u00e8ne \u00e0 savoir ralentir, voire s&rsquo;arr\u00eater, affronter ses erreurs et simplifier les choses.\u202f&nbsp;<\/p>\n\n\n\n<p>Aujourd&rsquo;hui, il combine son exp\u00e9rience de la course au large, sa passion pour les chevaux et le plaisir de partager pour contribuer \u00e0 une meilleure utilisation du potentiel individuel et collectif vers une performance \u00ab\u202fplus align\u00e9e\u202f\u00bb.\u202fLors de ses conf\u00e9rences et de ses s\u00e9ances de coaching, Sidney Gavignet partage avec le monde des affaires les liens qu&rsquo;il a \u00e9tablis \u00e0 partir de son exp\u00e9rience \u00e0 l&rsquo;\u00e9tranger et au sein de grandes \u00e9quipes internationales et multiculturelles. Son champ d&rsquo;expression est le \u00ab\u202fsavoir-\u00eatre\u202f\u00bb plut\u00f4t que le \u00ab\u202fsavoir-faire\u202f\u00bb.&nbsp;<\/p>\n\n\n\n<p>Pour Alberto, Sidney a \u00e9t\u00e9 responsable technique, pr\u00e9parateur mental et entra\u00eeneur pour la Route du Rhum 2022.<\/p>\n","protected":false},"excerpt":{"rendered":"<p>La confiance, l&rsquo;\u00e9nergie de la performance.&nbsp; Marin depuis 35 ans, Sidney Gavignet a v\u00e9cu 35 ans d&rsquo;aventures, dont\u202f: un tour du monde aux c\u00f4t\u00e9s d&rsquo;Eric Tabarly, une participation \u00e0 la Coupe de l&rsquo;America dans l&rsquo;\u00e9quipe de Marc Pajot, 3 tours du monde en \u00e9quipage et avec escales (deux secondes et une victoire), plus d&rsquo;une trentaine [&hellip;]<\/p>\n","protected":false},"author":4,"featured_media":0,"parent":0,"menu_order":0,"comment_status":"closed","ping_status":"closed","template":"sidney.php","meta":{"_acf_changed":false,"ngg_post_thumbnail":0,"footnotes":""},"class_list":["post-345","page","type-page","status-publish","hentry"],"acf":[],"yoast_head":"<!-- This site is optimized with the Yoast SEO plugin v24.3 - https:\/\/yoast.com\/wordpress\/plugins\/seo\/ -->\n<title>Sidney Gavignet - IBSA Sailing<\/title>\n<meta name=\"robots\" content=\"index, follow, max-snippet:-1, max-image-preview:large, max-video-preview:-1\" \/>\n<link rel=\"canonical\" href=\"https:\/\/www.ibsasailing.com\/fr\/sidney-gavignet\/\" \/>\n<meta property=\"og:locale\" content=\"fr_FR\" \/>\n<meta property=\"og:type\" content=\"article\" \/>\n<meta property=\"og:title\" content=\"Sidney Gavignet - IBSA Sailing\" \/>\n<meta property=\"og:description\" content=\"La confiance, l&rsquo;\u00e9nergie de la performance.&nbsp; Marin depuis 35 ans, Sidney Gavignet a v\u00e9cu 35 ans d&rsquo;aventures, dont\u202f: un tour du monde aux c\u00f4t\u00e9s d&rsquo;Eric Tabarly, une participation \u00e0 la Coupe de l&rsquo;America dans l&rsquo;\u00e9quipe de Marc Pajot, 3 tours du monde en \u00e9quipage et avec escales (deux secondes et une victoire), plus d&rsquo;une trentaine [&hellip;]\" \/>\n<meta property=\"og:url\" content=\"https:\/\/www.ibsasailing.com\/fr\/sidney-gavignet\/\" \/>\n<meta property=\"og:site_name\" content=\"IBSA Sailing\" \/>\n<meta property=\"article:publisher\" content=\"https:\/\/www.facebook.com\/ibsapharma\/\" \/>\n<meta property=\"article:modified_time\" content=\"2023-07-26T16:01:10+00:00\" \/>\n<meta property=\"og:image\" content=\"https:\/\/www.ibsasailing.com\/wp-content\/uploads\/2023\/07\/Gavignet-CV.jpeg\" \/>\n\t<meta property=\"og:image:width\" content=\"1000\" \/>\n\t<meta property=\"og:image:height\" content=\"667\" \/>\n\t<meta property=\"og:image:type\" content=\"image\/jpeg\" \/>\n<meta name=\"twitter:card\" content=\"summary_large_image\" \/>\n<meta name=\"twitter:label1\" content=\"Dur\u00e9e de lecture estim\u00e9e\" \/>\n\t<meta name=\"twitter:data1\" content=\"2 minutes\" \/>\n<script type=\"application\/ld+json\" class=\"yoast-schema-graph\">{\"@context\":\"https:\/\/schema.org\",\"@graph\":[{\"@type\":\"WebPage\",\"@id\":\"https:\/\/www.ibsasailing.com\/fr\/sidney-gavignet\/\",\"url\":\"https:\/\/www.ibsasailing.com\/fr\/sidney-gavignet\/\",\"name\":\"Sidney Gavignet - IBSA Sailing\",\"isPartOf\":{\"@id\":\"https:\/\/www.ibsasailing.com\/#website\"},\"datePublished\":\"2022-03-24T08:50:02+00:00\",\"dateModified\":\"2023-07-26T16:01:10+00:00\",\"breadcrumb\":{\"@id\":\"https:\/\/www.ibsasailing.com\/fr\/sidney-gavignet\/#breadcrumb\"},\"inLanguage\":\"fr-FR\",\"potentialAction\":[{\"@type\":\"ReadAction\",\"target\":[\"https:\/\/www.ibsasailing.com\/fr\/sidney-gavignet\/\"]}]},{\"@type\":\"BreadcrumbList\",\"@id\":\"https:\/\/www.ibsasailing.com\/fr\/sidney-gavignet\/#breadcrumb\",\"itemListElement\":[{\"@type\":\"ListItem\",\"position\":1,\"name\":\"Home\",\"item\":\"https:\/\/www.ibsasailing.com\/fr\/\"},{\"@type\":\"ListItem\",\"position\":2,\"name\":\"Sidney Gavignet\"}]},{\"@type\":\"WebSite\",\"@id\":\"https:\/\/www.ibsasailing.com\/#website\",\"url\":\"https:\/\/www.ibsasailing.com\/\",\"name\":\"IBSA Sailing\",\"description\":\"Sailing into the Future. Together\",\"publisher\":{\"@id\":\"https:\/\/www.ibsasailing.com\/#organization\"},\"potentialAction\":[{\"@type\":\"SearchAction\",\"target\":{\"@type\":\"EntryPoint\",\"urlTemplate\":\"https:\/\/www.ibsasailing.com\/?s={search_term_string}\"},\"query-input\":{\"@type\":\"PropertyValueSpecification\",\"valueRequired\":true,\"valueName\":\"search_term_string\"}}],\"inLanguage\":\"fr-FR\"},{\"@type\":\"Organization\",\"@id\":\"https:\/\/www.ibsasailing.com\/#organization\",\"name\":\"IBSA Sailing\",\"url\":\"https:\/\/www.ibsasailing.com\/\",\"logo\":{\"@type\":\"ImageObject\",\"inLanguage\":\"fr-FR\",\"@id\":\"https:\/\/www.ibsasailing.com\/#\/schema\/logo\/image\/\",\"url\":\"https:\/\/www.ibsasailing.com\/wp-content\/uploads\/2022\/11\/IBSA_RdR_StartDay40-1-scaled.jpg\",\"contentUrl\":\"https:\/\/www.ibsasailing.com\/wp-content\/uploads\/2022\/11\/IBSA_RdR_StartDay40-1-scaled.jpg\",\"width\":2560,\"height\":1523,\"caption\":\"IBSA Sailing\"},\"image\":{\"@id\":\"https:\/\/www.ibsasailing.com\/#\/schema\/logo\/image\/\"},\"sameAs\":[\"https:\/\/www.facebook.com\/ibsapharma\/\"]}]}<\/script>\n<!-- \/ Yoast SEO plugin. -->","yoast_head_json":{"title":"Sidney Gavignet - IBSA Sailing","robots":{"index":"index","follow":"follow","max-snippet":"max-snippet:-1","max-image-preview":"max-image-preview:large","max-video-preview":"max-video-preview:-1"},"canonical":"https:\/\/www.ibsasailing.com\/fr\/sidney-gavignet\/","og_locale":"fr_FR","og_type":"article","og_title":"Sidney Gavignet - IBSA Sailing","og_description":"La confiance, l&rsquo;\u00e9nergie de la performance.&nbsp; Marin depuis 35 ans, Sidney Gavignet a v\u00e9cu 35 ans d&rsquo;aventures, dont\u202f: un tour du monde aux c\u00f4t\u00e9s d&rsquo;Eric Tabarly, une participation \u00e0 la Coupe de l&rsquo;America dans l&rsquo;\u00e9quipe de Marc Pajot, 3 tours du monde en \u00e9quipage et avec escales (deux secondes et une victoire), plus d&rsquo;une trentaine [&hellip;]","og_url":"https:\/\/www.ibsasailing.com\/fr\/sidney-gavignet\/","og_site_name":"IBSA Sailing","article_publisher":"https:\/\/www.facebook.com\/ibsapharma\/","article_modified_time":"2023-07-26T16:01:10+00:00","og_image":[{"width":1000,"height":667,"url":"https:\/\/www.ibsasailing.com\/wp-content\/uploads\/2023\/07\/Gavignet-CV.jpeg","type":"image\/jpeg"}],"twitter_card":"summary_large_image","twitter_misc":{"Dur\u00e9e de lecture estim\u00e9e":"2 minutes"},"schema":{"@context":"https:\/\/schema.org","@graph":[{"@type":"WebPage","@id":"https:\/\/www.ibsasailing.com\/fr\/sidney-gavignet\/","url":"https:\/\/www.ibsasailing.com\/fr\/sidney-gavignet\/","name":"Sidney Gavignet - IBSA Sailing","isPartOf":{"@id":"https:\/\/www.ibsasailing.com\/#website"},"datePublished":"2022-03-24T08:50:02+00:00","dateModified":"2023-07-26T16:01:10+00:00","breadcrumb":{"@id":"https:\/\/www.ibsasailing.com\/fr\/sidney-gavignet\/#breadcrumb"},"inLanguage":"fr-FR","potentialAction":[{"@type":"ReadAction","target":["https:\/\/www.ibsasailing.com\/fr\/sidney-gavignet\/"]}]},{"@type":"BreadcrumbList","@id":"https:\/\/www.ibsasailing.com\/fr\/sidney-gavignet\/#breadcrumb","itemListElement":[{"@type":"ListItem","position":1,"name":"Home","item":"https:\/\/www.ibsasailing.com\/fr\/"},{"@type":"ListItem","position":2,"name":"Sidney Gavignet"}]},{"@type":"WebSite","@id":"https:\/\/www.ibsasailing.com\/#website","url":"https:\/\/www.ibsasailing.com\/","name":"IBSA Sailing","description":"Sailing into the Future. Together","publisher":{"@id":"https:\/\/www.ibsasailing.com\/#organization"},"potentialAction":[{"@type":"SearchAction","target":{"@type":"EntryPoint","urlTemplate":"https:\/\/www.ibsasailing.com\/?s={search_term_string}"},"query-input":{"@type":"PropertyValueSpecification","valueRequired":true,"valueName":"search_term_string"}}],"inLanguage":"fr-FR"},{"@type":"Organization","@id":"https:\/\/www.ibsasailing.com\/#organization","name":"IBSA Sailing","url":"https:\/\/www.ibsasailing.com\/","logo":{"@type":"ImageObject","inLanguage":"fr-FR","@id":"https:\/\/www.ibsasailing.com\/#\/schema\/logo\/image\/","url":"https:\/\/www.ibsasailing.com\/wp-content\/uploads\/2022\/11\/IBSA_RdR_StartDay40-1-scaled.jpg","contentUrl":"https:\/\/www.ibsasailing.com\/wp-content\/uploads\/2022\/11\/IBSA_RdR_StartDay40-1-scaled.jpg","width":2560,"height":1523,"caption":"IBSA Sailing"},"image":{"@id":"https:\/\/www.ibsasailing.com\/#\/schema\/logo\/image\/"},"sameAs":["https:\/\/www.facebook.com\/ibsapharma\/"]}]}},"_links":{"self":[{"href":"https:\/\/www.ibsasailing.com\/fr\/wp-json\/wp\/v2\/pages\/345","targetHints":{"allow":["GET"]}}],"collection":[{"href":"https:\/\/www.ibsasailing.com\/fr\/wp-json\/wp\/v2\/pages"}],"about":[{"href":"https:\/\/www.ibsasailing.com\/fr\/wp-json\/wp\/v2\/types\/page"}],"author":[{"embeddable":true,"href":"https:\/\/www.ibsasailing.com\/fr\/wp-json\/wp\/v2\/users\/4"}],"replies":[{"embeddable":true,"href":"https:\/\/www.ibsasailing.com\/fr\/wp-json\/wp\/v2\/comments?post=345"}],"version-history":[{"count":0,"href":"https:\/\/www.ibsasailing.com\/fr\/wp-json\/wp\/v2\/pages\/345\/revisions"}],"wp:attachment":[{"href":"https:\/\/www.ibsasailing.com\/fr\/wp-json\/wp\/v2\/media?parent=345"}],"curies":[{"name":"wp","href":"https:\/\/api.w.org\/{rel}","templated":true}]}}