{"id":3642,"date":"2023-03-23T14:55:53","date_gmt":"2023-03-23T13:55:53","guid":{"rendered":"https:\/\/www.ibsasailing.com\/?page_id=3642"},"modified":"2023-07-25T12:26:29","modified_gmt":"2023-07-25T10:26:29","slug":"luke-berry","status":"publish","type":"page","link":"https:\/\/www.ibsasailing.com\/fr\/luke-berry\/","title":{"rendered":"Luke Berry"},"content":{"rendered":"\n<p>N\u00e9 en&nbsp;1986, Luke Berry est un skipper professionnel fran\u00e7ais et armateur de <em>Lamotte-Module Cr\u00e9ation<\/em>, le bateau-jumeau du Class40 <em>IBSA<\/em> lanc\u00e9 quelques semaines avant le bateau d\u2019Alberto Bona.<\/p>\n\n\n\n<p>Architecte naval de formation, Luke a commenc\u00e9 sa carri\u00e8re dans le circuit Mini&nbsp;6.50, dans lequel il a couru pendant quatre ans, avec en point d\u2019orgue une deuxi\u00e8me place \u00e0 la Mini Transat&nbsp;2015 dans la cat\u00e9gorie prototypes.Jusqu\u2019en&nbsp;2018, Luke a partag\u00e9 son temps entre sa passion pour la mer, la voile et la planche \u00e0 voile et son r\u00f4le de directeur commercial de la soci\u00e9t\u00e9 HydrOcean, avant de d\u00e9cider de se consacrer \u00e0 plein temps aux courses oc\u00e9aniques et aux Class40, d\u2019abord \u00e0 bord du bateau n\u00ba&nbsp;153 puis du <em>Lamotte-Module Cr\u00e9ation<\/em>.<\/p>\n\n\n\n<p>Lors de la Route du Rhum&nbsp;2022, Luke Berry a \u00e9t\u00e9 l\u2019un des grands adversaires d\u2019Alberto, terminant la course oc\u00e9anique en septi\u00e8me position. Sa pr\u00e9sence \u00e0 bord du Class40 <em>IBSA<\/em> lors des premi\u00e8res sorties et de la premi\u00e8re course oc\u00e9anique de la saison&nbsp;2023 est tr\u00e8s importante, car elle permet aux deux skippers de faire un <em>fine tuning<\/em> approfondi du bateau, gr\u00e2ce \u00e0 l\u2019exp\u00e9rience diff\u00e9rente mais comparable qu\u2019ils ont acquise ces derni\u00e8res ann\u00e9es.<\/p>\n\n\n\n<p>Dans la seconde moiti\u00e9 de la saison, Luke Berry quittera le Class40 pour se consacrer aux catamarans.<\/p>\n","protected":false},"excerpt":{"rendered":"<p>N\u00e9 en&nbsp;1986, Luke Berry est un skipper professionnel fran\u00e7ais et armateur de Lamotte-Module Cr\u00e9ation, le bateau-jumeau du Class40 IBSA lanc\u00e9 quelques semaines avant le bateau d\u2019Alberto Bona. Architecte naval de formation, Luke a commenc\u00e9 sa carri\u00e8re dans le circuit Mini&nbsp;6.50, dans lequel il a couru pendant quatre ans, avec en point d\u2019orgue une deuxi\u00e8me place [&hellip;]<\/p>\n","protected":false},"author":4,"featured_media":0,"parent":0,"menu_order":0,"comment_status":"closed","ping_status":"closed","template":"luke.php","meta":{"_acf_changed":false,"ngg_post_thumbnail":0,"footnotes":""},"class_list":["post-3642","page","type-page","status-publish","hentry"],"acf":[],"yoast_head":"<!-- This site is optimized with the Yoast SEO plugin v24.3 - https:\/\/yoast.com\/wordpress\/plugins\/seo\/ -->\n<title>Luke Berry - IBSA Sailing<\/title>\n<meta name=\"robots\" content=\"index, follow, max-snippet:-1, max-image-preview:large, max-video-preview:-1\" \/>\n<link rel=\"canonical\" href=\"https:\/\/www.ibsasailing.com\/fr\/luke-berry\/\" \/>\n<meta property=\"og:locale\" content=\"fr_FR\" \/>\n<meta property=\"og:type\" content=\"article\" \/>\n<meta property=\"og:title\" content=\"Luke Berry - IBSA Sailing\" \/>\n<meta property=\"og:description\" content=\"N\u00e9 en&nbsp;1986, Luke Berry est un skipper professionnel fran\u00e7ais et armateur de Lamotte-Module Cr\u00e9ation, le bateau-jumeau du Class40 IBSA lanc\u00e9 quelques semaines avant le bateau d\u2019Alberto Bona. Architecte naval de formation, Luke a commenc\u00e9 sa carri\u00e8re dans le circuit Mini&nbsp;6.50, dans lequel il a couru pendant quatre ans, avec en point d\u2019orgue une deuxi\u00e8me place [&hellip;]\" \/>\n<meta property=\"og:url\" content=\"https:\/\/www.ibsasailing.com\/fr\/luke-berry\/\" \/>\n<meta property=\"og:site_name\" content=\"IBSA Sailing\" \/>\n<meta property=\"article:publisher\" content=\"https:\/\/www.facebook.com\/ibsapharma\/\" \/>\n<meta property=\"article:modified_time\" content=\"2023-07-25T10:26:29+00:00\" \/>\n<meta property=\"og:image\" content=\"https:\/\/www.ibsasailing.com\/wp-content\/uploads\/2023\/07\/Luke-Berry.jpg\" \/>\n\t<meta property=\"og:image:width\" content=\"960\" \/>\n\t<meta property=\"og:image:height\" content=\"960\" \/>\n\t<meta property=\"og:image:type\" content=\"image\/jpeg\" \/>\n<meta name=\"twitter:card\" content=\"summary_large_image\" \/>\n<meta name=\"twitter:label1\" content=\"Dur\u00e9e de lecture estim\u00e9e\" \/>\n\t<meta name=\"twitter:data1\" content=\"2 minutes\" \/>\n<script type=\"application\/ld+json\" class=\"yoast-schema-graph\">{\"@context\":\"https:\/\/schema.org\",\"@graph\":[{\"@type\":\"WebPage\",\"@id\":\"https:\/\/www.ibsasailing.com\/fr\/luke-berry\/\",\"url\":\"https:\/\/www.ibsasailing.com\/fr\/luke-berry\/\",\"name\":\"Luke Berry - IBSA Sailing\",\"isPartOf\":{\"@id\":\"https:\/\/www.ibsasailing.com\/#website\"},\"datePublished\":\"2023-03-23T13:55:53+00:00\",\"dateModified\":\"2023-07-25T10:26:29+00:00\",\"breadcrumb\":{\"@id\":\"https:\/\/www.ibsasailing.com\/fr\/luke-berry\/#breadcrumb\"},\"inLanguage\":\"fr-FR\",\"potentialAction\":[{\"@type\":\"ReadAction\",\"target\":[\"https:\/\/www.ibsasailing.com\/fr\/luke-berry\/\"]}]},{\"@type\":\"BreadcrumbList\",\"@id\":\"https:\/\/www.ibsasailing.com\/fr\/luke-berry\/#breadcrumb\",\"itemListElement\":[{\"@type\":\"ListItem\",\"position\":1,\"name\":\"Home\",\"item\":\"https:\/\/www.ibsasailing.com\/fr\/\"},{\"@type\":\"ListItem\",\"position\":2,\"name\":\"Luke Berry\"}]},{\"@type\":\"WebSite\",\"@id\":\"https:\/\/www.ibsasailing.com\/#website\",\"url\":\"https:\/\/www.ibsasailing.com\/\",\"name\":\"IBSA Sailing\",\"description\":\"Sailing into the Future. Together\",\"publisher\":{\"@id\":\"https:\/\/www.ibsasailing.com\/#organization\"},\"potentialAction\":[{\"@type\":\"SearchAction\",\"target\":{\"@type\":\"EntryPoint\",\"urlTemplate\":\"https:\/\/www.ibsasailing.com\/?s={search_term_string}\"},\"query-input\":{\"@type\":\"PropertyValueSpecification\",\"valueRequired\":true,\"valueName\":\"search_term_string\"}}],\"inLanguage\":\"fr-FR\"},{\"@type\":\"Organization\",\"@id\":\"https:\/\/www.ibsasailing.com\/#organization\",\"name\":\"IBSA Sailing\",\"url\":\"https:\/\/www.ibsasailing.com\/\",\"logo\":{\"@type\":\"ImageObject\",\"inLanguage\":\"fr-FR\",\"@id\":\"https:\/\/www.ibsasailing.com\/#\/schema\/logo\/image\/\",\"url\":\"https:\/\/www.ibsasailing.com\/wp-content\/uploads\/2022\/11\/IBSA_RdR_StartDay40-1-scaled.jpg\",\"contentUrl\":\"https:\/\/www.ibsasailing.com\/wp-content\/uploads\/2022\/11\/IBSA_RdR_StartDay40-1-scaled.jpg\",\"width\":2560,\"height\":1523,\"caption\":\"IBSA Sailing\"},\"image\":{\"@id\":\"https:\/\/www.ibsasailing.com\/#\/schema\/logo\/image\/\"},\"sameAs\":[\"https:\/\/www.facebook.com\/ibsapharma\/\"]}]}<\/script>\n<!-- \/ Yoast SEO plugin. -->","yoast_head_json":{"title":"Luke Berry - IBSA Sailing","robots":{"index":"index","follow":"follow","max-snippet":"max-snippet:-1","max-image-preview":"max-image-preview:large","max-video-preview":"max-video-preview:-1"},"canonical":"https:\/\/www.ibsasailing.com\/fr\/luke-berry\/","og_locale":"fr_FR","og_type":"article","og_title":"Luke Berry - IBSA Sailing","og_description":"N\u00e9 en&nbsp;1986, Luke Berry est un skipper professionnel fran\u00e7ais et armateur de Lamotte-Module Cr\u00e9ation, le bateau-jumeau du Class40 IBSA lanc\u00e9 quelques semaines avant le bateau d\u2019Alberto Bona. Architecte naval de formation, Luke a commenc\u00e9 sa carri\u00e8re dans le circuit Mini&nbsp;6.50, dans lequel il a couru pendant quatre ans, avec en point d\u2019orgue une deuxi\u00e8me place [&hellip;]","og_url":"https:\/\/www.ibsasailing.com\/fr\/luke-berry\/","og_site_name":"IBSA Sailing","article_publisher":"https:\/\/www.facebook.com\/ibsapharma\/","article_modified_time":"2023-07-25T10:26:29+00:00","og_image":[{"width":960,"height":960,"url":"https:\/\/www.ibsasailing.com\/wp-content\/uploads\/2023\/07\/Luke-Berry.jpg","type":"image\/jpeg"}],"twitter_card":"summary_large_image","twitter_misc":{"Dur\u00e9e de lecture estim\u00e9e":"2 minutes"},"schema":{"@context":"https:\/\/schema.org","@graph":[{"@type":"WebPage","@id":"https:\/\/www.ibsasailing.com\/fr\/luke-berry\/","url":"https:\/\/www.ibsasailing.com\/fr\/luke-berry\/","name":"Luke Berry - IBSA Sailing","isPartOf":{"@id":"https:\/\/www.ibsasailing.com\/#website"},"datePublished":"2023-03-23T13:55:53+00:00","dateModified":"2023-07-25T10:26:29+00:00","breadcrumb":{"@id":"https:\/\/www.ibsasailing.com\/fr\/luke-berry\/#breadcrumb"},"inLanguage":"fr-FR","potentialAction":[{"@type":"ReadAction","target":["https:\/\/www.ibsasailing.com\/fr\/luke-berry\/"]}]},{"@type":"BreadcrumbList","@id":"https:\/\/www.ibsasailing.com\/fr\/luke-berry\/#breadcrumb","itemListElement":[{"@type":"ListItem","position":1,"name":"Home","item":"https:\/\/www.ibsasailing.com\/fr\/"},{"@type":"ListItem","position":2,"name":"Luke Berry"}]},{"@type":"WebSite","@id":"https:\/\/www.ibsasailing.com\/#website","url":"https:\/\/www.ibsasailing.com\/","name":"IBSA Sailing","description":"Sailing into the Future. Together","publisher":{"@id":"https:\/\/www.ibsasailing.com\/#organization"},"potentialAction":[{"@type":"SearchAction","target":{"@type":"EntryPoint","urlTemplate":"https:\/\/www.ibsasailing.com\/?s={search_term_string}"},"query-input":{"@type":"PropertyValueSpecification","valueRequired":true,"valueName":"search_term_string"}}],"inLanguage":"fr-FR"},{"@type":"Organization","@id":"https:\/\/www.ibsasailing.com\/#organization","name":"IBSA Sailing","url":"https:\/\/www.ibsasailing.com\/","logo":{"@type":"ImageObject","inLanguage":"fr-FR","@id":"https:\/\/www.ibsasailing.com\/#\/schema\/logo\/image\/","url":"https:\/\/www.ibsasailing.com\/wp-content\/uploads\/2022\/11\/IBSA_RdR_StartDay40-1-scaled.jpg","contentUrl":"https:\/\/www.ibsasailing.com\/wp-content\/uploads\/2022\/11\/IBSA_RdR_StartDay40-1-scaled.jpg","width":2560,"height":1523,"caption":"IBSA Sailing"},"image":{"@id":"https:\/\/www.ibsasailing.com\/#\/schema\/logo\/image\/"},"sameAs":["https:\/\/www.facebook.com\/ibsapharma\/"]}]}},"_links":{"self":[{"href":"https:\/\/www.ibsasailing.com\/fr\/wp-json\/wp\/v2\/pages\/3642","targetHints":{"allow":["GET"]}}],"collection":[{"href":"https:\/\/www.ibsasailing.com\/fr\/wp-json\/wp\/v2\/pages"}],"about":[{"href":"https:\/\/www.ibsasailing.com\/fr\/wp-json\/wp\/v2\/types\/page"}],"author":[{"embeddable":true,"href":"https:\/\/www.ibsasailing.com\/fr\/wp-json\/wp\/v2\/users\/4"}],"replies":[{"embeddable":true,"href":"https:\/\/www.ibsasailing.com\/fr\/wp-json\/wp\/v2\/comments?post=3642"}],"version-history":[{"count":0,"href":"https:\/\/www.ibsasailing.com\/fr\/wp-json\/wp\/v2\/pages\/3642\/revisions"}],"wp:attachment":[{"href":"https:\/\/www.ibsasailing.com\/fr\/wp-json\/wp\/v2\/media?parent=3642"}],"curies":[{"name":"wp","href":"https:\/\/api.w.org\/{rel}","templated":true}]}}