{"id":3649,"date":"2023-03-23T15:00:11","date_gmt":"2023-03-23T14:00:11","guid":{"rendered":"https:\/\/www.ibsasailing.com\/?page_id=3649"},"modified":"2025-01-24T17:46:29","modified_gmt":"2025-01-24T16:46:29","slug":"pablo-santurde-del-arco","status":"publish","type":"page","link":"https:\/\/www.ibsasailing.com\/fr\/pablo-santurde-del-arco\/","title":{"rendered":"Pablo Santurde del Arco"},"content":{"rendered":"\n<p>N\u00e9 en&nbsp;1987, Pablo Santurde del&nbsp;Arco devient un marin espagnol tr\u00e8s exp\u00e9riment\u00e9.<\/p>\n\n\n\n<p>Titulaire d\u2019un dipl\u00f4me en \u00ab&nbsp;Transport maritime et commerce nautique&nbsp;\u00bb obtenu \u00e0 l\u2019Universit\u00e9 de Cantabrie \u00e0 Santander (Espagne), il fait partie, de&nbsp;2005 \u00e0 2010, de l\u2019\u00e9quipe pr\u00e9olympique espagnole \u00e0 bord des&nbsp;470. Entre&nbsp;2011 et&nbsp;2013, il se consacre \u00e0 la construction du Class40 Tales&nbsp;II dessin\u00e9 par Botin, dont il est le capitaine de&nbsp;2013 \u00e0&nbsp;2016 et avec lequel il parcoure plus de 50&nbsp;000&nbsp;milles nautiques.<\/p>\n\n\n\n<p>Pablo peut se vanter d\u2019avoir particip\u00e9 \u00e0 neuf courses transatlantiques. Il est \u00e9galement mont\u00e9 sur le podium de certains des \u00e9v\u00e9nements nautiques les plus prestigieux \u00e0 bord de bateaux Class40. Parmi ses succ\u00e8s, nous comptons la Transat Jacques Vabre (premier en&nbsp;2021, troisi\u00e8me en&nbsp;2017, deuxi\u00e8me en&nbsp;2013), la Rolex Fastnet Race (premier en&nbsp;2015, deuxi\u00e8me en&nbsp;2017 et&nbsp;2013), Les Voiles de Saint-Tropez (premier en&nbsp;2018 sur le 15m&nbsp;JI), la Normandy Channel Race (troisi\u00e8me en&nbsp;2021, deuxi\u00e8me en&nbsp;2019, premier en&nbsp;2017) et Les&nbsp;Sables-Horta-Les&nbsp;Sables (premier en&nbsp;2017).<\/p>\n\n\n\n<p>Apr\u00e8s avoir contribu\u00e9 \u00e0 la construction de plusieurs&nbsp;TP52 et particip\u00e9 \u00e0 de nombreuses navigations offshore et inshore sur diverses classes de bateaux, Pablo rejoint l\u2019\u00e9quipe d\u2019Alberto Bona&nbsp;2023. Il prend ensuite part \u00e0 toutes les courses oc\u00e9aniques du championnat de Class40. Le duo s\u2019unit rapidement dans une parfaite synergie. Il remporte le titre de champion de classe, gr\u00e2ce \u00e0 ses victoires dans le RORC Caribbean&nbsp;600 et Les&nbsp;Sables-Horta-Les&nbsp;Sables, ainsi qu\u2019\u00e0 ses troisi\u00e8mes places dans le D\u00e9fi Atlantique et la Transat Jacques Vabre. En&nbsp;2024, Pablo remonte \u00e0 bord du Class40 <em>IBSA<\/em>, participant avec Alberto Bona \u00e0 la Transat Qu\u00e9bec Saint-Malo en \u00e9quipage et \u00e0 la Normandy Channel Race en double.<\/p>\n","protected":false},"excerpt":{"rendered":"<p>N\u00e9 en&nbsp;1987, Pablo Santurde del&nbsp;Arco devient un marin espagnol tr\u00e8s exp\u00e9riment\u00e9. Titulaire d\u2019un dipl\u00f4me en \u00ab&nbsp;Transport maritime et commerce nautique&nbsp;\u00bb obtenu \u00e0 l\u2019Universit\u00e9 de Cantabrie \u00e0 Santander (Espagne), il fait partie, de&nbsp;2005 \u00e0 2010, de l\u2019\u00e9quipe pr\u00e9olympique espagnole \u00e0 bord des&nbsp;470. Entre&nbsp;2011 et&nbsp;2013, il se consacre \u00e0 la construction du Class40 Tales&nbsp;II dessin\u00e9 par Botin, [&hellip;]<\/p>\n","protected":false},"author":4,"featured_media":0,"parent":0,"menu_order":0,"comment_status":"closed","ping_status":"closed","template":"pablo.php","meta":{"_acf_changed":false,"ngg_post_thumbnail":0,"footnotes":""},"class_list":["post-3649","page","type-page","status-publish","hentry"],"acf":[],"yoast_head":"<!-- This site is optimized with the Yoast SEO plugin v24.3 - https:\/\/yoast.com\/wordpress\/plugins\/seo\/ -->\n<title>Pablo Santurde del Arco - IBSA Sailing<\/title>\n<meta name=\"robots\" content=\"index, follow, max-snippet:-1, max-image-preview:large, max-video-preview:-1\" \/>\n<link rel=\"canonical\" href=\"https:\/\/www.ibsasailing.com\/fr\/pablo-santurde-del-arco\/\" \/>\n<meta property=\"og:locale\" content=\"fr_FR\" \/>\n<meta property=\"og:type\" content=\"article\" \/>\n<meta property=\"og:title\" content=\"Pablo Santurde del Arco - IBSA Sailing\" \/>\n<meta property=\"og:description\" content=\"N\u00e9 en&nbsp;1987, Pablo Santurde del&nbsp;Arco devient un marin espagnol tr\u00e8s exp\u00e9riment\u00e9. Titulaire d\u2019un dipl\u00f4me en \u00ab&nbsp;Transport maritime et commerce nautique&nbsp;\u00bb obtenu \u00e0 l\u2019Universit\u00e9 de Cantabrie \u00e0 Santander (Espagne), il fait partie, de&nbsp;2005 \u00e0 2010, de l\u2019\u00e9quipe pr\u00e9olympique espagnole \u00e0 bord des&nbsp;470. Entre&nbsp;2011 et&nbsp;2013, il se consacre \u00e0 la construction du Class40 Tales&nbsp;II dessin\u00e9 par Botin, [&hellip;]\" \/>\n<meta property=\"og:url\" content=\"https:\/\/www.ibsasailing.com\/fr\/pablo-santurde-del-arco\/\" \/>\n<meta property=\"og:site_name\" content=\"IBSA Sailing\" \/>\n<meta property=\"article:publisher\" content=\"https:\/\/www.facebook.com\/ibsapharma\/\" \/>\n<meta property=\"article:modified_time\" content=\"2025-01-24T16:46:29+00:00\" \/>\n<meta property=\"og:image\" content=\"https:\/\/www.ibsasailing.com\/wp-content\/uploads\/2023\/07\/Pablo-Santurde-scaled.jpg\" \/>\n\t<meta property=\"og:image:width\" content=\"2560\" \/>\n\t<meta property=\"og:image:height\" content=\"1707\" \/>\n\t<meta property=\"og:image:type\" content=\"image\/jpeg\" \/>\n<meta name=\"twitter:card\" content=\"summary_large_image\" \/>\n<meta name=\"twitter:label1\" content=\"Dur\u00e9e de lecture estim\u00e9e\" \/>\n\t<meta name=\"twitter:data1\" content=\"2 minutes\" \/>\n<script type=\"application\/ld+json\" class=\"yoast-schema-graph\">{\"@context\":\"https:\/\/schema.org\",\"@graph\":[{\"@type\":\"WebPage\",\"@id\":\"https:\/\/www.ibsasailing.com\/fr\/pablo-santurde-del-arco\/\",\"url\":\"https:\/\/www.ibsasailing.com\/fr\/pablo-santurde-del-arco\/\",\"name\":\"Pablo Santurde del Arco - IBSA Sailing\",\"isPartOf\":{\"@id\":\"https:\/\/www.ibsasailing.com\/#website\"},\"datePublished\":\"2023-03-23T14:00:11+00:00\",\"dateModified\":\"2025-01-24T16:46:29+00:00\",\"breadcrumb\":{\"@id\":\"https:\/\/www.ibsasailing.com\/fr\/pablo-santurde-del-arco\/#breadcrumb\"},\"inLanguage\":\"fr-FR\",\"potentialAction\":[{\"@type\":\"ReadAction\",\"target\":[\"https:\/\/www.ibsasailing.com\/fr\/pablo-santurde-del-arco\/\"]}]},{\"@type\":\"BreadcrumbList\",\"@id\":\"https:\/\/www.ibsasailing.com\/fr\/pablo-santurde-del-arco\/#breadcrumb\",\"itemListElement\":[{\"@type\":\"ListItem\",\"position\":1,\"name\":\"Home\",\"item\":\"https:\/\/www.ibsasailing.com\/fr\/\"},{\"@type\":\"ListItem\",\"position\":2,\"name\":\"Pablo Santurde del Arco\"}]},{\"@type\":\"WebSite\",\"@id\":\"https:\/\/www.ibsasailing.com\/#website\",\"url\":\"https:\/\/www.ibsasailing.com\/\",\"name\":\"IBSA Sailing\",\"description\":\"Sailing into the Future. Together\",\"publisher\":{\"@id\":\"https:\/\/www.ibsasailing.com\/#organization\"},\"potentialAction\":[{\"@type\":\"SearchAction\",\"target\":{\"@type\":\"EntryPoint\",\"urlTemplate\":\"https:\/\/www.ibsasailing.com\/?s={search_term_string}\"},\"query-input\":{\"@type\":\"PropertyValueSpecification\",\"valueRequired\":true,\"valueName\":\"search_term_string\"}}],\"inLanguage\":\"fr-FR\"},{\"@type\":\"Organization\",\"@id\":\"https:\/\/www.ibsasailing.com\/#organization\",\"name\":\"IBSA Sailing\",\"url\":\"https:\/\/www.ibsasailing.com\/\",\"logo\":{\"@type\":\"ImageObject\",\"inLanguage\":\"fr-FR\",\"@id\":\"https:\/\/www.ibsasailing.com\/#\/schema\/logo\/image\/\",\"url\":\"https:\/\/www.ibsasailing.com\/wp-content\/uploads\/2022\/11\/IBSA_RdR_StartDay40-1-scaled.jpg\",\"contentUrl\":\"https:\/\/www.ibsasailing.com\/wp-content\/uploads\/2022\/11\/IBSA_RdR_StartDay40-1-scaled.jpg\",\"width\":2560,\"height\":1523,\"caption\":\"IBSA Sailing\"},\"image\":{\"@id\":\"https:\/\/www.ibsasailing.com\/#\/schema\/logo\/image\/\"},\"sameAs\":[\"https:\/\/www.facebook.com\/ibsapharma\/\"]}]}<\/script>\n<!-- \/ Yoast SEO plugin. -->","yoast_head_json":{"title":"Pablo Santurde del Arco - IBSA Sailing","robots":{"index":"index","follow":"follow","max-snippet":"max-snippet:-1","max-image-preview":"max-image-preview:large","max-video-preview":"max-video-preview:-1"},"canonical":"https:\/\/www.ibsasailing.com\/fr\/pablo-santurde-del-arco\/","og_locale":"fr_FR","og_type":"article","og_title":"Pablo Santurde del Arco - IBSA Sailing","og_description":"N\u00e9 en&nbsp;1987, Pablo Santurde del&nbsp;Arco devient un marin espagnol tr\u00e8s exp\u00e9riment\u00e9. Titulaire d\u2019un dipl\u00f4me en \u00ab&nbsp;Transport maritime et commerce nautique&nbsp;\u00bb obtenu \u00e0 l\u2019Universit\u00e9 de Cantabrie \u00e0 Santander (Espagne), il fait partie, de&nbsp;2005 \u00e0 2010, de l\u2019\u00e9quipe pr\u00e9olympique espagnole \u00e0 bord des&nbsp;470. Entre&nbsp;2011 et&nbsp;2013, il se consacre \u00e0 la construction du Class40 Tales&nbsp;II dessin\u00e9 par Botin, [&hellip;]","og_url":"https:\/\/www.ibsasailing.com\/fr\/pablo-santurde-del-arco\/","og_site_name":"IBSA Sailing","article_publisher":"https:\/\/www.facebook.com\/ibsapharma\/","article_modified_time":"2025-01-24T16:46:29+00:00","og_image":[{"width":2560,"height":1707,"url":"https:\/\/www.ibsasailing.com\/wp-content\/uploads\/2023\/07\/Pablo-Santurde-scaled.jpg","type":"image\/jpeg"}],"twitter_card":"summary_large_image","twitter_misc":{"Dur\u00e9e de lecture estim\u00e9e":"2 minutes"},"schema":{"@context":"https:\/\/schema.org","@graph":[{"@type":"WebPage","@id":"https:\/\/www.ibsasailing.com\/fr\/pablo-santurde-del-arco\/","url":"https:\/\/www.ibsasailing.com\/fr\/pablo-santurde-del-arco\/","name":"Pablo Santurde del Arco - IBSA Sailing","isPartOf":{"@id":"https:\/\/www.ibsasailing.com\/#website"},"datePublished":"2023-03-23T14:00:11+00:00","dateModified":"2025-01-24T16:46:29+00:00","breadcrumb":{"@id":"https:\/\/www.ibsasailing.com\/fr\/pablo-santurde-del-arco\/#breadcrumb"},"inLanguage":"fr-FR","potentialAction":[{"@type":"ReadAction","target":["https:\/\/www.ibsasailing.com\/fr\/pablo-santurde-del-arco\/"]}]},{"@type":"BreadcrumbList","@id":"https:\/\/www.ibsasailing.com\/fr\/pablo-santurde-del-arco\/#breadcrumb","itemListElement":[{"@type":"ListItem","position":1,"name":"Home","item":"https:\/\/www.ibsasailing.com\/fr\/"},{"@type":"ListItem","position":2,"name":"Pablo Santurde del Arco"}]},{"@type":"WebSite","@id":"https:\/\/www.ibsasailing.com\/#website","url":"https:\/\/www.ibsasailing.com\/","name":"IBSA Sailing","description":"Sailing into the Future. Together","publisher":{"@id":"https:\/\/www.ibsasailing.com\/#organization"},"potentialAction":[{"@type":"SearchAction","target":{"@type":"EntryPoint","urlTemplate":"https:\/\/www.ibsasailing.com\/?s={search_term_string}"},"query-input":{"@type":"PropertyValueSpecification","valueRequired":true,"valueName":"search_term_string"}}],"inLanguage":"fr-FR"},{"@type":"Organization","@id":"https:\/\/www.ibsasailing.com\/#organization","name":"IBSA Sailing","url":"https:\/\/www.ibsasailing.com\/","logo":{"@type":"ImageObject","inLanguage":"fr-FR","@id":"https:\/\/www.ibsasailing.com\/#\/schema\/logo\/image\/","url":"https:\/\/www.ibsasailing.com\/wp-content\/uploads\/2022\/11\/IBSA_RdR_StartDay40-1-scaled.jpg","contentUrl":"https:\/\/www.ibsasailing.com\/wp-content\/uploads\/2022\/11\/IBSA_RdR_StartDay40-1-scaled.jpg","width":2560,"height":1523,"caption":"IBSA Sailing"},"image":{"@id":"https:\/\/www.ibsasailing.com\/#\/schema\/logo\/image\/"},"sameAs":["https:\/\/www.facebook.com\/ibsapharma\/"]}]}},"_links":{"self":[{"href":"https:\/\/www.ibsasailing.com\/fr\/wp-json\/wp\/v2\/pages\/3649","targetHints":{"allow":["GET"]}}],"collection":[{"href":"https:\/\/www.ibsasailing.com\/fr\/wp-json\/wp\/v2\/pages"}],"about":[{"href":"https:\/\/www.ibsasailing.com\/fr\/wp-json\/wp\/v2\/types\/page"}],"author":[{"embeddable":true,"href":"https:\/\/www.ibsasailing.com\/fr\/wp-json\/wp\/v2\/users\/4"}],"replies":[{"embeddable":true,"href":"https:\/\/www.ibsasailing.com\/fr\/wp-json\/wp\/v2\/comments?post=3649"}],"version-history":[{"count":1,"href":"https:\/\/www.ibsasailing.com\/fr\/wp-json\/wp\/v2\/pages\/3649\/revisions"}],"predecessor-version":[{"id":8782,"href":"https:\/\/www.ibsasailing.com\/fr\/wp-json\/wp\/v2\/pages\/3649\/revisions\/8782"}],"wp:attachment":[{"href":"https:\/\/www.ibsasailing.com\/fr\/wp-json\/wp\/v2\/media?parent=3649"}],"curies":[{"name":"wp","href":"https:\/\/api.w.org\/{rel}","templated":true}]}}