{"id":3657,"date":"2023-03-23T15:04:37","date_gmt":"2023-03-23T14:04:37","guid":{"rendered":"https:\/\/www.ibsasailing.com\/?page_id=3657"},"modified":"2025-01-24T17:42:11","modified_gmt":"2025-01-24T16:42:11","slug":"regates","status":"publish","type":"page","link":"https:\/\/www.ibsasailing.com\/fr\/regates\/","title":{"rendered":"R\u00e9gates"},"content":{"rendered":"\n<p>En 2022, les milles\u00a0nautiques recens\u00e9s s\u2019\u00e9levaient \u00e0 3\u00a0500, 15\u00a0000 en 2023 et plus de 7\u00a0000 sont pr\u00e9vus en 2024. Sans compter les transferts, le Class40\u00a0<em>IBS<\/em>En <strong>trois ans<\/strong>, le Class40&nbsp;<em>IBSA<\/em> a parcouru <strong>plus de 25&nbsp;000<\/strong>&nbsp;<strong>milles nautiques<\/strong>, hors transferts&nbsp;: 3&nbsp;500 en&nbsp;2022, 15&nbsp;000 en&nbsp;2023 et 7&nbsp;000 en&nbsp;2024.<\/p>\n\n\n\n<p>L\u2019aventure a commenc\u00e9 en 2022, lorsqu\u2019<strong>Alberto Bona<\/strong>, \u00e0 ce moment-l\u00e0 d\u00e9butant dans la Class40, a particip\u00e9 \u00e0 la <a href=\"https:\/\/www.ibsasailing.com\/fr\/route\/\"><strong>Route du Rhum<\/strong><\/a> (course oc\u00e9anique en solitaire) en terminant huiti\u00e8me. Cela s\u2019est produit seulement trois mois apr\u00e8s la mise \u00e0 l\u2019eau de son bateau.<\/p>\n\n\n\n<p>En 2023, le programme du Class40&nbsp;IBSA comprenait six courses oc\u00e9aniques, toutes en \u00e9quipage. Dans cinq de ces comp\u00e9titions, <strong>Pablo Santurde del&nbsp;Arco<\/strong>, un navigateur espagnol chevronn\u00e9 en Class40 et dans les classes olympiques, a accompagn\u00e9 Alberto. Avec Pablo, Alberto a form\u00e9 une solide entente, remportant le championnat international de classe gr\u00e2ce \u00e0 la somme de ses r\u00e9sultats tout au long de la saison&nbsp;:<\/p>\n\n\n\n<ul class=\"wp-block-list\">\n<li>deux premi\u00e8res places (lors de la <a href=\"https:\/\/www.ibsasailing.com\/fr\/rorc-caribbean-600\/\"><strong>RORC Caribbean\u00a0600<\/strong><\/a> et la <a href=\"https:\/\/www.ibsasailing.com\/fr\/les-sables-horta-les-sables-2023\/\"><strong>Les\u00a0Sables-Horta-Les\u00a0Sables<\/strong><\/a>),<\/li>\n\n\n\n<li>deux troisi\u00e8mes places (lors de la <a href=\"https:\/\/www.ibsasailing.com\/fr\/defi-atlantique\/\"><strong>D\u00e9fi Atlantique<\/strong><\/a> et la <a href=\"https:\/\/www.ibsasailing.com\/fr\/transat-jacques-vabre\/\"><strong>Transat Jacques Vabre<\/strong><\/a>)<\/li>\n\n\n\n<li>Une sixi\u00e8me place (lors de la <a href=\"https:\/\/www.ibsasailing.com\/fr\/la-normandy-channel-race-2023\/\"><strong>Normandy Channel Race<\/strong><\/a>).<\/li>\n<\/ul>\n\n\n\n<p>Pour 2024, Alberto a d\u00e9cid\u00e9 de commencer la saison en revenant \u00e0 ses racines dans la Class40. Il s\u2019agit d\u2019une des travers\u00e9es oc\u00e9aniques en solitaire les plus difficiles sur la sc\u00e8ne de la voile&nbsp;: la <strong>Transat&nbsp;CIC<\/strong> de Lorient (France) \u00e0 New&nbsp;York. Le retour en Europe, de la ville de <strong>Qu\u00e9bec<\/strong> (Canada) \u00e0 <strong>Saint-Malo<\/strong> (France) a eu lieu en \u00e9quipage de 3&nbsp;personnes. Tandis que la saison s\u2019est termin\u00e9e en septembre avec la <strong>Normandy Channel Race<\/strong>, toujours en double avec Pablo Santurde del&nbsp;Arco.<\/p>\n","protected":false},"excerpt":{"rendered":"<p>En 2022, les milles\u00a0nautiques recens\u00e9s s\u2019\u00e9levaient \u00e0 3\u00a0500, 15\u00a0000 en 2023 et plus de 7\u00a0000 sont pr\u00e9vus en 2024. Sans compter les transferts, le Class40\u00a0IBSEn trois ans, le Class40&nbsp;IBSA a parcouru plus de 25&nbsp;000&nbsp;milles nautiques, hors transferts&nbsp;: 3&nbsp;500 en&nbsp;2022, 15&nbsp;000 en&nbsp;2023 et 7&nbsp;000 en&nbsp;2024. L\u2019aventure a commenc\u00e9 en 2022, lorsqu\u2019Alberto Bona, \u00e0 ce moment-l\u00e0 d\u00e9butant [&hellip;]<\/p>\n","protected":false},"author":4,"featured_media":0,"parent":0,"menu_order":0,"comment_status":"closed","ping_status":"closed","template":"regate.php","meta":{"_acf_changed":false,"ngg_post_thumbnail":0,"footnotes":""},"class_list":["post-3657","page","type-page","status-publish","hentry"],"acf":[],"yoast_head":"<!-- This site is optimized with the Yoast SEO plugin v24.3 - https:\/\/yoast.com\/wordpress\/plugins\/seo\/ -->\n<title>R\u00e9gates - IBSA Sailing<\/title>\n<meta name=\"robots\" content=\"index, follow, max-snippet:-1, max-image-preview:large, max-video-preview:-1\" \/>\n<link rel=\"canonical\" href=\"https:\/\/www.ibsasailing.com\/fr\/regates\/\" \/>\n<meta property=\"og:locale\" content=\"fr_FR\" \/>\n<meta property=\"og:type\" content=\"article\" \/>\n<meta property=\"og:title\" content=\"R\u00e9gates - IBSA Sailing\" \/>\n<meta property=\"og:description\" content=\"En 2022, les milles\u00a0nautiques recens\u00e9s s\u2019\u00e9levaient \u00e0 3\u00a0500, 15\u00a0000 en 2023 et plus de 7\u00a0000 sont pr\u00e9vus en 2024. Sans compter les transferts, le Class40\u00a0IBSEn trois ans, le Class40&nbsp;IBSA a parcouru plus de 25&nbsp;000&nbsp;milles nautiques, hors transferts&nbsp;: 3&nbsp;500 en&nbsp;2022, 15&nbsp;000 en&nbsp;2023 et 7&nbsp;000 en&nbsp;2024. L\u2019aventure a commenc\u00e9 en 2022, lorsqu\u2019Alberto Bona, \u00e0 ce moment-l\u00e0 d\u00e9butant [&hellip;]\" \/>\n<meta property=\"og:url\" content=\"https:\/\/www.ibsasailing.com\/fr\/regates\/\" \/>\n<meta property=\"og:site_name\" content=\"IBSA Sailing\" \/>\n<meta property=\"article:publisher\" content=\"https:\/\/www.facebook.com\/ibsapharma\/\" \/>\n<meta property=\"article:modified_time\" content=\"2025-01-24T16:42:11+00:00\" \/>\n<meta property=\"og:image\" content=\"https:\/\/www.ibsasailing.com\/wp-content\/uploads\/2023\/07\/Regate.jpg\" \/>\n\t<meta property=\"og:image:width\" content=\"1920\" \/>\n\t<meta property=\"og:image:height\" content=\"1098\" \/>\n\t<meta property=\"og:image:type\" content=\"image\/jpeg\" \/>\n<meta name=\"twitter:card\" content=\"summary_large_image\" \/>\n<meta name=\"twitter:label1\" content=\"Dur\u00e9e de lecture estim\u00e9e\" \/>\n\t<meta name=\"twitter:data1\" content=\"2 minutes\" \/>\n<script type=\"application\/ld+json\" class=\"yoast-schema-graph\">{\"@context\":\"https:\/\/schema.org\",\"@graph\":[{\"@type\":\"WebPage\",\"@id\":\"https:\/\/www.ibsasailing.com\/fr\/regates\/\",\"url\":\"https:\/\/www.ibsasailing.com\/fr\/regates\/\",\"name\":\"R\u00e9gates - IBSA Sailing\",\"isPartOf\":{\"@id\":\"https:\/\/www.ibsasailing.com\/#website\"},\"datePublished\":\"2023-03-23T14:04:37+00:00\",\"dateModified\":\"2025-01-24T16:42:11+00:00\",\"breadcrumb\":{\"@id\":\"https:\/\/www.ibsasailing.com\/fr\/regates\/#breadcrumb\"},\"inLanguage\":\"fr-FR\",\"potentialAction\":[{\"@type\":\"ReadAction\",\"target\":[\"https:\/\/www.ibsasailing.com\/fr\/regates\/\"]}]},{\"@type\":\"BreadcrumbList\",\"@id\":\"https:\/\/www.ibsasailing.com\/fr\/regates\/#breadcrumb\",\"itemListElement\":[{\"@type\":\"ListItem\",\"position\":1,\"name\":\"Home\",\"item\":\"https:\/\/www.ibsasailing.com\/fr\/\"},{\"@type\":\"ListItem\",\"position\":2,\"name\":\"R\u00e9gates\"}]},{\"@type\":\"WebSite\",\"@id\":\"https:\/\/www.ibsasailing.com\/#website\",\"url\":\"https:\/\/www.ibsasailing.com\/\",\"name\":\"IBSA Sailing\",\"description\":\"Sailing into the Future. Together\",\"publisher\":{\"@id\":\"https:\/\/www.ibsasailing.com\/#organization\"},\"potentialAction\":[{\"@type\":\"SearchAction\",\"target\":{\"@type\":\"EntryPoint\",\"urlTemplate\":\"https:\/\/www.ibsasailing.com\/?s={search_term_string}\"},\"query-input\":{\"@type\":\"PropertyValueSpecification\",\"valueRequired\":true,\"valueName\":\"search_term_string\"}}],\"inLanguage\":\"fr-FR\"},{\"@type\":\"Organization\",\"@id\":\"https:\/\/www.ibsasailing.com\/#organization\",\"name\":\"IBSA Sailing\",\"url\":\"https:\/\/www.ibsasailing.com\/\",\"logo\":{\"@type\":\"ImageObject\",\"inLanguage\":\"fr-FR\",\"@id\":\"https:\/\/www.ibsasailing.com\/#\/schema\/logo\/image\/\",\"url\":\"https:\/\/www.ibsasailing.com\/wp-content\/uploads\/2022\/11\/IBSA_RdR_StartDay40-1-scaled.jpg\",\"contentUrl\":\"https:\/\/www.ibsasailing.com\/wp-content\/uploads\/2022\/11\/IBSA_RdR_StartDay40-1-scaled.jpg\",\"width\":2560,\"height\":1523,\"caption\":\"IBSA Sailing\"},\"image\":{\"@id\":\"https:\/\/www.ibsasailing.com\/#\/schema\/logo\/image\/\"},\"sameAs\":[\"https:\/\/www.facebook.com\/ibsapharma\/\"]}]}<\/script>\n<!-- \/ Yoast SEO plugin. -->","yoast_head_json":{"title":"R\u00e9gates - IBSA Sailing","robots":{"index":"index","follow":"follow","max-snippet":"max-snippet:-1","max-image-preview":"max-image-preview:large","max-video-preview":"max-video-preview:-1"},"canonical":"https:\/\/www.ibsasailing.com\/fr\/regates\/","og_locale":"fr_FR","og_type":"article","og_title":"R\u00e9gates - IBSA Sailing","og_description":"En 2022, les milles\u00a0nautiques recens\u00e9s s\u2019\u00e9levaient \u00e0 3\u00a0500, 15\u00a0000 en 2023 et plus de 7\u00a0000 sont pr\u00e9vus en 2024. Sans compter les transferts, le Class40\u00a0IBSEn trois ans, le Class40&nbsp;IBSA a parcouru plus de 25&nbsp;000&nbsp;milles nautiques, hors transferts&nbsp;: 3&nbsp;500 en&nbsp;2022, 15&nbsp;000 en&nbsp;2023 et 7&nbsp;000 en&nbsp;2024. L\u2019aventure a commenc\u00e9 en 2022, lorsqu\u2019Alberto Bona, \u00e0 ce moment-l\u00e0 d\u00e9butant [&hellip;]","og_url":"https:\/\/www.ibsasailing.com\/fr\/regates\/","og_site_name":"IBSA Sailing","article_publisher":"https:\/\/www.facebook.com\/ibsapharma\/","article_modified_time":"2025-01-24T16:42:11+00:00","og_image":[{"width":1920,"height":1098,"url":"https:\/\/www.ibsasailing.com\/wp-content\/uploads\/2023\/07\/Regate.jpg","type":"image\/jpeg"}],"twitter_card":"summary_large_image","twitter_misc":{"Dur\u00e9e de lecture estim\u00e9e":"2 minutes"},"schema":{"@context":"https:\/\/schema.org","@graph":[{"@type":"WebPage","@id":"https:\/\/www.ibsasailing.com\/fr\/regates\/","url":"https:\/\/www.ibsasailing.com\/fr\/regates\/","name":"R\u00e9gates - IBSA Sailing","isPartOf":{"@id":"https:\/\/www.ibsasailing.com\/#website"},"datePublished":"2023-03-23T14:04:37+00:00","dateModified":"2025-01-24T16:42:11+00:00","breadcrumb":{"@id":"https:\/\/www.ibsasailing.com\/fr\/regates\/#breadcrumb"},"inLanguage":"fr-FR","potentialAction":[{"@type":"ReadAction","target":["https:\/\/www.ibsasailing.com\/fr\/regates\/"]}]},{"@type":"BreadcrumbList","@id":"https:\/\/www.ibsasailing.com\/fr\/regates\/#breadcrumb","itemListElement":[{"@type":"ListItem","position":1,"name":"Home","item":"https:\/\/www.ibsasailing.com\/fr\/"},{"@type":"ListItem","position":2,"name":"R\u00e9gates"}]},{"@type":"WebSite","@id":"https:\/\/www.ibsasailing.com\/#website","url":"https:\/\/www.ibsasailing.com\/","name":"IBSA Sailing","description":"Sailing into the Future. Together","publisher":{"@id":"https:\/\/www.ibsasailing.com\/#organization"},"potentialAction":[{"@type":"SearchAction","target":{"@type":"EntryPoint","urlTemplate":"https:\/\/www.ibsasailing.com\/?s={search_term_string}"},"query-input":{"@type":"PropertyValueSpecification","valueRequired":true,"valueName":"search_term_string"}}],"inLanguage":"fr-FR"},{"@type":"Organization","@id":"https:\/\/www.ibsasailing.com\/#organization","name":"IBSA Sailing","url":"https:\/\/www.ibsasailing.com\/","logo":{"@type":"ImageObject","inLanguage":"fr-FR","@id":"https:\/\/www.ibsasailing.com\/#\/schema\/logo\/image\/","url":"https:\/\/www.ibsasailing.com\/wp-content\/uploads\/2022\/11\/IBSA_RdR_StartDay40-1-scaled.jpg","contentUrl":"https:\/\/www.ibsasailing.com\/wp-content\/uploads\/2022\/11\/IBSA_RdR_StartDay40-1-scaled.jpg","width":2560,"height":1523,"caption":"IBSA Sailing"},"image":{"@id":"https:\/\/www.ibsasailing.com\/#\/schema\/logo\/image\/"},"sameAs":["https:\/\/www.facebook.com\/ibsapharma\/"]}]}},"_links":{"self":[{"href":"https:\/\/www.ibsasailing.com\/fr\/wp-json\/wp\/v2\/pages\/3657","targetHints":{"allow":["GET"]}}],"collection":[{"href":"https:\/\/www.ibsasailing.com\/fr\/wp-json\/wp\/v2\/pages"}],"about":[{"href":"https:\/\/www.ibsasailing.com\/fr\/wp-json\/wp\/v2\/types\/page"}],"author":[{"embeddable":true,"href":"https:\/\/www.ibsasailing.com\/fr\/wp-json\/wp\/v2\/users\/4"}],"replies":[{"embeddable":true,"href":"https:\/\/www.ibsasailing.com\/fr\/wp-json\/wp\/v2\/comments?post=3657"}],"version-history":[{"count":2,"href":"https:\/\/www.ibsasailing.com\/fr\/wp-json\/wp\/v2\/pages\/3657\/revisions"}],"predecessor-version":[{"id":8779,"href":"https:\/\/www.ibsasailing.com\/fr\/wp-json\/wp\/v2\/pages\/3657\/revisions\/8779"}],"wp:attachment":[{"href":"https:\/\/www.ibsasailing.com\/fr\/wp-json\/wp\/v2\/media?parent=3657"}],"curies":[{"name":"wp","href":"https:\/\/api.w.org\/{rel}","templated":true}]}}