{"id":3663,"date":"2023-03-23T15:08:07","date_gmt":"2023-03-23T14:08:07","guid":{"rendered":"https:\/\/www.ibsasailing.com\/?page_id=3663"},"modified":"2023-07-26T17:44:31","modified_gmt":"2023-07-26T15:44:31","slug":"rorc-caribbean-600","status":"publish","type":"page","link":"https:\/\/www.ibsasailing.com\/fr\/rorc-caribbean-600\/","title":{"rendered":"RORC Caribbean 600"},"content":{"rendered":"\n<p>Le RORC Caribbean&nbsp;600 est l\u2019un des plus importants \u00e9v\u00e9nements internationaux de navigation hauturi\u00e8re, organis\u00e9 par le prestigieux RORC, le Royal Ocean Racing Club, en association avec l\u2019Antigua Yacht Club. Consid\u00e9r\u00e9 comme l\u2019un des plus importants terrains d\u2019essai pour les marins oc\u00e9aniques, il s\u2019agit d\u2019une course \u00ab&nbsp;en slalom&nbsp;\u00bb entre les \u00eeles des Cara\u00efbes qui, compte tenu des nombreuses man\u0153uvres \u00e0 effectuer, des sauts de vent et d\u2019une seule ligne droite de 140&nbsp;milles sur un total de&nbsp;600, exige un haut niveau de comp\u00e9tence et d\u2019endurance de la part des participants, qui courent toujours dans des vents forts gr\u00e2ce aux aliz\u00e9s qui soufflent toujours intens\u00e9ment pendant la saison du RORC.<\/p>\n\n\n\n<p>Pour la course RORC Caribbean&nbsp;600&nbsp;\u2013 sa premi\u00e8re course oc\u00e9anique en \u00e9quipage \u00e0 bord du Class40 <em>IBSA<\/em>&nbsp;\u2013 Alberto Bona a choisi une \u00e9quipe tr\u00e8s exp\u00e9riment\u00e9e compos\u00e9e par&nbsp;:<\/p>\n\n\n\n<ul class=\"wp-block-list\">\n<li>Luke Berry, navigateur fran\u00e7ais et ancien propri\u00e9taire du bateau-jumeau du Class40 <em>IBSA<\/em>&nbsp;;<\/li>\n\n\n\n<li>Luca Bertacchi, le chef d\u2019\u00e9quipe&nbsp;;<\/li>\n\n\n\n<li>Pablo Santurde del Arco, un marin espagnol exp\u00e9riment\u00e9 qui rejoint l\u2019\u00e9quipe pour les premi\u00e8res courses de la saison&nbsp;2023 et qui a d\u00e9j\u00e0 particip\u00e9 \u00e0 huit \u00e9ditions de la course RORC Caribbean&nbsp;600.<\/li>\n<\/ul>\n\n\n\n<p>L\u2019\u00e9dition&nbsp;2023 de la course RORC Caribbean&nbsp;600 se d\u00e9roule du 20&nbsp;au 24&nbsp;f\u00e9vrier et voit la participation d\u2019une grande vari\u00e9t\u00e9 de bateaux de diff\u00e9rentes classes, notamment Class40, V065, Maxi et IRC. \u00c0 bord du Class40 <em>IBSA<\/em>, Alberto Bona partage \u00e0 nouveau la ligne de d\u00e9part avec les \u00ab&nbsp;adversaires&nbsp;\u00bb italiens qu\u2019il a d\u00e9j\u00e0 rencontr\u00e9s lors de la Route du Rhum&nbsp;2022, Ambrogio Beccaria et Andrea Fornaro, tandis que chez les Multi, il retrouve le grand marin oc\u00e9anique Giovanni Soldini avec le trimaran Maserati Multi&nbsp;70.<\/p>\n","protected":false},"excerpt":{"rendered":"<p>Le RORC Caribbean&nbsp;600 est l\u2019un des plus importants \u00e9v\u00e9nements internationaux de navigation hauturi\u00e8re, organis\u00e9 par le prestigieux RORC, le Royal Ocean Racing Club, en association avec l\u2019Antigua Yacht Club. Consid\u00e9r\u00e9 comme l\u2019un des plus importants terrains d\u2019essai pour les marins oc\u00e9aniques, il s\u2019agit d\u2019une course \u00ab&nbsp;en slalom&nbsp;\u00bb entre les \u00eeles des Cara\u00efbes qui, compte tenu [&hellip;]<\/p>\n","protected":false},"author":4,"featured_media":0,"parent":0,"menu_order":0,"comment_status":"closed","ping_status":"closed","template":"rorc.php","meta":{"_acf_changed":false,"ngg_post_thumbnail":0,"footnotes":""},"class_list":["post-3663","page","type-page","status-publish","hentry"],"acf":[],"yoast_head":"<!-- This site is optimized with the Yoast SEO plugin v24.3 - https:\/\/yoast.com\/wordpress\/plugins\/seo\/ -->\n<title>RORC Caribbean 600 - IBSA Sailing<\/title>\n<meta name=\"robots\" content=\"index, follow, max-snippet:-1, max-image-preview:large, max-video-preview:-1\" \/>\n<link rel=\"canonical\" href=\"https:\/\/www.ibsasailing.com\/fr\/rorc-caribbean-600\/\" \/>\n<meta property=\"og:locale\" content=\"fr_FR\" \/>\n<meta property=\"og:type\" content=\"article\" \/>\n<meta property=\"og:title\" content=\"RORC Caribbean 600 - IBSA Sailing\" \/>\n<meta property=\"og:description\" content=\"Le RORC Caribbean&nbsp;600 est l\u2019un des plus importants \u00e9v\u00e9nements internationaux de navigation hauturi\u00e8re, organis\u00e9 par le prestigieux RORC, le Royal Ocean Racing Club, en association avec l\u2019Antigua Yacht Club. Consid\u00e9r\u00e9 comme l\u2019un des plus importants terrains d\u2019essai pour les marins oc\u00e9aniques, il s\u2019agit d\u2019une course \u00ab&nbsp;en slalom&nbsp;\u00bb entre les \u00eeles des Cara\u00efbes qui, compte tenu [&hellip;]\" \/>\n<meta property=\"og:url\" content=\"https:\/\/www.ibsasailing.com\/fr\/rorc-caribbean-600\/\" \/>\n<meta property=\"og:site_name\" content=\"IBSA Sailing\" \/>\n<meta property=\"article:publisher\" content=\"https:\/\/www.facebook.com\/ibsapharma\/\" \/>\n<meta property=\"article:modified_time\" content=\"2023-07-26T15:44:31+00:00\" \/>\n<meta property=\"og:image\" content=\"https:\/\/www.ibsasailing.com\/wp-content\/uploads\/2023\/07\/Rorc-scaled.jpg\" \/>\n\t<meta property=\"og:image:width\" content=\"2560\" \/>\n\t<meta property=\"og:image:height\" content=\"1917\" \/>\n\t<meta property=\"og:image:type\" content=\"image\/jpeg\" \/>\n<meta name=\"twitter:card\" content=\"summary_large_image\" \/>\n<meta name=\"twitter:label1\" content=\"Dur\u00e9e de lecture estim\u00e9e\" \/>\n\t<meta name=\"twitter:data1\" content=\"2 minutes\" \/>\n<script type=\"application\/ld+json\" class=\"yoast-schema-graph\">{\"@context\":\"https:\/\/schema.org\",\"@graph\":[{\"@type\":\"WebPage\",\"@id\":\"https:\/\/www.ibsasailing.com\/fr\/rorc-caribbean-600\/\",\"url\":\"https:\/\/www.ibsasailing.com\/fr\/rorc-caribbean-600\/\",\"name\":\"RORC Caribbean 600 - IBSA Sailing\",\"isPartOf\":{\"@id\":\"https:\/\/www.ibsasailing.com\/#website\"},\"datePublished\":\"2023-03-23T14:08:07+00:00\",\"dateModified\":\"2023-07-26T15:44:31+00:00\",\"breadcrumb\":{\"@id\":\"https:\/\/www.ibsasailing.com\/fr\/rorc-caribbean-600\/#breadcrumb\"},\"inLanguage\":\"fr-FR\",\"potentialAction\":[{\"@type\":\"ReadAction\",\"target\":[\"https:\/\/www.ibsasailing.com\/fr\/rorc-caribbean-600\/\"]}]},{\"@type\":\"BreadcrumbList\",\"@id\":\"https:\/\/www.ibsasailing.com\/fr\/rorc-caribbean-600\/#breadcrumb\",\"itemListElement\":[{\"@type\":\"ListItem\",\"position\":1,\"name\":\"Home\",\"item\":\"https:\/\/www.ibsasailing.com\/fr\/\"},{\"@type\":\"ListItem\",\"position\":2,\"name\":\"RORC Caribbean 600\"}]},{\"@type\":\"WebSite\",\"@id\":\"https:\/\/www.ibsasailing.com\/#website\",\"url\":\"https:\/\/www.ibsasailing.com\/\",\"name\":\"IBSA Sailing\",\"description\":\"Sailing into the Future. Together\",\"publisher\":{\"@id\":\"https:\/\/www.ibsasailing.com\/#organization\"},\"potentialAction\":[{\"@type\":\"SearchAction\",\"target\":{\"@type\":\"EntryPoint\",\"urlTemplate\":\"https:\/\/www.ibsasailing.com\/?s={search_term_string}\"},\"query-input\":{\"@type\":\"PropertyValueSpecification\",\"valueRequired\":true,\"valueName\":\"search_term_string\"}}],\"inLanguage\":\"fr-FR\"},{\"@type\":\"Organization\",\"@id\":\"https:\/\/www.ibsasailing.com\/#organization\",\"name\":\"IBSA Sailing\",\"url\":\"https:\/\/www.ibsasailing.com\/\",\"logo\":{\"@type\":\"ImageObject\",\"inLanguage\":\"fr-FR\",\"@id\":\"https:\/\/www.ibsasailing.com\/#\/schema\/logo\/image\/\",\"url\":\"https:\/\/www.ibsasailing.com\/wp-content\/uploads\/2022\/11\/IBSA_RdR_StartDay40-1-scaled.jpg\",\"contentUrl\":\"https:\/\/www.ibsasailing.com\/wp-content\/uploads\/2022\/11\/IBSA_RdR_StartDay40-1-scaled.jpg\",\"width\":2560,\"height\":1523,\"caption\":\"IBSA Sailing\"},\"image\":{\"@id\":\"https:\/\/www.ibsasailing.com\/#\/schema\/logo\/image\/\"},\"sameAs\":[\"https:\/\/www.facebook.com\/ibsapharma\/\"]}]}<\/script>\n<!-- \/ Yoast SEO plugin. -->","yoast_head_json":{"title":"RORC Caribbean 600 - IBSA Sailing","robots":{"index":"index","follow":"follow","max-snippet":"max-snippet:-1","max-image-preview":"max-image-preview:large","max-video-preview":"max-video-preview:-1"},"canonical":"https:\/\/www.ibsasailing.com\/fr\/rorc-caribbean-600\/","og_locale":"fr_FR","og_type":"article","og_title":"RORC Caribbean 600 - IBSA Sailing","og_description":"Le RORC Caribbean&nbsp;600 est l\u2019un des plus importants \u00e9v\u00e9nements internationaux de navigation hauturi\u00e8re, organis\u00e9 par le prestigieux RORC, le Royal Ocean Racing Club, en association avec l\u2019Antigua Yacht Club. Consid\u00e9r\u00e9 comme l\u2019un des plus importants terrains d\u2019essai pour les marins oc\u00e9aniques, il s\u2019agit d\u2019une course \u00ab&nbsp;en slalom&nbsp;\u00bb entre les \u00eeles des Cara\u00efbes qui, compte tenu [&hellip;]","og_url":"https:\/\/www.ibsasailing.com\/fr\/rorc-caribbean-600\/","og_site_name":"IBSA Sailing","article_publisher":"https:\/\/www.facebook.com\/ibsapharma\/","article_modified_time":"2023-07-26T15:44:31+00:00","og_image":[{"width":2560,"height":1917,"url":"https:\/\/www.ibsasailing.com\/wp-content\/uploads\/2023\/07\/Rorc-scaled.jpg","type":"image\/jpeg"}],"twitter_card":"summary_large_image","twitter_misc":{"Dur\u00e9e de lecture estim\u00e9e":"2 minutes"},"schema":{"@context":"https:\/\/schema.org","@graph":[{"@type":"WebPage","@id":"https:\/\/www.ibsasailing.com\/fr\/rorc-caribbean-600\/","url":"https:\/\/www.ibsasailing.com\/fr\/rorc-caribbean-600\/","name":"RORC Caribbean 600 - IBSA Sailing","isPartOf":{"@id":"https:\/\/www.ibsasailing.com\/#website"},"datePublished":"2023-03-23T14:08:07+00:00","dateModified":"2023-07-26T15:44:31+00:00","breadcrumb":{"@id":"https:\/\/www.ibsasailing.com\/fr\/rorc-caribbean-600\/#breadcrumb"},"inLanguage":"fr-FR","potentialAction":[{"@type":"ReadAction","target":["https:\/\/www.ibsasailing.com\/fr\/rorc-caribbean-600\/"]}]},{"@type":"BreadcrumbList","@id":"https:\/\/www.ibsasailing.com\/fr\/rorc-caribbean-600\/#breadcrumb","itemListElement":[{"@type":"ListItem","position":1,"name":"Home","item":"https:\/\/www.ibsasailing.com\/fr\/"},{"@type":"ListItem","position":2,"name":"RORC Caribbean 600"}]},{"@type":"WebSite","@id":"https:\/\/www.ibsasailing.com\/#website","url":"https:\/\/www.ibsasailing.com\/","name":"IBSA Sailing","description":"Sailing into the Future. Together","publisher":{"@id":"https:\/\/www.ibsasailing.com\/#organization"},"potentialAction":[{"@type":"SearchAction","target":{"@type":"EntryPoint","urlTemplate":"https:\/\/www.ibsasailing.com\/?s={search_term_string}"},"query-input":{"@type":"PropertyValueSpecification","valueRequired":true,"valueName":"search_term_string"}}],"inLanguage":"fr-FR"},{"@type":"Organization","@id":"https:\/\/www.ibsasailing.com\/#organization","name":"IBSA Sailing","url":"https:\/\/www.ibsasailing.com\/","logo":{"@type":"ImageObject","inLanguage":"fr-FR","@id":"https:\/\/www.ibsasailing.com\/#\/schema\/logo\/image\/","url":"https:\/\/www.ibsasailing.com\/wp-content\/uploads\/2022\/11\/IBSA_RdR_StartDay40-1-scaled.jpg","contentUrl":"https:\/\/www.ibsasailing.com\/wp-content\/uploads\/2022\/11\/IBSA_RdR_StartDay40-1-scaled.jpg","width":2560,"height":1523,"caption":"IBSA Sailing"},"image":{"@id":"https:\/\/www.ibsasailing.com\/#\/schema\/logo\/image\/"},"sameAs":["https:\/\/www.facebook.com\/ibsapharma\/"]}]}},"_links":{"self":[{"href":"https:\/\/www.ibsasailing.com\/fr\/wp-json\/wp\/v2\/pages\/3663","targetHints":{"allow":["GET"]}}],"collection":[{"href":"https:\/\/www.ibsasailing.com\/fr\/wp-json\/wp\/v2\/pages"}],"about":[{"href":"https:\/\/www.ibsasailing.com\/fr\/wp-json\/wp\/v2\/types\/page"}],"author":[{"embeddable":true,"href":"https:\/\/www.ibsasailing.com\/fr\/wp-json\/wp\/v2\/users\/4"}],"replies":[{"embeddable":true,"href":"https:\/\/www.ibsasailing.com\/fr\/wp-json\/wp\/v2\/comments?post=3663"}],"version-history":[{"count":0,"href":"https:\/\/www.ibsasailing.com\/fr\/wp-json\/wp\/v2\/pages\/3663\/revisions"}],"wp:attachment":[{"href":"https:\/\/www.ibsasailing.com\/fr\/wp-json\/wp\/v2\/media?parent=3663"}],"curies":[{"name":"wp","href":"https:\/\/api.w.org\/{rel}","templated":true}]}}