{"id":3669,"date":"2023-03-23T15:10:55","date_gmt":"2023-03-23T14:10:55","guid":{"rendered":"https:\/\/www.ibsasailing.com\/?page_id=3669"},"modified":"2023-04-05T16:54:41","modified_gmt":"2023-04-05T14:54:41","slug":"defi-atlantique","status":"publish","type":"page","link":"https:\/\/www.ibsasailing.com\/fr\/defi-atlantique\/","title":{"rendered":"D\u00e9fi Atlantique"},"content":{"rendered":"\n<p>Le <strong>D\u00e9fi Atlantique Guadeloupe&nbsp;\u2013 Horta&nbsp;\u2013 La Rochelle<\/strong> est la travers\u00e9e oc\u00e9anique consid\u00e9r\u00e9e comme la \u00ab&nbsp;<em>return transat<\/em>&nbsp;\u00bb, la course oc\u00e9anique qui ram\u00e8ne des Cara\u00efbes vers le continent europ\u00e9en de nombreux Class40 ayant particip\u00e9 \u00e0 la Route du Rhum.<\/p>\n\n\n\n<p>Organis\u00e9 par le Grand Pavois Organization et la municipalit\u00e9 de La Rochelle en collaboration avec la R\u00e9gion Guadeloupe, la municipalit\u00e9 d\u2019Horta, la Class40, le D\u00e9partement de la Charente-Maritime et la F\u00e9d\u00e9ration Fran\u00e7aise de Voile, le D\u00e9fi Atlantique <strong>est<\/strong><strong> r\u00e9serv\u00e9 aux Class40 uniquement<\/strong> et comprend <strong>3&nbsp;500&nbsp;milles de navigation en \u00e9quipage r\u00e9partis en deux \u00e9tapes<\/strong>&nbsp;: la premi\u00e8re d\u2019environ 2&nbsp;200&nbsp;milles de Pointe-\u00e0-Pitre en Guadeloupe \u00e0 Horta dans l\u2019archipel des A\u00e7ores&nbsp;; la seconde de 1&nbsp;300&nbsp;milles de Horta \u00e0 La Rochelle en France.<\/p>\n\n\n\n<p>Le d\u00e9part de la deuxi\u00e8me \u00e9dition du D\u00e9fi Atlantique est pr\u00e9vu le <strong>samedi 1<\/strong><sup><strong>er<\/strong><\/sup><strong>&nbsp;avril&nbsp;2023<\/strong>, avec l\u2019arriv\u00e9e \u00e0 Horta estim\u00e9e apr\u00e8s environ 15&nbsp;jours. Le d\u00e9part des A\u00e7ores, apr\u00e8s une escale qui permettra aux \u00e9quipages de se reposer et de r\u00e9gler les \u00e9ventuels probl\u00e8mes techniques, est pr\u00e9vu le dimanche 16&nbsp;avril, avec une arriv\u00e9e \u00e0 La Rochelle attendue entre le vendredi&nbsp;21 et le dimanche 23&nbsp;avril.<\/p>\n\n\n\n<p>\u00c0 cette \u00e9poque de l\u2019ann\u00e9e, le&nbsp;D\u00e9fi Atlantique&nbsp;est un itin\u00e9raire qui devient difficile en raison des difficult\u00e9s d\u2019interpr\u00e9tation des conditions m\u00e9t\u00e9orologiques instables typiques de cette p\u00e9riode.<\/p>\n\n\n\n<p>Pour la deuxi\u00e8me course oc\u00e9anique de la saison&nbsp;2023, l\u2019\u00e9quipage d\u2019Alberto Bona sera \u00e0 nouveau compos\u00e9 de l\u2019Espagnol Pablo Santurde del Arco et Pietro Luciani, vice-pr\u00e9sident de la Class40 et vice-champion du D\u00e9fi Atlantique&nbsp;2019 avec Catherine Pourre \u00e0 bord du Class40 E\u00e4rendil, montera \u00e0 bord.<\/p>\n","protected":false},"excerpt":{"rendered":"<p>Le D\u00e9fi Atlantique Guadeloupe&nbsp;\u2013 Horta&nbsp;\u2013 La Rochelle est la travers\u00e9e oc\u00e9anique consid\u00e9r\u00e9e comme la \u00ab&nbsp;return transat&nbsp;\u00bb, la course oc\u00e9anique qui ram\u00e8ne des Cara\u00efbes vers le continent europ\u00e9en de nombreux Class40 ayant particip\u00e9 \u00e0 la Route du Rhum. Organis\u00e9 par le Grand Pavois Organization et la municipalit\u00e9 de La Rochelle en collaboration avec la R\u00e9gion Guadeloupe, [&hellip;]<\/p>\n","protected":false},"author":4,"featured_media":0,"parent":0,"menu_order":0,"comment_status":"closed","ping_status":"closed","template":"defi.php","meta":{"_acf_changed":false,"ngg_post_thumbnail":0,"footnotes":""},"class_list":["post-3669","page","type-page","status-publish","hentry"],"acf":[],"yoast_head":"<!-- This site is optimized with the Yoast SEO plugin v24.3 - https:\/\/yoast.com\/wordpress\/plugins\/seo\/ -->\n<title>D\u00e9fi Atlantique - IBSA Sailing<\/title>\n<meta name=\"robots\" content=\"index, follow, max-snippet:-1, max-image-preview:large, max-video-preview:-1\" \/>\n<link rel=\"canonical\" href=\"https:\/\/www.ibsasailing.com\/fr\/defi-atlantique\/\" \/>\n<meta property=\"og:locale\" content=\"fr_FR\" \/>\n<meta property=\"og:type\" content=\"article\" \/>\n<meta property=\"og:title\" content=\"D\u00e9fi Atlantique - IBSA Sailing\" \/>\n<meta property=\"og:description\" content=\"Le D\u00e9fi Atlantique Guadeloupe&nbsp;\u2013 Horta&nbsp;\u2013 La Rochelle est la travers\u00e9e oc\u00e9anique consid\u00e9r\u00e9e comme la \u00ab&nbsp;return transat&nbsp;\u00bb, la course oc\u00e9anique qui ram\u00e8ne des Cara\u00efbes vers le continent europ\u00e9en de nombreux Class40 ayant particip\u00e9 \u00e0 la Route du Rhum. Organis\u00e9 par le Grand Pavois Organization et la municipalit\u00e9 de La Rochelle en collaboration avec la R\u00e9gion Guadeloupe, [&hellip;]\" \/>\n<meta property=\"og:url\" content=\"https:\/\/www.ibsasailing.com\/fr\/defi-atlantique\/\" \/>\n<meta property=\"og:site_name\" content=\"IBSA Sailing\" \/>\n<meta property=\"article:publisher\" content=\"https:\/\/www.facebook.com\/ibsapharma\/\" \/>\n<meta property=\"article:modified_time\" content=\"2023-04-05T14:54:41+00:00\" \/>\n<meta property=\"og:image\" content=\"https:\/\/www.ibsasailing.com\/wp-content\/uploads\/2023\/03\/Visual_Defi_Atlantique.png\" \/>\n\t<meta property=\"og:image:width\" content=\"1200\" \/>\n\t<meta property=\"og:image:height\" content=\"627\" \/>\n\t<meta property=\"og:image:type\" content=\"image\/png\" \/>\n<meta name=\"twitter:card\" content=\"summary_large_image\" \/>\n<meta name=\"twitter:label1\" content=\"Dur\u00e9e de lecture estim\u00e9e\" \/>\n\t<meta name=\"twitter:data1\" content=\"2 minutes\" \/>\n<script type=\"application\/ld+json\" class=\"yoast-schema-graph\">{\"@context\":\"https:\/\/schema.org\",\"@graph\":[{\"@type\":\"WebPage\",\"@id\":\"https:\/\/www.ibsasailing.com\/fr\/defi-atlantique\/\",\"url\":\"https:\/\/www.ibsasailing.com\/fr\/defi-atlantique\/\",\"name\":\"D\u00e9fi Atlantique - IBSA Sailing\",\"isPartOf\":{\"@id\":\"https:\/\/www.ibsasailing.com\/#website\"},\"datePublished\":\"2023-03-23T14:10:55+00:00\",\"dateModified\":\"2023-04-05T14:54:41+00:00\",\"breadcrumb\":{\"@id\":\"https:\/\/www.ibsasailing.com\/fr\/defi-atlantique\/#breadcrumb\"},\"inLanguage\":\"fr-FR\",\"potentialAction\":[{\"@type\":\"ReadAction\",\"target\":[\"https:\/\/www.ibsasailing.com\/fr\/defi-atlantique\/\"]}]},{\"@type\":\"BreadcrumbList\",\"@id\":\"https:\/\/www.ibsasailing.com\/fr\/defi-atlantique\/#breadcrumb\",\"itemListElement\":[{\"@type\":\"ListItem\",\"position\":1,\"name\":\"Home\",\"item\":\"https:\/\/www.ibsasailing.com\/fr\/\"},{\"@type\":\"ListItem\",\"position\":2,\"name\":\"D\u00e9fi Atlantique\"}]},{\"@type\":\"WebSite\",\"@id\":\"https:\/\/www.ibsasailing.com\/#website\",\"url\":\"https:\/\/www.ibsasailing.com\/\",\"name\":\"IBSA Sailing\",\"description\":\"Sailing into the Future. Together\",\"publisher\":{\"@id\":\"https:\/\/www.ibsasailing.com\/#organization\"},\"potentialAction\":[{\"@type\":\"SearchAction\",\"target\":{\"@type\":\"EntryPoint\",\"urlTemplate\":\"https:\/\/www.ibsasailing.com\/?s={search_term_string}\"},\"query-input\":{\"@type\":\"PropertyValueSpecification\",\"valueRequired\":true,\"valueName\":\"search_term_string\"}}],\"inLanguage\":\"fr-FR\"},{\"@type\":\"Organization\",\"@id\":\"https:\/\/www.ibsasailing.com\/#organization\",\"name\":\"IBSA Sailing\",\"url\":\"https:\/\/www.ibsasailing.com\/\",\"logo\":{\"@type\":\"ImageObject\",\"inLanguage\":\"fr-FR\",\"@id\":\"https:\/\/www.ibsasailing.com\/#\/schema\/logo\/image\/\",\"url\":\"https:\/\/www.ibsasailing.com\/wp-content\/uploads\/2022\/11\/IBSA_RdR_StartDay40-1-scaled.jpg\",\"contentUrl\":\"https:\/\/www.ibsasailing.com\/wp-content\/uploads\/2022\/11\/IBSA_RdR_StartDay40-1-scaled.jpg\",\"width\":2560,\"height\":1523,\"caption\":\"IBSA Sailing\"},\"image\":{\"@id\":\"https:\/\/www.ibsasailing.com\/#\/schema\/logo\/image\/\"},\"sameAs\":[\"https:\/\/www.facebook.com\/ibsapharma\/\"]}]}<\/script>\n<!-- \/ Yoast SEO plugin. -->","yoast_head_json":{"title":"D\u00e9fi Atlantique - IBSA Sailing","robots":{"index":"index","follow":"follow","max-snippet":"max-snippet:-1","max-image-preview":"max-image-preview:large","max-video-preview":"max-video-preview:-1"},"canonical":"https:\/\/www.ibsasailing.com\/fr\/defi-atlantique\/","og_locale":"fr_FR","og_type":"article","og_title":"D\u00e9fi Atlantique - IBSA Sailing","og_description":"Le D\u00e9fi Atlantique Guadeloupe&nbsp;\u2013 Horta&nbsp;\u2013 La Rochelle est la travers\u00e9e oc\u00e9anique consid\u00e9r\u00e9e comme la \u00ab&nbsp;return transat&nbsp;\u00bb, la course oc\u00e9anique qui ram\u00e8ne des Cara\u00efbes vers le continent europ\u00e9en de nombreux Class40 ayant particip\u00e9 \u00e0 la Route du Rhum. Organis\u00e9 par le Grand Pavois Organization et la municipalit\u00e9 de La Rochelle en collaboration avec la R\u00e9gion Guadeloupe, [&hellip;]","og_url":"https:\/\/www.ibsasailing.com\/fr\/defi-atlantique\/","og_site_name":"IBSA Sailing","article_publisher":"https:\/\/www.facebook.com\/ibsapharma\/","article_modified_time":"2023-04-05T14:54:41+00:00","og_image":[{"width":1200,"height":627,"url":"https:\/\/www.ibsasailing.com\/wp-content\/uploads\/2023\/03\/Visual_Defi_Atlantique.png","type":"image\/png"}],"twitter_card":"summary_large_image","twitter_misc":{"Dur\u00e9e de lecture estim\u00e9e":"2 minutes"},"schema":{"@context":"https:\/\/schema.org","@graph":[{"@type":"WebPage","@id":"https:\/\/www.ibsasailing.com\/fr\/defi-atlantique\/","url":"https:\/\/www.ibsasailing.com\/fr\/defi-atlantique\/","name":"D\u00e9fi Atlantique - IBSA Sailing","isPartOf":{"@id":"https:\/\/www.ibsasailing.com\/#website"},"datePublished":"2023-03-23T14:10:55+00:00","dateModified":"2023-04-05T14:54:41+00:00","breadcrumb":{"@id":"https:\/\/www.ibsasailing.com\/fr\/defi-atlantique\/#breadcrumb"},"inLanguage":"fr-FR","potentialAction":[{"@type":"ReadAction","target":["https:\/\/www.ibsasailing.com\/fr\/defi-atlantique\/"]}]},{"@type":"BreadcrumbList","@id":"https:\/\/www.ibsasailing.com\/fr\/defi-atlantique\/#breadcrumb","itemListElement":[{"@type":"ListItem","position":1,"name":"Home","item":"https:\/\/www.ibsasailing.com\/fr\/"},{"@type":"ListItem","position":2,"name":"D\u00e9fi Atlantique"}]},{"@type":"WebSite","@id":"https:\/\/www.ibsasailing.com\/#website","url":"https:\/\/www.ibsasailing.com\/","name":"IBSA Sailing","description":"Sailing into the Future. Together","publisher":{"@id":"https:\/\/www.ibsasailing.com\/#organization"},"potentialAction":[{"@type":"SearchAction","target":{"@type":"EntryPoint","urlTemplate":"https:\/\/www.ibsasailing.com\/?s={search_term_string}"},"query-input":{"@type":"PropertyValueSpecification","valueRequired":true,"valueName":"search_term_string"}}],"inLanguage":"fr-FR"},{"@type":"Organization","@id":"https:\/\/www.ibsasailing.com\/#organization","name":"IBSA Sailing","url":"https:\/\/www.ibsasailing.com\/","logo":{"@type":"ImageObject","inLanguage":"fr-FR","@id":"https:\/\/www.ibsasailing.com\/#\/schema\/logo\/image\/","url":"https:\/\/www.ibsasailing.com\/wp-content\/uploads\/2022\/11\/IBSA_RdR_StartDay40-1-scaled.jpg","contentUrl":"https:\/\/www.ibsasailing.com\/wp-content\/uploads\/2022\/11\/IBSA_RdR_StartDay40-1-scaled.jpg","width":2560,"height":1523,"caption":"IBSA Sailing"},"image":{"@id":"https:\/\/www.ibsasailing.com\/#\/schema\/logo\/image\/"},"sameAs":["https:\/\/www.facebook.com\/ibsapharma\/"]}]}},"_links":{"self":[{"href":"https:\/\/www.ibsasailing.com\/fr\/wp-json\/wp\/v2\/pages\/3669","targetHints":{"allow":["GET"]}}],"collection":[{"href":"https:\/\/www.ibsasailing.com\/fr\/wp-json\/wp\/v2\/pages"}],"about":[{"href":"https:\/\/www.ibsasailing.com\/fr\/wp-json\/wp\/v2\/types\/page"}],"author":[{"embeddable":true,"href":"https:\/\/www.ibsasailing.com\/fr\/wp-json\/wp\/v2\/users\/4"}],"replies":[{"embeddable":true,"href":"https:\/\/www.ibsasailing.com\/fr\/wp-json\/wp\/v2\/comments?post=3669"}],"version-history":[{"count":0,"href":"https:\/\/www.ibsasailing.com\/fr\/wp-json\/wp\/v2\/pages\/3669\/revisions"}],"wp:attachment":[{"href":"https:\/\/www.ibsasailing.com\/fr\/wp-json\/wp\/v2\/media?parent=3669"}],"curies":[{"name":"wp","href":"https:\/\/api.w.org\/{rel}","templated":true}]}}