{"id":3675,"date":"2023-03-23T15:21:00","date_gmt":"2023-03-23T14:21:00","guid":{"rendered":"https:\/\/www.ibsasailing.com\/?page_id=3675"},"modified":"2023-07-25T12:45:06","modified_gmt":"2023-07-25T10:45:06","slug":"pietro-luciani","status":"publish","type":"page","link":"https:\/\/www.ibsasailing.com\/fr\/pietro-luciani\/","title":{"rendered":"Pietro Luciani"},"content":{"rendered":"\n<p>Pur V\u00e9nitien n\u00e9 en&nbsp;1985 et dot\u00e9 d\u2019un palmar\u00e8s de tout premier plan en Class40 et bien plus encore, Pietro Luciani est le troisi\u00e8me membre de l\u2019\u00e9quipage choisi par Alberto Bona pour participer \u00e0 la course D\u00e9fi Atlantique&nbsp;2023.<\/p>\n\n\n\n<p>Architecte de formation, Pietro est navigateur professionnel depuis&nbsp;2015. En plus de participer aux courses oc\u00e9aniques les plus importantes du calendrier mondial de la voile, il a remport\u00e9 en Class40 la course RORC Caribbean&nbsp;600 en&nbsp;2018 et&nbsp;2019 et le Class40 Championship&nbsp;2019 et&nbsp;2022.<\/p>\n\n\n\n<p>En revanche il s\u2019est plac\u00e9 en deuxi\u00e8me position lors de la Normandy Channel Race&nbsp;2019 (en \u00e9quipage avec Pablo Santurde del Arco), de la Rolex Fastnet Race&nbsp;2017 et la derni\u00e8re \u00e9dition de la course D\u00e9fi Atlantique en&nbsp;2019.<\/p>\n\n\n\n<p>Depuis&nbsp;2021, Pietro Luciani est \u00e9galement vice-pr\u00e9sident de la Classe40, le seul Italien parmi ses coll\u00e8gues fran\u00e7ais. Son objectif est d\u2019amener les courses oc\u00e9aniques des Classe40 en M\u00e9diterran\u00e9e, d\u2019\u00e9largir le calendrier des \u00e9v\u00e9nements et de donner plus d\u2019ampleur \u00e0 la navigation outre l\u2019oc\u00e9an.<\/p>\n","protected":false},"excerpt":{"rendered":"<p>Pur V\u00e9nitien n\u00e9 en&nbsp;1985 et dot\u00e9 d\u2019un palmar\u00e8s de tout premier plan en Class40 et bien plus encore, Pietro Luciani est le troisi\u00e8me membre de l\u2019\u00e9quipage choisi par Alberto Bona pour participer \u00e0 la course D\u00e9fi Atlantique&nbsp;2023. Architecte de formation, Pietro est navigateur professionnel depuis&nbsp;2015. En plus de participer aux courses oc\u00e9aniques les plus importantes [&hellip;]<\/p>\n","protected":false},"author":4,"featured_media":0,"parent":0,"menu_order":0,"comment_status":"closed","ping_status":"closed","template":"pietro.php","meta":{"_acf_changed":false,"ngg_post_thumbnail":0,"footnotes":""},"class_list":["post-3675","page","type-page","status-publish","hentry"],"acf":[],"yoast_head":"<!-- This site is optimized with the Yoast SEO plugin v24.3 - https:\/\/yoast.com\/wordpress\/plugins\/seo\/ -->\n<title>Pietro Luciani - IBSA Sailing<\/title>\n<meta name=\"robots\" content=\"index, follow, max-snippet:-1, max-image-preview:large, max-video-preview:-1\" \/>\n<link rel=\"canonical\" href=\"https:\/\/www.ibsasailing.com\/fr\/pietro-luciani\/\" \/>\n<meta property=\"og:locale\" content=\"fr_FR\" \/>\n<meta property=\"og:type\" content=\"article\" \/>\n<meta property=\"og:title\" content=\"Pietro Luciani - IBSA Sailing\" \/>\n<meta property=\"og:description\" content=\"Pur V\u00e9nitien n\u00e9 en&nbsp;1985 et dot\u00e9 d\u2019un palmar\u00e8s de tout premier plan en Class40 et bien plus encore, Pietro Luciani est le troisi\u00e8me membre de l\u2019\u00e9quipage choisi par Alberto Bona pour participer \u00e0 la course D\u00e9fi Atlantique&nbsp;2023. Architecte de formation, Pietro est navigateur professionnel depuis&nbsp;2015. En plus de participer aux courses oc\u00e9aniques les plus importantes [&hellip;]\" \/>\n<meta property=\"og:url\" content=\"https:\/\/www.ibsasailing.com\/fr\/pietro-luciani\/\" \/>\n<meta property=\"og:site_name\" content=\"IBSA Sailing\" \/>\n<meta property=\"article:publisher\" content=\"https:\/\/www.facebook.com\/ibsapharma\/\" \/>\n<meta property=\"article:modified_time\" content=\"2023-07-25T10:45:06+00:00\" \/>\n<meta property=\"og:image\" content=\"https:\/\/www.ibsasailing.com\/wp-content\/uploads\/2023\/07\/Luciani_HD-scaled.jpeg\" \/>\n\t<meta property=\"og:image:width\" content=\"2560\" \/>\n\t<meta property=\"og:image:height\" content=\"1708\" \/>\n\t<meta property=\"og:image:type\" content=\"image\/jpeg\" \/>\n<meta name=\"twitter:card\" content=\"summary_large_image\" \/>\n<meta name=\"twitter:label1\" content=\"Dur\u00e9e de lecture estim\u00e9e\" \/>\n\t<meta name=\"twitter:data1\" content=\"1 minute\" \/>\n<script type=\"application\/ld+json\" class=\"yoast-schema-graph\">{\"@context\":\"https:\/\/schema.org\",\"@graph\":[{\"@type\":\"WebPage\",\"@id\":\"https:\/\/www.ibsasailing.com\/fr\/pietro-luciani\/\",\"url\":\"https:\/\/www.ibsasailing.com\/fr\/pietro-luciani\/\",\"name\":\"Pietro Luciani - IBSA Sailing\",\"isPartOf\":{\"@id\":\"https:\/\/www.ibsasailing.com\/#website\"},\"datePublished\":\"2023-03-23T14:21:00+00:00\",\"dateModified\":\"2023-07-25T10:45:06+00:00\",\"breadcrumb\":{\"@id\":\"https:\/\/www.ibsasailing.com\/fr\/pietro-luciani\/#breadcrumb\"},\"inLanguage\":\"fr-FR\",\"potentialAction\":[{\"@type\":\"ReadAction\",\"target\":[\"https:\/\/www.ibsasailing.com\/fr\/pietro-luciani\/\"]}]},{\"@type\":\"BreadcrumbList\",\"@id\":\"https:\/\/www.ibsasailing.com\/fr\/pietro-luciani\/#breadcrumb\",\"itemListElement\":[{\"@type\":\"ListItem\",\"position\":1,\"name\":\"Home\",\"item\":\"https:\/\/www.ibsasailing.com\/fr\/\"},{\"@type\":\"ListItem\",\"position\":2,\"name\":\"Pietro Luciani\"}]},{\"@type\":\"WebSite\",\"@id\":\"https:\/\/www.ibsasailing.com\/#website\",\"url\":\"https:\/\/www.ibsasailing.com\/\",\"name\":\"IBSA Sailing\",\"description\":\"Sailing into the Future. Together\",\"publisher\":{\"@id\":\"https:\/\/www.ibsasailing.com\/#organization\"},\"potentialAction\":[{\"@type\":\"SearchAction\",\"target\":{\"@type\":\"EntryPoint\",\"urlTemplate\":\"https:\/\/www.ibsasailing.com\/?s={search_term_string}\"},\"query-input\":{\"@type\":\"PropertyValueSpecification\",\"valueRequired\":true,\"valueName\":\"search_term_string\"}}],\"inLanguage\":\"fr-FR\"},{\"@type\":\"Organization\",\"@id\":\"https:\/\/www.ibsasailing.com\/#organization\",\"name\":\"IBSA Sailing\",\"url\":\"https:\/\/www.ibsasailing.com\/\",\"logo\":{\"@type\":\"ImageObject\",\"inLanguage\":\"fr-FR\",\"@id\":\"https:\/\/www.ibsasailing.com\/#\/schema\/logo\/image\/\",\"url\":\"https:\/\/www.ibsasailing.com\/wp-content\/uploads\/2022\/11\/IBSA_RdR_StartDay40-1-scaled.jpg\",\"contentUrl\":\"https:\/\/www.ibsasailing.com\/wp-content\/uploads\/2022\/11\/IBSA_RdR_StartDay40-1-scaled.jpg\",\"width\":2560,\"height\":1523,\"caption\":\"IBSA Sailing\"},\"image\":{\"@id\":\"https:\/\/www.ibsasailing.com\/#\/schema\/logo\/image\/\"},\"sameAs\":[\"https:\/\/www.facebook.com\/ibsapharma\/\"]}]}<\/script>\n<!-- \/ Yoast SEO plugin. -->","yoast_head_json":{"title":"Pietro Luciani - IBSA Sailing","robots":{"index":"index","follow":"follow","max-snippet":"max-snippet:-1","max-image-preview":"max-image-preview:large","max-video-preview":"max-video-preview:-1"},"canonical":"https:\/\/www.ibsasailing.com\/fr\/pietro-luciani\/","og_locale":"fr_FR","og_type":"article","og_title":"Pietro Luciani - IBSA Sailing","og_description":"Pur V\u00e9nitien n\u00e9 en&nbsp;1985 et dot\u00e9 d\u2019un palmar\u00e8s de tout premier plan en Class40 et bien plus encore, Pietro Luciani est le troisi\u00e8me membre de l\u2019\u00e9quipage choisi par Alberto Bona pour participer \u00e0 la course D\u00e9fi Atlantique&nbsp;2023. Architecte de formation, Pietro est navigateur professionnel depuis&nbsp;2015. En plus de participer aux courses oc\u00e9aniques les plus importantes [&hellip;]","og_url":"https:\/\/www.ibsasailing.com\/fr\/pietro-luciani\/","og_site_name":"IBSA Sailing","article_publisher":"https:\/\/www.facebook.com\/ibsapharma\/","article_modified_time":"2023-07-25T10:45:06+00:00","og_image":[{"width":2560,"height":1708,"url":"https:\/\/www.ibsasailing.com\/wp-content\/uploads\/2023\/07\/Luciani_HD-scaled.jpeg","type":"image\/jpeg"}],"twitter_card":"summary_large_image","twitter_misc":{"Dur\u00e9e de lecture estim\u00e9e":"1 minute"},"schema":{"@context":"https:\/\/schema.org","@graph":[{"@type":"WebPage","@id":"https:\/\/www.ibsasailing.com\/fr\/pietro-luciani\/","url":"https:\/\/www.ibsasailing.com\/fr\/pietro-luciani\/","name":"Pietro Luciani - IBSA Sailing","isPartOf":{"@id":"https:\/\/www.ibsasailing.com\/#website"},"datePublished":"2023-03-23T14:21:00+00:00","dateModified":"2023-07-25T10:45:06+00:00","breadcrumb":{"@id":"https:\/\/www.ibsasailing.com\/fr\/pietro-luciani\/#breadcrumb"},"inLanguage":"fr-FR","potentialAction":[{"@type":"ReadAction","target":["https:\/\/www.ibsasailing.com\/fr\/pietro-luciani\/"]}]},{"@type":"BreadcrumbList","@id":"https:\/\/www.ibsasailing.com\/fr\/pietro-luciani\/#breadcrumb","itemListElement":[{"@type":"ListItem","position":1,"name":"Home","item":"https:\/\/www.ibsasailing.com\/fr\/"},{"@type":"ListItem","position":2,"name":"Pietro Luciani"}]},{"@type":"WebSite","@id":"https:\/\/www.ibsasailing.com\/#website","url":"https:\/\/www.ibsasailing.com\/","name":"IBSA Sailing","description":"Sailing into the Future. Together","publisher":{"@id":"https:\/\/www.ibsasailing.com\/#organization"},"potentialAction":[{"@type":"SearchAction","target":{"@type":"EntryPoint","urlTemplate":"https:\/\/www.ibsasailing.com\/?s={search_term_string}"},"query-input":{"@type":"PropertyValueSpecification","valueRequired":true,"valueName":"search_term_string"}}],"inLanguage":"fr-FR"},{"@type":"Organization","@id":"https:\/\/www.ibsasailing.com\/#organization","name":"IBSA Sailing","url":"https:\/\/www.ibsasailing.com\/","logo":{"@type":"ImageObject","inLanguage":"fr-FR","@id":"https:\/\/www.ibsasailing.com\/#\/schema\/logo\/image\/","url":"https:\/\/www.ibsasailing.com\/wp-content\/uploads\/2022\/11\/IBSA_RdR_StartDay40-1-scaled.jpg","contentUrl":"https:\/\/www.ibsasailing.com\/wp-content\/uploads\/2022\/11\/IBSA_RdR_StartDay40-1-scaled.jpg","width":2560,"height":1523,"caption":"IBSA Sailing"},"image":{"@id":"https:\/\/www.ibsasailing.com\/#\/schema\/logo\/image\/"},"sameAs":["https:\/\/www.facebook.com\/ibsapharma\/"]}]}},"_links":{"self":[{"href":"https:\/\/www.ibsasailing.com\/fr\/wp-json\/wp\/v2\/pages\/3675","targetHints":{"allow":["GET"]}}],"collection":[{"href":"https:\/\/www.ibsasailing.com\/fr\/wp-json\/wp\/v2\/pages"}],"about":[{"href":"https:\/\/www.ibsasailing.com\/fr\/wp-json\/wp\/v2\/types\/page"}],"author":[{"embeddable":true,"href":"https:\/\/www.ibsasailing.com\/fr\/wp-json\/wp\/v2\/users\/4"}],"replies":[{"embeddable":true,"href":"https:\/\/www.ibsasailing.com\/fr\/wp-json\/wp\/v2\/comments?post=3675"}],"version-history":[{"count":0,"href":"https:\/\/www.ibsasailing.com\/fr\/wp-json\/wp\/v2\/pages\/3675\/revisions"}],"wp:attachment":[{"href":"https:\/\/www.ibsasailing.com\/fr\/wp-json\/wp\/v2\/media?parent=3675"}],"curies":[{"name":"wp","href":"https:\/\/api.w.org\/{rel}","templated":true}]}}