{"id":4115,"date":"2023-05-04T11:36:49","date_gmt":"2023-05-04T09:36:49","guid":{"rendered":"https:\/\/www.ibsasailing.com\/?page_id=4115"},"modified":"2023-07-25T12:16:02","modified_gmt":"2023-07-25T10:16:02","slug":"les-sables-horta-les-sables-2023","status":"publish","type":"page","link":"https:\/\/www.ibsasailing.com\/fr\/les-sables-horta-les-sables-2023\/","title":{"rendered":"LES SABLES-HORTA-LES SABLES 2023"},"content":{"rendered":"\n<p>Organis\u00e9e par l\u2019association Les Sables d\u2019Olonne&nbsp;\u2013 Vend\u00e9e&nbsp;\u2013 Course au large, la course oc\u00e9anique Les Sables-Horta-Les Sables a lieu tous les deux ans depuis l\u2019ann\u00e9e&nbsp;2007, en alternance avec les 1&nbsp;000&nbsp;milles des Sables. R\u00e9serv\u00e9e aux Class40, la course oc\u00e9anique requiert un \u00e9quipage de deux personnes.<\/p>\n\n\n\n<p>Le d\u00e9part de la 9<sup>e<\/sup>&nbsp;\u00e9dition sera donn\u00e9 le 27&nbsp;juin \u00e0 13&nbsp;h&nbsp;02 de Port Olona, en Vend\u00e9e, avec un parcours de 2&nbsp;540&nbsp;milles nautiques \u00e0 travers le golfe de Gascogne et l\u2019archipel des A\u00e7ores. La course est divis\u00e9e en deux \u00e9tapes de 1&nbsp;270&nbsp;milles chacune&nbsp;: la premi\u00e8re des Sables d\u2019Olonne \u00e0 Horta sur l\u2019\u00eele de Fa\u00efal aux A\u00e7ores&nbsp;; la seconde de Horta aux Sables d\u2019Olonne. L\u2019arriv\u00e9e des skippers est pr\u00e9vue environ deux semaines avant le d\u00e9part. Il s\u2019agit d\u2019une route qui retrace une partie de l\u2019oc\u00e9an Atlantique d\u00e9j\u00e0 parcourue lors du D\u00e9fi Atlantique.<\/p>\n\n\n\n<p>Un classement est \u00e9tabli pour chacune des deux \u00e9tapes et, lors de l\u2019arr\u00eat \u00e0 Horta, a lieu la remise des prix de la premi\u00e8re \u00e9tape. Parall\u00e8lement, la somme des temps de course des deux \u00e9tapes est utilis\u00e9e pour composer le classement g\u00e9n\u00e9ral final, qui prend \u00e9galement en compte les p\u00e9nalit\u00e9s ou bonus \u00e9ventuels. L\u2019\u00e9quipage ayant r\u00e9alis\u00e9 le temps cumul\u00e9 le plus faible est d\u00e9clar\u00e9 vainqueur de la course oc\u00e9anique et est r\u00e9compens\u00e9 aux Sables d\u2019Olonne lors de la c\u00e9r\u00e9monie officielle.<\/p>\n\n\n\n<p>Pour la course Les Sables-Horta-Les Sables, l\u2019\u00e9quipage du Class40&nbsp;<em>IBSA<\/em> est compos\u00e9 d\u2019Alberto Bona et de Pablo Santurde del Arco, le navigateur espagnol avec lequel Alberto a d\u00e9j\u00e0 particip\u00e9 aux trois premi\u00e8res courses de la saison&nbsp;2023.<\/p>\n","protected":false},"excerpt":{"rendered":"<p>Organis\u00e9e par l\u2019association Les Sables d\u2019Olonne&nbsp;\u2013 Vend\u00e9e&nbsp;\u2013 Course au large, la course oc\u00e9anique Les Sables-Horta-Les Sables a lieu tous les deux ans depuis l\u2019ann\u00e9e&nbsp;2007, en alternance avec les 1&nbsp;000&nbsp;milles des Sables. R\u00e9serv\u00e9e aux Class40, la course oc\u00e9anique requiert un \u00e9quipage de deux personnes. Le d\u00e9part de la 9e&nbsp;\u00e9dition sera donn\u00e9 le 27&nbsp;juin \u00e0 13&nbsp;h&nbsp;02 de [&hellip;]<\/p>\n","protected":false},"author":4,"featured_media":0,"parent":0,"menu_order":0,"comment_status":"closed","ping_status":"closed","template":"horta.php","meta":{"_acf_changed":false,"ngg_post_thumbnail":0,"footnotes":""},"class_list":["post-4115","page","type-page","status-publish","hentry"],"acf":[],"yoast_head":"<!-- This site is optimized with the Yoast SEO plugin v24.3 - https:\/\/yoast.com\/wordpress\/plugins\/seo\/ -->\n<title>LES SABLES-HORTA-LES SABLES 2023 - IBSA Sailing<\/title>\n<meta name=\"robots\" content=\"index, follow, max-snippet:-1, max-image-preview:large, max-video-preview:-1\" \/>\n<link rel=\"canonical\" href=\"https:\/\/www.ibsasailing.com\/fr\/les-sables-horta-les-sables-2023\/\" \/>\n<meta property=\"og:locale\" content=\"fr_FR\" \/>\n<meta property=\"og:type\" content=\"article\" \/>\n<meta property=\"og:title\" content=\"LES SABLES-HORTA-LES SABLES 2023 - IBSA Sailing\" \/>\n<meta property=\"og:description\" content=\"Organis\u00e9e par l\u2019association Les Sables d\u2019Olonne&nbsp;\u2013 Vend\u00e9e&nbsp;\u2013 Course au large, la course oc\u00e9anique Les Sables-Horta-Les Sables a lieu tous les deux ans depuis l\u2019ann\u00e9e&nbsp;2007, en alternance avec les 1&nbsp;000&nbsp;milles des Sables. R\u00e9serv\u00e9e aux Class40, la course oc\u00e9anique requiert un \u00e9quipage de deux personnes. Le d\u00e9part de la 9e&nbsp;\u00e9dition sera donn\u00e9 le 27&nbsp;juin \u00e0 13&nbsp;h&nbsp;02 de [&hellip;]\" \/>\n<meta property=\"og:url\" content=\"https:\/\/www.ibsasailing.com\/fr\/les-sables-horta-les-sables-2023\/\" \/>\n<meta property=\"og:site_name\" content=\"IBSA Sailing\" \/>\n<meta property=\"article:publisher\" content=\"https:\/\/www.facebook.com\/ibsapharma\/\" \/>\n<meta property=\"article:modified_time\" content=\"2023-07-25T10:16:02+00:00\" \/>\n<meta property=\"og:image\" content=\"https:\/\/www.ibsasailing.com\/wp-content\/uploads\/2023\/07\/les-sable-horta-les-sable.jpg\" \/>\n\t<meta property=\"og:image:width\" content=\"2500\" \/>\n\t<meta property=\"og:image:height\" content=\"1138\" \/>\n\t<meta property=\"og:image:type\" content=\"image\/jpeg\" \/>\n<meta name=\"twitter:card\" content=\"summary_large_image\" \/>\n<meta name=\"twitter:label1\" content=\"Dur\u00e9e de lecture estim\u00e9e\" \/>\n\t<meta name=\"twitter:data1\" content=\"2 minutes\" \/>\n<script type=\"application\/ld+json\" class=\"yoast-schema-graph\">{\"@context\":\"https:\/\/schema.org\",\"@graph\":[{\"@type\":\"WebPage\",\"@id\":\"https:\/\/www.ibsasailing.com\/fr\/les-sables-horta-les-sables-2023\/\",\"url\":\"https:\/\/www.ibsasailing.com\/fr\/les-sables-horta-les-sables-2023\/\",\"name\":\"LES SABLES-HORTA-LES SABLES 2023 - IBSA Sailing\",\"isPartOf\":{\"@id\":\"https:\/\/www.ibsasailing.com\/#website\"},\"datePublished\":\"2023-05-04T09:36:49+00:00\",\"dateModified\":\"2023-07-25T10:16:02+00:00\",\"breadcrumb\":{\"@id\":\"https:\/\/www.ibsasailing.com\/fr\/les-sables-horta-les-sables-2023\/#breadcrumb\"},\"inLanguage\":\"fr-FR\",\"potentialAction\":[{\"@type\":\"ReadAction\",\"target\":[\"https:\/\/www.ibsasailing.com\/fr\/les-sables-horta-les-sables-2023\/\"]}]},{\"@type\":\"BreadcrumbList\",\"@id\":\"https:\/\/www.ibsasailing.com\/fr\/les-sables-horta-les-sables-2023\/#breadcrumb\",\"itemListElement\":[{\"@type\":\"ListItem\",\"position\":1,\"name\":\"Home\",\"item\":\"https:\/\/www.ibsasailing.com\/fr\/\"},{\"@type\":\"ListItem\",\"position\":2,\"name\":\"LES SABLES-HORTA-LES SABLES 2023\"}]},{\"@type\":\"WebSite\",\"@id\":\"https:\/\/www.ibsasailing.com\/#website\",\"url\":\"https:\/\/www.ibsasailing.com\/\",\"name\":\"IBSA Sailing\",\"description\":\"Sailing into the Future. Together\",\"publisher\":{\"@id\":\"https:\/\/www.ibsasailing.com\/#organization\"},\"potentialAction\":[{\"@type\":\"SearchAction\",\"target\":{\"@type\":\"EntryPoint\",\"urlTemplate\":\"https:\/\/www.ibsasailing.com\/?s={search_term_string}\"},\"query-input\":{\"@type\":\"PropertyValueSpecification\",\"valueRequired\":true,\"valueName\":\"search_term_string\"}}],\"inLanguage\":\"fr-FR\"},{\"@type\":\"Organization\",\"@id\":\"https:\/\/www.ibsasailing.com\/#organization\",\"name\":\"IBSA Sailing\",\"url\":\"https:\/\/www.ibsasailing.com\/\",\"logo\":{\"@type\":\"ImageObject\",\"inLanguage\":\"fr-FR\",\"@id\":\"https:\/\/www.ibsasailing.com\/#\/schema\/logo\/image\/\",\"url\":\"https:\/\/www.ibsasailing.com\/wp-content\/uploads\/2022\/11\/IBSA_RdR_StartDay40-1-scaled.jpg\",\"contentUrl\":\"https:\/\/www.ibsasailing.com\/wp-content\/uploads\/2022\/11\/IBSA_RdR_StartDay40-1-scaled.jpg\",\"width\":2560,\"height\":1523,\"caption\":\"IBSA Sailing\"},\"image\":{\"@id\":\"https:\/\/www.ibsasailing.com\/#\/schema\/logo\/image\/\"},\"sameAs\":[\"https:\/\/www.facebook.com\/ibsapharma\/\"]}]}<\/script>\n<!-- \/ Yoast SEO plugin. -->","yoast_head_json":{"title":"LES SABLES-HORTA-LES SABLES 2023 - IBSA Sailing","robots":{"index":"index","follow":"follow","max-snippet":"max-snippet:-1","max-image-preview":"max-image-preview:large","max-video-preview":"max-video-preview:-1"},"canonical":"https:\/\/www.ibsasailing.com\/fr\/les-sables-horta-les-sables-2023\/","og_locale":"fr_FR","og_type":"article","og_title":"LES SABLES-HORTA-LES SABLES 2023 - IBSA Sailing","og_description":"Organis\u00e9e par l\u2019association Les Sables d\u2019Olonne&nbsp;\u2013 Vend\u00e9e&nbsp;\u2013 Course au large, la course oc\u00e9anique Les Sables-Horta-Les Sables a lieu tous les deux ans depuis l\u2019ann\u00e9e&nbsp;2007, en alternance avec les 1&nbsp;000&nbsp;milles des Sables. R\u00e9serv\u00e9e aux Class40, la course oc\u00e9anique requiert un \u00e9quipage de deux personnes. Le d\u00e9part de la 9e&nbsp;\u00e9dition sera donn\u00e9 le 27&nbsp;juin \u00e0 13&nbsp;h&nbsp;02 de [&hellip;]","og_url":"https:\/\/www.ibsasailing.com\/fr\/les-sables-horta-les-sables-2023\/","og_site_name":"IBSA Sailing","article_publisher":"https:\/\/www.facebook.com\/ibsapharma\/","article_modified_time":"2023-07-25T10:16:02+00:00","og_image":[{"width":2500,"height":1138,"url":"https:\/\/www.ibsasailing.com\/wp-content\/uploads\/2023\/07\/les-sable-horta-les-sable.jpg","type":"image\/jpeg"}],"twitter_card":"summary_large_image","twitter_misc":{"Dur\u00e9e de lecture estim\u00e9e":"2 minutes"},"schema":{"@context":"https:\/\/schema.org","@graph":[{"@type":"WebPage","@id":"https:\/\/www.ibsasailing.com\/fr\/les-sables-horta-les-sables-2023\/","url":"https:\/\/www.ibsasailing.com\/fr\/les-sables-horta-les-sables-2023\/","name":"LES SABLES-HORTA-LES SABLES 2023 - IBSA Sailing","isPartOf":{"@id":"https:\/\/www.ibsasailing.com\/#website"},"datePublished":"2023-05-04T09:36:49+00:00","dateModified":"2023-07-25T10:16:02+00:00","breadcrumb":{"@id":"https:\/\/www.ibsasailing.com\/fr\/les-sables-horta-les-sables-2023\/#breadcrumb"},"inLanguage":"fr-FR","potentialAction":[{"@type":"ReadAction","target":["https:\/\/www.ibsasailing.com\/fr\/les-sables-horta-les-sables-2023\/"]}]},{"@type":"BreadcrumbList","@id":"https:\/\/www.ibsasailing.com\/fr\/les-sables-horta-les-sables-2023\/#breadcrumb","itemListElement":[{"@type":"ListItem","position":1,"name":"Home","item":"https:\/\/www.ibsasailing.com\/fr\/"},{"@type":"ListItem","position":2,"name":"LES SABLES-HORTA-LES SABLES 2023"}]},{"@type":"WebSite","@id":"https:\/\/www.ibsasailing.com\/#website","url":"https:\/\/www.ibsasailing.com\/","name":"IBSA Sailing","description":"Sailing into the Future. Together","publisher":{"@id":"https:\/\/www.ibsasailing.com\/#organization"},"potentialAction":[{"@type":"SearchAction","target":{"@type":"EntryPoint","urlTemplate":"https:\/\/www.ibsasailing.com\/?s={search_term_string}"},"query-input":{"@type":"PropertyValueSpecification","valueRequired":true,"valueName":"search_term_string"}}],"inLanguage":"fr-FR"},{"@type":"Organization","@id":"https:\/\/www.ibsasailing.com\/#organization","name":"IBSA Sailing","url":"https:\/\/www.ibsasailing.com\/","logo":{"@type":"ImageObject","inLanguage":"fr-FR","@id":"https:\/\/www.ibsasailing.com\/#\/schema\/logo\/image\/","url":"https:\/\/www.ibsasailing.com\/wp-content\/uploads\/2022\/11\/IBSA_RdR_StartDay40-1-scaled.jpg","contentUrl":"https:\/\/www.ibsasailing.com\/wp-content\/uploads\/2022\/11\/IBSA_RdR_StartDay40-1-scaled.jpg","width":2560,"height":1523,"caption":"IBSA Sailing"},"image":{"@id":"https:\/\/www.ibsasailing.com\/#\/schema\/logo\/image\/"},"sameAs":["https:\/\/www.facebook.com\/ibsapharma\/"]}]}},"_links":{"self":[{"href":"https:\/\/www.ibsasailing.com\/fr\/wp-json\/wp\/v2\/pages\/4115","targetHints":{"allow":["GET"]}}],"collection":[{"href":"https:\/\/www.ibsasailing.com\/fr\/wp-json\/wp\/v2\/pages"}],"about":[{"href":"https:\/\/www.ibsasailing.com\/fr\/wp-json\/wp\/v2\/types\/page"}],"author":[{"embeddable":true,"href":"https:\/\/www.ibsasailing.com\/fr\/wp-json\/wp\/v2\/users\/4"}],"replies":[{"embeddable":true,"href":"https:\/\/www.ibsasailing.com\/fr\/wp-json\/wp\/v2\/comments?post=4115"}],"version-history":[{"count":0,"href":"https:\/\/www.ibsasailing.com\/fr\/wp-json\/wp\/v2\/pages\/4115\/revisions"}],"wp:attachment":[{"href":"https:\/\/www.ibsasailing.com\/fr\/wp-json\/wp\/v2\/media?parent=4115"}],"curies":[{"name":"wp","href":"https:\/\/api.w.org\/{rel}","templated":true}]}}