{"id":4134,"date":"2023-05-04T12:05:48","date_gmt":"2023-05-04T10:05:48","guid":{"rendered":"https:\/\/www.ibsasailing.com\/?page_id=4134"},"modified":"2023-07-25T12:30:53","modified_gmt":"2023-07-25T10:30:53","slug":"la-normandy-channel-race-2023","status":"publish","type":"page","link":"https:\/\/www.ibsasailing.com\/fr\/la-normandy-channel-race-2023\/","title":{"rendered":"LA NORMANDY CHANNEL RACE\u00a02023"},"content":{"rendered":"\n<p>Une magnifique course oc\u00e9anique avec d\u00e9part et retour \u00e0 Caen, longeant la Normandie et l\u2019Irlande. Un parcours de 1&nbsp;000&nbsp;milles sur la c\u00f4te sud-ouest de l\u2019Angleterre, traversant la Manche et la mer Celtique, passant par des \u00eeles, des caps et des phares, y compris le phare du Fastnet sur le l\u00e9gendaire rocher \u00e9ponyme&nbsp;: la troisi\u00e8me \u00e9preuve du calendrier d\u2019Alberto Bona et de la Class40&nbsp;<em>IBSA<\/em> est la Normandy Channel Race.<\/p>\n\n\n\n<p>Lanc\u00e9e en&nbsp;2010, la Normandy Channel Race est une course oc\u00e9anique qui se d\u00e9roule chaque ann\u00e9e au printemps (ou presque, car pour une \u00e9dition tous les quatre ans, elle a lieu en septembre), consacr\u00e9e uniquement aux Class40 et impliquant un \u00e9quipage de deux personnes. Pour sa 14<sup>e<\/sup>&nbsp;\u00e9dition, la Normandy Channel Race&nbsp;2023 prend le d\u00e9part le dimanche 4&nbsp;juin du port de Ouistreham, \u00e0 un peu plus de 15&nbsp;km de Caen en Normandie.<\/p>\n\n\n\n<p>Il s\u2019agit sans aucun doute d\u2019une \u00e9preuve difficile et passionnante, influenc\u00e9e par les mar\u00e9es et le climat de la mer Celtique&nbsp;: elle comporte tant de points et de passages remarquables que la suivre revient \u00e0 s\u2019immerger dans un roman maritime. Les 1&nbsp;000&nbsp;milles de la Normandy Channel Race exigent une planification tactique et strat\u00e9gique importante et une grande connaissance des courants et des mar\u00e9es.<\/p>\n\n\n\n<p>Pour la Normandy Channel Race&nbsp;2023, Alberto Bona fait \u00e0 nouveau \u00e9quipe avec le navigateur espagnol Pablo Santurde del Arco, dont le palmar\u00e8s comprend \u00e9galement une premi\u00e8re, une deuxi\u00e8me et une troisi\u00e8me place dans les \u00e9ditions pr\u00e9c\u00e9dentes de cette course. Sur la ligne de d\u00e9part, le Class40&nbsp;IBSA retrouve \u00e9galement ses adversaires directs des deux premi\u00e8res courses de la saison&nbsp;2023, le Fran\u00e7ais Lipinski et l\u2019Italien Beccaria, qui ont remport\u00e9 la Normandy Channel Race&nbsp;2022 en bin\u00f4me.<\/p>\n","protected":false},"excerpt":{"rendered":"<p>Une magnifique course oc\u00e9anique avec d\u00e9part et retour \u00e0 Caen, longeant la Normandie et l\u2019Irlande. Un parcours de 1&nbsp;000&nbsp;milles sur la c\u00f4te sud-ouest de l\u2019Angleterre, traversant la Manche et la mer Celtique, passant par des \u00eeles, des caps et des phares, y compris le phare du Fastnet sur le l\u00e9gendaire rocher \u00e9ponyme&nbsp;: la troisi\u00e8me \u00e9preuve [&hellip;]<\/p>\n","protected":false},"author":4,"featured_media":0,"parent":0,"menu_order":0,"comment_status":"closed","ping_status":"closed","template":"normandy.php","meta":{"_acf_changed":false,"ngg_post_thumbnail":0,"footnotes":""},"class_list":["post-4134","page","type-page","status-publish","hentry"],"acf":[],"yoast_head":"<!-- This site is optimized with the Yoast SEO plugin v24.3 - https:\/\/yoast.com\/wordpress\/plugins\/seo\/ -->\n<title>LA NORMANDY CHANNEL RACE\u00a02023 - IBSA Sailing<\/title>\n<meta name=\"robots\" content=\"index, follow, max-snippet:-1, max-image-preview:large, max-video-preview:-1\" \/>\n<link rel=\"canonical\" href=\"https:\/\/www.ibsasailing.com\/fr\/la-normandy-channel-race-2023\/\" \/>\n<meta property=\"og:locale\" content=\"fr_FR\" \/>\n<meta property=\"og:type\" content=\"article\" \/>\n<meta property=\"og:title\" content=\"LA NORMANDY CHANNEL RACE\u00a02023 - IBSA Sailing\" \/>\n<meta property=\"og:description\" content=\"Une magnifique course oc\u00e9anique avec d\u00e9part et retour \u00e0 Caen, longeant la Normandie et l\u2019Irlande. Un parcours de 1&nbsp;000&nbsp;milles sur la c\u00f4te sud-ouest de l\u2019Angleterre, traversant la Manche et la mer Celtique, passant par des \u00eeles, des caps et des phares, y compris le phare du Fastnet sur le l\u00e9gendaire rocher \u00e9ponyme&nbsp;: la troisi\u00e8me \u00e9preuve [&hellip;]\" \/>\n<meta property=\"og:url\" content=\"https:\/\/www.ibsasailing.com\/fr\/la-normandy-channel-race-2023\/\" \/>\n<meta property=\"og:site_name\" content=\"IBSA Sailing\" \/>\n<meta property=\"article:publisher\" content=\"https:\/\/www.facebook.com\/ibsapharma\/\" \/>\n<meta property=\"article:modified_time\" content=\"2023-07-25T10:30:53+00:00\" \/>\n<meta property=\"og:image\" content=\"https:\/\/www.ibsasailing.com\/wp-content\/uploads\/2023\/06\/normandy-channel-race.jpeg\" \/>\n\t<meta property=\"og:image:width\" content=\"1500\" \/>\n\t<meta property=\"og:image:height\" content=\"1000\" \/>\n\t<meta property=\"og:image:type\" content=\"image\/jpeg\" \/>\n<meta name=\"twitter:card\" content=\"summary_large_image\" \/>\n<meta name=\"twitter:label1\" content=\"Dur\u00e9e de lecture estim\u00e9e\" \/>\n\t<meta name=\"twitter:data1\" content=\"2 minutes\" \/>\n<script type=\"application\/ld+json\" class=\"yoast-schema-graph\">{\"@context\":\"https:\/\/schema.org\",\"@graph\":[{\"@type\":\"WebPage\",\"@id\":\"https:\/\/www.ibsasailing.com\/fr\/la-normandy-channel-race-2023\/\",\"url\":\"https:\/\/www.ibsasailing.com\/fr\/la-normandy-channel-race-2023\/\",\"name\":\"LA NORMANDY CHANNEL RACE\u00a02023 - IBSA Sailing\",\"isPartOf\":{\"@id\":\"https:\/\/www.ibsasailing.com\/#website\"},\"datePublished\":\"2023-05-04T10:05:48+00:00\",\"dateModified\":\"2023-07-25T10:30:53+00:00\",\"breadcrumb\":{\"@id\":\"https:\/\/www.ibsasailing.com\/fr\/la-normandy-channel-race-2023\/#breadcrumb\"},\"inLanguage\":\"fr-FR\",\"potentialAction\":[{\"@type\":\"ReadAction\",\"target\":[\"https:\/\/www.ibsasailing.com\/fr\/la-normandy-channel-race-2023\/\"]}]},{\"@type\":\"BreadcrumbList\",\"@id\":\"https:\/\/www.ibsasailing.com\/fr\/la-normandy-channel-race-2023\/#breadcrumb\",\"itemListElement\":[{\"@type\":\"ListItem\",\"position\":1,\"name\":\"Home\",\"item\":\"https:\/\/www.ibsasailing.com\/fr\/\"},{\"@type\":\"ListItem\",\"position\":2,\"name\":\"LA NORMANDY CHANNEL RACE\u00a02023\"}]},{\"@type\":\"WebSite\",\"@id\":\"https:\/\/www.ibsasailing.com\/#website\",\"url\":\"https:\/\/www.ibsasailing.com\/\",\"name\":\"IBSA Sailing\",\"description\":\"Sailing into the Future. Together\",\"publisher\":{\"@id\":\"https:\/\/www.ibsasailing.com\/#organization\"},\"potentialAction\":[{\"@type\":\"SearchAction\",\"target\":{\"@type\":\"EntryPoint\",\"urlTemplate\":\"https:\/\/www.ibsasailing.com\/?s={search_term_string}\"},\"query-input\":{\"@type\":\"PropertyValueSpecification\",\"valueRequired\":true,\"valueName\":\"search_term_string\"}}],\"inLanguage\":\"fr-FR\"},{\"@type\":\"Organization\",\"@id\":\"https:\/\/www.ibsasailing.com\/#organization\",\"name\":\"IBSA Sailing\",\"url\":\"https:\/\/www.ibsasailing.com\/\",\"logo\":{\"@type\":\"ImageObject\",\"inLanguage\":\"fr-FR\",\"@id\":\"https:\/\/www.ibsasailing.com\/#\/schema\/logo\/image\/\",\"url\":\"https:\/\/www.ibsasailing.com\/wp-content\/uploads\/2022\/11\/IBSA_RdR_StartDay40-1-scaled.jpg\",\"contentUrl\":\"https:\/\/www.ibsasailing.com\/wp-content\/uploads\/2022\/11\/IBSA_RdR_StartDay40-1-scaled.jpg\",\"width\":2560,\"height\":1523,\"caption\":\"IBSA Sailing\"},\"image\":{\"@id\":\"https:\/\/www.ibsasailing.com\/#\/schema\/logo\/image\/\"},\"sameAs\":[\"https:\/\/www.facebook.com\/ibsapharma\/\"]}]}<\/script>\n<!-- \/ Yoast SEO plugin. -->","yoast_head_json":{"title":"LA NORMANDY CHANNEL RACE\u00a02023 - IBSA Sailing","robots":{"index":"index","follow":"follow","max-snippet":"max-snippet:-1","max-image-preview":"max-image-preview:large","max-video-preview":"max-video-preview:-1"},"canonical":"https:\/\/www.ibsasailing.com\/fr\/la-normandy-channel-race-2023\/","og_locale":"fr_FR","og_type":"article","og_title":"LA NORMANDY CHANNEL RACE\u00a02023 - IBSA Sailing","og_description":"Une magnifique course oc\u00e9anique avec d\u00e9part et retour \u00e0 Caen, longeant la Normandie et l\u2019Irlande. Un parcours de 1&nbsp;000&nbsp;milles sur la c\u00f4te sud-ouest de l\u2019Angleterre, traversant la Manche et la mer Celtique, passant par des \u00eeles, des caps et des phares, y compris le phare du Fastnet sur le l\u00e9gendaire rocher \u00e9ponyme&nbsp;: la troisi\u00e8me \u00e9preuve [&hellip;]","og_url":"https:\/\/www.ibsasailing.com\/fr\/la-normandy-channel-race-2023\/","og_site_name":"IBSA Sailing","article_publisher":"https:\/\/www.facebook.com\/ibsapharma\/","article_modified_time":"2023-07-25T10:30:53+00:00","og_image":[{"width":1500,"height":1000,"url":"https:\/\/www.ibsasailing.com\/wp-content\/uploads\/2023\/06\/normandy-channel-race.jpeg","type":"image\/jpeg"}],"twitter_card":"summary_large_image","twitter_misc":{"Dur\u00e9e de lecture estim\u00e9e":"2 minutes"},"schema":{"@context":"https:\/\/schema.org","@graph":[{"@type":"WebPage","@id":"https:\/\/www.ibsasailing.com\/fr\/la-normandy-channel-race-2023\/","url":"https:\/\/www.ibsasailing.com\/fr\/la-normandy-channel-race-2023\/","name":"LA NORMANDY CHANNEL RACE\u00a02023 - IBSA Sailing","isPartOf":{"@id":"https:\/\/www.ibsasailing.com\/#website"},"datePublished":"2023-05-04T10:05:48+00:00","dateModified":"2023-07-25T10:30:53+00:00","breadcrumb":{"@id":"https:\/\/www.ibsasailing.com\/fr\/la-normandy-channel-race-2023\/#breadcrumb"},"inLanguage":"fr-FR","potentialAction":[{"@type":"ReadAction","target":["https:\/\/www.ibsasailing.com\/fr\/la-normandy-channel-race-2023\/"]}]},{"@type":"BreadcrumbList","@id":"https:\/\/www.ibsasailing.com\/fr\/la-normandy-channel-race-2023\/#breadcrumb","itemListElement":[{"@type":"ListItem","position":1,"name":"Home","item":"https:\/\/www.ibsasailing.com\/fr\/"},{"@type":"ListItem","position":2,"name":"LA NORMANDY CHANNEL RACE\u00a02023"}]},{"@type":"WebSite","@id":"https:\/\/www.ibsasailing.com\/#website","url":"https:\/\/www.ibsasailing.com\/","name":"IBSA Sailing","description":"Sailing into the Future. Together","publisher":{"@id":"https:\/\/www.ibsasailing.com\/#organization"},"potentialAction":[{"@type":"SearchAction","target":{"@type":"EntryPoint","urlTemplate":"https:\/\/www.ibsasailing.com\/?s={search_term_string}"},"query-input":{"@type":"PropertyValueSpecification","valueRequired":true,"valueName":"search_term_string"}}],"inLanguage":"fr-FR"},{"@type":"Organization","@id":"https:\/\/www.ibsasailing.com\/#organization","name":"IBSA Sailing","url":"https:\/\/www.ibsasailing.com\/","logo":{"@type":"ImageObject","inLanguage":"fr-FR","@id":"https:\/\/www.ibsasailing.com\/#\/schema\/logo\/image\/","url":"https:\/\/www.ibsasailing.com\/wp-content\/uploads\/2022\/11\/IBSA_RdR_StartDay40-1-scaled.jpg","contentUrl":"https:\/\/www.ibsasailing.com\/wp-content\/uploads\/2022\/11\/IBSA_RdR_StartDay40-1-scaled.jpg","width":2560,"height":1523,"caption":"IBSA Sailing"},"image":{"@id":"https:\/\/www.ibsasailing.com\/#\/schema\/logo\/image\/"},"sameAs":["https:\/\/www.facebook.com\/ibsapharma\/"]}]}},"_links":{"self":[{"href":"https:\/\/www.ibsasailing.com\/fr\/wp-json\/wp\/v2\/pages\/4134","targetHints":{"allow":["GET"]}}],"collection":[{"href":"https:\/\/www.ibsasailing.com\/fr\/wp-json\/wp\/v2\/pages"}],"about":[{"href":"https:\/\/www.ibsasailing.com\/fr\/wp-json\/wp\/v2\/types\/page"}],"author":[{"embeddable":true,"href":"https:\/\/www.ibsasailing.com\/fr\/wp-json\/wp\/v2\/users\/4"}],"replies":[{"embeddable":true,"href":"https:\/\/www.ibsasailing.com\/fr\/wp-json\/wp\/v2\/comments?post=4134"}],"version-history":[{"count":0,"href":"https:\/\/www.ibsasailing.com\/fr\/wp-json\/wp\/v2\/pages\/4134\/revisions"}],"wp:attachment":[{"href":"https:\/\/www.ibsasailing.com\/fr\/wp-json\/wp\/v2\/media?parent=4134"}],"curies":[{"name":"wp","href":"https:\/\/api.w.org\/{rel}","templated":true}]}}