{"id":4387,"date":"2023-06-15T09:39:13","date_gmt":"2023-06-15T07:39:13","guid":{"rendered":"https:\/\/www.ibsasailing.com\/?page_id=4387"},"modified":"2023-07-25T10:43:53","modified_gmt":"2023-07-25T08:43:53","slug":"andrea-caracci","status":"publish","type":"page","link":"https:\/\/www.ibsasailing.com\/fr\/andrea-caracci\/","title":{"rendered":"Andrea Caracci"},"content":{"rendered":"\n<p>N\u00e9 en 1967, Andrea Caracci est ing\u00e9nieur a\u00e9ronautique et poss\u00e8de 42 ans d\u2019exp\u00e9rience dans le domaine de la voile et de la navigation, \u00e0 la fois c\u00f4ti\u00e8re et hauturi\u00e8re.<\/p>\n\n\n\n<p>Caracci peut remplir tous les r\u00f4les \u00e0 bord, de la proue \u00e0 la barre. En tant qu\u2019\u00e9quipier, il a particip\u00e9 \u00e0 des courses oc\u00e9aniques prestigieuses telles que la Sydney Hobart, la Rolex Fastnet Race, la Newport Bermuda, la Middle Sea Race, la RORC Caribbean 600, la RORC Transatlantic et bien d\u2019autres, \u00e0 bord de tous types de voiliers.<\/p>\n\n\n\n<p>En tant que navigateur en solitaire, il a particip\u00e9 quatre fois \u00e0 la Minitransat, accumulant plus de 30&nbsp;000 milles de navigation en solitaire, dont 20&nbsp;000 dans l\u2019oc\u00e9an Atlantique.<\/p>\n","protected":false},"excerpt":{"rendered":"<p>N\u00e9 en 1967, Andrea Caracci est ing\u00e9nieur a\u00e9ronautique et poss\u00e8de 42 ans d\u2019exp\u00e9rience dans le domaine de la voile et de la navigation, \u00e0 la fois c\u00f4ti\u00e8re et hauturi\u00e8re. Caracci peut remplir tous les r\u00f4les \u00e0 bord, de la proue \u00e0 la barre. En tant qu\u2019\u00e9quipier, il a particip\u00e9 \u00e0 des courses oc\u00e9aniques prestigieuses telles [&hellip;]<\/p>\n","protected":false},"author":4,"featured_media":0,"parent":0,"menu_order":0,"comment_status":"closed","ping_status":"closed","template":"caracci.php","meta":{"_acf_changed":false,"ngg_post_thumbnail":0,"footnotes":""},"class_list":["post-4387","page","type-page","status-publish","hentry"],"acf":[],"yoast_head":"<!-- This site is optimized with the Yoast SEO plugin v24.3 - https:\/\/yoast.com\/wordpress\/plugins\/seo\/ -->\n<title>Andrea Caracci - IBSA Sailing<\/title>\n<meta name=\"robots\" content=\"index, follow, max-snippet:-1, max-image-preview:large, max-video-preview:-1\" \/>\n<link rel=\"canonical\" href=\"https:\/\/www.ibsasailing.com\/fr\/andrea-caracci\/\" \/>\n<meta property=\"og:locale\" content=\"fr_FR\" \/>\n<meta property=\"og:type\" content=\"article\" \/>\n<meta property=\"og:title\" content=\"Andrea Caracci - IBSA Sailing\" \/>\n<meta property=\"og:description\" content=\"N\u00e9 en 1967, Andrea Caracci est ing\u00e9nieur a\u00e9ronautique et poss\u00e8de 42 ans d\u2019exp\u00e9rience dans le domaine de la voile et de la navigation, \u00e0 la fois c\u00f4ti\u00e8re et hauturi\u00e8re. Caracci peut remplir tous les r\u00f4les \u00e0 bord, de la proue \u00e0 la barre. En tant qu\u2019\u00e9quipier, il a particip\u00e9 \u00e0 des courses oc\u00e9aniques prestigieuses telles [&hellip;]\" \/>\n<meta property=\"og:url\" content=\"https:\/\/www.ibsasailing.com\/fr\/andrea-caracci\/\" \/>\n<meta property=\"og:site_name\" content=\"IBSA Sailing\" \/>\n<meta property=\"article:publisher\" content=\"https:\/\/www.facebook.com\/ibsapharma\/\" \/>\n<meta property=\"article:modified_time\" content=\"2023-07-25T08:43:53+00:00\" \/>\n<meta property=\"og:image\" content=\"https:\/\/www.ibsasailing.com\/wp-content\/uploads\/2023\/07\/Caracci-in-Mini.jpg\" \/>\n\t<meta property=\"og:image:width\" content=\"620\" \/>\n\t<meta property=\"og:image:height\" content=\"549\" \/>\n\t<meta property=\"og:image:type\" content=\"image\/jpeg\" \/>\n<meta name=\"twitter:card\" content=\"summary_large_image\" \/>\n<meta name=\"twitter:label1\" content=\"Dur\u00e9e de lecture estim\u00e9e\" \/>\n\t<meta name=\"twitter:data1\" content=\"1 minute\" \/>\n<script type=\"application\/ld+json\" class=\"yoast-schema-graph\">{\"@context\":\"https:\/\/schema.org\",\"@graph\":[{\"@type\":\"WebPage\",\"@id\":\"https:\/\/www.ibsasailing.com\/fr\/andrea-caracci\/\",\"url\":\"https:\/\/www.ibsasailing.com\/fr\/andrea-caracci\/\",\"name\":\"Andrea Caracci - IBSA Sailing\",\"isPartOf\":{\"@id\":\"https:\/\/www.ibsasailing.com\/#website\"},\"datePublished\":\"2023-06-15T07:39:13+00:00\",\"dateModified\":\"2023-07-25T08:43:53+00:00\",\"breadcrumb\":{\"@id\":\"https:\/\/www.ibsasailing.com\/fr\/andrea-caracci\/#breadcrumb\"},\"inLanguage\":\"fr-FR\",\"potentialAction\":[{\"@type\":\"ReadAction\",\"target\":[\"https:\/\/www.ibsasailing.com\/fr\/andrea-caracci\/\"]}]},{\"@type\":\"BreadcrumbList\",\"@id\":\"https:\/\/www.ibsasailing.com\/fr\/andrea-caracci\/#breadcrumb\",\"itemListElement\":[{\"@type\":\"ListItem\",\"position\":1,\"name\":\"Home\",\"item\":\"https:\/\/www.ibsasailing.com\/fr\/\"},{\"@type\":\"ListItem\",\"position\":2,\"name\":\"Andrea Caracci\"}]},{\"@type\":\"WebSite\",\"@id\":\"https:\/\/www.ibsasailing.com\/#website\",\"url\":\"https:\/\/www.ibsasailing.com\/\",\"name\":\"IBSA Sailing\",\"description\":\"Sailing into the Future. Together\",\"publisher\":{\"@id\":\"https:\/\/www.ibsasailing.com\/#organization\"},\"potentialAction\":[{\"@type\":\"SearchAction\",\"target\":{\"@type\":\"EntryPoint\",\"urlTemplate\":\"https:\/\/www.ibsasailing.com\/?s={search_term_string}\"},\"query-input\":{\"@type\":\"PropertyValueSpecification\",\"valueRequired\":true,\"valueName\":\"search_term_string\"}}],\"inLanguage\":\"fr-FR\"},{\"@type\":\"Organization\",\"@id\":\"https:\/\/www.ibsasailing.com\/#organization\",\"name\":\"IBSA Sailing\",\"url\":\"https:\/\/www.ibsasailing.com\/\",\"logo\":{\"@type\":\"ImageObject\",\"inLanguage\":\"fr-FR\",\"@id\":\"https:\/\/www.ibsasailing.com\/#\/schema\/logo\/image\/\",\"url\":\"https:\/\/www.ibsasailing.com\/wp-content\/uploads\/2022\/11\/IBSA_RdR_StartDay40-1-scaled.jpg\",\"contentUrl\":\"https:\/\/www.ibsasailing.com\/wp-content\/uploads\/2022\/11\/IBSA_RdR_StartDay40-1-scaled.jpg\",\"width\":2560,\"height\":1523,\"caption\":\"IBSA Sailing\"},\"image\":{\"@id\":\"https:\/\/www.ibsasailing.com\/#\/schema\/logo\/image\/\"},\"sameAs\":[\"https:\/\/www.facebook.com\/ibsapharma\/\"]}]}<\/script>\n<!-- \/ Yoast SEO plugin. -->","yoast_head_json":{"title":"Andrea Caracci - IBSA Sailing","robots":{"index":"index","follow":"follow","max-snippet":"max-snippet:-1","max-image-preview":"max-image-preview:large","max-video-preview":"max-video-preview:-1"},"canonical":"https:\/\/www.ibsasailing.com\/fr\/andrea-caracci\/","og_locale":"fr_FR","og_type":"article","og_title":"Andrea Caracci - IBSA Sailing","og_description":"N\u00e9 en 1967, Andrea Caracci est ing\u00e9nieur a\u00e9ronautique et poss\u00e8de 42 ans d\u2019exp\u00e9rience dans le domaine de la voile et de la navigation, \u00e0 la fois c\u00f4ti\u00e8re et hauturi\u00e8re. Caracci peut remplir tous les r\u00f4les \u00e0 bord, de la proue \u00e0 la barre. En tant qu\u2019\u00e9quipier, il a particip\u00e9 \u00e0 des courses oc\u00e9aniques prestigieuses telles [&hellip;]","og_url":"https:\/\/www.ibsasailing.com\/fr\/andrea-caracci\/","og_site_name":"IBSA Sailing","article_publisher":"https:\/\/www.facebook.com\/ibsapharma\/","article_modified_time":"2023-07-25T08:43:53+00:00","og_image":[{"width":620,"height":549,"url":"https:\/\/www.ibsasailing.com\/wp-content\/uploads\/2023\/07\/Caracci-in-Mini.jpg","type":"image\/jpeg"}],"twitter_card":"summary_large_image","twitter_misc":{"Dur\u00e9e de lecture estim\u00e9e":"1 minute"},"schema":{"@context":"https:\/\/schema.org","@graph":[{"@type":"WebPage","@id":"https:\/\/www.ibsasailing.com\/fr\/andrea-caracci\/","url":"https:\/\/www.ibsasailing.com\/fr\/andrea-caracci\/","name":"Andrea Caracci - IBSA Sailing","isPartOf":{"@id":"https:\/\/www.ibsasailing.com\/#website"},"datePublished":"2023-06-15T07:39:13+00:00","dateModified":"2023-07-25T08:43:53+00:00","breadcrumb":{"@id":"https:\/\/www.ibsasailing.com\/fr\/andrea-caracci\/#breadcrumb"},"inLanguage":"fr-FR","potentialAction":[{"@type":"ReadAction","target":["https:\/\/www.ibsasailing.com\/fr\/andrea-caracci\/"]}]},{"@type":"BreadcrumbList","@id":"https:\/\/www.ibsasailing.com\/fr\/andrea-caracci\/#breadcrumb","itemListElement":[{"@type":"ListItem","position":1,"name":"Home","item":"https:\/\/www.ibsasailing.com\/fr\/"},{"@type":"ListItem","position":2,"name":"Andrea Caracci"}]},{"@type":"WebSite","@id":"https:\/\/www.ibsasailing.com\/#website","url":"https:\/\/www.ibsasailing.com\/","name":"IBSA Sailing","description":"Sailing into the Future. Together","publisher":{"@id":"https:\/\/www.ibsasailing.com\/#organization"},"potentialAction":[{"@type":"SearchAction","target":{"@type":"EntryPoint","urlTemplate":"https:\/\/www.ibsasailing.com\/?s={search_term_string}"},"query-input":{"@type":"PropertyValueSpecification","valueRequired":true,"valueName":"search_term_string"}}],"inLanguage":"fr-FR"},{"@type":"Organization","@id":"https:\/\/www.ibsasailing.com\/#organization","name":"IBSA Sailing","url":"https:\/\/www.ibsasailing.com\/","logo":{"@type":"ImageObject","inLanguage":"fr-FR","@id":"https:\/\/www.ibsasailing.com\/#\/schema\/logo\/image\/","url":"https:\/\/www.ibsasailing.com\/wp-content\/uploads\/2022\/11\/IBSA_RdR_StartDay40-1-scaled.jpg","contentUrl":"https:\/\/www.ibsasailing.com\/wp-content\/uploads\/2022\/11\/IBSA_RdR_StartDay40-1-scaled.jpg","width":2560,"height":1523,"caption":"IBSA Sailing"},"image":{"@id":"https:\/\/www.ibsasailing.com\/#\/schema\/logo\/image\/"},"sameAs":["https:\/\/www.facebook.com\/ibsapharma\/"]}]}},"_links":{"self":[{"href":"https:\/\/www.ibsasailing.com\/fr\/wp-json\/wp\/v2\/pages\/4387","targetHints":{"allow":["GET"]}}],"collection":[{"href":"https:\/\/www.ibsasailing.com\/fr\/wp-json\/wp\/v2\/pages"}],"about":[{"href":"https:\/\/www.ibsasailing.com\/fr\/wp-json\/wp\/v2\/types\/page"}],"author":[{"embeddable":true,"href":"https:\/\/www.ibsasailing.com\/fr\/wp-json\/wp\/v2\/users\/4"}],"replies":[{"embeddable":true,"href":"https:\/\/www.ibsasailing.com\/fr\/wp-json\/wp\/v2\/comments?post=4387"}],"version-history":[{"count":0,"href":"https:\/\/www.ibsasailing.com\/fr\/wp-json\/wp\/v2\/pages\/4387\/revisions"}],"wp:attachment":[{"href":"https:\/\/www.ibsasailing.com\/fr\/wp-json\/wp\/v2\/media?parent=4387"}],"curies":[{"name":"wp","href":"https:\/\/api.w.org\/{rel}","templated":true}]}}