{"id":4399,"date":"2023-06-15T10:08:47","date_gmt":"2023-06-15T08:08:47","guid":{"rendered":"https:\/\/www.ibsasailing.com\/?page_id=4399"},"modified":"2023-07-21T14:46:04","modified_gmt":"2023-07-21T12:46:04","slug":"rolex-fastnet-race","status":"publish","type":"page","link":"https:\/\/www.ibsasailing.com\/fr\/rolex-fastnet-race\/","title":{"rendered":"Rolex Fastnet Race"},"content":{"rendered":"\n<p>La Rolex Fastnet Race est l\u2019une des courses au large les plus connues au monde. Invent\u00e9e par le navigateur britannique Weston Martyr en 1925, la Rolex Fastnet Race est organis\u00e9e tous les deux ans par le c\u00e9l\u00e8bre yacht club britannique Royal Ocean Racing Club (RORC), en collaboration avec le Royal Yacht Squadron de Cowes et c\u00e9l\u00e8bre en 2023 sa 50<sup>e<\/sup> \u00e9dition. Depuis les premi\u00e8res \u00e9ditions, cette course l\u00e9gendaire attire des marins d\u2019\u00e9lite et des passionn\u00e9s du monde entier. Avec sa richesse historique, son parcours \u00e0 couper le souffle et sa comp\u00e9tition intense, c\u2019est l\u2019un des \u00e9v\u00e9nements les plus embl\u00e9matiques et les plus prestigieux du calendrier de la voile.<\/p>\n\n\n\n<p>Nomm\u00e9e d\u2019apr\u00e8s le rocher du Fastnet, au large de la c\u00f4te sud de l\u2019Irlande, la course constitue un formidable d\u00e9fi qui s\u2019\u00e9tend sur 695 milles nautiques. Au d\u00e9part de Cowes, sur l\u2019\u00eele de Wight, la route suit la c\u00f4te sud de l\u2019Angleterre vers l\u2019ouest, le long de la Manche, traverse la mer Celtique jusqu\u2019\u00e0 l\u2019embl\u00e9matique Fastnet Rock, au large de la c\u00f4te sud-ouest de l\u2019Irlande, puis fait demi-tour, passe Bishop Rock au large des \u00eeles Scilly et se dirige vers la ligne d\u2019arriv\u00e9e \u00e0 Cherbourg, en France.<\/p>\n\n\n\n<p>Le record pour les monocoques est de 42 heures et 39 minutes, \u00e9tabli par le VO70 Abu Dhabi en 2011, tandis que pour les multicoques, il est actuellement de 28 heures, 02 minutes et 26 secondes par le Maxi Edmond de Rotschild. En 2021, le World Speed Sailing Record Council a d\u00e9cern\u00e9 \u00e0 Giovanni Soldini, \u00e0 bord de son Maserati70, le record du Fastnet avec un temps de 23 heures, 51&nbsp;minutes et 16 secondes.<\/p>\n\n\n\n<p>Pour la Rolex Fastnet Race, le Class40 <em>IBSA<\/em> compte sur un \u00e9quipage de quatre personnes&nbsp;: aux c\u00f4t\u00e9s d\u2019Alberto Bona et Luca Bertacchi, le navigateur offshore exp\u00e9riment\u00e9, Andrea Caracci, et Francesca Clapcich, qui compte deux participations aux Jeux Olympiques et deux courses autour du monde avec la prestigieuse Ocean Race.<\/p>\n","protected":false},"excerpt":{"rendered":"<p>La Rolex Fastnet Race est l\u2019une des courses au large les plus connues au monde. Invent\u00e9e par le navigateur britannique Weston Martyr en 1925, la Rolex Fastnet Race est organis\u00e9e tous les deux ans par le c\u00e9l\u00e8bre yacht club britannique Royal Ocean Racing Club (RORC), en collaboration avec le Royal Yacht Squadron de Cowes et [&hellip;]<\/p>\n","protected":false},"author":4,"featured_media":0,"parent":0,"menu_order":0,"comment_status":"closed","ping_status":"closed","template":"rolex.php","meta":{"_acf_changed":false,"ngg_post_thumbnail":0,"footnotes":""},"class_list":["post-4399","page","type-page","status-publish","hentry"],"acf":[],"yoast_head":"<!-- This site is optimized with the Yoast SEO plugin v24.3 - https:\/\/yoast.com\/wordpress\/plugins\/seo\/ -->\n<title>Rolex Fastnet Race - IBSA Sailing<\/title>\n<meta name=\"robots\" content=\"index, follow, max-snippet:-1, max-image-preview:large, max-video-preview:-1\" \/>\n<link rel=\"canonical\" href=\"https:\/\/www.ibsasailing.com\/fr\/rolex-fastnet-race\/\" \/>\n<meta property=\"og:locale\" content=\"fr_FR\" \/>\n<meta property=\"og:type\" content=\"article\" \/>\n<meta property=\"og:title\" content=\"Rolex Fastnet Race - IBSA Sailing\" \/>\n<meta property=\"og:description\" content=\"La Rolex Fastnet Race est l\u2019une des courses au large les plus connues au monde. Invent\u00e9e par le navigateur britannique Weston Martyr en 1925, la Rolex Fastnet Race est organis\u00e9e tous les deux ans par le c\u00e9l\u00e8bre yacht club britannique Royal Ocean Racing Club (RORC), en collaboration avec le Royal Yacht Squadron de Cowes et [&hellip;]\" \/>\n<meta property=\"og:url\" content=\"https:\/\/www.ibsasailing.com\/fr\/rolex-fastnet-race\/\" \/>\n<meta property=\"og:site_name\" content=\"IBSA Sailing\" \/>\n<meta property=\"article:publisher\" content=\"https:\/\/www.facebook.com\/ibsapharma\/\" \/>\n<meta property=\"article:modified_time\" content=\"2023-07-21T12:46:04+00:00\" \/>\n<meta property=\"og:image\" content=\"https:\/\/www.ibsasailing.com\/wp-content\/uploads\/2023\/07\/Fastnet-da-sito.jpg\" \/>\n\t<meta property=\"og:image:width\" content=\"1800\" \/>\n\t<meta property=\"og:image:height\" content=\"1144\" \/>\n\t<meta property=\"og:image:type\" content=\"image\/jpeg\" \/>\n<meta name=\"twitter:card\" content=\"summary_large_image\" \/>\n<meta name=\"twitter:label1\" content=\"Dur\u00e9e de lecture estim\u00e9e\" \/>\n\t<meta name=\"twitter:data1\" content=\"2 minutes\" \/>\n<script type=\"application\/ld+json\" class=\"yoast-schema-graph\">{\"@context\":\"https:\/\/schema.org\",\"@graph\":[{\"@type\":\"WebPage\",\"@id\":\"https:\/\/www.ibsasailing.com\/fr\/rolex-fastnet-race\/\",\"url\":\"https:\/\/www.ibsasailing.com\/fr\/rolex-fastnet-race\/\",\"name\":\"Rolex Fastnet Race - IBSA Sailing\",\"isPartOf\":{\"@id\":\"https:\/\/www.ibsasailing.com\/#website\"},\"datePublished\":\"2023-06-15T08:08:47+00:00\",\"dateModified\":\"2023-07-21T12:46:04+00:00\",\"breadcrumb\":{\"@id\":\"https:\/\/www.ibsasailing.com\/fr\/rolex-fastnet-race\/#breadcrumb\"},\"inLanguage\":\"fr-FR\",\"potentialAction\":[{\"@type\":\"ReadAction\",\"target\":[\"https:\/\/www.ibsasailing.com\/fr\/rolex-fastnet-race\/\"]}]},{\"@type\":\"BreadcrumbList\",\"@id\":\"https:\/\/www.ibsasailing.com\/fr\/rolex-fastnet-race\/#breadcrumb\",\"itemListElement\":[{\"@type\":\"ListItem\",\"position\":1,\"name\":\"Home\",\"item\":\"https:\/\/www.ibsasailing.com\/fr\/\"},{\"@type\":\"ListItem\",\"position\":2,\"name\":\"Rolex Fastnet Race\"}]},{\"@type\":\"WebSite\",\"@id\":\"https:\/\/www.ibsasailing.com\/#website\",\"url\":\"https:\/\/www.ibsasailing.com\/\",\"name\":\"IBSA Sailing\",\"description\":\"Sailing into the Future. Together\",\"publisher\":{\"@id\":\"https:\/\/www.ibsasailing.com\/#organization\"},\"potentialAction\":[{\"@type\":\"SearchAction\",\"target\":{\"@type\":\"EntryPoint\",\"urlTemplate\":\"https:\/\/www.ibsasailing.com\/?s={search_term_string}\"},\"query-input\":{\"@type\":\"PropertyValueSpecification\",\"valueRequired\":true,\"valueName\":\"search_term_string\"}}],\"inLanguage\":\"fr-FR\"},{\"@type\":\"Organization\",\"@id\":\"https:\/\/www.ibsasailing.com\/#organization\",\"name\":\"IBSA Sailing\",\"url\":\"https:\/\/www.ibsasailing.com\/\",\"logo\":{\"@type\":\"ImageObject\",\"inLanguage\":\"fr-FR\",\"@id\":\"https:\/\/www.ibsasailing.com\/#\/schema\/logo\/image\/\",\"url\":\"https:\/\/www.ibsasailing.com\/wp-content\/uploads\/2022\/11\/IBSA_RdR_StartDay40-1-scaled.jpg\",\"contentUrl\":\"https:\/\/www.ibsasailing.com\/wp-content\/uploads\/2022\/11\/IBSA_RdR_StartDay40-1-scaled.jpg\",\"width\":2560,\"height\":1523,\"caption\":\"IBSA Sailing\"},\"image\":{\"@id\":\"https:\/\/www.ibsasailing.com\/#\/schema\/logo\/image\/\"},\"sameAs\":[\"https:\/\/www.facebook.com\/ibsapharma\/\"]}]}<\/script>\n<!-- \/ Yoast SEO plugin. -->","yoast_head_json":{"title":"Rolex Fastnet Race - IBSA Sailing","robots":{"index":"index","follow":"follow","max-snippet":"max-snippet:-1","max-image-preview":"max-image-preview:large","max-video-preview":"max-video-preview:-1"},"canonical":"https:\/\/www.ibsasailing.com\/fr\/rolex-fastnet-race\/","og_locale":"fr_FR","og_type":"article","og_title":"Rolex Fastnet Race - IBSA Sailing","og_description":"La Rolex Fastnet Race est l\u2019une des courses au large les plus connues au monde. Invent\u00e9e par le navigateur britannique Weston Martyr en 1925, la Rolex Fastnet Race est organis\u00e9e tous les deux ans par le c\u00e9l\u00e8bre yacht club britannique Royal Ocean Racing Club (RORC), en collaboration avec le Royal Yacht Squadron de Cowes et [&hellip;]","og_url":"https:\/\/www.ibsasailing.com\/fr\/rolex-fastnet-race\/","og_site_name":"IBSA Sailing","article_publisher":"https:\/\/www.facebook.com\/ibsapharma\/","article_modified_time":"2023-07-21T12:46:04+00:00","og_image":[{"width":1800,"height":1144,"url":"https:\/\/www.ibsasailing.com\/wp-content\/uploads\/2023\/07\/Fastnet-da-sito.jpg","type":"image\/jpeg"}],"twitter_card":"summary_large_image","twitter_misc":{"Dur\u00e9e de lecture estim\u00e9e":"2 minutes"},"schema":{"@context":"https:\/\/schema.org","@graph":[{"@type":"WebPage","@id":"https:\/\/www.ibsasailing.com\/fr\/rolex-fastnet-race\/","url":"https:\/\/www.ibsasailing.com\/fr\/rolex-fastnet-race\/","name":"Rolex Fastnet Race - IBSA Sailing","isPartOf":{"@id":"https:\/\/www.ibsasailing.com\/#website"},"datePublished":"2023-06-15T08:08:47+00:00","dateModified":"2023-07-21T12:46:04+00:00","breadcrumb":{"@id":"https:\/\/www.ibsasailing.com\/fr\/rolex-fastnet-race\/#breadcrumb"},"inLanguage":"fr-FR","potentialAction":[{"@type":"ReadAction","target":["https:\/\/www.ibsasailing.com\/fr\/rolex-fastnet-race\/"]}]},{"@type":"BreadcrumbList","@id":"https:\/\/www.ibsasailing.com\/fr\/rolex-fastnet-race\/#breadcrumb","itemListElement":[{"@type":"ListItem","position":1,"name":"Home","item":"https:\/\/www.ibsasailing.com\/fr\/"},{"@type":"ListItem","position":2,"name":"Rolex Fastnet Race"}]},{"@type":"WebSite","@id":"https:\/\/www.ibsasailing.com\/#website","url":"https:\/\/www.ibsasailing.com\/","name":"IBSA Sailing","description":"Sailing into the Future. Together","publisher":{"@id":"https:\/\/www.ibsasailing.com\/#organization"},"potentialAction":[{"@type":"SearchAction","target":{"@type":"EntryPoint","urlTemplate":"https:\/\/www.ibsasailing.com\/?s={search_term_string}"},"query-input":{"@type":"PropertyValueSpecification","valueRequired":true,"valueName":"search_term_string"}}],"inLanguage":"fr-FR"},{"@type":"Organization","@id":"https:\/\/www.ibsasailing.com\/#organization","name":"IBSA Sailing","url":"https:\/\/www.ibsasailing.com\/","logo":{"@type":"ImageObject","inLanguage":"fr-FR","@id":"https:\/\/www.ibsasailing.com\/#\/schema\/logo\/image\/","url":"https:\/\/www.ibsasailing.com\/wp-content\/uploads\/2022\/11\/IBSA_RdR_StartDay40-1-scaled.jpg","contentUrl":"https:\/\/www.ibsasailing.com\/wp-content\/uploads\/2022\/11\/IBSA_RdR_StartDay40-1-scaled.jpg","width":2560,"height":1523,"caption":"IBSA Sailing"},"image":{"@id":"https:\/\/www.ibsasailing.com\/#\/schema\/logo\/image\/"},"sameAs":["https:\/\/www.facebook.com\/ibsapharma\/"]}]}},"_links":{"self":[{"href":"https:\/\/www.ibsasailing.com\/fr\/wp-json\/wp\/v2\/pages\/4399","targetHints":{"allow":["GET"]}}],"collection":[{"href":"https:\/\/www.ibsasailing.com\/fr\/wp-json\/wp\/v2\/pages"}],"about":[{"href":"https:\/\/www.ibsasailing.com\/fr\/wp-json\/wp\/v2\/types\/page"}],"author":[{"embeddable":true,"href":"https:\/\/www.ibsasailing.com\/fr\/wp-json\/wp\/v2\/users\/4"}],"replies":[{"embeddable":true,"href":"https:\/\/www.ibsasailing.com\/fr\/wp-json\/wp\/v2\/comments?post=4399"}],"version-history":[{"count":0,"href":"https:\/\/www.ibsasailing.com\/fr\/wp-json\/wp\/v2\/pages\/4399\/revisions"}],"wp:attachment":[{"href":"https:\/\/www.ibsasailing.com\/fr\/wp-json\/wp\/v2\/media?parent=4399"}],"curies":[{"name":"wp","href":"https:\/\/api.w.org\/{rel}","templated":true}]}}