{"id":4406,"date":"2023-06-15T10:17:26","date_gmt":"2023-06-15T08:17:26","guid":{"rendered":"https:\/\/www.ibsasailing.com\/?page_id=4406"},"modified":"2023-10-26T22:10:10","modified_gmt":"2023-10-26T20:10:10","slug":"transat-jacques-vabre","status":"publish","type":"page","link":"https:\/\/www.ibsasailing.com\/fr\/transat-jacques-vabre\/","title":{"rendered":"Transat Jacques Vabre"},"content":{"rendered":"\n<p>La&nbsp;Transat Jacques-Vabre, \u00e9galement appel\u00e9e&nbsp;La Route du caf\u00e9, est une&nbsp;courses&nbsp;transatlantique&nbsp;en double qui a lieu tous les deux ans depuis&nbsp;1993, organis\u00e9e par la municipalit\u00e9 du Havre et la r\u00e9gion Normandie.<\/p>\n\n\n\n<p>Avec un d\u00e9part du Havre en France, un passage par le Cap-Vert et une arriv\u00e9e sur l\u2019\u00eele de la Martinique dans les Cara\u00efbes, la Transat Jacques-Vabre, avec ses 4\u00a0600 milles de navigation programm\u00e9e, est la plus longue des transats et est consid\u00e9r\u00e9e comme l\u2019une des courses oc\u00e9aniques les plus exigeantes du calendrier de la voile. Le parcours, tr\u00e8s technique et adapt\u00e9 aux diff\u00e9rentes classes d\u2019embarcations participant \u00e0 la course oc\u00e9anique, conduira les skippers de Fort-de-France \u00e0 la Martinique en passant par les eaux du golfe de Gascogne, l\u2019\u00e9quateur et la zone du calme \u00e9quatorial\u00a0\u2013 appel\u00e9e \u00ab\u00a0Doldrum\u00a0\u00bb par les Britanniques et \u00ab\u00a0Pot au Noir\u00a0\u00bb par les Fran\u00e7ais\u00a0\u2013 une zone de basse pression situ\u00e9e juste au-dessus de l\u2019\u00e9quateur entre les aliz\u00e9s des deux h\u00e9misph\u00e8res et caract\u00e9ris\u00e9e par un vent variable en termes de direction et d\u2019intensit\u00e9.<\/p>\n\n\n\n<p>La Transat Jacques-Vabre, qui en est \u00e0 sa 16e \u00e9dition, f\u00eatera son 30e anniversaire en 2023 et compte plus de 100 bateaux inscrits dans les classes IMOCA, Ocean Fifty et Class40.<\/p>\n","protected":false},"excerpt":{"rendered":"<p>La&nbsp;Transat Jacques-Vabre, \u00e9galement appel\u00e9e&nbsp;La Route du caf\u00e9, est une&nbsp;courses&nbsp;transatlantique&nbsp;en double qui a lieu tous les deux ans depuis&nbsp;1993, organis\u00e9e par la municipalit\u00e9 du Havre et la r\u00e9gion Normandie. Avec un d\u00e9part du Havre en France, un passage par le Cap-Vert et une arriv\u00e9e sur l\u2019\u00eele de la Martinique dans les Cara\u00efbes, la Transat Jacques-Vabre, avec [&hellip;]<\/p>\n","protected":false},"author":4,"featured_media":0,"parent":0,"menu_order":0,"comment_status":"closed","ping_status":"closed","template":"vabre.php","meta":{"_acf_changed":false,"ngg_post_thumbnail":0,"footnotes":""},"class_list":["post-4406","page","type-page","status-publish","hentry"],"acf":[],"yoast_head":"<!-- This site is optimized with the Yoast SEO plugin v24.3 - https:\/\/yoast.com\/wordpress\/plugins\/seo\/ -->\n<title>Transat Jacques Vabre - IBSA Sailing<\/title>\n<meta name=\"robots\" content=\"index, follow, max-snippet:-1, max-image-preview:large, max-video-preview:-1\" \/>\n<link rel=\"canonical\" href=\"https:\/\/www.ibsasailing.com\/fr\/transat-jacques-vabre\/\" \/>\n<meta property=\"og:locale\" content=\"fr_FR\" \/>\n<meta property=\"og:type\" content=\"article\" \/>\n<meta property=\"og:title\" content=\"Transat Jacques Vabre - IBSA Sailing\" \/>\n<meta property=\"og:description\" content=\"La&nbsp;Transat Jacques-Vabre, \u00e9galement appel\u00e9e&nbsp;La Route du caf\u00e9, est une&nbsp;courses&nbsp;transatlantique&nbsp;en double qui a lieu tous les deux ans depuis&nbsp;1993, organis\u00e9e par la municipalit\u00e9 du Havre et la r\u00e9gion Normandie. Avec un d\u00e9part du Havre en France, un passage par le Cap-Vert et une arriv\u00e9e sur l\u2019\u00eele de la Martinique dans les Cara\u00efbes, la Transat Jacques-Vabre, avec [&hellip;]\" \/>\n<meta property=\"og:url\" content=\"https:\/\/www.ibsasailing.com\/fr\/transat-jacques-vabre\/\" \/>\n<meta property=\"og:site_name\" content=\"IBSA Sailing\" \/>\n<meta property=\"article:publisher\" content=\"https:\/\/www.facebook.com\/ibsapharma\/\" \/>\n<meta property=\"article:modified_time\" content=\"2023-10-26T20:10:10+00:00\" \/>\n<meta property=\"og:image\" content=\"https:\/\/www.ibsasailing.com\/wp-content\/uploads\/2023\/07\/Jacques-Vabre.jpg\" \/>\n\t<meta property=\"og:image:width\" content=\"1180\" \/>\n\t<meta property=\"og:image:height\" content=\"664\" \/>\n\t<meta property=\"og:image:type\" content=\"image\/jpeg\" \/>\n<meta name=\"twitter:card\" content=\"summary_large_image\" \/>\n<meta name=\"twitter:label1\" content=\"Dur\u00e9e de lecture estim\u00e9e\" \/>\n\t<meta name=\"twitter:data1\" content=\"2 minutes\" \/>\n<script type=\"application\/ld+json\" class=\"yoast-schema-graph\">{\"@context\":\"https:\/\/schema.org\",\"@graph\":[{\"@type\":\"WebPage\",\"@id\":\"https:\/\/www.ibsasailing.com\/fr\/transat-jacques-vabre\/\",\"url\":\"https:\/\/www.ibsasailing.com\/fr\/transat-jacques-vabre\/\",\"name\":\"Transat Jacques Vabre - IBSA Sailing\",\"isPartOf\":{\"@id\":\"https:\/\/www.ibsasailing.com\/#website\"},\"datePublished\":\"2023-06-15T08:17:26+00:00\",\"dateModified\":\"2023-10-26T20:10:10+00:00\",\"breadcrumb\":{\"@id\":\"https:\/\/www.ibsasailing.com\/fr\/transat-jacques-vabre\/#breadcrumb\"},\"inLanguage\":\"fr-FR\",\"potentialAction\":[{\"@type\":\"ReadAction\",\"target\":[\"https:\/\/www.ibsasailing.com\/fr\/transat-jacques-vabre\/\"]}]},{\"@type\":\"BreadcrumbList\",\"@id\":\"https:\/\/www.ibsasailing.com\/fr\/transat-jacques-vabre\/#breadcrumb\",\"itemListElement\":[{\"@type\":\"ListItem\",\"position\":1,\"name\":\"Home\",\"item\":\"https:\/\/www.ibsasailing.com\/fr\/\"},{\"@type\":\"ListItem\",\"position\":2,\"name\":\"Transat Jacques Vabre\"}]},{\"@type\":\"WebSite\",\"@id\":\"https:\/\/www.ibsasailing.com\/#website\",\"url\":\"https:\/\/www.ibsasailing.com\/\",\"name\":\"IBSA Sailing\",\"description\":\"Sailing into the Future. Together\",\"publisher\":{\"@id\":\"https:\/\/www.ibsasailing.com\/#organization\"},\"potentialAction\":[{\"@type\":\"SearchAction\",\"target\":{\"@type\":\"EntryPoint\",\"urlTemplate\":\"https:\/\/www.ibsasailing.com\/?s={search_term_string}\"},\"query-input\":{\"@type\":\"PropertyValueSpecification\",\"valueRequired\":true,\"valueName\":\"search_term_string\"}}],\"inLanguage\":\"fr-FR\"},{\"@type\":\"Organization\",\"@id\":\"https:\/\/www.ibsasailing.com\/#organization\",\"name\":\"IBSA Sailing\",\"url\":\"https:\/\/www.ibsasailing.com\/\",\"logo\":{\"@type\":\"ImageObject\",\"inLanguage\":\"fr-FR\",\"@id\":\"https:\/\/www.ibsasailing.com\/#\/schema\/logo\/image\/\",\"url\":\"https:\/\/www.ibsasailing.com\/wp-content\/uploads\/2022\/11\/IBSA_RdR_StartDay40-1-scaled.jpg\",\"contentUrl\":\"https:\/\/www.ibsasailing.com\/wp-content\/uploads\/2022\/11\/IBSA_RdR_StartDay40-1-scaled.jpg\",\"width\":2560,\"height\":1523,\"caption\":\"IBSA Sailing\"},\"image\":{\"@id\":\"https:\/\/www.ibsasailing.com\/#\/schema\/logo\/image\/\"},\"sameAs\":[\"https:\/\/www.facebook.com\/ibsapharma\/\"]}]}<\/script>\n<!-- \/ Yoast SEO plugin. -->","yoast_head_json":{"title":"Transat Jacques Vabre - IBSA Sailing","robots":{"index":"index","follow":"follow","max-snippet":"max-snippet:-1","max-image-preview":"max-image-preview:large","max-video-preview":"max-video-preview:-1"},"canonical":"https:\/\/www.ibsasailing.com\/fr\/transat-jacques-vabre\/","og_locale":"fr_FR","og_type":"article","og_title":"Transat Jacques Vabre - IBSA Sailing","og_description":"La&nbsp;Transat Jacques-Vabre, \u00e9galement appel\u00e9e&nbsp;La Route du caf\u00e9, est une&nbsp;courses&nbsp;transatlantique&nbsp;en double qui a lieu tous les deux ans depuis&nbsp;1993, organis\u00e9e par la municipalit\u00e9 du Havre et la r\u00e9gion Normandie. Avec un d\u00e9part du Havre en France, un passage par le Cap-Vert et une arriv\u00e9e sur l\u2019\u00eele de la Martinique dans les Cara\u00efbes, la Transat Jacques-Vabre, avec [&hellip;]","og_url":"https:\/\/www.ibsasailing.com\/fr\/transat-jacques-vabre\/","og_site_name":"IBSA Sailing","article_publisher":"https:\/\/www.facebook.com\/ibsapharma\/","article_modified_time":"2023-10-26T20:10:10+00:00","og_image":[{"width":1180,"height":664,"url":"https:\/\/www.ibsasailing.com\/wp-content\/uploads\/2023\/07\/Jacques-Vabre.jpg","type":"image\/jpeg"}],"twitter_card":"summary_large_image","twitter_misc":{"Dur\u00e9e de lecture estim\u00e9e":"2 minutes"},"schema":{"@context":"https:\/\/schema.org","@graph":[{"@type":"WebPage","@id":"https:\/\/www.ibsasailing.com\/fr\/transat-jacques-vabre\/","url":"https:\/\/www.ibsasailing.com\/fr\/transat-jacques-vabre\/","name":"Transat Jacques Vabre - IBSA Sailing","isPartOf":{"@id":"https:\/\/www.ibsasailing.com\/#website"},"datePublished":"2023-06-15T08:17:26+00:00","dateModified":"2023-10-26T20:10:10+00:00","breadcrumb":{"@id":"https:\/\/www.ibsasailing.com\/fr\/transat-jacques-vabre\/#breadcrumb"},"inLanguage":"fr-FR","potentialAction":[{"@type":"ReadAction","target":["https:\/\/www.ibsasailing.com\/fr\/transat-jacques-vabre\/"]}]},{"@type":"BreadcrumbList","@id":"https:\/\/www.ibsasailing.com\/fr\/transat-jacques-vabre\/#breadcrumb","itemListElement":[{"@type":"ListItem","position":1,"name":"Home","item":"https:\/\/www.ibsasailing.com\/fr\/"},{"@type":"ListItem","position":2,"name":"Transat Jacques Vabre"}]},{"@type":"WebSite","@id":"https:\/\/www.ibsasailing.com\/#website","url":"https:\/\/www.ibsasailing.com\/","name":"IBSA Sailing","description":"Sailing into the Future. Together","publisher":{"@id":"https:\/\/www.ibsasailing.com\/#organization"},"potentialAction":[{"@type":"SearchAction","target":{"@type":"EntryPoint","urlTemplate":"https:\/\/www.ibsasailing.com\/?s={search_term_string}"},"query-input":{"@type":"PropertyValueSpecification","valueRequired":true,"valueName":"search_term_string"}}],"inLanguage":"fr-FR"},{"@type":"Organization","@id":"https:\/\/www.ibsasailing.com\/#organization","name":"IBSA Sailing","url":"https:\/\/www.ibsasailing.com\/","logo":{"@type":"ImageObject","inLanguage":"fr-FR","@id":"https:\/\/www.ibsasailing.com\/#\/schema\/logo\/image\/","url":"https:\/\/www.ibsasailing.com\/wp-content\/uploads\/2022\/11\/IBSA_RdR_StartDay40-1-scaled.jpg","contentUrl":"https:\/\/www.ibsasailing.com\/wp-content\/uploads\/2022\/11\/IBSA_RdR_StartDay40-1-scaled.jpg","width":2560,"height":1523,"caption":"IBSA Sailing"},"image":{"@id":"https:\/\/www.ibsasailing.com\/#\/schema\/logo\/image\/"},"sameAs":["https:\/\/www.facebook.com\/ibsapharma\/"]}]}},"_links":{"self":[{"href":"https:\/\/www.ibsasailing.com\/fr\/wp-json\/wp\/v2\/pages\/4406","targetHints":{"allow":["GET"]}}],"collection":[{"href":"https:\/\/www.ibsasailing.com\/fr\/wp-json\/wp\/v2\/pages"}],"about":[{"href":"https:\/\/www.ibsasailing.com\/fr\/wp-json\/wp\/v2\/types\/page"}],"author":[{"embeddable":true,"href":"https:\/\/www.ibsasailing.com\/fr\/wp-json\/wp\/v2\/users\/4"}],"replies":[{"embeddable":true,"href":"https:\/\/www.ibsasailing.com\/fr\/wp-json\/wp\/v2\/comments?post=4406"}],"version-history":[{"count":0,"href":"https:\/\/www.ibsasailing.com\/fr\/wp-json\/wp\/v2\/pages\/4406\/revisions"}],"wp:attachment":[{"href":"https:\/\/www.ibsasailing.com\/fr\/wp-json\/wp\/v2\/media?parent=4406"}],"curies":[{"name":"wp","href":"https:\/\/api.w.org\/{rel}","templated":true}]}}