{"id":551,"date":"2022-03-31T17:19:03","date_gmt":"2022-03-31T15:19:03","guid":{"rendered":"https:\/\/www.ibsasailing.com\/?page_id=551"},"modified":"2024-04-04T14:43:11","modified_gmt":"2024-04-04T12:43:11","slug":"sponsor","status":"publish","type":"page","link":"https:\/\/www.ibsasailing.com\/fr\/sponsor\/","title":{"rendered":"Sponsor"},"content":{"rendered":"\n<p><img loading=\"lazy\" decoding=\"async\" width=\"150\" height=\"22\" class=\"wp-image-556\" style=\"width: 150px;\" src=\"https:\/\/www.ibsasailing.com\/wp-content\/uploads\/2022\/04\/garmin.png\" alt=\"\"><br><br>Garmin est le premier fabricant mondial d&rsquo;\u00e9lectronique marine et propose l&rsquo;une des gammes de produits les plus sophistiqu\u00e9es du secteur, notamment des traceurs de cartes, des \u00e9crans tactiles multifonctions, des capteurs de vent, des montres, des sondeurs, des radars haute d\u00e9finition, des pilotes automatiques et d&rsquo;autres appareils et services qui se distinguent par leur innovation, leur fiabilit\u00e9 et leur facilit\u00e9 d&rsquo;utilisation.&nbsp;<\/p>\n\n\n\n<p>La division Marine de Garmin comprend d&rsquo;autres marques telles que FUSION, pour le divertissement embarqu\u00e9, EmpirBus, pour la domotique et le contr\u00f4le, et Navionics, un fabricant et fournisseur de premier plan de cartographie nautique.&nbsp;<\/p>\n\n\n\n<p>Depuis plus de 30 ans, Garmin est \u00e0 la pointe du d\u00e9veloppement d&rsquo;appareils et d&rsquo;applications GPS dans cinq secteurs d&rsquo;activit\u00e9 diff\u00e9rents\u202f: marine, aviation, automobile, fitness et plein air.&nbsp;<\/p>\n\n\n\n<p><strong><a rel=\"noreferrer noopener\" href=\"http:\/\/www.garmin.com\/\" target=\"_blank\">www.garmin.com<\/a><\/strong><br><br><br><br><\/p>\n\n\n\n<p><img loading=\"lazy\" decoding=\"async\" width=\"150\" height=\"36\" class=\"wp-image-559\" style=\"width: 150px;\" src=\"https:\/\/www.ibsasailing.com\/wp-content\/uploads\/2022\/04\/gm.jpg\" alt=\"\" srcset=\"https:\/\/www.ibsasailing.com\/wp-content\/uploads\/2022\/04\/gm.jpg 970w, https:\/\/www.ibsasailing.com\/wp-content\/uploads\/2022\/04\/gm-300x73.jpg 300w, https:\/\/www.ibsasailing.com\/wp-content\/uploads\/2022\/04\/gm-768x187.jpg 768w\" sizes=\"auto, (max-width: 150px) 100vw, 150px\" \/><\/p>\n\n\n\n<p>&nbsp;<br><\/p>\n\n\n\n<p>Gottifredi Maffioli repr\u00e9sente une histoire de d\u00e9fis et d&rsquo;id\u00e9es nouvelles.&nbsp;&nbsp;<\/p>\n\n\n\n<p>Gr\u00e2ce \u00e0 une innovation constante et aux nombreux d\u00e9fis qu&rsquo;elle a relev\u00e9s, Gottifredi Maffioli est devenue au fil des ans un point de r\u00e9f\u00e9rence pour diff\u00e9rents march\u00e9s.&nbsp;<\/p>\n\n\n\n<p>Depuis 1954, lorsque Gottifredi Maffioli a fourni l&rsquo;exp\u00e9dition italienne au sommet du K2, le nom de l&rsquo;entreprise est associ\u00e9 aux grands d\u00e9fis sportifs du monde.&nbsp;&nbsp;<\/p>\n\n\n\n<p>Ces derni\u00e8res ann\u00e9es, les produits de Gottifredi Maffioli, en particulier les lignes de voile et d&rsquo;amarrage, sont mont\u00e9s \u00e0 bord des bateaux les plus c\u00e9l\u00e8bres et ont particip\u00e9 \u00e0 des r\u00e9gates internationales, telles que la Coupe de l&rsquo;America, la Ocean Race, la Route du Rhum, le Vend\u00e9e Globe, pour n&rsquo;en citer que quelques-unes.&nbsp;<br><br><strong><a href=\"https:\/\/www.gottifredimaffioli.com\/en\/company-2\/\" target=\"_blank\" rel=\"noreferrer noopener\">www.gottifredimaffioli.com<\/a><\/strong><br><br><br><br><\/p>\n\n\n\n<figure class=\"wp-block-image size-full is-resized\"><img loading=\"lazy\" decoding=\"async\" width=\"442\" height=\"114\" src=\"https:\/\/www.ibsasailing.com\/wp-content\/uploads\/2024\/04\/musto.png\" alt=\"\" class=\"wp-image-6585\" style=\"width:150px\" srcset=\"https:\/\/www.ibsasailing.com\/wp-content\/uploads\/2024\/04\/musto.png 442w, https:\/\/www.ibsasailing.com\/wp-content\/uploads\/2024\/04\/musto-300x77.png 300w\" sizes=\"auto, (max-width: 442px) 100vw, 442px\" \/><\/figure>\n\n\n\n<p>Fond\u00e9e au Royaume-Uni en 1964, Musto est la premi\u00e8re marque mondiale de v\u00eatements techniques nautiques et un leader mondial dans le domaine des v\u00eatements de plein air. En tant que premi\u00e8re marque de voile \u00e0 s&rsquo;\u00eatre associ\u00e9e \u00e0 GORE-TEX, Musto \u00e9tablit la r\u00e9f\u00e9rence en mati\u00e8re d&rsquo;innovation, en travaillant avec les meilleurs marins du monde, qui remportent des m\u00e9dailles olympiques, font le tour du monde et se battent dans certains des environnements les plus rudes de la plan\u00e8te. Les le\u00e7ons apprises en mer contribuent \u00e0 la performance sur terre, les meilleures technologies textiles du march\u00e9 fournissant des v\u00eatements capables d&rsquo;affronter des aventures extr\u00eames, ainsi que des v\u00eatements de style de vie qui allient style et performance.<\/p>\n\n\n\n<p>Lorsque vous portez Musto, vous portez bien plus qu&rsquo;un produit, gr\u00e2ce aux milliers d&rsquo;heures d&rsquo;exp\u00e9rience des meilleurs athl\u00e8tes dans les conditions les plus difficiles. Dans le monde r\u00e9el et en laboratoire, nous poussons nos produits dans leurs derniers retranchements afin de garantir \u00e0 nos clients la s\u00e9curit\u00e9 et la capacit\u00e9 de donner le meilleur d&rsquo;eux-m\u00eames dans n&rsquo;importe quel environnement.<\/p>\n\n\n\n<p><a href=\"https:\/\/www.musto.com\/\" target=\"_blank\" rel=\"noreferrer noopener nofollow\"><strong>www.musto.com<\/strong><\/a><\/p>\n","protected":false},"excerpt":{"rendered":"<p>Garmin est le premier fabricant mondial d&rsquo;\u00e9lectronique marine et propose l&rsquo;une des gammes de produits les plus sophistiqu\u00e9es du secteur, notamment des traceurs de cartes, des \u00e9crans tactiles multifonctions, des capteurs de vent, des montres, des sondeurs, des radars haute d\u00e9finition, des pilotes automatiques et d&rsquo;autres appareils et services qui se distinguent par leur innovation, [&hellip;]<\/p>\n","protected":false},"author":4,"featured_media":0,"parent":0,"menu_order":0,"comment_status":"closed","ping_status":"closed","template":"sponsor.php","meta":{"_acf_changed":false,"ngg_post_thumbnail":0,"footnotes":""},"class_list":["post-551","page","type-page","status-publish","hentry"],"acf":[],"yoast_head":"<!-- This site is optimized with the Yoast SEO plugin v24.3 - https:\/\/yoast.com\/wordpress\/plugins\/seo\/ -->\n<title>Sponsor - IBSA Sailing<\/title>\n<meta name=\"robots\" content=\"index, follow, max-snippet:-1, max-image-preview:large, max-video-preview:-1\" \/>\n<link rel=\"canonical\" href=\"https:\/\/www.ibsasailing.com\/fr\/sponsor\/\" \/>\n<meta property=\"og:locale\" content=\"fr_FR\" \/>\n<meta property=\"og:type\" content=\"article\" \/>\n<meta property=\"og:title\" content=\"Sponsor - IBSA Sailing\" \/>\n<meta property=\"og:description\" content=\"Garmin est le premier fabricant mondial d&rsquo;\u00e9lectronique marine et propose l&rsquo;une des gammes de produits les plus sophistiqu\u00e9es du secteur, notamment des traceurs de cartes, des \u00e9crans tactiles multifonctions, des capteurs de vent, des montres, des sondeurs, des radars haute d\u00e9finition, des pilotes automatiques et d&rsquo;autres appareils et services qui se distinguent par leur innovation, [&hellip;]\" \/>\n<meta property=\"og:url\" content=\"https:\/\/www.ibsasailing.com\/fr\/sponsor\/\" \/>\n<meta property=\"og:site_name\" content=\"IBSA Sailing\" \/>\n<meta property=\"article:publisher\" content=\"https:\/\/www.facebook.com\/ibsapharma\/\" \/>\n<meta property=\"article:modified_time\" content=\"2024-04-04T12:43:11+00:00\" \/>\n<meta property=\"og:image\" content=\"https:\/\/www.ibsasailing.com\/wp-content\/uploads\/2022\/04\/garmin.png\" \/>\n<meta name=\"twitter:card\" content=\"summary_large_image\" \/>\n<meta name=\"twitter:label1\" content=\"Dur\u00e9e de lecture estim\u00e9e\" \/>\n\t<meta name=\"twitter:data1\" content=\"3 minutes\" \/>\n<script type=\"application\/ld+json\" class=\"yoast-schema-graph\">{\"@context\":\"https:\/\/schema.org\",\"@graph\":[{\"@type\":\"WebPage\",\"@id\":\"https:\/\/www.ibsasailing.com\/fr\/sponsor\/\",\"url\":\"https:\/\/www.ibsasailing.com\/fr\/sponsor\/\",\"name\":\"Sponsor - IBSA Sailing\",\"isPartOf\":{\"@id\":\"https:\/\/www.ibsasailing.com\/#website\"},\"primaryImageOfPage\":{\"@id\":\"https:\/\/www.ibsasailing.com\/fr\/sponsor\/#primaryimage\"},\"image\":{\"@id\":\"https:\/\/www.ibsasailing.com\/fr\/sponsor\/#primaryimage\"},\"thumbnailUrl\":\"https:\/\/www.ibsasailing.com\/wp-content\/uploads\/2022\/04\/garmin.png\",\"datePublished\":\"2022-03-31T15:19:03+00:00\",\"dateModified\":\"2024-04-04T12:43:11+00:00\",\"breadcrumb\":{\"@id\":\"https:\/\/www.ibsasailing.com\/fr\/sponsor\/#breadcrumb\"},\"inLanguage\":\"fr-FR\",\"potentialAction\":[{\"@type\":\"ReadAction\",\"target\":[\"https:\/\/www.ibsasailing.com\/fr\/sponsor\/\"]}]},{\"@type\":\"ImageObject\",\"inLanguage\":\"fr-FR\",\"@id\":\"https:\/\/www.ibsasailing.com\/fr\/sponsor\/#primaryimage\",\"url\":\"https:\/\/www.ibsasailing.com\/wp-content\/uploads\/2022\/04\/garmin.png\",\"contentUrl\":\"https:\/\/www.ibsasailing.com\/wp-content\/uploads\/2022\/04\/garmin.png\"},{\"@type\":\"BreadcrumbList\",\"@id\":\"https:\/\/www.ibsasailing.com\/fr\/sponsor\/#breadcrumb\",\"itemListElement\":[{\"@type\":\"ListItem\",\"position\":1,\"name\":\"Home\",\"item\":\"https:\/\/www.ibsasailing.com\/fr\/\"},{\"@type\":\"ListItem\",\"position\":2,\"name\":\"Sponsor\"}]},{\"@type\":\"WebSite\",\"@id\":\"https:\/\/www.ibsasailing.com\/#website\",\"url\":\"https:\/\/www.ibsasailing.com\/\",\"name\":\"IBSA Sailing\",\"description\":\"Sailing into the Future. Together\",\"publisher\":{\"@id\":\"https:\/\/www.ibsasailing.com\/#organization\"},\"potentialAction\":[{\"@type\":\"SearchAction\",\"target\":{\"@type\":\"EntryPoint\",\"urlTemplate\":\"https:\/\/www.ibsasailing.com\/?s={search_term_string}\"},\"query-input\":{\"@type\":\"PropertyValueSpecification\",\"valueRequired\":true,\"valueName\":\"search_term_string\"}}],\"inLanguage\":\"fr-FR\"},{\"@type\":\"Organization\",\"@id\":\"https:\/\/www.ibsasailing.com\/#organization\",\"name\":\"IBSA Sailing\",\"url\":\"https:\/\/www.ibsasailing.com\/\",\"logo\":{\"@type\":\"ImageObject\",\"inLanguage\":\"fr-FR\",\"@id\":\"https:\/\/www.ibsasailing.com\/#\/schema\/logo\/image\/\",\"url\":\"https:\/\/www.ibsasailing.com\/wp-content\/uploads\/2022\/11\/IBSA_RdR_StartDay40-1-scaled.jpg\",\"contentUrl\":\"https:\/\/www.ibsasailing.com\/wp-content\/uploads\/2022\/11\/IBSA_RdR_StartDay40-1-scaled.jpg\",\"width\":2560,\"height\":1523,\"caption\":\"IBSA Sailing\"},\"image\":{\"@id\":\"https:\/\/www.ibsasailing.com\/#\/schema\/logo\/image\/\"},\"sameAs\":[\"https:\/\/www.facebook.com\/ibsapharma\/\"]}]}<\/script>\n<!-- \/ Yoast SEO plugin. -->","yoast_head_json":{"title":"Sponsor - IBSA Sailing","robots":{"index":"index","follow":"follow","max-snippet":"max-snippet:-1","max-image-preview":"max-image-preview:large","max-video-preview":"max-video-preview:-1"},"canonical":"https:\/\/www.ibsasailing.com\/fr\/sponsor\/","og_locale":"fr_FR","og_type":"article","og_title":"Sponsor - IBSA Sailing","og_description":"Garmin est le premier fabricant mondial d&rsquo;\u00e9lectronique marine et propose l&rsquo;une des gammes de produits les plus sophistiqu\u00e9es du secteur, notamment des traceurs de cartes, des \u00e9crans tactiles multifonctions, des capteurs de vent, des montres, des sondeurs, des radars haute d\u00e9finition, des pilotes automatiques et d&rsquo;autres appareils et services qui se distinguent par leur innovation, [&hellip;]","og_url":"https:\/\/www.ibsasailing.com\/fr\/sponsor\/","og_site_name":"IBSA Sailing","article_publisher":"https:\/\/www.facebook.com\/ibsapharma\/","article_modified_time":"2024-04-04T12:43:11+00:00","og_image":[{"url":"https:\/\/www.ibsasailing.com\/wp-content\/uploads\/2022\/04\/garmin.png","type":"","width":"","height":""}],"twitter_card":"summary_large_image","twitter_misc":{"Dur\u00e9e de lecture estim\u00e9e":"3 minutes"},"schema":{"@context":"https:\/\/schema.org","@graph":[{"@type":"WebPage","@id":"https:\/\/www.ibsasailing.com\/fr\/sponsor\/","url":"https:\/\/www.ibsasailing.com\/fr\/sponsor\/","name":"Sponsor - IBSA Sailing","isPartOf":{"@id":"https:\/\/www.ibsasailing.com\/#website"},"primaryImageOfPage":{"@id":"https:\/\/www.ibsasailing.com\/fr\/sponsor\/#primaryimage"},"image":{"@id":"https:\/\/www.ibsasailing.com\/fr\/sponsor\/#primaryimage"},"thumbnailUrl":"https:\/\/www.ibsasailing.com\/wp-content\/uploads\/2022\/04\/garmin.png","datePublished":"2022-03-31T15:19:03+00:00","dateModified":"2024-04-04T12:43:11+00:00","breadcrumb":{"@id":"https:\/\/www.ibsasailing.com\/fr\/sponsor\/#breadcrumb"},"inLanguage":"fr-FR","potentialAction":[{"@type":"ReadAction","target":["https:\/\/www.ibsasailing.com\/fr\/sponsor\/"]}]},{"@type":"ImageObject","inLanguage":"fr-FR","@id":"https:\/\/www.ibsasailing.com\/fr\/sponsor\/#primaryimage","url":"https:\/\/www.ibsasailing.com\/wp-content\/uploads\/2022\/04\/garmin.png","contentUrl":"https:\/\/www.ibsasailing.com\/wp-content\/uploads\/2022\/04\/garmin.png"},{"@type":"BreadcrumbList","@id":"https:\/\/www.ibsasailing.com\/fr\/sponsor\/#breadcrumb","itemListElement":[{"@type":"ListItem","position":1,"name":"Home","item":"https:\/\/www.ibsasailing.com\/fr\/"},{"@type":"ListItem","position":2,"name":"Sponsor"}]},{"@type":"WebSite","@id":"https:\/\/www.ibsasailing.com\/#website","url":"https:\/\/www.ibsasailing.com\/","name":"IBSA Sailing","description":"Sailing into the Future. Together","publisher":{"@id":"https:\/\/www.ibsasailing.com\/#organization"},"potentialAction":[{"@type":"SearchAction","target":{"@type":"EntryPoint","urlTemplate":"https:\/\/www.ibsasailing.com\/?s={search_term_string}"},"query-input":{"@type":"PropertyValueSpecification","valueRequired":true,"valueName":"search_term_string"}}],"inLanguage":"fr-FR"},{"@type":"Organization","@id":"https:\/\/www.ibsasailing.com\/#organization","name":"IBSA Sailing","url":"https:\/\/www.ibsasailing.com\/","logo":{"@type":"ImageObject","inLanguage":"fr-FR","@id":"https:\/\/www.ibsasailing.com\/#\/schema\/logo\/image\/","url":"https:\/\/www.ibsasailing.com\/wp-content\/uploads\/2022\/11\/IBSA_RdR_StartDay40-1-scaled.jpg","contentUrl":"https:\/\/www.ibsasailing.com\/wp-content\/uploads\/2022\/11\/IBSA_RdR_StartDay40-1-scaled.jpg","width":2560,"height":1523,"caption":"IBSA Sailing"},"image":{"@id":"https:\/\/www.ibsasailing.com\/#\/schema\/logo\/image\/"},"sameAs":["https:\/\/www.facebook.com\/ibsapharma\/"]}]}},"_links":{"self":[{"href":"https:\/\/www.ibsasailing.com\/fr\/wp-json\/wp\/v2\/pages\/551","targetHints":{"allow":["GET"]}}],"collection":[{"href":"https:\/\/www.ibsasailing.com\/fr\/wp-json\/wp\/v2\/pages"}],"about":[{"href":"https:\/\/www.ibsasailing.com\/fr\/wp-json\/wp\/v2\/types\/page"}],"author":[{"embeddable":true,"href":"https:\/\/www.ibsasailing.com\/fr\/wp-json\/wp\/v2\/users\/4"}],"replies":[{"embeddable":true,"href":"https:\/\/www.ibsasailing.com\/fr\/wp-json\/wp\/v2\/comments?post=551"}],"version-history":[{"count":2,"href":"https:\/\/www.ibsasailing.com\/fr\/wp-json\/wp\/v2\/pages\/551\/revisions"}],"predecessor-version":[{"id":6608,"href":"https:\/\/www.ibsasailing.com\/fr\/wp-json\/wp\/v2\/pages\/551\/revisions\/6608"}],"wp:attachment":[{"href":"https:\/\/www.ibsasailing.com\/fr\/wp-json\/wp\/v2\/media?parent=551"}],"curies":[{"name":"wp","href":"https:\/\/api.w.org\/{rel}","templated":true}]}}