{"id":6707,"date":"2024-04-08T09:28:13","date_gmt":"2024-04-08T07:28:13","guid":{"rendered":"https:\/\/www.ibsasailing.com\/?page_id=6707"},"modified":"2024-04-08T09:30:27","modified_gmt":"2024-04-08T07:30:27","slug":"the-transat-cic","status":"publish","type":"page","link":"https:\/\/www.ibsasailing.com\/fr\/the-transat-cic\/","title":{"rendered":"The Transat\u00a0CIC"},"content":{"rendered":"\n<p>La <em><strong>Transat&nbsp;CIC<\/strong><\/em> repr\u00e9sente l\u2019une des plus prestigieuses courses oc\u00e9aniques en solitaire, c\u00e9l\u00e8bre en raison de la participation des plus grandes l\u00e9gendes de la voile. Inaugur\u00e9e en&nbsp;1960 sous le nom de <em><strong>English Transat<\/strong><\/em>, cette course est \u00e9galement connue sous le titre d\u2019<em><strong>OSTAR<\/strong><\/em>. Par la suite, elle a \u00e9t\u00e9 rebaptis\u00e9e <em><strong>1&nbsp;Star<\/strong><\/em> avant d\u2019\u00eatre simplement d\u00e9sign\u00e9e comme <em><strong>The Transat<\/strong><\/em> aujourd\u2019hui. Cette comp\u00e9tition a contribu\u00e9 \u00e0 cr\u00e9er des mythes, mettant en lumi\u00e8re des navigateurs tels qu\u2019<strong>\u00c9ric Tabarly<\/strong> en 1964 et consacrant de nombreux marins fran\u00e7ais, dont <strong>Fran\u00e7ois Gabart<\/strong>. Rien que ces deux derni\u00e8res ann\u00e9es, il a termin\u00e9 deuxi\u00e8me de la <em>Route du Rhum<\/em>&nbsp;2022 dans la classe Ultim et remport\u00e9 la <em>Rolex Fastnet Race<\/em>&nbsp;2023. Apr\u00e8s l\u2019\u00e9dition&nbsp;2016, la Transat&nbsp;CIC devait faire son retour en 2020, \u00e0 l\u2019occasion de son 60<sup>e<\/sup>&nbsp;anniversaire, mais elle a \u00e9t\u00e9 annul\u00e9e du fait de la pand\u00e9mie et report\u00e9e \u00e0 l\u2019ann\u00e9e&nbsp;2024.<\/p>\n\n\n\n<p>Le d\u00e9part de la <strong>15<\/strong><sup><strong>e<\/strong><\/sup><strong>&nbsp;\u00e9dition de la <\/strong><em><strong>Transat&nbsp;CIC<\/strong><\/em> est fix\u00e9 au <strong>dimanche&nbsp;28&nbsp;avril&nbsp;2024<\/strong>. Le trajet <strong>de Lorient<\/strong> \u00e0 <strong>New&nbsp;York<\/strong>, l\u2019un des principaux centres de la voile oc\u00e9anique en France, s\u2019\u00e9tend sur 3&nbsp;500&nbsp;milles. Il s\u2019agit d\u2019un parcours ambitieux \u00e0 travers l\u2019oc\u00e9an Atlantique Nord, connu pour ses conditions de vent, de mer et de courant tr\u00e8s difficiles.<\/p>\n\n\n\n<p>La comp\u00e9tition est ouverte \u00e0 diff\u00e9rentes classes d\u2019embarcations, dont le <strong>total s\u2019\u00e9l\u00e8ve \u00e0 80&nbsp;bateaux<\/strong>&nbsp;: IMOCA, Ocean Fifty, Class40 et la classe Vintage Sailboats pour les voiliers anciens. Pour concourir, les skippers doivent avoir r\u00e9alis\u00e9 un itin\u00e9raire de qualification en solitaire d\u2019un minimum de 1&nbsp;200&nbsp;milles nautiques avant le 28&nbsp;mars&nbsp;2024. Une autre option consiste \u00e0 s\u2019\u00eatre engag\u00e9 dans une course en solitaire d\u2019au moins 500&nbsp;milles plus un parcours de qualification suppl\u00e9mentaire pour atteindre un total de 1&nbsp;400&nbsp;milles nautiques en configuration de course oc\u00e9anique. En revanche, les marins qui ont termin\u00e9 la <em>Return to Base<\/em>&nbsp;2023 ou la <em>Route du Rhum<\/em>&nbsp;2022, comme <strong>Alberto Bona<\/strong>, sont <strong>automatiquement qualifi\u00e9s<\/strong>.<\/p>\n","protected":false},"excerpt":{"rendered":"<p>La Transat&nbsp;CIC repr\u00e9sente l\u2019une des plus prestigieuses courses oc\u00e9aniques en solitaire, c\u00e9l\u00e8bre en raison de la participation des plus grandes l\u00e9gendes de la voile. Inaugur\u00e9e en&nbsp;1960 sous le nom de English Transat, cette course est \u00e9galement connue sous le titre d\u2019OSTAR. Par la suite, elle a \u00e9t\u00e9 rebaptis\u00e9e 1&nbsp;Star avant d\u2019\u00eatre simplement d\u00e9sign\u00e9e comme The [&hellip;]<\/p>\n","protected":false},"author":4,"featured_media":0,"parent":0,"menu_order":0,"comment_status":"closed","ping_status":"closed","template":"cic.php","meta":{"_acf_changed":false,"ngg_post_thumbnail":0,"footnotes":""},"class_list":["post-6707","page","type-page","status-publish","hentry"],"acf":[],"yoast_head":"<!-- This site is optimized with the Yoast SEO plugin v24.3 - https:\/\/yoast.com\/wordpress\/plugins\/seo\/ -->\n<title>The Transat\u00a0CIC - IBSA Sailing<\/title>\n<meta name=\"robots\" content=\"index, follow, max-snippet:-1, max-image-preview:large, max-video-preview:-1\" \/>\n<link rel=\"canonical\" href=\"https:\/\/www.ibsasailing.com\/fr\/the-transat-cic\/\" \/>\n<meta property=\"og:locale\" content=\"fr_FR\" \/>\n<meta property=\"og:type\" content=\"article\" \/>\n<meta property=\"og:title\" content=\"The Transat\u00a0CIC - IBSA Sailing\" \/>\n<meta property=\"og:description\" content=\"La Transat&nbsp;CIC repr\u00e9sente l\u2019une des plus prestigieuses courses oc\u00e9aniques en solitaire, c\u00e9l\u00e8bre en raison de la participation des plus grandes l\u00e9gendes de la voile. Inaugur\u00e9e en&nbsp;1960 sous le nom de English Transat, cette course est \u00e9galement connue sous le titre d\u2019OSTAR. Par la suite, elle a \u00e9t\u00e9 rebaptis\u00e9e 1&nbsp;Star avant d\u2019\u00eatre simplement d\u00e9sign\u00e9e comme The [&hellip;]\" \/>\n<meta property=\"og:url\" content=\"https:\/\/www.ibsasailing.com\/fr\/the-transat-cic\/\" \/>\n<meta property=\"og:site_name\" content=\"IBSA Sailing\" \/>\n<meta property=\"article:publisher\" content=\"https:\/\/www.facebook.com\/ibsapharma\/\" \/>\n<meta property=\"article:modified_time\" content=\"2024-04-08T07:30:27+00:00\" \/>\n<meta property=\"og:image\" content=\"https:\/\/www.ibsasailing.com\/wp-content\/uploads\/2022\/09\/logo_ok.png\" \/>\n\t<meta property=\"og:image:width\" content=\"1090\" \/>\n\t<meta property=\"og:image:height\" content=\"876\" \/>\n\t<meta property=\"og:image:type\" content=\"image\/png\" \/>\n<meta name=\"twitter:card\" content=\"summary_large_image\" \/>\n<meta name=\"twitter:label1\" content=\"Dur\u00e9e de lecture estim\u00e9e\" \/>\n\t<meta name=\"twitter:data1\" content=\"2 minutes\" \/>\n<script type=\"application\/ld+json\" class=\"yoast-schema-graph\">{\"@context\":\"https:\/\/schema.org\",\"@graph\":[{\"@type\":\"WebPage\",\"@id\":\"https:\/\/www.ibsasailing.com\/fr\/the-transat-cic\/\",\"url\":\"https:\/\/www.ibsasailing.com\/fr\/the-transat-cic\/\",\"name\":\"The Transat\u00a0CIC - IBSA Sailing\",\"isPartOf\":{\"@id\":\"https:\/\/www.ibsasailing.com\/#website\"},\"datePublished\":\"2024-04-08T07:28:13+00:00\",\"dateModified\":\"2024-04-08T07:30:27+00:00\",\"breadcrumb\":{\"@id\":\"https:\/\/www.ibsasailing.com\/fr\/the-transat-cic\/#breadcrumb\"},\"inLanguage\":\"fr-FR\",\"potentialAction\":[{\"@type\":\"ReadAction\",\"target\":[\"https:\/\/www.ibsasailing.com\/fr\/the-transat-cic\/\"]}]},{\"@type\":\"BreadcrumbList\",\"@id\":\"https:\/\/www.ibsasailing.com\/fr\/the-transat-cic\/#breadcrumb\",\"itemListElement\":[{\"@type\":\"ListItem\",\"position\":1,\"name\":\"Home\",\"item\":\"https:\/\/www.ibsasailing.com\/fr\/\"},{\"@type\":\"ListItem\",\"position\":2,\"name\":\"The Transat\u00a0CIC\"}]},{\"@type\":\"WebSite\",\"@id\":\"https:\/\/www.ibsasailing.com\/#website\",\"url\":\"https:\/\/www.ibsasailing.com\/\",\"name\":\"IBSA Sailing\",\"description\":\"Sailing into the Future. Together\",\"publisher\":{\"@id\":\"https:\/\/www.ibsasailing.com\/#organization\"},\"potentialAction\":[{\"@type\":\"SearchAction\",\"target\":{\"@type\":\"EntryPoint\",\"urlTemplate\":\"https:\/\/www.ibsasailing.com\/?s={search_term_string}\"},\"query-input\":{\"@type\":\"PropertyValueSpecification\",\"valueRequired\":true,\"valueName\":\"search_term_string\"}}],\"inLanguage\":\"fr-FR\"},{\"@type\":\"Organization\",\"@id\":\"https:\/\/www.ibsasailing.com\/#organization\",\"name\":\"IBSA Sailing\",\"url\":\"https:\/\/www.ibsasailing.com\/\",\"logo\":{\"@type\":\"ImageObject\",\"inLanguage\":\"fr-FR\",\"@id\":\"https:\/\/www.ibsasailing.com\/#\/schema\/logo\/image\/\",\"url\":\"https:\/\/www.ibsasailing.com\/wp-content\/uploads\/2022\/11\/IBSA_RdR_StartDay40-1-scaled.jpg\",\"contentUrl\":\"https:\/\/www.ibsasailing.com\/wp-content\/uploads\/2022\/11\/IBSA_RdR_StartDay40-1-scaled.jpg\",\"width\":2560,\"height\":1523,\"caption\":\"IBSA Sailing\"},\"image\":{\"@id\":\"https:\/\/www.ibsasailing.com\/#\/schema\/logo\/image\/\"},\"sameAs\":[\"https:\/\/www.facebook.com\/ibsapharma\/\"]}]}<\/script>\n<!-- \/ Yoast SEO plugin. -->","yoast_head_json":{"title":"The Transat\u00a0CIC - IBSA Sailing","robots":{"index":"index","follow":"follow","max-snippet":"max-snippet:-1","max-image-preview":"max-image-preview:large","max-video-preview":"max-video-preview:-1"},"canonical":"https:\/\/www.ibsasailing.com\/fr\/the-transat-cic\/","og_locale":"fr_FR","og_type":"article","og_title":"The Transat\u00a0CIC - IBSA Sailing","og_description":"La Transat&nbsp;CIC repr\u00e9sente l\u2019une des plus prestigieuses courses oc\u00e9aniques en solitaire, c\u00e9l\u00e8bre en raison de la participation des plus grandes l\u00e9gendes de la voile. Inaugur\u00e9e en&nbsp;1960 sous le nom de English Transat, cette course est \u00e9galement connue sous le titre d\u2019OSTAR. Par la suite, elle a \u00e9t\u00e9 rebaptis\u00e9e 1&nbsp;Star avant d\u2019\u00eatre simplement d\u00e9sign\u00e9e comme The [&hellip;]","og_url":"https:\/\/www.ibsasailing.com\/fr\/the-transat-cic\/","og_site_name":"IBSA Sailing","article_publisher":"https:\/\/www.facebook.com\/ibsapharma\/","article_modified_time":"2024-04-08T07:30:27+00:00","og_image":[{"width":1090,"height":876,"url":"https:\/\/www.ibsasailing.com\/wp-content\/uploads\/2022\/09\/logo_ok.png","type":"image\/png"}],"twitter_card":"summary_large_image","twitter_misc":{"Dur\u00e9e de lecture estim\u00e9e":"2 minutes"},"schema":{"@context":"https:\/\/schema.org","@graph":[{"@type":"WebPage","@id":"https:\/\/www.ibsasailing.com\/fr\/the-transat-cic\/","url":"https:\/\/www.ibsasailing.com\/fr\/the-transat-cic\/","name":"The Transat\u00a0CIC - IBSA Sailing","isPartOf":{"@id":"https:\/\/www.ibsasailing.com\/#website"},"datePublished":"2024-04-08T07:28:13+00:00","dateModified":"2024-04-08T07:30:27+00:00","breadcrumb":{"@id":"https:\/\/www.ibsasailing.com\/fr\/the-transat-cic\/#breadcrumb"},"inLanguage":"fr-FR","potentialAction":[{"@type":"ReadAction","target":["https:\/\/www.ibsasailing.com\/fr\/the-transat-cic\/"]}]},{"@type":"BreadcrumbList","@id":"https:\/\/www.ibsasailing.com\/fr\/the-transat-cic\/#breadcrumb","itemListElement":[{"@type":"ListItem","position":1,"name":"Home","item":"https:\/\/www.ibsasailing.com\/fr\/"},{"@type":"ListItem","position":2,"name":"The Transat\u00a0CIC"}]},{"@type":"WebSite","@id":"https:\/\/www.ibsasailing.com\/#website","url":"https:\/\/www.ibsasailing.com\/","name":"IBSA Sailing","description":"Sailing into the Future. Together","publisher":{"@id":"https:\/\/www.ibsasailing.com\/#organization"},"potentialAction":[{"@type":"SearchAction","target":{"@type":"EntryPoint","urlTemplate":"https:\/\/www.ibsasailing.com\/?s={search_term_string}"},"query-input":{"@type":"PropertyValueSpecification","valueRequired":true,"valueName":"search_term_string"}}],"inLanguage":"fr-FR"},{"@type":"Organization","@id":"https:\/\/www.ibsasailing.com\/#organization","name":"IBSA Sailing","url":"https:\/\/www.ibsasailing.com\/","logo":{"@type":"ImageObject","inLanguage":"fr-FR","@id":"https:\/\/www.ibsasailing.com\/#\/schema\/logo\/image\/","url":"https:\/\/www.ibsasailing.com\/wp-content\/uploads\/2022\/11\/IBSA_RdR_StartDay40-1-scaled.jpg","contentUrl":"https:\/\/www.ibsasailing.com\/wp-content\/uploads\/2022\/11\/IBSA_RdR_StartDay40-1-scaled.jpg","width":2560,"height":1523,"caption":"IBSA Sailing"},"image":{"@id":"https:\/\/www.ibsasailing.com\/#\/schema\/logo\/image\/"},"sameAs":["https:\/\/www.facebook.com\/ibsapharma\/"]}]}},"_links":{"self":[{"href":"https:\/\/www.ibsasailing.com\/fr\/wp-json\/wp\/v2\/pages\/6707","targetHints":{"allow":["GET"]}}],"collection":[{"href":"https:\/\/www.ibsasailing.com\/fr\/wp-json\/wp\/v2\/pages"}],"about":[{"href":"https:\/\/www.ibsasailing.com\/fr\/wp-json\/wp\/v2\/types\/page"}],"author":[{"embeddable":true,"href":"https:\/\/www.ibsasailing.com\/fr\/wp-json\/wp\/v2\/users\/4"}],"replies":[{"embeddable":true,"href":"https:\/\/www.ibsasailing.com\/fr\/wp-json\/wp\/v2\/comments?post=6707"}],"version-history":[{"count":1,"href":"https:\/\/www.ibsasailing.com\/fr\/wp-json\/wp\/v2\/pages\/6707\/revisions"}],"predecessor-version":[{"id":6708,"href":"https:\/\/www.ibsasailing.com\/fr\/wp-json\/wp\/v2\/pages\/6707\/revisions\/6708"}],"wp:attachment":[{"href":"https:\/\/www.ibsasailing.com\/fr\/wp-json\/wp\/v2\/media?parent=6707"}],"curies":[{"name":"wp","href":"https:\/\/api.w.org\/{rel}","templated":true}]}}