{"id":70,"date":"2022-03-14T13:07:17","date_gmt":"2022-03-14T12:07:17","guid":{"rendered":"https:\/\/www.ibsasailing.com\/bateau\/"},"modified":"2023-07-25T12:08:02","modified_gmt":"2023-07-25T10:08:02","slug":"bateau","status":"publish","type":"page","link":"https:\/\/www.ibsasailing.com\/fr\/bateau\/","title":{"rendered":"Bateau"},"content":{"rendered":"\n<p><strong>Sam Manuard et JPS Production pour le nouveau Mach 5 par Alberto Bona<\/strong><\/p>\n\n\n\n<p>Pour son nouveau bateau, le skipper Alberto Bona a choisi de s\u2019adresser \u00e0 Sam Manuard, un des grands architectes navals Fran\u00e7ais en mati\u00e8re de classes oc\u00e9aniques, qui a dessin\u00e9 13&nbsp;Class40 \u00e0 ce jour, et au chantier JPS&nbsp;Production, r\u00e9put\u00e9 pour la qualit\u00e9 de ses constructions.<\/p>\n\n\n\n<p>Le bateau d\u2019Alberto est le Mach 5, la derni\u00e8re \u00e9volution des Class40 de Sam Manuard, et s&rsquo;est pr\u00e9sent\u00e9 au d\u00e9part de la Route du Ruhm comme l\u2019un des bateaux les plus innovants et les plus r\u00e9cents.<\/p>\n\n\n\n<p>Sam Manuard : \u00ab Pour concevoir le Mach 5, nous avons b\u00e9n\u00e9fici\u00e9 de toute l\u2019exp\u00e9rience du Mach 4 et des observations sur les autres bateaux. Cela nous a permis de d\u00e9finir un nouveau concept qui, selon nous, est tr\u00e8s efficace \u00bb. Alberto a \u00e0 sa disposition l\u2019un des bateaux les plus r\u00e9cents de la flotte et tous les outils pour viser d\u2019excellents r\u00e9sultats.<\/p>\n\n\n\n<p>Un bateau puissant, polyvalent, rapide, plus ergonomique et optimis\u00e9 pour la Route du Rhum 2022 et les r\u00e9gates \u00e0 venir : \u00ab Ce bateau refl\u00e8te parfaitement notre optique du programme \u2013 r\u00e9sume Alberto Bona \u2013 il repr\u00e9sente le r\u00e9sultat de la recherche du d\u00e9tail, de l\u2019am\u00e9lioration de chaque aspect : nous recherchions une coque rapide, clairement \u00e0 la limite de la \u201cBox Rule\u201d, fiable dans toutes les conditions m\u00e9t\u00e9orologiques et suffisamment innovante pour pouvoir avoir une incidence et faire la diff\u00e9rence \u00bb.<\/p>\n\n\n\n<p>\u00ab Le choix de Sam Manuard comme concepteur a \u00e9t\u00e9 pratiquement naturel \u00bb, poursuit Alberto, et repose sur une solide connaissance \u00e0 l\u2019\u00e9poque de la classe Mini, sur une vision conceptuelle commune et sur les innovations qu\u2019Alberto recherchait dans son Class40 IBSA. \u00ab Sam a travaill\u00e9 sur un nouveau concept et a effectu\u00e9 les \u00e9tudes les plus r\u00e9centes pour d\u00e9finir le meilleur compromis de coque \u2013 ajoute le skipper \u2013 j\u2019ai \u00e9tudi\u00e9 ses dessins pr\u00e9c\u00e9dents et je suis convaincu qu\u2019il a trouv\u00e9 un \u00e9quilibre int\u00e9ressant pour le nouveau bateau. Je partage \u00e0 100 % les objectifs initiaux du projet, le niveau sportif en Class40 ne cesse de s\u2019\u00e9lever et rend tr\u00e8s stimulant porter au maximum les bateaux tout en pr\u00e9servant le skipper qui est un aspect cl\u00e9 ! \u00bb<\/p>\n\n\n\n<p>Sam Manuard confirme : \u00ab L\u2019ergonomie du cockpit est un aspect d\u00e9cisif. Le niveau global augmente dans les Class40 et pour gagner, il faut \u00eatre en mesure d\u2019attaquer fort. Cela n\u00e9cessite plus de protection, une bonne visibilit\u00e9 depuis le poste de vigie ainsi que la capacit\u00e9 de r\u00e9gler les voiles et d\u2019ajuster les trajectoires en permanence sans trop se fatiguer. C\u2019est dans cette perspective que nous avons travaill\u00e9 \u00bb.<\/p>\n\n\n\n<p>Le Class40 IBSA a \u00e9t\u00e9 lanc\u00e9 le 3 ao\u00fbt 2022 \u00e0 La Trinit\u00e9-sur-Mer et son bapt\u00eame en mer a \u00e9t\u00e9 le 9 septembre la m\u00eame ann\u00e9e, c\u00e9r\u00e9monie qui a sanctionn\u00e9officiellement l\u2019entr\u00e9e dans le monde d\u2019IBSA.<\/p>\n\n\n\n<p><strong>Class40&nbsp;\u2013 fiche technique<\/strong><\/p>\n\n\n\n<ul class=\"wp-block-list\">\n<li>Longueur de la coque = 12,19 m\u00e8tres<\/li>\n\n\n\n<li>Largeur de la coque = 4,50 m\u00e8tres<\/li>\n\n\n\n<li>Poids = 4,5 tonnes.<\/li>\n\n\n\n<li>Surface de la voile au pr\u00e8s&nbsp;= 115&nbsp;m\u00b2<\/li>\n\n\n\n<li>Surface du largue&nbsp;= 300&nbsp;m\u00b2<\/li>\n\n\n\n<li>Hauteur du m\u00e2t&nbsp;= 20&nbsp;m<\/li>\n<\/ul>\n\n\n\n<p><strong>Principales caract\u00e9ristiques de conception et d\u2019innovation&nbsp;:<\/strong><\/p>\n\n\n\n<ul class=\"wp-block-list\">\n<li>Des espaces int\u00e9rieurs et ext\u00e9rieurs ergonomiques pour la vie \u00e0 bord<\/li>\n\n\n\n<li>Coque puissante avec du volume \u00e0 l\u2019avant mais plus maniable dans une mer agit\u00e9e<\/li>\n\n\n\n<li>Cockpit profond pour des man\u0153uvres en toute s\u00e9curit\u00e9<\/li>\n\n\n\n<li>Innovation sur les points d\u2019\u00e9coute pour le r\u00e9glage des voiles<\/li>\n\n\n\n<li>\u00c9tude innovante des appendices immerg\u00e9s (quille et gouvernails)<\/li>\n<\/ul>\n","protected":false},"excerpt":{"rendered":"<p>Sam Manuard et JPS Production pour le nouveau Mach 5 par Alberto Bona Pour son nouveau bateau, le skipper Alberto Bona a choisi de s\u2019adresser \u00e0 Sam Manuard, un des grands architectes navals Fran\u00e7ais en mati\u00e8re de classes oc\u00e9aniques, qui a dessin\u00e9 13&nbsp;Class40 \u00e0 ce jour, et au chantier JPS&nbsp;Production, r\u00e9put\u00e9 pour la qualit\u00e9 de [&hellip;]<\/p>\n","protected":false},"author":4,"featured_media":0,"parent":0,"menu_order":0,"comment_status":"closed","ping_status":"closed","template":"barca.php","meta":{"_acf_changed":false,"ngg_post_thumbnail":0,"footnotes":""},"class_list":["post-70","page","type-page","status-publish","hentry"],"acf":[],"yoast_head":"<!-- This site is optimized with the Yoast SEO plugin v24.3 - https:\/\/yoast.com\/wordpress\/plugins\/seo\/ -->\n<title>Bateau - IBSA Sailing<\/title>\n<meta name=\"robots\" content=\"index, follow, max-snippet:-1, max-image-preview:large, max-video-preview:-1\" \/>\n<link rel=\"canonical\" href=\"https:\/\/www.ibsasailing.com\/fr\/bateau\/\" \/>\n<meta property=\"og:locale\" content=\"fr_FR\" \/>\n<meta property=\"og:type\" content=\"article\" \/>\n<meta property=\"og:title\" content=\"Bateau - IBSA Sailing\" \/>\n<meta property=\"og:description\" content=\"Sam Manuard et JPS Production pour le nouveau Mach 5 par Alberto Bona Pour son nouveau bateau, le skipper Alberto Bona a choisi de s\u2019adresser \u00e0 Sam Manuard, un des grands architectes navals Fran\u00e7ais en mati\u00e8re de classes oc\u00e9aniques, qui a dessin\u00e9 13&nbsp;Class40 \u00e0 ce jour, et au chantier JPS&nbsp;Production, r\u00e9put\u00e9 pour la qualit\u00e9 de [&hellip;]\" \/>\n<meta property=\"og:url\" content=\"https:\/\/www.ibsasailing.com\/fr\/bateau\/\" \/>\n<meta property=\"og:site_name\" content=\"IBSA Sailing\" \/>\n<meta property=\"article:publisher\" content=\"https:\/\/www.facebook.com\/ibsapharma\/\" \/>\n<meta property=\"article:modified_time\" content=\"2023-07-25T10:08:02+00:00\" \/>\n<meta property=\"og:image\" content=\"https:\/\/www.ibsasailing.com\/wp-content\/uploads\/2023\/07\/IBSA-class40_con_vela-scaled.jpg\" \/>\n\t<meta property=\"og:image:width\" content=\"1711\" \/>\n\t<meta property=\"og:image:height\" content=\"2560\" \/>\n\t<meta property=\"og:image:type\" content=\"image\/jpeg\" \/>\n<meta name=\"twitter:card\" content=\"summary_large_image\" \/>\n<meta name=\"twitter:label1\" content=\"Dur\u00e9e de lecture estim\u00e9e\" \/>\n\t<meta name=\"twitter:data1\" content=\"3 minutes\" \/>\n<script type=\"application\/ld+json\" class=\"yoast-schema-graph\">{\"@context\":\"https:\/\/schema.org\",\"@graph\":[{\"@type\":\"WebPage\",\"@id\":\"https:\/\/www.ibsasailing.com\/fr\/bateau\/\",\"url\":\"https:\/\/www.ibsasailing.com\/fr\/bateau\/\",\"name\":\"Bateau - IBSA Sailing\",\"isPartOf\":{\"@id\":\"https:\/\/www.ibsasailing.com\/#website\"},\"datePublished\":\"2022-03-14T12:07:17+00:00\",\"dateModified\":\"2023-07-25T10:08:02+00:00\",\"breadcrumb\":{\"@id\":\"https:\/\/www.ibsasailing.com\/fr\/bateau\/#breadcrumb\"},\"inLanguage\":\"fr-FR\",\"potentialAction\":[{\"@type\":\"ReadAction\",\"target\":[\"https:\/\/www.ibsasailing.com\/fr\/bateau\/\"]}]},{\"@type\":\"BreadcrumbList\",\"@id\":\"https:\/\/www.ibsasailing.com\/fr\/bateau\/#breadcrumb\",\"itemListElement\":[{\"@type\":\"ListItem\",\"position\":1,\"name\":\"Home\",\"item\":\"https:\/\/www.ibsasailing.com\/fr\/\"},{\"@type\":\"ListItem\",\"position\":2,\"name\":\"Bateau\"}]},{\"@type\":\"WebSite\",\"@id\":\"https:\/\/www.ibsasailing.com\/#website\",\"url\":\"https:\/\/www.ibsasailing.com\/\",\"name\":\"IBSA Sailing\",\"description\":\"Sailing into the Future. Together\",\"publisher\":{\"@id\":\"https:\/\/www.ibsasailing.com\/#organization\"},\"potentialAction\":[{\"@type\":\"SearchAction\",\"target\":{\"@type\":\"EntryPoint\",\"urlTemplate\":\"https:\/\/www.ibsasailing.com\/?s={search_term_string}\"},\"query-input\":{\"@type\":\"PropertyValueSpecification\",\"valueRequired\":true,\"valueName\":\"search_term_string\"}}],\"inLanguage\":\"fr-FR\"},{\"@type\":\"Organization\",\"@id\":\"https:\/\/www.ibsasailing.com\/#organization\",\"name\":\"IBSA Sailing\",\"url\":\"https:\/\/www.ibsasailing.com\/\",\"logo\":{\"@type\":\"ImageObject\",\"inLanguage\":\"fr-FR\",\"@id\":\"https:\/\/www.ibsasailing.com\/#\/schema\/logo\/image\/\",\"url\":\"https:\/\/www.ibsasailing.com\/wp-content\/uploads\/2022\/11\/IBSA_RdR_StartDay40-1-scaled.jpg\",\"contentUrl\":\"https:\/\/www.ibsasailing.com\/wp-content\/uploads\/2022\/11\/IBSA_RdR_StartDay40-1-scaled.jpg\",\"width\":2560,\"height\":1523,\"caption\":\"IBSA Sailing\"},\"image\":{\"@id\":\"https:\/\/www.ibsasailing.com\/#\/schema\/logo\/image\/\"},\"sameAs\":[\"https:\/\/www.facebook.com\/ibsapharma\/\"]}]}<\/script>\n<!-- \/ Yoast SEO plugin. -->","yoast_head_json":{"title":"Bateau - IBSA Sailing","robots":{"index":"index","follow":"follow","max-snippet":"max-snippet:-1","max-image-preview":"max-image-preview:large","max-video-preview":"max-video-preview:-1"},"canonical":"https:\/\/www.ibsasailing.com\/fr\/bateau\/","og_locale":"fr_FR","og_type":"article","og_title":"Bateau - IBSA Sailing","og_description":"Sam Manuard et JPS Production pour le nouveau Mach 5 par Alberto Bona Pour son nouveau bateau, le skipper Alberto Bona a choisi de s\u2019adresser \u00e0 Sam Manuard, un des grands architectes navals Fran\u00e7ais en mati\u00e8re de classes oc\u00e9aniques, qui a dessin\u00e9 13&nbsp;Class40 \u00e0 ce jour, et au chantier JPS&nbsp;Production, r\u00e9put\u00e9 pour la qualit\u00e9 de [&hellip;]","og_url":"https:\/\/www.ibsasailing.com\/fr\/bateau\/","og_site_name":"IBSA Sailing","article_publisher":"https:\/\/www.facebook.com\/ibsapharma\/","article_modified_time":"2023-07-25T10:08:02+00:00","og_image":[{"width":1711,"height":2560,"url":"https:\/\/www.ibsasailing.com\/wp-content\/uploads\/2023\/07\/IBSA-class40_con_vela-scaled.jpg","type":"image\/jpeg"}],"twitter_card":"summary_large_image","twitter_misc":{"Dur\u00e9e de lecture estim\u00e9e":"3 minutes"},"schema":{"@context":"https:\/\/schema.org","@graph":[{"@type":"WebPage","@id":"https:\/\/www.ibsasailing.com\/fr\/bateau\/","url":"https:\/\/www.ibsasailing.com\/fr\/bateau\/","name":"Bateau - IBSA Sailing","isPartOf":{"@id":"https:\/\/www.ibsasailing.com\/#website"},"datePublished":"2022-03-14T12:07:17+00:00","dateModified":"2023-07-25T10:08:02+00:00","breadcrumb":{"@id":"https:\/\/www.ibsasailing.com\/fr\/bateau\/#breadcrumb"},"inLanguage":"fr-FR","potentialAction":[{"@type":"ReadAction","target":["https:\/\/www.ibsasailing.com\/fr\/bateau\/"]}]},{"@type":"BreadcrumbList","@id":"https:\/\/www.ibsasailing.com\/fr\/bateau\/#breadcrumb","itemListElement":[{"@type":"ListItem","position":1,"name":"Home","item":"https:\/\/www.ibsasailing.com\/fr\/"},{"@type":"ListItem","position":2,"name":"Bateau"}]},{"@type":"WebSite","@id":"https:\/\/www.ibsasailing.com\/#website","url":"https:\/\/www.ibsasailing.com\/","name":"IBSA Sailing","description":"Sailing into the Future. Together","publisher":{"@id":"https:\/\/www.ibsasailing.com\/#organization"},"potentialAction":[{"@type":"SearchAction","target":{"@type":"EntryPoint","urlTemplate":"https:\/\/www.ibsasailing.com\/?s={search_term_string}"},"query-input":{"@type":"PropertyValueSpecification","valueRequired":true,"valueName":"search_term_string"}}],"inLanguage":"fr-FR"},{"@type":"Organization","@id":"https:\/\/www.ibsasailing.com\/#organization","name":"IBSA Sailing","url":"https:\/\/www.ibsasailing.com\/","logo":{"@type":"ImageObject","inLanguage":"fr-FR","@id":"https:\/\/www.ibsasailing.com\/#\/schema\/logo\/image\/","url":"https:\/\/www.ibsasailing.com\/wp-content\/uploads\/2022\/11\/IBSA_RdR_StartDay40-1-scaled.jpg","contentUrl":"https:\/\/www.ibsasailing.com\/wp-content\/uploads\/2022\/11\/IBSA_RdR_StartDay40-1-scaled.jpg","width":2560,"height":1523,"caption":"IBSA Sailing"},"image":{"@id":"https:\/\/www.ibsasailing.com\/#\/schema\/logo\/image\/"},"sameAs":["https:\/\/www.facebook.com\/ibsapharma\/"]}]}},"_links":{"self":[{"href":"https:\/\/www.ibsasailing.com\/fr\/wp-json\/wp\/v2\/pages\/70","targetHints":{"allow":["GET"]}}],"collection":[{"href":"https:\/\/www.ibsasailing.com\/fr\/wp-json\/wp\/v2\/pages"}],"about":[{"href":"https:\/\/www.ibsasailing.com\/fr\/wp-json\/wp\/v2\/types\/page"}],"author":[{"embeddable":true,"href":"https:\/\/www.ibsasailing.com\/fr\/wp-json\/wp\/v2\/users\/4"}],"replies":[{"embeddable":true,"href":"https:\/\/www.ibsasailing.com\/fr\/wp-json\/wp\/v2\/comments?post=70"}],"version-history":[{"count":0,"href":"https:\/\/www.ibsasailing.com\/fr\/wp-json\/wp\/v2\/pages\/70\/revisions"}],"wp:attachment":[{"href":"https:\/\/www.ibsasailing.com\/fr\/wp-json\/wp\/v2\/media?parent=70"}],"curies":[{"name":"wp","href":"https:\/\/api.w.org\/{rel}","templated":true}]}}