{"id":72,"date":"2022-03-14T09:12:23","date_gmt":"2022-03-14T08:12:23","guid":{"rendered":"https:\/\/www.ibsasailing.com\/projets-speciaux\/"},"modified":"2022-06-21T14:12:31","modified_gmt":"2022-06-21T12:12:31","slug":"durabilite","status":"publish","type":"page","link":"https:\/\/www.ibsasailing.com\/fr\/durabilite\/","title":{"rendered":"Durabilit\u00e9"},"content":{"rendered":"\r\n<p>Le bien-\u00eatre des personnes, des patients et des employ\u00e9s fait partie int\u00e9grante de la culture de IBSA. La promotion d&rsquo;un d\u00e9veloppement pleinement durable est le seul choix possible, et c&rsquo;est dans ce sc\u00e9nario que IBSA est pr\u00e9sente avec une voix claire et forte, tant par ses propres initiatives que par ses choix d&rsquo;entreprise. Pour IBSA, la durabilit\u00e9 signifie travailler de mani\u00e8re responsable pour g\u00e9n\u00e9rer de la valeur \u00e9conomique, en accordant une priorit\u00e9 \u00e9gale \u00e0 la promotion du progr\u00e8s social et \u00e0 la pr\u00e9servation des ressources environnementales. Dans cette optique, IBSA vise \u00e0 maximiser les effets positifs de ses activit\u00e9s sur la soci\u00e9t\u00e9, l&rsquo;environnement et l&rsquo;\u00e9conomie. Tout cela, \u00e0 travers les activit\u00e9s des entreprises du groupe et des trois fondations cr\u00e9\u00e9es par IBSA.<\/p>\r\n\r\n\r\n\r\n<p>Pour plus d\u2019informations\u202f: <a href=\"https:\/\/www.ibsagroup.com\/our-pillars\/responsibility.html\"><strong>https:\/\/www.ibsagroup.com\/our-pillars\/responsibility.html<\/strong><\/a><\/p>\r\n","protected":false},"excerpt":{"rendered":"<p>Le bien-\u00eatre des personnes, des patients et des employ\u00e9s fait partie int\u00e9grante de la culture de IBSA. La promotion d&rsquo;un d\u00e9veloppement pleinement durable est le seul choix possible, et c&rsquo;est dans ce sc\u00e9nario que IBSA est pr\u00e9sente avec une voix claire et forte, tant par ses propres initiatives que par ses choix d&rsquo;entreprise. Pour IBSA, [&hellip;]<\/p>\n","protected":false},"author":4,"featured_media":0,"parent":0,"menu_order":0,"comment_status":"closed","ping_status":"closed","template":"progetti-speciali.php","meta":{"_acf_changed":false,"ngg_post_thumbnail":0,"footnotes":""},"class_list":["post-72","page","type-page","status-publish","hentry"],"acf":[],"yoast_head":"<!-- This site is optimized with the Yoast SEO plugin v24.3 - https:\/\/yoast.com\/wordpress\/plugins\/seo\/ -->\n<title>Durabilit\u00e9 - IBSA Sailing<\/title>\n<meta name=\"robots\" content=\"index, follow, max-snippet:-1, max-image-preview:large, max-video-preview:-1\" \/>\n<link rel=\"canonical\" href=\"https:\/\/www.ibsasailing.com\/fr\/durabilite\/\" \/>\n<meta property=\"og:locale\" content=\"fr_FR\" \/>\n<meta property=\"og:type\" content=\"article\" \/>\n<meta property=\"og:title\" content=\"Durabilit\u00e9 - IBSA Sailing\" \/>\n<meta property=\"og:description\" content=\"Le bien-\u00eatre des personnes, des patients et des employ\u00e9s fait partie int\u00e9grante de la culture de IBSA. La promotion d&rsquo;un d\u00e9veloppement pleinement durable est le seul choix possible, et c&rsquo;est dans ce sc\u00e9nario que IBSA est pr\u00e9sente avec une voix claire et forte, tant par ses propres initiatives que par ses choix d&rsquo;entreprise. Pour IBSA, [&hellip;]\" \/>\n<meta property=\"og:url\" content=\"https:\/\/www.ibsasailing.com\/fr\/durabilite\/\" \/>\n<meta property=\"og:site_name\" content=\"IBSA Sailing\" \/>\n<meta property=\"article:publisher\" content=\"https:\/\/www.facebook.com\/ibsapharma\/\" \/>\n<meta property=\"article:modified_time\" content=\"2022-06-21T12:12:31+00:00\" \/>\n<meta property=\"og:image\" content=\"https:\/\/www.ibsasailing.com\/wp-content\/uploads\/2022\/09\/logo_ok.png\" \/>\n\t<meta property=\"og:image:width\" content=\"1090\" \/>\n\t<meta property=\"og:image:height\" content=\"876\" \/>\n\t<meta property=\"og:image:type\" content=\"image\/png\" \/>\n<meta name=\"twitter:card\" content=\"summary_large_image\" \/>\n<meta name=\"twitter:label1\" content=\"Dur\u00e9e de lecture estim\u00e9e\" \/>\n\t<meta name=\"twitter:data1\" content=\"1 minute\" \/>\n<script type=\"application\/ld+json\" class=\"yoast-schema-graph\">{\"@context\":\"https:\/\/schema.org\",\"@graph\":[{\"@type\":\"WebPage\",\"@id\":\"https:\/\/www.ibsasailing.com\/fr\/durabilite\/\",\"url\":\"https:\/\/www.ibsasailing.com\/fr\/durabilite\/\",\"name\":\"Durabilit\u00e9 - IBSA Sailing\",\"isPartOf\":{\"@id\":\"https:\/\/www.ibsasailing.com\/#website\"},\"datePublished\":\"2022-03-14T08:12:23+00:00\",\"dateModified\":\"2022-06-21T12:12:31+00:00\",\"breadcrumb\":{\"@id\":\"https:\/\/www.ibsasailing.com\/fr\/durabilite\/#breadcrumb\"},\"inLanguage\":\"fr-FR\",\"potentialAction\":[{\"@type\":\"ReadAction\",\"target\":[\"https:\/\/www.ibsasailing.com\/fr\/durabilite\/\"]}]},{\"@type\":\"BreadcrumbList\",\"@id\":\"https:\/\/www.ibsasailing.com\/fr\/durabilite\/#breadcrumb\",\"itemListElement\":[{\"@type\":\"ListItem\",\"position\":1,\"name\":\"Home\",\"item\":\"https:\/\/www.ibsasailing.com\/fr\/\"},{\"@type\":\"ListItem\",\"position\":2,\"name\":\"Durabilit\u00e9\"}]},{\"@type\":\"WebSite\",\"@id\":\"https:\/\/www.ibsasailing.com\/#website\",\"url\":\"https:\/\/www.ibsasailing.com\/\",\"name\":\"IBSA Sailing\",\"description\":\"Sailing into the Future. Together\",\"publisher\":{\"@id\":\"https:\/\/www.ibsasailing.com\/#organization\"},\"potentialAction\":[{\"@type\":\"SearchAction\",\"target\":{\"@type\":\"EntryPoint\",\"urlTemplate\":\"https:\/\/www.ibsasailing.com\/?s={search_term_string}\"},\"query-input\":{\"@type\":\"PropertyValueSpecification\",\"valueRequired\":true,\"valueName\":\"search_term_string\"}}],\"inLanguage\":\"fr-FR\"},{\"@type\":\"Organization\",\"@id\":\"https:\/\/www.ibsasailing.com\/#organization\",\"name\":\"IBSA Sailing\",\"url\":\"https:\/\/www.ibsasailing.com\/\",\"logo\":{\"@type\":\"ImageObject\",\"inLanguage\":\"fr-FR\",\"@id\":\"https:\/\/www.ibsasailing.com\/#\/schema\/logo\/image\/\",\"url\":\"https:\/\/www.ibsasailing.com\/wp-content\/uploads\/2022\/11\/IBSA_RdR_StartDay40-1-scaled.jpg\",\"contentUrl\":\"https:\/\/www.ibsasailing.com\/wp-content\/uploads\/2022\/11\/IBSA_RdR_StartDay40-1-scaled.jpg\",\"width\":2560,\"height\":1523,\"caption\":\"IBSA Sailing\"},\"image\":{\"@id\":\"https:\/\/www.ibsasailing.com\/#\/schema\/logo\/image\/\"},\"sameAs\":[\"https:\/\/www.facebook.com\/ibsapharma\/\"]}]}<\/script>\n<!-- \/ Yoast SEO plugin. -->","yoast_head_json":{"title":"Durabilit\u00e9 - IBSA Sailing","robots":{"index":"index","follow":"follow","max-snippet":"max-snippet:-1","max-image-preview":"max-image-preview:large","max-video-preview":"max-video-preview:-1"},"canonical":"https:\/\/www.ibsasailing.com\/fr\/durabilite\/","og_locale":"fr_FR","og_type":"article","og_title":"Durabilit\u00e9 - IBSA Sailing","og_description":"Le bien-\u00eatre des personnes, des patients et des employ\u00e9s fait partie int\u00e9grante de la culture de IBSA. La promotion d&rsquo;un d\u00e9veloppement pleinement durable est le seul choix possible, et c&rsquo;est dans ce sc\u00e9nario que IBSA est pr\u00e9sente avec une voix claire et forte, tant par ses propres initiatives que par ses choix d&rsquo;entreprise. Pour IBSA, [&hellip;]","og_url":"https:\/\/www.ibsasailing.com\/fr\/durabilite\/","og_site_name":"IBSA Sailing","article_publisher":"https:\/\/www.facebook.com\/ibsapharma\/","article_modified_time":"2022-06-21T12:12:31+00:00","og_image":[{"width":1090,"height":876,"url":"https:\/\/www.ibsasailing.com\/wp-content\/uploads\/2022\/09\/logo_ok.png","type":"image\/png"}],"twitter_card":"summary_large_image","twitter_misc":{"Dur\u00e9e de lecture estim\u00e9e":"1 minute"},"schema":{"@context":"https:\/\/schema.org","@graph":[{"@type":"WebPage","@id":"https:\/\/www.ibsasailing.com\/fr\/durabilite\/","url":"https:\/\/www.ibsasailing.com\/fr\/durabilite\/","name":"Durabilit\u00e9 - IBSA Sailing","isPartOf":{"@id":"https:\/\/www.ibsasailing.com\/#website"},"datePublished":"2022-03-14T08:12:23+00:00","dateModified":"2022-06-21T12:12:31+00:00","breadcrumb":{"@id":"https:\/\/www.ibsasailing.com\/fr\/durabilite\/#breadcrumb"},"inLanguage":"fr-FR","potentialAction":[{"@type":"ReadAction","target":["https:\/\/www.ibsasailing.com\/fr\/durabilite\/"]}]},{"@type":"BreadcrumbList","@id":"https:\/\/www.ibsasailing.com\/fr\/durabilite\/#breadcrumb","itemListElement":[{"@type":"ListItem","position":1,"name":"Home","item":"https:\/\/www.ibsasailing.com\/fr\/"},{"@type":"ListItem","position":2,"name":"Durabilit\u00e9"}]},{"@type":"WebSite","@id":"https:\/\/www.ibsasailing.com\/#website","url":"https:\/\/www.ibsasailing.com\/","name":"IBSA Sailing","description":"Sailing into the Future. Together","publisher":{"@id":"https:\/\/www.ibsasailing.com\/#organization"},"potentialAction":[{"@type":"SearchAction","target":{"@type":"EntryPoint","urlTemplate":"https:\/\/www.ibsasailing.com\/?s={search_term_string}"},"query-input":{"@type":"PropertyValueSpecification","valueRequired":true,"valueName":"search_term_string"}}],"inLanguage":"fr-FR"},{"@type":"Organization","@id":"https:\/\/www.ibsasailing.com\/#organization","name":"IBSA Sailing","url":"https:\/\/www.ibsasailing.com\/","logo":{"@type":"ImageObject","inLanguage":"fr-FR","@id":"https:\/\/www.ibsasailing.com\/#\/schema\/logo\/image\/","url":"https:\/\/www.ibsasailing.com\/wp-content\/uploads\/2022\/11\/IBSA_RdR_StartDay40-1-scaled.jpg","contentUrl":"https:\/\/www.ibsasailing.com\/wp-content\/uploads\/2022\/11\/IBSA_RdR_StartDay40-1-scaled.jpg","width":2560,"height":1523,"caption":"IBSA Sailing"},"image":{"@id":"https:\/\/www.ibsasailing.com\/#\/schema\/logo\/image\/"},"sameAs":["https:\/\/www.facebook.com\/ibsapharma\/"]}]}},"_links":{"self":[{"href":"https:\/\/www.ibsasailing.com\/fr\/wp-json\/wp\/v2\/pages\/72","targetHints":{"allow":["GET"]}}],"collection":[{"href":"https:\/\/www.ibsasailing.com\/fr\/wp-json\/wp\/v2\/pages"}],"about":[{"href":"https:\/\/www.ibsasailing.com\/fr\/wp-json\/wp\/v2\/types\/page"}],"author":[{"embeddable":true,"href":"https:\/\/www.ibsasailing.com\/fr\/wp-json\/wp\/v2\/users\/4"}],"replies":[{"embeddable":true,"href":"https:\/\/www.ibsasailing.com\/fr\/wp-json\/wp\/v2\/comments?post=72"}],"version-history":[{"count":0,"href":"https:\/\/www.ibsasailing.com\/fr\/wp-json\/wp\/v2\/pages\/72\/revisions"}],"wp:attachment":[{"href":"https:\/\/www.ibsasailing.com\/fr\/wp-json\/wp\/v2\/media?parent=72"}],"curies":[{"name":"wp","href":"https:\/\/api.w.org\/{rel}","templated":true}]}}