{"id":74,"date":"2022-03-10T16:46:29","date_gmt":"2022-03-10T15:46:29","guid":{"rendered":"https:\/\/www.ibsasailing.com\/projet\/"},"modified":"2023-07-25T13:06:29","modified_gmt":"2023-07-25T11:06:29","slug":"projet","status":"publish","type":"page","link":"https:\/\/www.ibsasailing.com\/fr\/projet\/","title":{"rendered":"Projet"},"content":{"rendered":"\n<p><strong>D\u00e9fi, r\u00e9silience, courage, nature, innovation\u202f: voici quelques-uns des mots cl\u00e9s qui distinguent \u00ab\u202fSailing into the Future. Ensemble\u202f\u00bb.<\/strong><\/p>\n\n\n\n<p>Le nouveau projet d&rsquo;IBSA commence en 2022 avec une aventure sportive &#8211; une course en solitaire parmi les plus prestigieuses et les plus difficiles, comme la Route du Rhum &#8211; mais qui, en r\u00e9alit\u00e9, repr\u00e9sente aussi m\u00e9taphoriquement l&rsquo;histoire, la philosophie et la vision de l&rsquo;entreprise, toujours tourn\u00e9e vers l&rsquo;avenir, dans un d\u00e9fi continu dans le domaine de la th\u00e9rapie et des soins personnels, mais pas seulement.<\/p>\n\n\n\n<p>Le projet implique une \u00e9quipe de grande exp\u00e9rience et de talent sportif, impliqu\u00e9e d\u00e8s la phase de conception et de construction d\u2019un bateau Class40 innovant et dot\u00e9 d\u2019une technologie de pointe. Un bateau pilot\u00e9 par Alberto Bona, le skipper charg\u00e9 de transformer l\u2019aventure en succ\u00e8s.<\/p>\n\n\n\n<p>Mais il ne s\u2019agit pas seulement de traverser l\u2019oc\u00e9an. Au-del\u00e0 du sport, la voile est une exp\u00e9rience de vie et de courage, une occasion de voyager en contact total avec la nature et sa puissance. Elle s\u2019inscrit dans un parcours qui rapproche l\u2019IBSA du th\u00e8me de la durabilit\u00e9 environnementale et sociale, en promouvant le respect de la nature, l\u2019inclusion et l\u2019int\u00e9gration, le dialogue et la confrontation, en accordant une plus grande attention \u00e0 ceux qui se trouvent dans des situations difficiles, d\u2019inconfort social ou qui vivent avec un handicap.<\/p>\n\n\n\n<p>\u00ab\u202fSailing into the Future. Ensemble\u202f\u00bb est un voyage qui concr\u00e9tise les valeurs et les piliers de l&rsquo;IBSA &#8211; les personnes, l&rsquo;innovation, la qualit\u00e9 et la responsabilit\u00e9 &#8211; en montrant une entreprise qui affronte l&rsquo;avenir avec d\u00e9termination, accepte de nouveaux d\u00e9fis en mettant en place engagement, comp\u00e9tences, ressources et innovation.<\/p>\n\n\n\n<p>Une entreprise qui veut continuer \u00e0 se d\u00e9velopper, non seulement en tant qu&rsquo;entreprise, mais surtout en regardant la communaut\u00e9 et qui veut faire sa part pour r\u00e9pondre aux questions environnementales et sociales qui nous concernent aujourd&rsquo;hui et doivent nous impliquer tous.<\/p>\n","protected":false},"excerpt":{"rendered":"<p>D\u00e9fi, r\u00e9silience, courage, nature, innovation\u202f: voici quelques-uns des mots cl\u00e9s qui distinguent \u00ab\u202fSailing into the Future. Ensemble\u202f\u00bb. Le nouveau projet d&rsquo;IBSA commence en 2022 avec une aventure sportive &#8211; une course en solitaire parmi les plus prestigieuses et les plus difficiles, comme la Route du Rhum &#8211; mais qui, en r\u00e9alit\u00e9, repr\u00e9sente aussi m\u00e9taphoriquement l&rsquo;histoire, [&hellip;]<\/p>\n","protected":false},"author":4,"featured_media":0,"parent":0,"menu_order":0,"comment_status":"closed","ping_status":"closed","template":"progetto.php","meta":{"_acf_changed":false,"ngg_post_thumbnail":0,"footnotes":""},"class_list":["post-74","page","type-page","status-publish","hentry"],"acf":[],"yoast_head":"<!-- This site is optimized with the Yoast SEO plugin v24.3 - https:\/\/yoast.com\/wordpress\/plugins\/seo\/ -->\n<title>Projet - IBSA Sailing<\/title>\n<meta name=\"robots\" content=\"index, follow, max-snippet:-1, max-image-preview:large, max-video-preview:-1\" \/>\n<link rel=\"canonical\" href=\"https:\/\/www.ibsasailing.com\/fr\/projet\/\" \/>\n<meta property=\"og:locale\" content=\"fr_FR\" \/>\n<meta property=\"og:type\" content=\"article\" \/>\n<meta property=\"og:title\" content=\"Projet - IBSA Sailing\" \/>\n<meta property=\"og:description\" content=\"D\u00e9fi, r\u00e9silience, courage, nature, innovation\u202f: voici quelques-uns des mots cl\u00e9s qui distinguent \u00ab\u202fSailing into the Future. Ensemble\u202f\u00bb. Le nouveau projet d&rsquo;IBSA commence en 2022 avec une aventure sportive &#8211; une course en solitaire parmi les plus prestigieuses et les plus difficiles, comme la Route du Rhum &#8211; mais qui, en r\u00e9alit\u00e9, repr\u00e9sente aussi m\u00e9taphoriquement l&rsquo;histoire, [&hellip;]\" \/>\n<meta property=\"og:url\" content=\"https:\/\/www.ibsasailing.com\/fr\/projet\/\" \/>\n<meta property=\"og:site_name\" content=\"IBSA Sailing\" \/>\n<meta property=\"article:publisher\" content=\"https:\/\/www.facebook.com\/ibsapharma\/\" \/>\n<meta property=\"article:modified_time\" content=\"2023-07-25T11:06:29+00:00\" \/>\n<meta property=\"og:image\" content=\"https:\/\/www.ibsasailing.com\/wp-content\/uploads\/2023\/07\/progetto2.jpg\" \/>\n\t<meta property=\"og:image:width\" content=\"1903\" \/>\n\t<meta property=\"og:image:height\" content=\"1344\" \/>\n\t<meta property=\"og:image:type\" content=\"image\/jpeg\" \/>\n<meta name=\"twitter:card\" content=\"summary_large_image\" \/>\n<meta name=\"twitter:label1\" content=\"Dur\u00e9e de lecture estim\u00e9e\" \/>\n\t<meta name=\"twitter:data1\" content=\"2 minutes\" \/>\n<script type=\"application\/ld+json\" class=\"yoast-schema-graph\">{\"@context\":\"https:\/\/schema.org\",\"@graph\":[{\"@type\":\"WebPage\",\"@id\":\"https:\/\/www.ibsasailing.com\/fr\/projet\/\",\"url\":\"https:\/\/www.ibsasailing.com\/fr\/projet\/\",\"name\":\"Projet - IBSA Sailing\",\"isPartOf\":{\"@id\":\"https:\/\/www.ibsasailing.com\/#website\"},\"datePublished\":\"2022-03-10T15:46:29+00:00\",\"dateModified\":\"2023-07-25T11:06:29+00:00\",\"breadcrumb\":{\"@id\":\"https:\/\/www.ibsasailing.com\/fr\/projet\/#breadcrumb\"},\"inLanguage\":\"fr-FR\",\"potentialAction\":[{\"@type\":\"ReadAction\",\"target\":[\"https:\/\/www.ibsasailing.com\/fr\/projet\/\"]}]},{\"@type\":\"BreadcrumbList\",\"@id\":\"https:\/\/www.ibsasailing.com\/fr\/projet\/#breadcrumb\",\"itemListElement\":[{\"@type\":\"ListItem\",\"position\":1,\"name\":\"Home\",\"item\":\"https:\/\/www.ibsasailing.com\/fr\/\"},{\"@type\":\"ListItem\",\"position\":2,\"name\":\"Projet\"}]},{\"@type\":\"WebSite\",\"@id\":\"https:\/\/www.ibsasailing.com\/#website\",\"url\":\"https:\/\/www.ibsasailing.com\/\",\"name\":\"IBSA Sailing\",\"description\":\"Sailing into the Future. Together\",\"publisher\":{\"@id\":\"https:\/\/www.ibsasailing.com\/#organization\"},\"potentialAction\":[{\"@type\":\"SearchAction\",\"target\":{\"@type\":\"EntryPoint\",\"urlTemplate\":\"https:\/\/www.ibsasailing.com\/?s={search_term_string}\"},\"query-input\":{\"@type\":\"PropertyValueSpecification\",\"valueRequired\":true,\"valueName\":\"search_term_string\"}}],\"inLanguage\":\"fr-FR\"},{\"@type\":\"Organization\",\"@id\":\"https:\/\/www.ibsasailing.com\/#organization\",\"name\":\"IBSA Sailing\",\"url\":\"https:\/\/www.ibsasailing.com\/\",\"logo\":{\"@type\":\"ImageObject\",\"inLanguage\":\"fr-FR\",\"@id\":\"https:\/\/www.ibsasailing.com\/#\/schema\/logo\/image\/\",\"url\":\"https:\/\/www.ibsasailing.com\/wp-content\/uploads\/2022\/11\/IBSA_RdR_StartDay40-1-scaled.jpg\",\"contentUrl\":\"https:\/\/www.ibsasailing.com\/wp-content\/uploads\/2022\/11\/IBSA_RdR_StartDay40-1-scaled.jpg\",\"width\":2560,\"height\":1523,\"caption\":\"IBSA Sailing\"},\"image\":{\"@id\":\"https:\/\/www.ibsasailing.com\/#\/schema\/logo\/image\/\"},\"sameAs\":[\"https:\/\/www.facebook.com\/ibsapharma\/\"]}]}<\/script>\n<!-- \/ Yoast SEO plugin. -->","yoast_head_json":{"title":"Projet - IBSA Sailing","robots":{"index":"index","follow":"follow","max-snippet":"max-snippet:-1","max-image-preview":"max-image-preview:large","max-video-preview":"max-video-preview:-1"},"canonical":"https:\/\/www.ibsasailing.com\/fr\/projet\/","og_locale":"fr_FR","og_type":"article","og_title":"Projet - IBSA Sailing","og_description":"D\u00e9fi, r\u00e9silience, courage, nature, innovation\u202f: voici quelques-uns des mots cl\u00e9s qui distinguent \u00ab\u202fSailing into the Future. Ensemble\u202f\u00bb. Le nouveau projet d&rsquo;IBSA commence en 2022 avec une aventure sportive &#8211; une course en solitaire parmi les plus prestigieuses et les plus difficiles, comme la Route du Rhum &#8211; mais qui, en r\u00e9alit\u00e9, repr\u00e9sente aussi m\u00e9taphoriquement l&rsquo;histoire, [&hellip;]","og_url":"https:\/\/www.ibsasailing.com\/fr\/projet\/","og_site_name":"IBSA Sailing","article_publisher":"https:\/\/www.facebook.com\/ibsapharma\/","article_modified_time":"2023-07-25T11:06:29+00:00","og_image":[{"width":1903,"height":1344,"url":"https:\/\/www.ibsasailing.com\/wp-content\/uploads\/2023\/07\/progetto2.jpg","type":"image\/jpeg"}],"twitter_card":"summary_large_image","twitter_misc":{"Dur\u00e9e de lecture estim\u00e9e":"2 minutes"},"schema":{"@context":"https:\/\/schema.org","@graph":[{"@type":"WebPage","@id":"https:\/\/www.ibsasailing.com\/fr\/projet\/","url":"https:\/\/www.ibsasailing.com\/fr\/projet\/","name":"Projet - IBSA Sailing","isPartOf":{"@id":"https:\/\/www.ibsasailing.com\/#website"},"datePublished":"2022-03-10T15:46:29+00:00","dateModified":"2023-07-25T11:06:29+00:00","breadcrumb":{"@id":"https:\/\/www.ibsasailing.com\/fr\/projet\/#breadcrumb"},"inLanguage":"fr-FR","potentialAction":[{"@type":"ReadAction","target":["https:\/\/www.ibsasailing.com\/fr\/projet\/"]}]},{"@type":"BreadcrumbList","@id":"https:\/\/www.ibsasailing.com\/fr\/projet\/#breadcrumb","itemListElement":[{"@type":"ListItem","position":1,"name":"Home","item":"https:\/\/www.ibsasailing.com\/fr\/"},{"@type":"ListItem","position":2,"name":"Projet"}]},{"@type":"WebSite","@id":"https:\/\/www.ibsasailing.com\/#website","url":"https:\/\/www.ibsasailing.com\/","name":"IBSA Sailing","description":"Sailing into the Future. Together","publisher":{"@id":"https:\/\/www.ibsasailing.com\/#organization"},"potentialAction":[{"@type":"SearchAction","target":{"@type":"EntryPoint","urlTemplate":"https:\/\/www.ibsasailing.com\/?s={search_term_string}"},"query-input":{"@type":"PropertyValueSpecification","valueRequired":true,"valueName":"search_term_string"}}],"inLanguage":"fr-FR"},{"@type":"Organization","@id":"https:\/\/www.ibsasailing.com\/#organization","name":"IBSA Sailing","url":"https:\/\/www.ibsasailing.com\/","logo":{"@type":"ImageObject","inLanguage":"fr-FR","@id":"https:\/\/www.ibsasailing.com\/#\/schema\/logo\/image\/","url":"https:\/\/www.ibsasailing.com\/wp-content\/uploads\/2022\/11\/IBSA_RdR_StartDay40-1-scaled.jpg","contentUrl":"https:\/\/www.ibsasailing.com\/wp-content\/uploads\/2022\/11\/IBSA_RdR_StartDay40-1-scaled.jpg","width":2560,"height":1523,"caption":"IBSA Sailing"},"image":{"@id":"https:\/\/www.ibsasailing.com\/#\/schema\/logo\/image\/"},"sameAs":["https:\/\/www.facebook.com\/ibsapharma\/"]}]}},"_links":{"self":[{"href":"https:\/\/www.ibsasailing.com\/fr\/wp-json\/wp\/v2\/pages\/74","targetHints":{"allow":["GET"]}}],"collection":[{"href":"https:\/\/www.ibsasailing.com\/fr\/wp-json\/wp\/v2\/pages"}],"about":[{"href":"https:\/\/www.ibsasailing.com\/fr\/wp-json\/wp\/v2\/types\/page"}],"author":[{"embeddable":true,"href":"https:\/\/www.ibsasailing.com\/fr\/wp-json\/wp\/v2\/users\/4"}],"replies":[{"embeddable":true,"href":"https:\/\/www.ibsasailing.com\/fr\/wp-json\/wp\/v2\/comments?post=74"}],"version-history":[{"count":0,"href":"https:\/\/www.ibsasailing.com\/fr\/wp-json\/wp\/v2\/pages\/74\/revisions"}],"wp:attachment":[{"href":"https:\/\/www.ibsasailing.com\/fr\/wp-json\/wp\/v2\/media?parent=74"}],"curies":[{"name":"wp","href":"https:\/\/api.w.org\/{rel}","templated":true}]}}