{"id":7549,"date":"2024-05-28T12:01:17","date_gmt":"2024-05-28T10:01:17","guid":{"rendered":"https:\/\/www.ibsasailing.com\/?page_id=7549"},"modified":"2024-05-28T14:32:39","modified_gmt":"2024-05-28T12:32:39","slug":"transat-quebec-saint-malo","status":"publish","type":"page","link":"https:\/\/www.ibsasailing.com\/fr\/transat-quebec-saint-malo\/","title":{"rendered":"Transat Qu\u00e9bec Saint-Malo"},"content":{"rendered":"\n<p>La Transat Qu\u00e9bec Saint-Malo, inaugur\u00e9e en&nbsp;1984 et souvent r\u00e9sum\u00e9e par l\u2019acronyme&nbsp;TQSM, repr\u00e9sente la plus ancienne course oc\u00e9anique sans escale d\u2019ouest en est, en \u00e9quipage. Tous les quatre ans, cette comp\u00e9tition l\u00e9gendaire attire des marins du monde entier, qui s\u2019affrontent dans une aventure \u00e9pique. En partant des rives du fleuve Saint-Laurent, entre Qu\u00e9bec et L\u00e9vis au Canada, les participants affrontent les courants et les mar\u00e9es du fleuve. Ils traversent ensuite l\u2019oc\u00e9an Atlantique Nord en \u00e9vitant les icebergs, pour finalement naviguer dans la Manche jusqu\u2019\u00e0 Saint-Malo en France.<\/p>\n\n\n\n<p>La dixi\u00e8me \u00e9dition, qui commencera le 30&nbsp;juin&nbsp;2024, s\u2019annonce inoubliable. Trois classes ont concouru&nbsp;:<\/p>\n\n\n\n<ul class=\"wp-block-list\">\n<li>les Class40, qui c\u00e9l\u00e8brent le 20<sup>e<\/sup>\u00a0anniversaire de leur association\u00a0;<\/li>\n\n\n\n<li>les grands multicoques (MOD70, ORMA et Open multi), pour lesquels un parcours prolong\u00e9 est pr\u00e9vu avec le passage pr\u00e8s du rocher du Fastnet (Irlande)\u00a0;<\/li>\n\n\n\n<li>des classes hommage, compos\u00e9es de multicoques anciens et de monocoques ouverts de 45 \u00e0 70\u00a0pieds, honoreront des l\u00e9gendes canadiennes de la course oc\u00e9anique.<\/li>\n<\/ul>\n\n\n\n<p>La Transat Qu\u00e9bec Saint-Malo, initi\u00e9e par le visionnaire Andr\u00e9 Langlois, amoureux de la mer, va bien au-del\u00e0 d\u2019une simple comp\u00e9tition oc\u00e9anique, il s\u2019agit d\u2019une f\u00eate d\u00e9di\u00e9e \u00e0 la passion pour la voile. En&nbsp;1984, pour c\u00e9l\u00e9brer le 450<sup>e<\/sup>&nbsp;anniversaire du premier voyage de l\u2019explorateur fran\u00e7ais Jacques Cartier \u00e0 Qu\u00e9bec, Andr\u00e9 Langlois a entrepris, avec son ami Gaston Truchon, la premi\u00e8re \u00e9dition de cette course oc\u00e9anique. Ce p\u00e9riple est devenu embl\u00e9matique du lien privil\u00e9gi\u00e9 entre le Nouveau et l\u2019Ancien Monde.<\/p>\n","protected":false},"excerpt":{"rendered":"<p>La Transat Qu\u00e9bec Saint-Malo, inaugur\u00e9e en&nbsp;1984 et souvent r\u00e9sum\u00e9e par l\u2019acronyme&nbsp;TQSM, repr\u00e9sente la plus ancienne course oc\u00e9anique sans escale d\u2019ouest en est, en \u00e9quipage. Tous les quatre ans, cette comp\u00e9tition l\u00e9gendaire attire des marins du monde entier, qui s\u2019affrontent dans une aventure \u00e9pique. En partant des rives du fleuve Saint-Laurent, entre Qu\u00e9bec et L\u00e9vis au [&hellip;]<\/p>\n","protected":false},"author":4,"featured_media":7515,"parent":0,"menu_order":0,"comment_status":"closed","ping_status":"closed","template":"quebec.php","meta":{"_acf_changed":false,"ngg_post_thumbnail":0,"footnotes":""},"class_list":["post-7549","page","type-page","status-publish","has-post-thumbnail","hentry"],"acf":[],"yoast_head":"<!-- This site is optimized with the Yoast SEO plugin v24.3 - https:\/\/yoast.com\/wordpress\/plugins\/seo\/ -->\n<title>Transat Qu\u00e9bec Saint-Malo - IBSA Sailing<\/title>\n<meta name=\"robots\" content=\"index, follow, max-snippet:-1, max-image-preview:large, max-video-preview:-1\" \/>\n<link rel=\"canonical\" href=\"https:\/\/www.ibsasailing.com\/fr\/transat-quebec-saint-malo\/\" \/>\n<meta property=\"og:locale\" content=\"fr_FR\" \/>\n<meta property=\"og:type\" content=\"article\" \/>\n<meta property=\"og:title\" content=\"Transat Qu\u00e9bec Saint-Malo - IBSA Sailing\" \/>\n<meta property=\"og:description\" content=\"La Transat Qu\u00e9bec Saint-Malo, inaugur\u00e9e en&nbsp;1984 et souvent r\u00e9sum\u00e9e par l\u2019acronyme&nbsp;TQSM, repr\u00e9sente la plus ancienne course oc\u00e9anique sans escale d\u2019ouest en est, en \u00e9quipage. Tous les quatre ans, cette comp\u00e9tition l\u00e9gendaire attire des marins du monde entier, qui s\u2019affrontent dans une aventure \u00e9pique. En partant des rives du fleuve Saint-Laurent, entre Qu\u00e9bec et L\u00e9vis au [&hellip;]\" \/>\n<meta property=\"og:url\" content=\"https:\/\/www.ibsasailing.com\/fr\/transat-quebec-saint-malo\/\" \/>\n<meta property=\"og:site_name\" content=\"IBSA Sailing\" \/>\n<meta property=\"article:publisher\" content=\"https:\/\/www.facebook.com\/ibsapharma\/\" \/>\n<meta property=\"article:modified_time\" content=\"2024-05-28T12:32:39+00:00\" \/>\n<meta property=\"og:image\" content=\"https:\/\/www.ibsasailing.com\/wp-content\/uploads\/2024\/05\/IBSA_Transat_CIC_Start_24_PhBeppeRaso_0164.jpg\" \/>\n\t<meta property=\"og:image:width\" content=\"1920\" \/>\n\t<meta property=\"og:image:height\" content=\"1440\" \/>\n\t<meta property=\"og:image:type\" content=\"image\/jpeg\" \/>\n<meta name=\"twitter:card\" content=\"summary_large_image\" \/>\n<meta name=\"twitter:label1\" content=\"Dur\u00e9e de lecture estim\u00e9e\" \/>\n\t<meta name=\"twitter:data1\" content=\"2 minutes\" \/>\n<script type=\"application\/ld+json\" class=\"yoast-schema-graph\">{\"@context\":\"https:\/\/schema.org\",\"@graph\":[{\"@type\":\"WebPage\",\"@id\":\"https:\/\/www.ibsasailing.com\/fr\/transat-quebec-saint-malo\/\",\"url\":\"https:\/\/www.ibsasailing.com\/fr\/transat-quebec-saint-malo\/\",\"name\":\"Transat Qu\u00e9bec Saint-Malo - IBSA Sailing\",\"isPartOf\":{\"@id\":\"https:\/\/www.ibsasailing.com\/#website\"},\"primaryImageOfPage\":{\"@id\":\"https:\/\/www.ibsasailing.com\/fr\/transat-quebec-saint-malo\/#primaryimage\"},\"image\":{\"@id\":\"https:\/\/www.ibsasailing.com\/fr\/transat-quebec-saint-malo\/#primaryimage\"},\"thumbnailUrl\":\"https:\/\/www.ibsasailing.com\/wp-content\/uploads\/2024\/05\/IBSA_Transat_CIC_Start_24_PhBeppeRaso_0164.jpg\",\"datePublished\":\"2024-05-28T10:01:17+00:00\",\"dateModified\":\"2024-05-28T12:32:39+00:00\",\"breadcrumb\":{\"@id\":\"https:\/\/www.ibsasailing.com\/fr\/transat-quebec-saint-malo\/#breadcrumb\"},\"inLanguage\":\"fr-FR\",\"potentialAction\":[{\"@type\":\"ReadAction\",\"target\":[\"https:\/\/www.ibsasailing.com\/fr\/transat-quebec-saint-malo\/\"]}]},{\"@type\":\"ImageObject\",\"inLanguage\":\"fr-FR\",\"@id\":\"https:\/\/www.ibsasailing.com\/fr\/transat-quebec-saint-malo\/#primaryimage\",\"url\":\"https:\/\/www.ibsasailing.com\/wp-content\/uploads\/2024\/05\/IBSA_Transat_CIC_Start_24_PhBeppeRaso_0164.jpg\",\"contentUrl\":\"https:\/\/www.ibsasailing.com\/wp-content\/uploads\/2024\/05\/IBSA_Transat_CIC_Start_24_PhBeppeRaso_0164.jpg\",\"width\":1920,\"height\":1440},{\"@type\":\"BreadcrumbList\",\"@id\":\"https:\/\/www.ibsasailing.com\/fr\/transat-quebec-saint-malo\/#breadcrumb\",\"itemListElement\":[{\"@type\":\"ListItem\",\"position\":1,\"name\":\"Home\",\"item\":\"https:\/\/www.ibsasailing.com\/fr\/\"},{\"@type\":\"ListItem\",\"position\":2,\"name\":\"Transat Qu\u00e9bec Saint-Malo\"}]},{\"@type\":\"WebSite\",\"@id\":\"https:\/\/www.ibsasailing.com\/#website\",\"url\":\"https:\/\/www.ibsasailing.com\/\",\"name\":\"IBSA Sailing\",\"description\":\"Sailing into the Future. Together\",\"publisher\":{\"@id\":\"https:\/\/www.ibsasailing.com\/#organization\"},\"potentialAction\":[{\"@type\":\"SearchAction\",\"target\":{\"@type\":\"EntryPoint\",\"urlTemplate\":\"https:\/\/www.ibsasailing.com\/?s={search_term_string}\"},\"query-input\":{\"@type\":\"PropertyValueSpecification\",\"valueRequired\":true,\"valueName\":\"search_term_string\"}}],\"inLanguage\":\"fr-FR\"},{\"@type\":\"Organization\",\"@id\":\"https:\/\/www.ibsasailing.com\/#organization\",\"name\":\"IBSA Sailing\",\"url\":\"https:\/\/www.ibsasailing.com\/\",\"logo\":{\"@type\":\"ImageObject\",\"inLanguage\":\"fr-FR\",\"@id\":\"https:\/\/www.ibsasailing.com\/#\/schema\/logo\/image\/\",\"url\":\"https:\/\/www.ibsasailing.com\/wp-content\/uploads\/2022\/11\/IBSA_RdR_StartDay40-1-scaled.jpg\",\"contentUrl\":\"https:\/\/www.ibsasailing.com\/wp-content\/uploads\/2022\/11\/IBSA_RdR_StartDay40-1-scaled.jpg\",\"width\":2560,\"height\":1523,\"caption\":\"IBSA Sailing\"},\"image\":{\"@id\":\"https:\/\/www.ibsasailing.com\/#\/schema\/logo\/image\/\"},\"sameAs\":[\"https:\/\/www.facebook.com\/ibsapharma\/\"]}]}<\/script>\n<!-- \/ Yoast SEO plugin. -->","yoast_head_json":{"title":"Transat Qu\u00e9bec Saint-Malo - IBSA Sailing","robots":{"index":"index","follow":"follow","max-snippet":"max-snippet:-1","max-image-preview":"max-image-preview:large","max-video-preview":"max-video-preview:-1"},"canonical":"https:\/\/www.ibsasailing.com\/fr\/transat-quebec-saint-malo\/","og_locale":"fr_FR","og_type":"article","og_title":"Transat Qu\u00e9bec Saint-Malo - IBSA Sailing","og_description":"La Transat Qu\u00e9bec Saint-Malo, inaugur\u00e9e en&nbsp;1984 et souvent r\u00e9sum\u00e9e par l\u2019acronyme&nbsp;TQSM, repr\u00e9sente la plus ancienne course oc\u00e9anique sans escale d\u2019ouest en est, en \u00e9quipage. Tous les quatre ans, cette comp\u00e9tition l\u00e9gendaire attire des marins du monde entier, qui s\u2019affrontent dans une aventure \u00e9pique. En partant des rives du fleuve Saint-Laurent, entre Qu\u00e9bec et L\u00e9vis au [&hellip;]","og_url":"https:\/\/www.ibsasailing.com\/fr\/transat-quebec-saint-malo\/","og_site_name":"IBSA Sailing","article_publisher":"https:\/\/www.facebook.com\/ibsapharma\/","article_modified_time":"2024-05-28T12:32:39+00:00","og_image":[{"width":1920,"height":1440,"url":"https:\/\/www.ibsasailing.com\/wp-content\/uploads\/2024\/05\/IBSA_Transat_CIC_Start_24_PhBeppeRaso_0164.jpg","type":"image\/jpeg"}],"twitter_card":"summary_large_image","twitter_misc":{"Dur\u00e9e de lecture estim\u00e9e":"2 minutes"},"schema":{"@context":"https:\/\/schema.org","@graph":[{"@type":"WebPage","@id":"https:\/\/www.ibsasailing.com\/fr\/transat-quebec-saint-malo\/","url":"https:\/\/www.ibsasailing.com\/fr\/transat-quebec-saint-malo\/","name":"Transat Qu\u00e9bec Saint-Malo - IBSA Sailing","isPartOf":{"@id":"https:\/\/www.ibsasailing.com\/#website"},"primaryImageOfPage":{"@id":"https:\/\/www.ibsasailing.com\/fr\/transat-quebec-saint-malo\/#primaryimage"},"image":{"@id":"https:\/\/www.ibsasailing.com\/fr\/transat-quebec-saint-malo\/#primaryimage"},"thumbnailUrl":"https:\/\/www.ibsasailing.com\/wp-content\/uploads\/2024\/05\/IBSA_Transat_CIC_Start_24_PhBeppeRaso_0164.jpg","datePublished":"2024-05-28T10:01:17+00:00","dateModified":"2024-05-28T12:32:39+00:00","breadcrumb":{"@id":"https:\/\/www.ibsasailing.com\/fr\/transat-quebec-saint-malo\/#breadcrumb"},"inLanguage":"fr-FR","potentialAction":[{"@type":"ReadAction","target":["https:\/\/www.ibsasailing.com\/fr\/transat-quebec-saint-malo\/"]}]},{"@type":"ImageObject","inLanguage":"fr-FR","@id":"https:\/\/www.ibsasailing.com\/fr\/transat-quebec-saint-malo\/#primaryimage","url":"https:\/\/www.ibsasailing.com\/wp-content\/uploads\/2024\/05\/IBSA_Transat_CIC_Start_24_PhBeppeRaso_0164.jpg","contentUrl":"https:\/\/www.ibsasailing.com\/wp-content\/uploads\/2024\/05\/IBSA_Transat_CIC_Start_24_PhBeppeRaso_0164.jpg","width":1920,"height":1440},{"@type":"BreadcrumbList","@id":"https:\/\/www.ibsasailing.com\/fr\/transat-quebec-saint-malo\/#breadcrumb","itemListElement":[{"@type":"ListItem","position":1,"name":"Home","item":"https:\/\/www.ibsasailing.com\/fr\/"},{"@type":"ListItem","position":2,"name":"Transat Qu\u00e9bec Saint-Malo"}]},{"@type":"WebSite","@id":"https:\/\/www.ibsasailing.com\/#website","url":"https:\/\/www.ibsasailing.com\/","name":"IBSA Sailing","description":"Sailing into the Future. Together","publisher":{"@id":"https:\/\/www.ibsasailing.com\/#organization"},"potentialAction":[{"@type":"SearchAction","target":{"@type":"EntryPoint","urlTemplate":"https:\/\/www.ibsasailing.com\/?s={search_term_string}"},"query-input":{"@type":"PropertyValueSpecification","valueRequired":true,"valueName":"search_term_string"}}],"inLanguage":"fr-FR"},{"@type":"Organization","@id":"https:\/\/www.ibsasailing.com\/#organization","name":"IBSA Sailing","url":"https:\/\/www.ibsasailing.com\/","logo":{"@type":"ImageObject","inLanguage":"fr-FR","@id":"https:\/\/www.ibsasailing.com\/#\/schema\/logo\/image\/","url":"https:\/\/www.ibsasailing.com\/wp-content\/uploads\/2022\/11\/IBSA_RdR_StartDay40-1-scaled.jpg","contentUrl":"https:\/\/www.ibsasailing.com\/wp-content\/uploads\/2022\/11\/IBSA_RdR_StartDay40-1-scaled.jpg","width":2560,"height":1523,"caption":"IBSA Sailing"},"image":{"@id":"https:\/\/www.ibsasailing.com\/#\/schema\/logo\/image\/"},"sameAs":["https:\/\/www.facebook.com\/ibsapharma\/"]}]}},"_links":{"self":[{"href":"https:\/\/www.ibsasailing.com\/fr\/wp-json\/wp\/v2\/pages\/7549","targetHints":{"allow":["GET"]}}],"collection":[{"href":"https:\/\/www.ibsasailing.com\/fr\/wp-json\/wp\/v2\/pages"}],"about":[{"href":"https:\/\/www.ibsasailing.com\/fr\/wp-json\/wp\/v2\/types\/page"}],"author":[{"embeddable":true,"href":"https:\/\/www.ibsasailing.com\/fr\/wp-json\/wp\/v2\/users\/4"}],"replies":[{"embeddable":true,"href":"https:\/\/www.ibsasailing.com\/fr\/wp-json\/wp\/v2\/comments?post=7549"}],"version-history":[{"count":1,"href":"https:\/\/www.ibsasailing.com\/fr\/wp-json\/wp\/v2\/pages\/7549\/revisions"}],"predecessor-version":[{"id":7550,"href":"https:\/\/www.ibsasailing.com\/fr\/wp-json\/wp\/v2\/pages\/7549\/revisions\/7550"}],"wp:featuredmedia":[{"embeddable":true,"href":"https:\/\/www.ibsasailing.com\/fr\/wp-json\/wp\/v2\/media\/7515"}],"wp:attachment":[{"href":"https:\/\/www.ibsasailing.com\/fr\/wp-json\/wp\/v2\/media?parent=7549"}],"curies":[{"name":"wp","href":"https:\/\/api.w.org\/{rel}","templated":true}]}}