{"id":78,"date":"2022-03-14T10:02:59","date_gmt":"2022-03-14T09:02:59","guid":{"rendered":"https:\/\/www.ibsasailing.com\/sailing-with-children\/"},"modified":"2025-07-30T14:24:14","modified_gmt":"2025-07-30T12:24:14","slug":"voile-solidaire","status":"publish","type":"page","link":"https:\/\/www.ibsasailing.com\/fr\/voile-solidaire\/","title":{"rendered":"Voile Solidaire"},"content":{"rendered":"\n<p>Le projet <em>Sailing into the Future. Together<\/em> d\u2019IBSA place la voile au c\u0153ur de son engagement, rendant ce sport un moyen de sensibiliser aux enjeux de l\u2019inclusion et de l\u2019int\u00e9gration sociale. Il collabore avec d<strong>es organisations qui soutiennent des initiatives de voile pour les personnes handicap\u00e9es<\/strong>. Activer des projets de voile inclusive signifie faire avancer les changements culturels et sociaux et cr\u00e9er un parcours d\u2019enrichissement qui profite \u00e0 toutes les personnes impliqu\u00e9es. Le sport devient un moyen de d\u00e9couvrir des aptitudes et des talents, <strong>en allant au-del\u00e0 des handicaps physiques et cognitifs.<\/strong> Il offre \u00e9galement l\u2019occasion d\u2019am\u00e9liorer la confiance en soi, de cr\u00e9er des opportunit\u00e9s de rencontre et d\u2019\u00e9duquer au respect des autres. C<strong>\u2019est dans cette optique que nous avons \u00e9tabli des partenariats avec un certain nombre d\u2019entit\u00e9s nautiques en Suisse, en Italie, en France, en Espagne et aux \u00c9tats-Unis.<\/strong><\/p>\n\n\n\n<div style=\"height:36px\" aria-hidden=\"true\" class=\"wp-block-spacer\"><\/div>\n\n\n\n<p><strong>Suisse<\/strong><\/p>\n\n\n\n<p>En Suisse, nous soutenons l\u2019<strong>Association Velabili<\/strong> bas\u00e9e au Circolo Velico Lago di Lugano, qui promeut des programmes de voile pour les personnes handicap\u00e9es.<\/p>\n\n\n\n<p>En juin 2023, nous avons soutenu les Velabili dans sa participation aux Special Olympics World Games (Jeux Olympiques des Special Olympics) et en 2025 nous leur avons fait don d&rsquo;un bateau RS Venture Connect SCS.<\/p>\n\n\n\n<p>En outre, depuis 2023 IBSA Switzerland parraine la <strong>Coppa IBSA<\/strong>, la r\u00e9gate de fin de saison du Circolo Velico Lago di Lugano.<\/p>\n\n\n\n<div style=\"height:36px\" aria-hidden=\"true\" class=\"wp-block-spacer\"><\/div>\n\n\n\n<p><strong>France<\/strong><\/p>\n\n\n\n<p>En France, nous avons demarr\u00e9 une collaboration avec la <strong>Soci\u00e9t\u00e9 des R\u00e9gates d\u2019Antibes<\/strong>, en C\u00f4te d\u2019Azur, renfor\u00e7ant ainsi notre message d\u2019inclusion et de responsabilit\u00e9 sociale.<\/p>\n\n\n\n<p>Le don de deux Hansa 303 a permis au c\u00e9l\u00e8bre club, d\u00e9j\u00e0 impliqu\u00e9 dans des activit\u00e9s de voile pour les jeunes, d\u2019\u00e9tendre ses initiatives aux personnes handicap\u00e9es.<\/p>\n\n\n\n<p>En septembre 2023, IBSA France a organis\u00e9 la premi\u00e8re<strong> IBSA Regatta<\/strong> \u00e0 Antibes. Il s\u2019agit d\u2019un \u00e9v\u00e9nement de deux jours consacr\u00e9 aux jeunes sportifs \u00e2g\u00e9s de 12 \u00e0 17 ans, dont 23 athl\u00e8tes handicap\u00e9s issus de dix clubs de voile fran\u00e7ais.<\/p>\n\n\n\n<div style=\"height:36px\" aria-hidden=\"true\" class=\"wp-block-spacer\"><\/div>\n\n\n\n<p><strong>Italie<\/strong><\/p>\n\n\n\n<p>En Italie, nous avons fait don de deux Hansa 303 au <strong>Yacht Club Punta Ala<\/strong> (province de Grosseto).<\/p>\n\n\n\n<p>De plus, IBSA Italy a sign\u00e9 un partenariat de trois ans avec la <strong>Para Sailing Academy <\/strong>de la F\u00e9d\u00e9ration Italienne de Voile (FIV). Ce projet, soutenu par CONI, CIP et World Sailing, vise \u00e0 rendre la voile plus accessible au niveau national et international.<\/p>\n\n\n\n<div style=\"height:36px\" aria-hidden=\"true\" class=\"wp-block-spacer\"><\/div>\n\n\n\n<p><strong>Espagne<\/strong><\/p>\n\n\n\n<p>En Espagne, nous avons offert deux Hansa 303 \u00e0 l\u2019<strong>Escola de Vela Adaptada<\/strong> de Sitges (Barcelone). IBSA Iberia continue la collaboration avec l\u2019association pour promouvoir une s\u00e9rie d\u2019activit\u00e9s li\u00e9es \u00e0 la voile inclusive pour les enfants et les jeunes.<\/p>\n\n\n\n<div style=\"height:36px\" aria-hidden=\"true\" class=\"wp-block-spacer\"><\/div>\n\n\n\n<p><strong>Etats-Unis<\/strong><\/p>\n\n\n\n<p>Aux \u00c9tats-Unis, IBSA USA soutient l\u2019association <strong>Sail to Prevail<\/strong> de Newport (Rhode Island), qui vise \u00e0 permettre \u00e0 environ 1 500 personnes handicap\u00e9es de naviguer, avec l\u2019appui de skippers professionnels.<\/p>\n\n\n\n<div style=\"height:36px\" aria-hidden=\"true\" class=\"wp-block-spacer\"><\/div>\n\n\n\n<p>Bien que l\u2019aventure sportive sur un Class 40 est termin\u00e9e en 2024, , le projet <em>Sailing into the Future. Together<\/em> perdurera gr\u00e2ce \u00e0 la voile inclusive, avec un nouveau \u00e9lan et l&rsquo;espoir d&rsquo;\u00e9tendre cet engagement \u00e0 d&rsquo;autres r\u00e9alit\u00e9s et nations. L\u2019inclusion permet de valoriser les diff\u00e9rences et <strong>d\u2019imaginer des horizons plut\u00f4t que des fronti\u00e8res, contribuant ainsi \u00e0 construire un avenir meilleur.<\/strong><\/p>\n\n\n\nngg_shortcode_0_placeholder\n","protected":false},"excerpt":{"rendered":"<p>Le projet Sailing into the Future. Together d\u2019IBSA place la voile au c\u0153ur de son engagement, rendant ce sport un moyen de sensibiliser aux enjeux de l\u2019inclusion et de l\u2019int\u00e9gration sociale. Il collabore avec des organisations qui soutiennent des initiatives de voile pour les personnes handicap\u00e9es. Activer des projets de voile inclusive signifie faire avancer [&hellip;]<\/p>\n","protected":false},"author":4,"featured_media":0,"parent":0,"menu_order":0,"comment_status":"closed","ping_status":"closed","template":"sailing-children.php","meta":{"_acf_changed":false,"ngg_post_thumbnail":0,"footnotes":""},"class_list":["post-78","page","type-page","status-publish","hentry"],"acf":[],"yoast_head":"<!-- This site is optimized with the Yoast SEO plugin v24.3 - https:\/\/yoast.com\/wordpress\/plugins\/seo\/ -->\n<title>Voile Solidaire - IBSA Sailing<\/title>\n<meta name=\"robots\" content=\"index, follow, max-snippet:-1, max-image-preview:large, max-video-preview:-1\" \/>\n<link rel=\"canonical\" href=\"https:\/\/www.ibsasailing.com\/fr\/voile-solidaire\/\" \/>\n<meta property=\"og:locale\" content=\"fr_FR\" \/>\n<meta property=\"og:type\" content=\"article\" \/>\n<meta property=\"og:title\" content=\"Voile Solidaire - IBSA Sailing\" \/>\n<meta property=\"og:description\" content=\"Le projet Sailing into the Future. Together d\u2019IBSA place la voile au c\u0153ur de son engagement, rendant ce sport un moyen de sensibiliser aux enjeux de l\u2019inclusion et de l\u2019int\u00e9gration sociale. Il collabore avec des organisations qui soutiennent des initiatives de voile pour les personnes handicap\u00e9es. Activer des projets de voile inclusive signifie faire avancer [&hellip;]\" \/>\n<meta property=\"og:url\" content=\"https:\/\/www.ibsasailing.com\/fr\/voile-solidaire\/\" \/>\n<meta property=\"og:site_name\" content=\"IBSA Sailing\" \/>\n<meta property=\"article:publisher\" content=\"https:\/\/www.facebook.com\/ibsapharma\/\" \/>\n<meta property=\"article:modified_time\" content=\"2025-07-30T12:24:14+00:00\" \/>\n<meta property=\"og:image\" content=\"https:\/\/www.ibsasailing.com\/wp-content\/uploads\/2022\/07\/278415181_5075440115869116_1553031771407206903_n.jpg\" \/>\n\t<meta property=\"og:image:width\" content=\"2048\" \/>\n\t<meta property=\"og:image:height\" content=\"1152\" \/>\n\t<meta property=\"og:image:type\" content=\"image\/jpeg\" \/>\n<meta name=\"twitter:card\" content=\"summary_large_image\" \/>\n<meta name=\"twitter:label1\" content=\"Dur\u00e9e de lecture estim\u00e9e\" \/>\n\t<meta name=\"twitter:data1\" content=\"3 minutes\" \/>\n<script type=\"application\/ld+json\" class=\"yoast-schema-graph\">{\"@context\":\"https:\/\/schema.org\",\"@graph\":[{\"@type\":\"WebPage\",\"@id\":\"https:\/\/www.ibsasailing.com\/fr\/voile-solidaire\/\",\"url\":\"https:\/\/www.ibsasailing.com\/fr\/voile-solidaire\/\",\"name\":\"Voile Solidaire - IBSA Sailing\",\"isPartOf\":{\"@id\":\"https:\/\/www.ibsasailing.com\/#website\"},\"datePublished\":\"2022-03-14T09:02:59+00:00\",\"dateModified\":\"2025-07-30T12:24:14+00:00\",\"breadcrumb\":{\"@id\":\"https:\/\/www.ibsasailing.com\/fr\/voile-solidaire\/#breadcrumb\"},\"inLanguage\":\"fr-FR\",\"potentialAction\":[{\"@type\":\"ReadAction\",\"target\":[\"https:\/\/www.ibsasailing.com\/fr\/voile-solidaire\/\"]}]},{\"@type\":\"BreadcrumbList\",\"@id\":\"https:\/\/www.ibsasailing.com\/fr\/voile-solidaire\/#breadcrumb\",\"itemListElement\":[{\"@type\":\"ListItem\",\"position\":1,\"name\":\"Home\",\"item\":\"https:\/\/www.ibsasailing.com\/fr\/\"},{\"@type\":\"ListItem\",\"position\":2,\"name\":\"Voile Solidaire\"}]},{\"@type\":\"WebSite\",\"@id\":\"https:\/\/www.ibsasailing.com\/#website\",\"url\":\"https:\/\/www.ibsasailing.com\/\",\"name\":\"IBSA Sailing\",\"description\":\"Sailing into the Future. Together\",\"publisher\":{\"@id\":\"https:\/\/www.ibsasailing.com\/#organization\"},\"potentialAction\":[{\"@type\":\"SearchAction\",\"target\":{\"@type\":\"EntryPoint\",\"urlTemplate\":\"https:\/\/www.ibsasailing.com\/?s={search_term_string}\"},\"query-input\":{\"@type\":\"PropertyValueSpecification\",\"valueRequired\":true,\"valueName\":\"search_term_string\"}}],\"inLanguage\":\"fr-FR\"},{\"@type\":\"Organization\",\"@id\":\"https:\/\/www.ibsasailing.com\/#organization\",\"name\":\"IBSA Sailing\",\"url\":\"https:\/\/www.ibsasailing.com\/\",\"logo\":{\"@type\":\"ImageObject\",\"inLanguage\":\"fr-FR\",\"@id\":\"https:\/\/www.ibsasailing.com\/#\/schema\/logo\/image\/\",\"url\":\"https:\/\/www.ibsasailing.com\/wp-content\/uploads\/2022\/11\/IBSA_RdR_StartDay40-1-scaled.jpg\",\"contentUrl\":\"https:\/\/www.ibsasailing.com\/wp-content\/uploads\/2022\/11\/IBSA_RdR_StartDay40-1-scaled.jpg\",\"width\":2560,\"height\":1523,\"caption\":\"IBSA Sailing\"},\"image\":{\"@id\":\"https:\/\/www.ibsasailing.com\/#\/schema\/logo\/image\/\"},\"sameAs\":[\"https:\/\/www.facebook.com\/ibsapharma\/\"]}]}<\/script>\n<!-- \/ Yoast SEO plugin. -->","yoast_head_json":{"title":"Voile Solidaire - IBSA Sailing","robots":{"index":"index","follow":"follow","max-snippet":"max-snippet:-1","max-image-preview":"max-image-preview:large","max-video-preview":"max-video-preview:-1"},"canonical":"https:\/\/www.ibsasailing.com\/fr\/voile-solidaire\/","og_locale":"fr_FR","og_type":"article","og_title":"Voile Solidaire - IBSA Sailing","og_description":"Le projet Sailing into the Future. Together d\u2019IBSA place la voile au c\u0153ur de son engagement, rendant ce sport un moyen de sensibiliser aux enjeux de l\u2019inclusion et de l\u2019int\u00e9gration sociale. Il collabore avec des organisations qui soutiennent des initiatives de voile pour les personnes handicap\u00e9es. Activer des projets de voile inclusive signifie faire avancer [&hellip;]","og_url":"https:\/\/www.ibsasailing.com\/fr\/voile-solidaire\/","og_site_name":"IBSA Sailing","article_publisher":"https:\/\/www.facebook.com\/ibsapharma\/","article_modified_time":"2025-07-30T12:24:14+00:00","og_image":[{"width":2048,"height":1152,"url":"https:\/\/www.ibsasailing.com\/wp-content\/uploads\/2022\/07\/278415181_5075440115869116_1553031771407206903_n.jpg","type":"image\/jpeg"}],"twitter_card":"summary_large_image","twitter_misc":{"Dur\u00e9e de lecture estim\u00e9e":"3 minutes"},"schema":{"@context":"https:\/\/schema.org","@graph":[{"@type":"WebPage","@id":"https:\/\/www.ibsasailing.com\/fr\/voile-solidaire\/","url":"https:\/\/www.ibsasailing.com\/fr\/voile-solidaire\/","name":"Voile Solidaire - IBSA Sailing","isPartOf":{"@id":"https:\/\/www.ibsasailing.com\/#website"},"datePublished":"2022-03-14T09:02:59+00:00","dateModified":"2025-07-30T12:24:14+00:00","breadcrumb":{"@id":"https:\/\/www.ibsasailing.com\/fr\/voile-solidaire\/#breadcrumb"},"inLanguage":"fr-FR","potentialAction":[{"@type":"ReadAction","target":["https:\/\/www.ibsasailing.com\/fr\/voile-solidaire\/"]}]},{"@type":"BreadcrumbList","@id":"https:\/\/www.ibsasailing.com\/fr\/voile-solidaire\/#breadcrumb","itemListElement":[{"@type":"ListItem","position":1,"name":"Home","item":"https:\/\/www.ibsasailing.com\/fr\/"},{"@type":"ListItem","position":2,"name":"Voile Solidaire"}]},{"@type":"WebSite","@id":"https:\/\/www.ibsasailing.com\/#website","url":"https:\/\/www.ibsasailing.com\/","name":"IBSA Sailing","description":"Sailing into the Future. Together","publisher":{"@id":"https:\/\/www.ibsasailing.com\/#organization"},"potentialAction":[{"@type":"SearchAction","target":{"@type":"EntryPoint","urlTemplate":"https:\/\/www.ibsasailing.com\/?s={search_term_string}"},"query-input":{"@type":"PropertyValueSpecification","valueRequired":true,"valueName":"search_term_string"}}],"inLanguage":"fr-FR"},{"@type":"Organization","@id":"https:\/\/www.ibsasailing.com\/#organization","name":"IBSA Sailing","url":"https:\/\/www.ibsasailing.com\/","logo":{"@type":"ImageObject","inLanguage":"fr-FR","@id":"https:\/\/www.ibsasailing.com\/#\/schema\/logo\/image\/","url":"https:\/\/www.ibsasailing.com\/wp-content\/uploads\/2022\/11\/IBSA_RdR_StartDay40-1-scaled.jpg","contentUrl":"https:\/\/www.ibsasailing.com\/wp-content\/uploads\/2022\/11\/IBSA_RdR_StartDay40-1-scaled.jpg","width":2560,"height":1523,"caption":"IBSA Sailing"},"image":{"@id":"https:\/\/www.ibsasailing.com\/#\/schema\/logo\/image\/"},"sameAs":["https:\/\/www.facebook.com\/ibsapharma\/"]}]}},"_links":{"self":[{"href":"https:\/\/www.ibsasailing.com\/fr\/wp-json\/wp\/v2\/pages\/78","targetHints":{"allow":["GET"]}}],"collection":[{"href":"https:\/\/www.ibsasailing.com\/fr\/wp-json\/wp\/v2\/pages"}],"about":[{"href":"https:\/\/www.ibsasailing.com\/fr\/wp-json\/wp\/v2\/types\/page"}],"author":[{"embeddable":true,"href":"https:\/\/www.ibsasailing.com\/fr\/wp-json\/wp\/v2\/users\/4"}],"replies":[{"embeddable":true,"href":"https:\/\/www.ibsasailing.com\/fr\/wp-json\/wp\/v2\/comments?post=78"}],"version-history":[{"count":6,"href":"https:\/\/www.ibsasailing.com\/fr\/wp-json\/wp\/v2\/pages\/78\/revisions"}],"predecessor-version":[{"id":8971,"href":"https:\/\/www.ibsasailing.com\/fr\/wp-json\/wp\/v2\/pages\/78\/revisions\/8971"}],"wp:attachment":[{"href":"https:\/\/www.ibsasailing.com\/fr\/wp-json\/wp\/v2\/media?parent=78"}],"curies":[{"name":"wp","href":"https:\/\/api.w.org\/{rel}","templated":true}]}}