{"id":80,"date":"2022-03-14T09:25:21","date_gmt":"2022-03-14T08:25:21","guid":{"rendered":"https:\/\/www.ibsasailing.com\/sport-for-nature\/"},"modified":"2023-07-31T10:37:23","modified_gmt":"2023-07-31T08:37:23","slug":"sport-for-nature","status":"publish","type":"page","link":"https:\/\/www.ibsasailing.com\/fr\/sport-for-nature\/","title":{"rendered":"Sport For Nature"},"content":{"rendered":"\n<p>Le projet #SportForNature n\u00e9 de l\u2019id\u00e9e de Stefano Tirelli, pr\u00e9parateur athl\u00e9tique et mental, en collaboration avec Sky Sport, et de la conviction que les athl\u00e8tes de haut niveau ont un pouvoir de communication exceptionnel avec les jeunes g\u00e9n\u00e9rations. Sa mission est de cr\u00e9er une relation interactive et percutante entre le sport et la nature afin de produire des changements positifs pour notre plan\u00e8te. L\u2019association vise \u00e0 r\u00e9duire l\u2019incidence n\u00e9gative sur l\u2019environnement en promouvant diverses actions de d\u00e9veloppement durable.<\/p>\n\n\n\n<p>Ayant en commun les objectifs et le d\u00e9ploiement d\u2019efforts en faveur des questions environnementales et de la valeur du sport pour transmettre des messages de responsabilit\u00e9, IBSA s\u2019est associ\u00e9e \u00e0 #SportForNature. En utilisant des donn\u00e9es objectives et scientifiques pour montrer ce qui se passe au niveau mondial, le projet vise \u00e0 diffuser des informations et sensibiliser par la participation d\u2019athl\u00e8tes et de champions internationaux qui s\u2019unissent autour de l\u2019objectif commun de la sauvegarde de l\u2019environnement.<\/p>\n\n\n\n<p>En 2022, la premi\u00e8re \u00e9dition des <em>Sports for Nature Awards<\/em> a \u00e9t\u00e9 lanc\u00e9e, en reconnaissance du \u00ab&nbsp;sport \u00e0 l\u2019\u00e2me verte&nbsp;\u00bb, en mettant en valeur les athl\u00e8tes, les entreprises et les institutions qui se sont distingu\u00e9s par leur sensibilit\u00e9 \u00e0 la durabilit\u00e9 environnementale et sociale par le biais de leurs initiatives et leurs actions li\u00e9es au sport. La premi\u00e8re \u00e9dition s\u2019est tenue \u00e0 Milan (Italie) le 17 mars 2022.<\/p>\n\n\n\n<p>La deuxi\u00e8me \u00e9dition des <em>Sport for Nature Awards<\/em> a eu lieu \u00e0 Monaco le 15 juin 2023, un \u00e9v\u00e9nement r\u00e9alis\u00e9 avec la collaboration de Prestations&nbsp;et&nbsp;Services&nbsp;de Marins de la Principaut\u00e9 de Monaco et de l\u2019Institut hydrographique de la Marine italienne.<\/p>\n","protected":false},"excerpt":{"rendered":"<p>Le projet #SportForNature n\u00e9 de l\u2019id\u00e9e de Stefano Tirelli, pr\u00e9parateur athl\u00e9tique et mental, en collaboration avec Sky Sport, et de la conviction que les athl\u00e8tes de haut niveau ont un pouvoir de communication exceptionnel avec les jeunes g\u00e9n\u00e9rations. Sa mission est de cr\u00e9er une relation interactive et percutante entre le sport et la nature afin [&hellip;]<\/p>\n","protected":false},"author":4,"featured_media":0,"parent":0,"menu_order":0,"comment_status":"closed","ping_status":"closed","template":"sport-for-nature.php","meta":{"_acf_changed":false,"ngg_post_thumbnail":0,"footnotes":""},"class_list":["post-80","page","type-page","status-publish","hentry"],"acf":[],"yoast_head":"<!-- This site is optimized with the Yoast SEO plugin v24.3 - https:\/\/yoast.com\/wordpress\/plugins\/seo\/ -->\n<title>Sport For Nature - IBSA Sailing<\/title>\n<meta name=\"robots\" content=\"index, follow, max-snippet:-1, max-image-preview:large, max-video-preview:-1\" \/>\n<link rel=\"canonical\" href=\"https:\/\/www.ibsasailing.com\/fr\/sport-for-nature\/\" \/>\n<meta property=\"og:locale\" content=\"fr_FR\" \/>\n<meta property=\"og:type\" content=\"article\" \/>\n<meta property=\"og:title\" content=\"Sport For Nature - IBSA Sailing\" \/>\n<meta property=\"og:description\" content=\"Le projet #SportForNature n\u00e9 de l\u2019id\u00e9e de Stefano Tirelli, pr\u00e9parateur athl\u00e9tique et mental, en collaboration avec Sky Sport, et de la conviction que les athl\u00e8tes de haut niveau ont un pouvoir de communication exceptionnel avec les jeunes g\u00e9n\u00e9rations. Sa mission est de cr\u00e9er une relation interactive et percutante entre le sport et la nature afin [&hellip;]\" \/>\n<meta property=\"og:url\" content=\"https:\/\/www.ibsasailing.com\/fr\/sport-for-nature\/\" \/>\n<meta property=\"og:site_name\" content=\"IBSA Sailing\" \/>\n<meta property=\"article:publisher\" content=\"https:\/\/www.facebook.com\/ibsapharma\/\" \/>\n<meta property=\"article:modified_time\" content=\"2023-07-31T08:37:23+00:00\" \/>\n<meta property=\"og:image\" content=\"https:\/\/www.ibsasailing.com\/wp-content\/uploads\/2023\/07\/sport.jpg\" \/>\n\t<meta property=\"og:image:width\" content=\"1903\" \/>\n\t<meta property=\"og:image:height\" content=\"1268\" \/>\n\t<meta property=\"og:image:type\" content=\"image\/jpeg\" \/>\n<meta name=\"twitter:card\" content=\"summary_large_image\" \/>\n<meta name=\"twitter:label1\" content=\"Dur\u00e9e de lecture estim\u00e9e\" \/>\n\t<meta name=\"twitter:data1\" content=\"2 minutes\" \/>\n<script type=\"application\/ld+json\" class=\"yoast-schema-graph\">{\"@context\":\"https:\/\/schema.org\",\"@graph\":[{\"@type\":\"WebPage\",\"@id\":\"https:\/\/www.ibsasailing.com\/fr\/sport-for-nature\/\",\"url\":\"https:\/\/www.ibsasailing.com\/fr\/sport-for-nature\/\",\"name\":\"Sport For Nature - IBSA Sailing\",\"isPartOf\":{\"@id\":\"https:\/\/www.ibsasailing.com\/#website\"},\"datePublished\":\"2022-03-14T08:25:21+00:00\",\"dateModified\":\"2023-07-31T08:37:23+00:00\",\"breadcrumb\":{\"@id\":\"https:\/\/www.ibsasailing.com\/fr\/sport-for-nature\/#breadcrumb\"},\"inLanguage\":\"fr-FR\",\"potentialAction\":[{\"@type\":\"ReadAction\",\"target\":[\"https:\/\/www.ibsasailing.com\/fr\/sport-for-nature\/\"]}]},{\"@type\":\"BreadcrumbList\",\"@id\":\"https:\/\/www.ibsasailing.com\/fr\/sport-for-nature\/#breadcrumb\",\"itemListElement\":[{\"@type\":\"ListItem\",\"position\":1,\"name\":\"Home\",\"item\":\"https:\/\/www.ibsasailing.com\/fr\/\"},{\"@type\":\"ListItem\",\"position\":2,\"name\":\"Sport For Nature\"}]},{\"@type\":\"WebSite\",\"@id\":\"https:\/\/www.ibsasailing.com\/#website\",\"url\":\"https:\/\/www.ibsasailing.com\/\",\"name\":\"IBSA Sailing\",\"description\":\"Sailing into the Future. Together\",\"publisher\":{\"@id\":\"https:\/\/www.ibsasailing.com\/#organization\"},\"potentialAction\":[{\"@type\":\"SearchAction\",\"target\":{\"@type\":\"EntryPoint\",\"urlTemplate\":\"https:\/\/www.ibsasailing.com\/?s={search_term_string}\"},\"query-input\":{\"@type\":\"PropertyValueSpecification\",\"valueRequired\":true,\"valueName\":\"search_term_string\"}}],\"inLanguage\":\"fr-FR\"},{\"@type\":\"Organization\",\"@id\":\"https:\/\/www.ibsasailing.com\/#organization\",\"name\":\"IBSA Sailing\",\"url\":\"https:\/\/www.ibsasailing.com\/\",\"logo\":{\"@type\":\"ImageObject\",\"inLanguage\":\"fr-FR\",\"@id\":\"https:\/\/www.ibsasailing.com\/#\/schema\/logo\/image\/\",\"url\":\"https:\/\/www.ibsasailing.com\/wp-content\/uploads\/2022\/11\/IBSA_RdR_StartDay40-1-scaled.jpg\",\"contentUrl\":\"https:\/\/www.ibsasailing.com\/wp-content\/uploads\/2022\/11\/IBSA_RdR_StartDay40-1-scaled.jpg\",\"width\":2560,\"height\":1523,\"caption\":\"IBSA Sailing\"},\"image\":{\"@id\":\"https:\/\/www.ibsasailing.com\/#\/schema\/logo\/image\/\"},\"sameAs\":[\"https:\/\/www.facebook.com\/ibsapharma\/\"]}]}<\/script>\n<!-- \/ Yoast SEO plugin. -->","yoast_head_json":{"title":"Sport For Nature - IBSA Sailing","robots":{"index":"index","follow":"follow","max-snippet":"max-snippet:-1","max-image-preview":"max-image-preview:large","max-video-preview":"max-video-preview:-1"},"canonical":"https:\/\/www.ibsasailing.com\/fr\/sport-for-nature\/","og_locale":"fr_FR","og_type":"article","og_title":"Sport For Nature - IBSA Sailing","og_description":"Le projet #SportForNature n\u00e9 de l\u2019id\u00e9e de Stefano Tirelli, pr\u00e9parateur athl\u00e9tique et mental, en collaboration avec Sky Sport, et de la conviction que les athl\u00e8tes de haut niveau ont un pouvoir de communication exceptionnel avec les jeunes g\u00e9n\u00e9rations. Sa mission est de cr\u00e9er une relation interactive et percutante entre le sport et la nature afin [&hellip;]","og_url":"https:\/\/www.ibsasailing.com\/fr\/sport-for-nature\/","og_site_name":"IBSA Sailing","article_publisher":"https:\/\/www.facebook.com\/ibsapharma\/","article_modified_time":"2023-07-31T08:37:23+00:00","og_image":[{"width":1903,"height":1268,"url":"https:\/\/www.ibsasailing.com\/wp-content\/uploads\/2023\/07\/sport.jpg","type":"image\/jpeg"}],"twitter_card":"summary_large_image","twitter_misc":{"Dur\u00e9e de lecture estim\u00e9e":"2 minutes"},"schema":{"@context":"https:\/\/schema.org","@graph":[{"@type":"WebPage","@id":"https:\/\/www.ibsasailing.com\/fr\/sport-for-nature\/","url":"https:\/\/www.ibsasailing.com\/fr\/sport-for-nature\/","name":"Sport For Nature - IBSA Sailing","isPartOf":{"@id":"https:\/\/www.ibsasailing.com\/#website"},"datePublished":"2022-03-14T08:25:21+00:00","dateModified":"2023-07-31T08:37:23+00:00","breadcrumb":{"@id":"https:\/\/www.ibsasailing.com\/fr\/sport-for-nature\/#breadcrumb"},"inLanguage":"fr-FR","potentialAction":[{"@type":"ReadAction","target":["https:\/\/www.ibsasailing.com\/fr\/sport-for-nature\/"]}]},{"@type":"BreadcrumbList","@id":"https:\/\/www.ibsasailing.com\/fr\/sport-for-nature\/#breadcrumb","itemListElement":[{"@type":"ListItem","position":1,"name":"Home","item":"https:\/\/www.ibsasailing.com\/fr\/"},{"@type":"ListItem","position":2,"name":"Sport For Nature"}]},{"@type":"WebSite","@id":"https:\/\/www.ibsasailing.com\/#website","url":"https:\/\/www.ibsasailing.com\/","name":"IBSA Sailing","description":"Sailing into the Future. Together","publisher":{"@id":"https:\/\/www.ibsasailing.com\/#organization"},"potentialAction":[{"@type":"SearchAction","target":{"@type":"EntryPoint","urlTemplate":"https:\/\/www.ibsasailing.com\/?s={search_term_string}"},"query-input":{"@type":"PropertyValueSpecification","valueRequired":true,"valueName":"search_term_string"}}],"inLanguage":"fr-FR"},{"@type":"Organization","@id":"https:\/\/www.ibsasailing.com\/#organization","name":"IBSA Sailing","url":"https:\/\/www.ibsasailing.com\/","logo":{"@type":"ImageObject","inLanguage":"fr-FR","@id":"https:\/\/www.ibsasailing.com\/#\/schema\/logo\/image\/","url":"https:\/\/www.ibsasailing.com\/wp-content\/uploads\/2022\/11\/IBSA_RdR_StartDay40-1-scaled.jpg","contentUrl":"https:\/\/www.ibsasailing.com\/wp-content\/uploads\/2022\/11\/IBSA_RdR_StartDay40-1-scaled.jpg","width":2560,"height":1523,"caption":"IBSA Sailing"},"image":{"@id":"https:\/\/www.ibsasailing.com\/#\/schema\/logo\/image\/"},"sameAs":["https:\/\/www.facebook.com\/ibsapharma\/"]}]}},"_links":{"self":[{"href":"https:\/\/www.ibsasailing.com\/fr\/wp-json\/wp\/v2\/pages\/80","targetHints":{"allow":["GET"]}}],"collection":[{"href":"https:\/\/www.ibsasailing.com\/fr\/wp-json\/wp\/v2\/pages"}],"about":[{"href":"https:\/\/www.ibsasailing.com\/fr\/wp-json\/wp\/v2\/types\/page"}],"author":[{"embeddable":true,"href":"https:\/\/www.ibsasailing.com\/fr\/wp-json\/wp\/v2\/users\/4"}],"replies":[{"embeddable":true,"href":"https:\/\/www.ibsasailing.com\/fr\/wp-json\/wp\/v2\/comments?post=80"}],"version-history":[{"count":0,"href":"https:\/\/www.ibsasailing.com\/fr\/wp-json\/wp\/v2\/pages\/80\/revisions"}],"wp:attachment":[{"href":"https:\/\/www.ibsasailing.com\/fr\/wp-json\/wp\/v2\/media?parent=80"}],"curies":[{"name":"wp","href":"https:\/\/api.w.org\/{rel}","templated":true}]}}