{"id":8439,"date":"2024-09-25T09:11:40","date_gmt":"2024-09-25T07:11:40","guid":{"rendered":"https:\/\/www.ibsasailing.com\/?page_id=8439"},"modified":"2024-09-25T09:12:29","modified_gmt":"2024-09-25T07:12:29","slug":"normandy-channel-race-2024","status":"publish","type":"page","link":"https:\/\/www.ibsasailing.com\/fr\/normandy-channel-race-2024\/","title":{"rendered":"NORMANDY CHANNEL RACE 2024"},"content":{"rendered":"\n<p>La Normandy Channel Race est la troisi\u00e8me \u00e9preuve du calendrier sportif d&rsquo;Alberto Bona et du Class40 <em>IBSA<\/em>, une magnifique r\u00e9gate au d\u00e9part et \u00e0 l&rsquo;arriv\u00e9e de Caen (France).<\/p>\n\n\n\n<p>Lanc\u00e9e en 2010 et maintenant dans sa 15\u00e8me ann\u00e9e, c&rsquo;est une r\u00e9gate en double pour les Class40 uniquement et l&rsquo;un des \u00e9v\u00e9nements les plus attendus par les navigateurs oc\u00e9aniques. Elle a lieu tous les ans au printemps et tous les quatre ans en septembre.<\/p>\n\n\n\n<p><strong>M<\/strong><strong>ille milles tr\u00e8s tactiques sur une route entre la France, l&rsquo;Angleterre et l&rsquo;Irlande <\/strong>entre courants et mar\u00e9es sous la c\u00f4te et conditions de vent moyennes, \u00e0 parcourir entre trois points mythiques&nbsp;: la Manche du Solent anglaise, les phares irlandais de Tuskar rock et le Fastnet.<\/p>\n\n\n\n<p><a><\/a> Cette ann\u00e9e, la Normandy Channel est partie le dimanche 15 septembre du port d\u2019Ouistreham, \u00e0 un peu plus de 15 km de la ville de Caen en Normandie. Alberto Bona participe \u00e0 la Normandy Channel Race 2024 avec le co-skipper Alberto Riva qui, apr\u00e8s de nombreux succ\u00e8s dans la classe Mini, est pass\u00e9 \u00e0 plein temps \u00e0 la Class40 avec <em>Acrobatica <\/em>en 2022.<\/p>\n","protected":false},"excerpt":{"rendered":"<p>La Normandy Channel Race est la troisi\u00e8me \u00e9preuve du calendrier sportif d&rsquo;Alberto Bona et du Class40 IBSA, une magnifique r\u00e9gate au d\u00e9part et \u00e0 l&rsquo;arriv\u00e9e de Caen (France). Lanc\u00e9e en 2010 et maintenant dans sa 15\u00e8me ann\u00e9e, c&rsquo;est une r\u00e9gate en double pour les Class40 uniquement et l&rsquo;un des \u00e9v\u00e9nements les plus attendus par les [&hellip;]<\/p>\n","protected":false},"author":4,"featured_media":0,"parent":0,"menu_order":0,"comment_status":"closed","ping_status":"closed","template":"normandy2024.php","meta":{"_acf_changed":false,"ngg_post_thumbnail":0,"footnotes":""},"class_list":["post-8439","page","type-page","status-publish","hentry"],"acf":[],"yoast_head":"<!-- This site is optimized with the Yoast SEO plugin v24.3 - https:\/\/yoast.com\/wordpress\/plugins\/seo\/ -->\n<title>NORMANDY CHANNEL RACE 2024 - IBSA Sailing<\/title>\n<meta name=\"robots\" content=\"index, follow, max-snippet:-1, max-image-preview:large, max-video-preview:-1\" \/>\n<link rel=\"canonical\" href=\"https:\/\/www.ibsasailing.com\/fr\/normandy-channel-race-2024\/\" \/>\n<meta property=\"og:locale\" content=\"fr_FR\" \/>\n<meta property=\"og:type\" content=\"article\" \/>\n<meta property=\"og:title\" content=\"NORMANDY CHANNEL RACE 2024 - IBSA Sailing\" \/>\n<meta property=\"og:description\" content=\"La Normandy Channel Race est la troisi\u00e8me \u00e9preuve du calendrier sportif d&rsquo;Alberto Bona et du Class40 IBSA, une magnifique r\u00e9gate au d\u00e9part et \u00e0 l&rsquo;arriv\u00e9e de Caen (France). Lanc\u00e9e en 2010 et maintenant dans sa 15\u00e8me ann\u00e9e, c&rsquo;est une r\u00e9gate en double pour les Class40 uniquement et l&rsquo;un des \u00e9v\u00e9nements les plus attendus par les [&hellip;]\" \/>\n<meta property=\"og:url\" content=\"https:\/\/www.ibsasailing.com\/fr\/normandy-channel-race-2024\/\" \/>\n<meta property=\"og:site_name\" content=\"IBSA Sailing\" \/>\n<meta property=\"article:publisher\" content=\"https:\/\/www.facebook.com\/ibsapharma\/\" \/>\n<meta property=\"article:modified_time\" content=\"2024-09-25T07:12:29+00:00\" \/>\n<meta property=\"og:image\" content=\"https:\/\/www.ibsasailing.com\/wp-content\/uploads\/2022\/09\/logo_ok.png\" \/>\n\t<meta property=\"og:image:width\" content=\"1090\" \/>\n\t<meta property=\"og:image:height\" content=\"876\" \/>\n\t<meta property=\"og:image:type\" content=\"image\/png\" \/>\n<meta name=\"twitter:card\" content=\"summary_large_image\" \/>\n<meta name=\"twitter:label1\" content=\"Dur\u00e9e de lecture estim\u00e9e\" \/>\n\t<meta name=\"twitter:data1\" content=\"1 minute\" \/>\n<script type=\"application\/ld+json\" class=\"yoast-schema-graph\">{\"@context\":\"https:\/\/schema.org\",\"@graph\":[{\"@type\":\"WebPage\",\"@id\":\"https:\/\/www.ibsasailing.com\/fr\/normandy-channel-race-2024\/\",\"url\":\"https:\/\/www.ibsasailing.com\/fr\/normandy-channel-race-2024\/\",\"name\":\"NORMANDY CHANNEL RACE 2024 - IBSA Sailing\",\"isPartOf\":{\"@id\":\"https:\/\/www.ibsasailing.com\/#website\"},\"datePublished\":\"2024-09-25T07:11:40+00:00\",\"dateModified\":\"2024-09-25T07:12:29+00:00\",\"breadcrumb\":{\"@id\":\"https:\/\/www.ibsasailing.com\/fr\/normandy-channel-race-2024\/#breadcrumb\"},\"inLanguage\":\"fr-FR\",\"potentialAction\":[{\"@type\":\"ReadAction\",\"target\":[\"https:\/\/www.ibsasailing.com\/fr\/normandy-channel-race-2024\/\"]}]},{\"@type\":\"BreadcrumbList\",\"@id\":\"https:\/\/www.ibsasailing.com\/fr\/normandy-channel-race-2024\/#breadcrumb\",\"itemListElement\":[{\"@type\":\"ListItem\",\"position\":1,\"name\":\"Home\",\"item\":\"https:\/\/www.ibsasailing.com\/fr\/\"},{\"@type\":\"ListItem\",\"position\":2,\"name\":\"NORMANDY CHANNEL RACE 2024\"}]},{\"@type\":\"WebSite\",\"@id\":\"https:\/\/www.ibsasailing.com\/#website\",\"url\":\"https:\/\/www.ibsasailing.com\/\",\"name\":\"IBSA Sailing\",\"description\":\"Sailing into the Future. Together\",\"publisher\":{\"@id\":\"https:\/\/www.ibsasailing.com\/#organization\"},\"potentialAction\":[{\"@type\":\"SearchAction\",\"target\":{\"@type\":\"EntryPoint\",\"urlTemplate\":\"https:\/\/www.ibsasailing.com\/?s={search_term_string}\"},\"query-input\":{\"@type\":\"PropertyValueSpecification\",\"valueRequired\":true,\"valueName\":\"search_term_string\"}}],\"inLanguage\":\"fr-FR\"},{\"@type\":\"Organization\",\"@id\":\"https:\/\/www.ibsasailing.com\/#organization\",\"name\":\"IBSA Sailing\",\"url\":\"https:\/\/www.ibsasailing.com\/\",\"logo\":{\"@type\":\"ImageObject\",\"inLanguage\":\"fr-FR\",\"@id\":\"https:\/\/www.ibsasailing.com\/#\/schema\/logo\/image\/\",\"url\":\"https:\/\/www.ibsasailing.com\/wp-content\/uploads\/2022\/11\/IBSA_RdR_StartDay40-1-scaled.jpg\",\"contentUrl\":\"https:\/\/www.ibsasailing.com\/wp-content\/uploads\/2022\/11\/IBSA_RdR_StartDay40-1-scaled.jpg\",\"width\":2560,\"height\":1523,\"caption\":\"IBSA Sailing\"},\"image\":{\"@id\":\"https:\/\/www.ibsasailing.com\/#\/schema\/logo\/image\/\"},\"sameAs\":[\"https:\/\/www.facebook.com\/ibsapharma\/\"]}]}<\/script>\n<!-- \/ Yoast SEO plugin. -->","yoast_head_json":{"title":"NORMANDY CHANNEL RACE 2024 - IBSA Sailing","robots":{"index":"index","follow":"follow","max-snippet":"max-snippet:-1","max-image-preview":"max-image-preview:large","max-video-preview":"max-video-preview:-1"},"canonical":"https:\/\/www.ibsasailing.com\/fr\/normandy-channel-race-2024\/","og_locale":"fr_FR","og_type":"article","og_title":"NORMANDY CHANNEL RACE 2024 - IBSA Sailing","og_description":"La Normandy Channel Race est la troisi\u00e8me \u00e9preuve du calendrier sportif d&rsquo;Alberto Bona et du Class40 IBSA, une magnifique r\u00e9gate au d\u00e9part et \u00e0 l&rsquo;arriv\u00e9e de Caen (France). Lanc\u00e9e en 2010 et maintenant dans sa 15\u00e8me ann\u00e9e, c&rsquo;est une r\u00e9gate en double pour les Class40 uniquement et l&rsquo;un des \u00e9v\u00e9nements les plus attendus par les [&hellip;]","og_url":"https:\/\/www.ibsasailing.com\/fr\/normandy-channel-race-2024\/","og_site_name":"IBSA Sailing","article_publisher":"https:\/\/www.facebook.com\/ibsapharma\/","article_modified_time":"2024-09-25T07:12:29+00:00","og_image":[{"width":1090,"height":876,"url":"https:\/\/www.ibsasailing.com\/wp-content\/uploads\/2022\/09\/logo_ok.png","type":"image\/png"}],"twitter_card":"summary_large_image","twitter_misc":{"Dur\u00e9e de lecture estim\u00e9e":"1 minute"},"schema":{"@context":"https:\/\/schema.org","@graph":[{"@type":"WebPage","@id":"https:\/\/www.ibsasailing.com\/fr\/normandy-channel-race-2024\/","url":"https:\/\/www.ibsasailing.com\/fr\/normandy-channel-race-2024\/","name":"NORMANDY CHANNEL RACE 2024 - IBSA Sailing","isPartOf":{"@id":"https:\/\/www.ibsasailing.com\/#website"},"datePublished":"2024-09-25T07:11:40+00:00","dateModified":"2024-09-25T07:12:29+00:00","breadcrumb":{"@id":"https:\/\/www.ibsasailing.com\/fr\/normandy-channel-race-2024\/#breadcrumb"},"inLanguage":"fr-FR","potentialAction":[{"@type":"ReadAction","target":["https:\/\/www.ibsasailing.com\/fr\/normandy-channel-race-2024\/"]}]},{"@type":"BreadcrumbList","@id":"https:\/\/www.ibsasailing.com\/fr\/normandy-channel-race-2024\/#breadcrumb","itemListElement":[{"@type":"ListItem","position":1,"name":"Home","item":"https:\/\/www.ibsasailing.com\/fr\/"},{"@type":"ListItem","position":2,"name":"NORMANDY CHANNEL RACE 2024"}]},{"@type":"WebSite","@id":"https:\/\/www.ibsasailing.com\/#website","url":"https:\/\/www.ibsasailing.com\/","name":"IBSA Sailing","description":"Sailing into the Future. Together","publisher":{"@id":"https:\/\/www.ibsasailing.com\/#organization"},"potentialAction":[{"@type":"SearchAction","target":{"@type":"EntryPoint","urlTemplate":"https:\/\/www.ibsasailing.com\/?s={search_term_string}"},"query-input":{"@type":"PropertyValueSpecification","valueRequired":true,"valueName":"search_term_string"}}],"inLanguage":"fr-FR"},{"@type":"Organization","@id":"https:\/\/www.ibsasailing.com\/#organization","name":"IBSA Sailing","url":"https:\/\/www.ibsasailing.com\/","logo":{"@type":"ImageObject","inLanguage":"fr-FR","@id":"https:\/\/www.ibsasailing.com\/#\/schema\/logo\/image\/","url":"https:\/\/www.ibsasailing.com\/wp-content\/uploads\/2022\/11\/IBSA_RdR_StartDay40-1-scaled.jpg","contentUrl":"https:\/\/www.ibsasailing.com\/wp-content\/uploads\/2022\/11\/IBSA_RdR_StartDay40-1-scaled.jpg","width":2560,"height":1523,"caption":"IBSA Sailing"},"image":{"@id":"https:\/\/www.ibsasailing.com\/#\/schema\/logo\/image\/"},"sameAs":["https:\/\/www.facebook.com\/ibsapharma\/"]}]}},"_links":{"self":[{"href":"https:\/\/www.ibsasailing.com\/fr\/wp-json\/wp\/v2\/pages\/8439","targetHints":{"allow":["GET"]}}],"collection":[{"href":"https:\/\/www.ibsasailing.com\/fr\/wp-json\/wp\/v2\/pages"}],"about":[{"href":"https:\/\/www.ibsasailing.com\/fr\/wp-json\/wp\/v2\/types\/page"}],"author":[{"embeddable":true,"href":"https:\/\/www.ibsasailing.com\/fr\/wp-json\/wp\/v2\/users\/4"}],"replies":[{"embeddable":true,"href":"https:\/\/www.ibsasailing.com\/fr\/wp-json\/wp\/v2\/comments?post=8439"}],"version-history":[{"count":1,"href":"https:\/\/www.ibsasailing.com\/fr\/wp-json\/wp\/v2\/pages\/8439\/revisions"}],"predecessor-version":[{"id":8440,"href":"https:\/\/www.ibsasailing.com\/fr\/wp-json\/wp\/v2\/pages\/8439\/revisions\/8440"}],"wp:attachment":[{"href":"https:\/\/www.ibsasailing.com\/fr\/wp-json\/wp\/v2\/media?parent=8439"}],"curies":[{"name":"wp","href":"https:\/\/api.w.org\/{rel}","templated":true}]}}