{"id":854,"date":"2022-05-12T16:09:52","date_gmt":"2022-05-12T14:09:52","guid":{"rendered":"https:\/\/www.ibsasailing.com\/?page_id=854"},"modified":"2023-07-25T10:52:14","modified_gmt":"2023-07-25T08:52:14","slug":"andrea-madaffari","status":"publish","type":"page","link":"https:\/\/www.ibsasailing.com\/fr\/andrea-madaffari\/","title":{"rendered":"Andrea Madaffari"},"content":{"rendered":"<p><span style=\"font-size: medium;\">N\u00e9 \u00e0 Carrare en 1955, Andrea Madaffari s&rsquo;est approch\u00e9 de la voile pendant ses ann\u00e9es d&rsquo;universit\u00e9, sur les quais du Club Nautico Marina di Carrara et en demandant \u00e0 participer \u00e0 des r\u00e9gates m\u00eame s&rsquo;il n&rsquo;avait encore aucune exp\u00e9rience.<\/span><\/p>\n<p><span style=\"font-size: medium;\">Passionn\u00e9 de voile, il commence \u00e0 se consacrer \u00e0 l&rsquo;entra\u00eenement athl\u00e9tique des excellents marins qui fr\u00e9quentent alors le Circolo Carrarese, parmi lesquels les Santella, les fr\u00e8res Chieffi, Guglielmo Vatteroni et de nombreux autres jeunes prometteurs.<\/span><\/p>\n<p><span style=\"font-size: medium;\">La grande opportunit\u00e9 d&rsquo;un changement de carri\u00e8re s&rsquo;est pr\u00e9sent\u00e9e en 1984 pour le d\u00e9fi italien de l&rsquo;America&rsquo;s Cup, o\u00f9 Andrea a d&rsquo;abord \u00e9t\u00e9 impliqu\u00e9 en tant qu&rsquo;entra\u00eeneur, puis \u00ab&nbsp;promu&nbsp;\u00bb sur le bateau en tant que \u00ab&nbsp;grinder&nbsp;\u00bb avec l&rsquo;\u00e9quipage mixte d&rsquo;Australia II. Apr\u00e8s quelques mois, il a \u00e9t\u00e9 appel\u00e9 par Cino Ricci \u00e0 rejoindre l&rsquo;\u00e9quipage d&rsquo;Azzurra, toujours en Australie, et \u00e0 partir de ce moment, les portes se sont ouvertes pour diff\u00e9rents types de r\u00e9gates avec de grands barreurs.<\/span><\/p>\n<p><span style=\"font-size: medium;\">En 1989, Moro di Venezia avec <a href=\"https:\/\/it.wikipedia.org\/wiki\/Paul_Cayard\">Paul Cayard<\/a> a fait passer des tests et des \u00e9preuves \u00e0 plusieurs marins et Andrea s&rsquo;est impliqu\u00e9 activement, \u00e0 tel point qu&rsquo;il a \u00e9t\u00e9 engag\u00e9 comme marin et responsable de l&rsquo;entra\u00eenement sportif. Une p\u00e9riode intense de r\u00e9gates de haut niveau en suit, pendant laquelle il a l&rsquo;occasion de naviguer avec certains des meilleurs marins du monde gr\u00e2ce auxquels il remporte deux championnats du monde et une Coupe Louis Vuitton.<\/span><\/p>\n<p><span style=\"font-size: medium;\">La fantastique aventure du Moro lui a \u00e9galement ouvert la porte pour prendre la responsabilit\u00e9 de l&rsquo;\u00e9quipe olympique italienne de voile en pr\u00e9paration des Jeux olympiques d&rsquo;Atlanta pour les quatre ans de 1993 \u00e0 1996, qui s&rsquo;est termin\u00e9e par la m\u00e9daille de bronze d&rsquo;Alessandra Sensini.<\/span><\/p>\n<p><span style=\"font-size: medium;\">Apr\u00e8s une pause dans la Coupe de l&rsquo;America 2000, Mascalzone Latino l&rsquo;a appel\u00e9 pour la Coupe 2002 en Nouvelle-Z\u00e9lande et la suivante \u00e0 Valence 2007, en le chargeant de la pr\u00e9paration athl\u00e9tique de l&rsquo;\u00e9quipage et de la gestion de la sant\u00e9 et de la forme physique de l&rsquo;\u00e9quipe.<\/span><\/p>\n<p><span style=\"font-size: medium;\">Au cours de ses 40 ans de carri\u00e8re, Andrea a suivi de nombreux athl\u00e8tes et a particip\u00e9 \u00e0 de nombreuses collaborations et publications scientifiques. Aujourd\u2019hui, il entra\u00eene et pr\u00e9pare de nombreux jeunes athl\u00e8tes prometteurs et il a travaill\u00e9 notamment avec Alberto Bona, pour relever avec lui le d\u00e9fi de la Route du Rhum 2022.<\/span><\/p>\n","protected":false},"excerpt":{"rendered":"<p>N\u00e9 \u00e0 Carrare en 1955, Andrea Madaffari s&rsquo;est approch\u00e9 de la voile pendant ses ann\u00e9es d&rsquo;universit\u00e9, sur les quais du Club Nautico Marina di Carrara et en demandant \u00e0 participer \u00e0 des r\u00e9gates m\u00eame s&rsquo;il n&rsquo;avait encore aucune exp\u00e9rience. Passionn\u00e9 de voile, il commence \u00e0 se consacrer \u00e0 l&rsquo;entra\u00eenement athl\u00e9tique des excellents marins qui fr\u00e9quentent [&hellip;]<\/p>\n","protected":false},"author":4,"featured_media":0,"parent":0,"menu_order":0,"comment_status":"closed","ping_status":"closed","template":"andrea.php","meta":{"_acf_changed":false,"ngg_post_thumbnail":0,"footnotes":""},"class_list":["post-854","page","type-page","status-publish","hentry"],"acf":[],"yoast_head":"<!-- This site is optimized with the Yoast SEO plugin v24.3 - https:\/\/yoast.com\/wordpress\/plugins\/seo\/ -->\n<title>Andrea Madaffari - IBSA Sailing<\/title>\n<meta name=\"robots\" content=\"index, follow, max-snippet:-1, max-image-preview:large, max-video-preview:-1\" \/>\n<link rel=\"canonical\" href=\"https:\/\/www.ibsasailing.com\/fr\/andrea-madaffari\/\" \/>\n<meta property=\"og:locale\" content=\"fr_FR\" \/>\n<meta property=\"og:type\" content=\"article\" \/>\n<meta property=\"og:title\" content=\"Andrea Madaffari - IBSA Sailing\" \/>\n<meta property=\"og:description\" content=\"N\u00e9 \u00e0 Carrare en 1955, Andrea Madaffari s&rsquo;est approch\u00e9 de la voile pendant ses ann\u00e9es d&rsquo;universit\u00e9, sur les quais du Club Nautico Marina di Carrara et en demandant \u00e0 participer \u00e0 des r\u00e9gates m\u00eame s&rsquo;il n&rsquo;avait encore aucune exp\u00e9rience. Passionn\u00e9 de voile, il commence \u00e0 se consacrer \u00e0 l&rsquo;entra\u00eenement athl\u00e9tique des excellents marins qui fr\u00e9quentent [&hellip;]\" \/>\n<meta property=\"og:url\" content=\"https:\/\/www.ibsasailing.com\/fr\/andrea-madaffari\/\" \/>\n<meta property=\"og:site_name\" content=\"IBSA Sailing\" \/>\n<meta property=\"article:publisher\" content=\"https:\/\/www.facebook.com\/ibsapharma\/\" \/>\n<meta property=\"article:modified_time\" content=\"2023-07-25T08:52:14+00:00\" \/>\n<meta property=\"og:image\" content=\"https:\/\/www.ibsasailing.com\/wp-content\/uploads\/2023\/07\/0BD043D8-6298-4ADB-BD5D-3327301D8DC1.jpeg\" \/>\n\t<meta property=\"og:image:width\" content=\"1448\" \/>\n\t<meta property=\"og:image:height\" content=\"750\" \/>\n\t<meta property=\"og:image:type\" content=\"image\/jpeg\" \/>\n<meta name=\"twitter:card\" content=\"summary_large_image\" \/>\n<meta name=\"twitter:label1\" content=\"Dur\u00e9e de lecture estim\u00e9e\" \/>\n\t<meta name=\"twitter:data1\" content=\"2 minutes\" \/>\n<script type=\"application\/ld+json\" class=\"yoast-schema-graph\">{\"@context\":\"https:\/\/schema.org\",\"@graph\":[{\"@type\":\"WebPage\",\"@id\":\"https:\/\/www.ibsasailing.com\/fr\/andrea-madaffari\/\",\"url\":\"https:\/\/www.ibsasailing.com\/fr\/andrea-madaffari\/\",\"name\":\"Andrea Madaffari - IBSA Sailing\",\"isPartOf\":{\"@id\":\"https:\/\/www.ibsasailing.com\/#website\"},\"datePublished\":\"2022-05-12T14:09:52+00:00\",\"dateModified\":\"2023-07-25T08:52:14+00:00\",\"breadcrumb\":{\"@id\":\"https:\/\/www.ibsasailing.com\/fr\/andrea-madaffari\/#breadcrumb\"},\"inLanguage\":\"fr-FR\",\"potentialAction\":[{\"@type\":\"ReadAction\",\"target\":[\"https:\/\/www.ibsasailing.com\/fr\/andrea-madaffari\/\"]}]},{\"@type\":\"BreadcrumbList\",\"@id\":\"https:\/\/www.ibsasailing.com\/fr\/andrea-madaffari\/#breadcrumb\",\"itemListElement\":[{\"@type\":\"ListItem\",\"position\":1,\"name\":\"Home\",\"item\":\"https:\/\/www.ibsasailing.com\/fr\/\"},{\"@type\":\"ListItem\",\"position\":2,\"name\":\"Andrea Madaffari\"}]},{\"@type\":\"WebSite\",\"@id\":\"https:\/\/www.ibsasailing.com\/#website\",\"url\":\"https:\/\/www.ibsasailing.com\/\",\"name\":\"IBSA Sailing\",\"description\":\"Sailing into the Future. Together\",\"publisher\":{\"@id\":\"https:\/\/www.ibsasailing.com\/#organization\"},\"potentialAction\":[{\"@type\":\"SearchAction\",\"target\":{\"@type\":\"EntryPoint\",\"urlTemplate\":\"https:\/\/www.ibsasailing.com\/?s={search_term_string}\"},\"query-input\":{\"@type\":\"PropertyValueSpecification\",\"valueRequired\":true,\"valueName\":\"search_term_string\"}}],\"inLanguage\":\"fr-FR\"},{\"@type\":\"Organization\",\"@id\":\"https:\/\/www.ibsasailing.com\/#organization\",\"name\":\"IBSA Sailing\",\"url\":\"https:\/\/www.ibsasailing.com\/\",\"logo\":{\"@type\":\"ImageObject\",\"inLanguage\":\"fr-FR\",\"@id\":\"https:\/\/www.ibsasailing.com\/#\/schema\/logo\/image\/\",\"url\":\"https:\/\/www.ibsasailing.com\/wp-content\/uploads\/2022\/11\/IBSA_RdR_StartDay40-1-scaled.jpg\",\"contentUrl\":\"https:\/\/www.ibsasailing.com\/wp-content\/uploads\/2022\/11\/IBSA_RdR_StartDay40-1-scaled.jpg\",\"width\":2560,\"height\":1523,\"caption\":\"IBSA Sailing\"},\"image\":{\"@id\":\"https:\/\/www.ibsasailing.com\/#\/schema\/logo\/image\/\"},\"sameAs\":[\"https:\/\/www.facebook.com\/ibsapharma\/\"]}]}<\/script>\n<!-- \/ Yoast SEO plugin. -->","yoast_head_json":{"title":"Andrea Madaffari - IBSA Sailing","robots":{"index":"index","follow":"follow","max-snippet":"max-snippet:-1","max-image-preview":"max-image-preview:large","max-video-preview":"max-video-preview:-1"},"canonical":"https:\/\/www.ibsasailing.com\/fr\/andrea-madaffari\/","og_locale":"fr_FR","og_type":"article","og_title":"Andrea Madaffari - IBSA Sailing","og_description":"N\u00e9 \u00e0 Carrare en 1955, Andrea Madaffari s&rsquo;est approch\u00e9 de la voile pendant ses ann\u00e9es d&rsquo;universit\u00e9, sur les quais du Club Nautico Marina di Carrara et en demandant \u00e0 participer \u00e0 des r\u00e9gates m\u00eame s&rsquo;il n&rsquo;avait encore aucune exp\u00e9rience. Passionn\u00e9 de voile, il commence \u00e0 se consacrer \u00e0 l&rsquo;entra\u00eenement athl\u00e9tique des excellents marins qui fr\u00e9quentent [&hellip;]","og_url":"https:\/\/www.ibsasailing.com\/fr\/andrea-madaffari\/","og_site_name":"IBSA Sailing","article_publisher":"https:\/\/www.facebook.com\/ibsapharma\/","article_modified_time":"2023-07-25T08:52:14+00:00","og_image":[{"width":1448,"height":750,"url":"https:\/\/www.ibsasailing.com\/wp-content\/uploads\/2023\/07\/0BD043D8-6298-4ADB-BD5D-3327301D8DC1.jpeg","type":"image\/jpeg"}],"twitter_card":"summary_large_image","twitter_misc":{"Dur\u00e9e de lecture estim\u00e9e":"2 minutes"},"schema":{"@context":"https:\/\/schema.org","@graph":[{"@type":"WebPage","@id":"https:\/\/www.ibsasailing.com\/fr\/andrea-madaffari\/","url":"https:\/\/www.ibsasailing.com\/fr\/andrea-madaffari\/","name":"Andrea Madaffari - IBSA Sailing","isPartOf":{"@id":"https:\/\/www.ibsasailing.com\/#website"},"datePublished":"2022-05-12T14:09:52+00:00","dateModified":"2023-07-25T08:52:14+00:00","breadcrumb":{"@id":"https:\/\/www.ibsasailing.com\/fr\/andrea-madaffari\/#breadcrumb"},"inLanguage":"fr-FR","potentialAction":[{"@type":"ReadAction","target":["https:\/\/www.ibsasailing.com\/fr\/andrea-madaffari\/"]}]},{"@type":"BreadcrumbList","@id":"https:\/\/www.ibsasailing.com\/fr\/andrea-madaffari\/#breadcrumb","itemListElement":[{"@type":"ListItem","position":1,"name":"Home","item":"https:\/\/www.ibsasailing.com\/fr\/"},{"@type":"ListItem","position":2,"name":"Andrea Madaffari"}]},{"@type":"WebSite","@id":"https:\/\/www.ibsasailing.com\/#website","url":"https:\/\/www.ibsasailing.com\/","name":"IBSA Sailing","description":"Sailing into the Future. Together","publisher":{"@id":"https:\/\/www.ibsasailing.com\/#organization"},"potentialAction":[{"@type":"SearchAction","target":{"@type":"EntryPoint","urlTemplate":"https:\/\/www.ibsasailing.com\/?s={search_term_string}"},"query-input":{"@type":"PropertyValueSpecification","valueRequired":true,"valueName":"search_term_string"}}],"inLanguage":"fr-FR"},{"@type":"Organization","@id":"https:\/\/www.ibsasailing.com\/#organization","name":"IBSA Sailing","url":"https:\/\/www.ibsasailing.com\/","logo":{"@type":"ImageObject","inLanguage":"fr-FR","@id":"https:\/\/www.ibsasailing.com\/#\/schema\/logo\/image\/","url":"https:\/\/www.ibsasailing.com\/wp-content\/uploads\/2022\/11\/IBSA_RdR_StartDay40-1-scaled.jpg","contentUrl":"https:\/\/www.ibsasailing.com\/wp-content\/uploads\/2022\/11\/IBSA_RdR_StartDay40-1-scaled.jpg","width":2560,"height":1523,"caption":"IBSA Sailing"},"image":{"@id":"https:\/\/www.ibsasailing.com\/#\/schema\/logo\/image\/"},"sameAs":["https:\/\/www.facebook.com\/ibsapharma\/"]}]}},"_links":{"self":[{"href":"https:\/\/www.ibsasailing.com\/fr\/wp-json\/wp\/v2\/pages\/854","targetHints":{"allow":["GET"]}}],"collection":[{"href":"https:\/\/www.ibsasailing.com\/fr\/wp-json\/wp\/v2\/pages"}],"about":[{"href":"https:\/\/www.ibsasailing.com\/fr\/wp-json\/wp\/v2\/types\/page"}],"author":[{"embeddable":true,"href":"https:\/\/www.ibsasailing.com\/fr\/wp-json\/wp\/v2\/users\/4"}],"replies":[{"embeddable":true,"href":"https:\/\/www.ibsasailing.com\/fr\/wp-json\/wp\/v2\/comments?post=854"}],"version-history":[{"count":0,"href":"https:\/\/www.ibsasailing.com\/fr\/wp-json\/wp\/v2\/pages\/854\/revisions"}],"wp:attachment":[{"href":"https:\/\/www.ibsasailing.com\/fr\/wp-json\/wp\/v2\/media?parent=854"}],"curies":[{"name":"wp","href":"https:\/\/api.w.org\/{rel}","templated":true}]}}