{"id":8805,"date":"2025-01-27T15:47:31","date_gmt":"2025-01-27T14:47:31","guid":{"rendered":"https:\/\/www.ibsasailing.com\/?page_id=8805"},"modified":"2025-01-27T15:51:21","modified_gmt":"2025-01-27T14:51:21","slug":"luca-rosetti","status":"publish","type":"page","link":"https:\/\/www.ibsasailing.com\/fr\/luca-rosetti\/","title":{"rendered":"Luca Rosetti"},"content":{"rendered":"\n<p>N\u00e9 en 1995, Luca Rosetti d\u00e9couvre la voile \u00e0 l\u2019\u00e2ge de sept ans lors d\u2019un cours de voile en Optimist. Entre&nbsp;2005 et&nbsp;2016, Luca se sp\u00e9cialise dans la classe Laser, dont il devient \u00e9galement entra\u00eeneur. Il remporte de nombreux succ\u00e8s dans diff\u00e9rentes classes de bateaux, comme le J22, le J80, le Tom&nbsp;28 et le Mini&nbsp;650, gr\u00e2ce auxquels il s\u2019initie aux courses oc\u00e9aniques.<\/p>\n\n\n\n<p>Apr\u00e8s avoir restaur\u00e9 un ancien prototype de classe Mini et particip\u00e9 \u00e0 la Mini Transat&nbsp;2019, Luca s\u2019installe en France en&nbsp;2021 pour poursuivre son ambition de devenir marin professionnel. Il entame alors une campagne en vue de la Mini Transat&nbsp;2023. Il prend part \u00e0 de nombreuses courses oc\u00e9aniques en solitaire et en \u00e9quipage. Parmi celles-ci figurent Les&nbsp;Sables-Les&nbsp;A\u00e7ores-Les&nbsp;Sables&nbsp;2022 (troisi\u00e8me place), la troisi\u00e8me \u00e9tape du Globe&nbsp;40 \u00e0 bord d\u2019un Class40 (deuxi\u00e8me place) et la Mini Fastnet&nbsp;2023 (troisi\u00e8me place).<\/p>\n\n\n\n<p>En novembre&nbsp;2023, Luca brille avec une huiti\u00e8me place lors de la premi\u00e8re \u00e9tape et triomphe en remportant la seconde. Ce succ\u00e8s lui permet de d\u00e9crocher le titre g\u00e9n\u00e9ral de la Mini Transat, devenant ainsi le deuxi\u00e8me Italien \u00e0 s\u2019imposer dans cette prestigieuse comp\u00e9tition.<\/p>\n\n\n\n<p>Enfin, Luca Rosetti int\u00e8gre l\u2019\u00e9quipage d\u2019Alberto Bona lors de la Transat Qu\u00e9bec Saint-Malo, la deuxi\u00e8me course transoc\u00e9anique de la saison&nbsp;2024 du Class40&nbsp;<em>IBSA<\/em>.<\/p>\n","protected":false},"excerpt":{"rendered":"<p>N\u00e9 en 1995, Luca Rosetti d\u00e9couvre la voile \u00e0 l\u2019\u00e2ge de sept ans lors d\u2019un cours de voile en Optimist. Entre&nbsp;2005 et&nbsp;2016, Luca se sp\u00e9cialise dans la classe Laser, dont il devient \u00e9galement entra\u00eeneur. Il remporte de nombreux succ\u00e8s dans diff\u00e9rentes classes de bateaux, comme le J22, le J80, le Tom&nbsp;28 et le Mini&nbsp;650, gr\u00e2ce [&hellip;]<\/p>\n","protected":false},"author":4,"featured_media":0,"parent":0,"menu_order":0,"comment_status":"closed","ping_status":"closed","template":"rossetti.php","meta":{"_acf_changed":false,"ngg_post_thumbnail":0,"footnotes":""},"class_list":["post-8805","page","type-page","status-publish","hentry"],"acf":[],"yoast_head":"<!-- This site is optimized with the Yoast SEO plugin v24.3 - https:\/\/yoast.com\/wordpress\/plugins\/seo\/ -->\n<title>Luca Rosetti - IBSA Sailing<\/title>\n<meta name=\"robots\" content=\"index, follow, max-snippet:-1, max-image-preview:large, max-video-preview:-1\" \/>\n<link rel=\"canonical\" href=\"https:\/\/www.ibsasailing.com\/fr\/luca-rosetti\/\" \/>\n<meta property=\"og:locale\" content=\"fr_FR\" \/>\n<meta property=\"og:type\" content=\"article\" \/>\n<meta property=\"og:title\" content=\"Luca Rosetti - IBSA Sailing\" \/>\n<meta property=\"og:description\" content=\"N\u00e9 en 1995, Luca Rosetti d\u00e9couvre la voile \u00e0 l\u2019\u00e2ge de sept ans lors d\u2019un cours de voile en Optimist. Entre&nbsp;2005 et&nbsp;2016, Luca se sp\u00e9cialise dans la classe Laser, dont il devient \u00e9galement entra\u00eeneur. Il remporte de nombreux succ\u00e8s dans diff\u00e9rentes classes de bateaux, comme le J22, le J80, le Tom&nbsp;28 et le Mini&nbsp;650, gr\u00e2ce [&hellip;]\" \/>\n<meta property=\"og:url\" content=\"https:\/\/www.ibsasailing.com\/fr\/luca-rosetti\/\" \/>\n<meta property=\"og:site_name\" content=\"IBSA Sailing\" \/>\n<meta property=\"article:publisher\" content=\"https:\/\/www.facebook.com\/ibsapharma\/\" \/>\n<meta property=\"article:modified_time\" content=\"2025-01-27T14:51:21+00:00\" \/>\n<meta property=\"og:image\" content=\"https:\/\/www.ibsasailing.com\/wp-content\/uploads\/2022\/09\/logo_ok.png\" \/>\n\t<meta property=\"og:image:width\" content=\"1090\" \/>\n\t<meta property=\"og:image:height\" content=\"876\" \/>\n\t<meta property=\"og:image:type\" content=\"image\/png\" \/>\n<meta name=\"twitter:card\" content=\"summary_large_image\" \/>\n<meta name=\"twitter:label1\" content=\"Dur\u00e9e de lecture estim\u00e9e\" \/>\n\t<meta name=\"twitter:data1\" content=\"2 minutes\" \/>\n<script type=\"application\/ld+json\" class=\"yoast-schema-graph\">{\"@context\":\"https:\/\/schema.org\",\"@graph\":[{\"@type\":\"WebPage\",\"@id\":\"https:\/\/www.ibsasailing.com\/fr\/luca-rosetti\/\",\"url\":\"https:\/\/www.ibsasailing.com\/fr\/luca-rosetti\/\",\"name\":\"Luca Rosetti - IBSA Sailing\",\"isPartOf\":{\"@id\":\"https:\/\/www.ibsasailing.com\/#website\"},\"datePublished\":\"2025-01-27T14:47:31+00:00\",\"dateModified\":\"2025-01-27T14:51:21+00:00\",\"breadcrumb\":{\"@id\":\"https:\/\/www.ibsasailing.com\/fr\/luca-rosetti\/#breadcrumb\"},\"inLanguage\":\"fr-FR\",\"potentialAction\":[{\"@type\":\"ReadAction\",\"target\":[\"https:\/\/www.ibsasailing.com\/fr\/luca-rosetti\/\"]}]},{\"@type\":\"BreadcrumbList\",\"@id\":\"https:\/\/www.ibsasailing.com\/fr\/luca-rosetti\/#breadcrumb\",\"itemListElement\":[{\"@type\":\"ListItem\",\"position\":1,\"name\":\"Home\",\"item\":\"https:\/\/www.ibsasailing.com\/fr\/\"},{\"@type\":\"ListItem\",\"position\":2,\"name\":\"Luca Rosetti\"}]},{\"@type\":\"WebSite\",\"@id\":\"https:\/\/www.ibsasailing.com\/#website\",\"url\":\"https:\/\/www.ibsasailing.com\/\",\"name\":\"IBSA Sailing\",\"description\":\"Sailing into the Future. Together\",\"publisher\":{\"@id\":\"https:\/\/www.ibsasailing.com\/#organization\"},\"potentialAction\":[{\"@type\":\"SearchAction\",\"target\":{\"@type\":\"EntryPoint\",\"urlTemplate\":\"https:\/\/www.ibsasailing.com\/?s={search_term_string}\"},\"query-input\":{\"@type\":\"PropertyValueSpecification\",\"valueRequired\":true,\"valueName\":\"search_term_string\"}}],\"inLanguage\":\"fr-FR\"},{\"@type\":\"Organization\",\"@id\":\"https:\/\/www.ibsasailing.com\/#organization\",\"name\":\"IBSA Sailing\",\"url\":\"https:\/\/www.ibsasailing.com\/\",\"logo\":{\"@type\":\"ImageObject\",\"inLanguage\":\"fr-FR\",\"@id\":\"https:\/\/www.ibsasailing.com\/#\/schema\/logo\/image\/\",\"url\":\"https:\/\/www.ibsasailing.com\/wp-content\/uploads\/2022\/11\/IBSA_RdR_StartDay40-1-scaled.jpg\",\"contentUrl\":\"https:\/\/www.ibsasailing.com\/wp-content\/uploads\/2022\/11\/IBSA_RdR_StartDay40-1-scaled.jpg\",\"width\":2560,\"height\":1523,\"caption\":\"IBSA Sailing\"},\"image\":{\"@id\":\"https:\/\/www.ibsasailing.com\/#\/schema\/logo\/image\/\"},\"sameAs\":[\"https:\/\/www.facebook.com\/ibsapharma\/\"]}]}<\/script>\n<!-- \/ Yoast SEO plugin. -->","yoast_head_json":{"title":"Luca Rosetti - IBSA Sailing","robots":{"index":"index","follow":"follow","max-snippet":"max-snippet:-1","max-image-preview":"max-image-preview:large","max-video-preview":"max-video-preview:-1"},"canonical":"https:\/\/www.ibsasailing.com\/fr\/luca-rosetti\/","og_locale":"fr_FR","og_type":"article","og_title":"Luca Rosetti - IBSA Sailing","og_description":"N\u00e9 en 1995, Luca Rosetti d\u00e9couvre la voile \u00e0 l\u2019\u00e2ge de sept ans lors d\u2019un cours de voile en Optimist. Entre&nbsp;2005 et&nbsp;2016, Luca se sp\u00e9cialise dans la classe Laser, dont il devient \u00e9galement entra\u00eeneur. Il remporte de nombreux succ\u00e8s dans diff\u00e9rentes classes de bateaux, comme le J22, le J80, le Tom&nbsp;28 et le Mini&nbsp;650, gr\u00e2ce [&hellip;]","og_url":"https:\/\/www.ibsasailing.com\/fr\/luca-rosetti\/","og_site_name":"IBSA Sailing","article_publisher":"https:\/\/www.facebook.com\/ibsapharma\/","article_modified_time":"2025-01-27T14:51:21+00:00","og_image":[{"width":1090,"height":876,"url":"https:\/\/www.ibsasailing.com\/wp-content\/uploads\/2022\/09\/logo_ok.png","type":"image\/png"}],"twitter_card":"summary_large_image","twitter_misc":{"Dur\u00e9e de lecture estim\u00e9e":"2 minutes"},"schema":{"@context":"https:\/\/schema.org","@graph":[{"@type":"WebPage","@id":"https:\/\/www.ibsasailing.com\/fr\/luca-rosetti\/","url":"https:\/\/www.ibsasailing.com\/fr\/luca-rosetti\/","name":"Luca Rosetti - IBSA Sailing","isPartOf":{"@id":"https:\/\/www.ibsasailing.com\/#website"},"datePublished":"2025-01-27T14:47:31+00:00","dateModified":"2025-01-27T14:51:21+00:00","breadcrumb":{"@id":"https:\/\/www.ibsasailing.com\/fr\/luca-rosetti\/#breadcrumb"},"inLanguage":"fr-FR","potentialAction":[{"@type":"ReadAction","target":["https:\/\/www.ibsasailing.com\/fr\/luca-rosetti\/"]}]},{"@type":"BreadcrumbList","@id":"https:\/\/www.ibsasailing.com\/fr\/luca-rosetti\/#breadcrumb","itemListElement":[{"@type":"ListItem","position":1,"name":"Home","item":"https:\/\/www.ibsasailing.com\/fr\/"},{"@type":"ListItem","position":2,"name":"Luca Rosetti"}]},{"@type":"WebSite","@id":"https:\/\/www.ibsasailing.com\/#website","url":"https:\/\/www.ibsasailing.com\/","name":"IBSA Sailing","description":"Sailing into the Future. Together","publisher":{"@id":"https:\/\/www.ibsasailing.com\/#organization"},"potentialAction":[{"@type":"SearchAction","target":{"@type":"EntryPoint","urlTemplate":"https:\/\/www.ibsasailing.com\/?s={search_term_string}"},"query-input":{"@type":"PropertyValueSpecification","valueRequired":true,"valueName":"search_term_string"}}],"inLanguage":"fr-FR"},{"@type":"Organization","@id":"https:\/\/www.ibsasailing.com\/#organization","name":"IBSA Sailing","url":"https:\/\/www.ibsasailing.com\/","logo":{"@type":"ImageObject","inLanguage":"fr-FR","@id":"https:\/\/www.ibsasailing.com\/#\/schema\/logo\/image\/","url":"https:\/\/www.ibsasailing.com\/wp-content\/uploads\/2022\/11\/IBSA_RdR_StartDay40-1-scaled.jpg","contentUrl":"https:\/\/www.ibsasailing.com\/wp-content\/uploads\/2022\/11\/IBSA_RdR_StartDay40-1-scaled.jpg","width":2560,"height":1523,"caption":"IBSA Sailing"},"image":{"@id":"https:\/\/www.ibsasailing.com\/#\/schema\/logo\/image\/"},"sameAs":["https:\/\/www.facebook.com\/ibsapharma\/"]}]}},"_links":{"self":[{"href":"https:\/\/www.ibsasailing.com\/fr\/wp-json\/wp\/v2\/pages\/8805","targetHints":{"allow":["GET"]}}],"collection":[{"href":"https:\/\/www.ibsasailing.com\/fr\/wp-json\/wp\/v2\/pages"}],"about":[{"href":"https:\/\/www.ibsasailing.com\/fr\/wp-json\/wp\/v2\/types\/page"}],"author":[{"embeddable":true,"href":"https:\/\/www.ibsasailing.com\/fr\/wp-json\/wp\/v2\/users\/4"}],"replies":[{"embeddable":true,"href":"https:\/\/www.ibsasailing.com\/fr\/wp-json\/wp\/v2\/comments?post=8805"}],"version-history":[{"count":1,"href":"https:\/\/www.ibsasailing.com\/fr\/wp-json\/wp\/v2\/pages\/8805\/revisions"}],"predecessor-version":[{"id":8806,"href":"https:\/\/www.ibsasailing.com\/fr\/wp-json\/wp\/v2\/pages\/8805\/revisions\/8806"}],"wp:attachment":[{"href":"https:\/\/www.ibsasailing.com\/fr\/wp-json\/wp\/v2\/media?parent=8805"}],"curies":[{"name":"wp","href":"https:\/\/api.w.org\/{rel}","templated":true}]}}