{"id":8812,"date":"2025-01-27T15:52:30","date_gmt":"2025-01-27T14:52:30","guid":{"rendered":"https:\/\/www.ibsasailing.com\/?page_id=8812"},"modified":"2025-01-27T15:53:49","modified_gmt":"2025-01-27T14:53:49","slug":"alberto-riva","status":"publish","type":"page","link":"https:\/\/www.ibsasailing.com\/fr\/alberto-riva\/","title":{"rendered":"Alberto Riva"},"content":{"rendered":"\n<p>Originaire de Milan, o\u00f9 il est n\u00e9 en 1992, Alberto Riva, dipl\u00f4m\u00e9 en ing\u00e9nierie physique, a grandi en respirant l&rsquo;air marin de la voile \u00e0 bord du bateau familial, un ancien IOR de r\u00e9gate, un Regolo \u00be ton des ann\u00e9es 70.<\/p>\n\n\n\n<p>De 14 \u00e0 21 ans, il est moniteur et participe \u00e0 toutes les principales r\u00e9gates de la M\u00e9diterran\u00e9e.<\/p>\n\n\n\n<p>Plus tard, il rejoint l&rsquo;\u00e9quipe de comp\u00e9tition de skiff sailing et participe \u00e0 des comp\u00e9titions en 29er.<\/p>\n\n\n\n<p>La formation en voile d&rsquo;Alberto va de pair avec celle technologique et, apr\u00e8s avoir obtenu son dipl\u00f4me, il collabore avec le Politecnico di Milano sur le \u00ab projet 1001vela \u00bb, en construisant un d\u00e9riveur \u00e0 partir de z\u00e9ro.Il s&rsquo;occupe de l&rsquo;analyse de donn\u00e9es et des <em>performances <\/em>pour le Team Azzurra TP 52, d\u00e9veloppe et construit lui-m\u00eame l&rsquo;une des parties les plus complexes et importantes des bateaux \u00e0 voile pour solitaires : le pilote automatique.<\/p>\n\n\n\n<p>Alberto peut se targuer d&rsquo;avoir collabor\u00e9 avec les plus grandes \u00e9quipes italiennes, dont la \u00ab Maserati Multi 70 \u00bb de Giovanni Soldini, et d&rsquo;avoir particip\u00e9 \u00e0 des courses oc\u00e9aniques prestigieuses telles que la Route du Rhum et la Transat Jacques Vabre.<\/p>\n\n\n\n<p>En 2019, il navigue sur un Mini de s\u00e9rie de nouvelle g\u00e9n\u00e9ration et remporte la <em>Mini Solo 222<\/em> et le championnat italien de <em>Mini<\/em>.<\/p>\n\n\n\n<p>En janvier 2020, Alberto a mis \u00e0 l&rsquo;eau une nouvelle mini \u00e0 bord de laquelle il a remport\u00e9 le titre de <em>champion italien de la classe Mini 650<\/em> et la premi\u00e8re place du<em>classement international<\/em>. Il a termin\u00e9 la saison en franchissant la ligne d&rsquo;arriv\u00e9e \u00e0 la deuxi\u00e8me place de <em>la Mini-Transat 2021<\/em>, un r\u00e9sultat jamais atteint auparavant par un marin italien d\u00e8s sa premi\u00e8re tentative.<\/p>\n\n\n\n<p>Depuis 2022, il se consacre \u00e0 plein temps aux comp\u00e9titions en Class40 et, en septembre 2024, il participe comme co-skipper d&rsquo;Alberto Bona \u00e0 la Normandy Channel Race.<\/p>\n","protected":false},"excerpt":{"rendered":"<p>Originaire de Milan, o\u00f9 il est n\u00e9 en 1992, Alberto Riva, dipl\u00f4m\u00e9 en ing\u00e9nierie physique, a grandi en respirant l&rsquo;air marin de la voile \u00e0 bord du bateau familial, un ancien IOR de r\u00e9gate, un Regolo \u00be ton des ann\u00e9es 70. De 14 \u00e0 21 ans, il est moniteur et participe \u00e0 toutes les principales [&hellip;]<\/p>\n","protected":false},"author":4,"featured_media":0,"parent":0,"menu_order":0,"comment_status":"closed","ping_status":"closed","template":"riva.php","meta":{"_acf_changed":false,"ngg_post_thumbnail":0,"footnotes":""},"class_list":["post-8812","page","type-page","status-publish","hentry"],"acf":[],"yoast_head":"<!-- This site is optimized with the Yoast SEO plugin v24.3 - https:\/\/yoast.com\/wordpress\/plugins\/seo\/ -->\n<title>Alberto Riva - IBSA Sailing<\/title>\n<meta name=\"robots\" content=\"index, follow, max-snippet:-1, max-image-preview:large, max-video-preview:-1\" \/>\n<link rel=\"canonical\" href=\"https:\/\/www.ibsasailing.com\/fr\/alberto-riva\/\" \/>\n<meta property=\"og:locale\" content=\"fr_FR\" \/>\n<meta property=\"og:type\" content=\"article\" \/>\n<meta property=\"og:title\" content=\"Alberto Riva - IBSA Sailing\" \/>\n<meta property=\"og:description\" content=\"Originaire de Milan, o\u00f9 il est n\u00e9 en 1992, Alberto Riva, dipl\u00f4m\u00e9 en ing\u00e9nierie physique, a grandi en respirant l&rsquo;air marin de la voile \u00e0 bord du bateau familial, un ancien IOR de r\u00e9gate, un Regolo \u00be ton des ann\u00e9es 70. De 14 \u00e0 21 ans, il est moniteur et participe \u00e0 toutes les principales [&hellip;]\" \/>\n<meta property=\"og:url\" content=\"https:\/\/www.ibsasailing.com\/fr\/alberto-riva\/\" \/>\n<meta property=\"og:site_name\" content=\"IBSA Sailing\" \/>\n<meta property=\"article:publisher\" content=\"https:\/\/www.facebook.com\/ibsapharma\/\" \/>\n<meta property=\"article:modified_time\" content=\"2025-01-27T14:53:49+00:00\" \/>\n<meta property=\"og:image\" content=\"https:\/\/www.ibsasailing.com\/wp-content\/uploads\/2022\/09\/logo_ok.png\" \/>\n\t<meta property=\"og:image:width\" content=\"1090\" \/>\n\t<meta property=\"og:image:height\" content=\"876\" \/>\n\t<meta property=\"og:image:type\" content=\"image\/png\" \/>\n<meta name=\"twitter:card\" content=\"summary_large_image\" \/>\n<meta name=\"twitter:label1\" content=\"Dur\u00e9e de lecture estim\u00e9e\" \/>\n\t<meta name=\"twitter:data1\" content=\"2 minutes\" \/>\n<script type=\"application\/ld+json\" class=\"yoast-schema-graph\">{\"@context\":\"https:\/\/schema.org\",\"@graph\":[{\"@type\":\"WebPage\",\"@id\":\"https:\/\/www.ibsasailing.com\/fr\/alberto-riva\/\",\"url\":\"https:\/\/www.ibsasailing.com\/fr\/alberto-riva\/\",\"name\":\"Alberto Riva - IBSA Sailing\",\"isPartOf\":{\"@id\":\"https:\/\/www.ibsasailing.com\/#website\"},\"datePublished\":\"2025-01-27T14:52:30+00:00\",\"dateModified\":\"2025-01-27T14:53:49+00:00\",\"breadcrumb\":{\"@id\":\"https:\/\/www.ibsasailing.com\/fr\/alberto-riva\/#breadcrumb\"},\"inLanguage\":\"fr-FR\",\"potentialAction\":[{\"@type\":\"ReadAction\",\"target\":[\"https:\/\/www.ibsasailing.com\/fr\/alberto-riva\/\"]}]},{\"@type\":\"BreadcrumbList\",\"@id\":\"https:\/\/www.ibsasailing.com\/fr\/alberto-riva\/#breadcrumb\",\"itemListElement\":[{\"@type\":\"ListItem\",\"position\":1,\"name\":\"Home\",\"item\":\"https:\/\/www.ibsasailing.com\/fr\/\"},{\"@type\":\"ListItem\",\"position\":2,\"name\":\"Alberto Riva\"}]},{\"@type\":\"WebSite\",\"@id\":\"https:\/\/www.ibsasailing.com\/#website\",\"url\":\"https:\/\/www.ibsasailing.com\/\",\"name\":\"IBSA Sailing\",\"description\":\"Sailing into the Future. Together\",\"publisher\":{\"@id\":\"https:\/\/www.ibsasailing.com\/#organization\"},\"potentialAction\":[{\"@type\":\"SearchAction\",\"target\":{\"@type\":\"EntryPoint\",\"urlTemplate\":\"https:\/\/www.ibsasailing.com\/?s={search_term_string}\"},\"query-input\":{\"@type\":\"PropertyValueSpecification\",\"valueRequired\":true,\"valueName\":\"search_term_string\"}}],\"inLanguage\":\"fr-FR\"},{\"@type\":\"Organization\",\"@id\":\"https:\/\/www.ibsasailing.com\/#organization\",\"name\":\"IBSA Sailing\",\"url\":\"https:\/\/www.ibsasailing.com\/\",\"logo\":{\"@type\":\"ImageObject\",\"inLanguage\":\"fr-FR\",\"@id\":\"https:\/\/www.ibsasailing.com\/#\/schema\/logo\/image\/\",\"url\":\"https:\/\/www.ibsasailing.com\/wp-content\/uploads\/2022\/11\/IBSA_RdR_StartDay40-1-scaled.jpg\",\"contentUrl\":\"https:\/\/www.ibsasailing.com\/wp-content\/uploads\/2022\/11\/IBSA_RdR_StartDay40-1-scaled.jpg\",\"width\":2560,\"height\":1523,\"caption\":\"IBSA Sailing\"},\"image\":{\"@id\":\"https:\/\/www.ibsasailing.com\/#\/schema\/logo\/image\/\"},\"sameAs\":[\"https:\/\/www.facebook.com\/ibsapharma\/\"]}]}<\/script>\n<!-- \/ Yoast SEO plugin. -->","yoast_head_json":{"title":"Alberto Riva - IBSA Sailing","robots":{"index":"index","follow":"follow","max-snippet":"max-snippet:-1","max-image-preview":"max-image-preview:large","max-video-preview":"max-video-preview:-1"},"canonical":"https:\/\/www.ibsasailing.com\/fr\/alberto-riva\/","og_locale":"fr_FR","og_type":"article","og_title":"Alberto Riva - IBSA Sailing","og_description":"Originaire de Milan, o\u00f9 il est n\u00e9 en 1992, Alberto Riva, dipl\u00f4m\u00e9 en ing\u00e9nierie physique, a grandi en respirant l&rsquo;air marin de la voile \u00e0 bord du bateau familial, un ancien IOR de r\u00e9gate, un Regolo \u00be ton des ann\u00e9es 70. De 14 \u00e0 21 ans, il est moniteur et participe \u00e0 toutes les principales [&hellip;]","og_url":"https:\/\/www.ibsasailing.com\/fr\/alberto-riva\/","og_site_name":"IBSA Sailing","article_publisher":"https:\/\/www.facebook.com\/ibsapharma\/","article_modified_time":"2025-01-27T14:53:49+00:00","og_image":[{"width":1090,"height":876,"url":"https:\/\/www.ibsasailing.com\/wp-content\/uploads\/2022\/09\/logo_ok.png","type":"image\/png"}],"twitter_card":"summary_large_image","twitter_misc":{"Dur\u00e9e de lecture estim\u00e9e":"2 minutes"},"schema":{"@context":"https:\/\/schema.org","@graph":[{"@type":"WebPage","@id":"https:\/\/www.ibsasailing.com\/fr\/alberto-riva\/","url":"https:\/\/www.ibsasailing.com\/fr\/alberto-riva\/","name":"Alberto Riva - IBSA Sailing","isPartOf":{"@id":"https:\/\/www.ibsasailing.com\/#website"},"datePublished":"2025-01-27T14:52:30+00:00","dateModified":"2025-01-27T14:53:49+00:00","breadcrumb":{"@id":"https:\/\/www.ibsasailing.com\/fr\/alberto-riva\/#breadcrumb"},"inLanguage":"fr-FR","potentialAction":[{"@type":"ReadAction","target":["https:\/\/www.ibsasailing.com\/fr\/alberto-riva\/"]}]},{"@type":"BreadcrumbList","@id":"https:\/\/www.ibsasailing.com\/fr\/alberto-riva\/#breadcrumb","itemListElement":[{"@type":"ListItem","position":1,"name":"Home","item":"https:\/\/www.ibsasailing.com\/fr\/"},{"@type":"ListItem","position":2,"name":"Alberto Riva"}]},{"@type":"WebSite","@id":"https:\/\/www.ibsasailing.com\/#website","url":"https:\/\/www.ibsasailing.com\/","name":"IBSA Sailing","description":"Sailing into the Future. Together","publisher":{"@id":"https:\/\/www.ibsasailing.com\/#organization"},"potentialAction":[{"@type":"SearchAction","target":{"@type":"EntryPoint","urlTemplate":"https:\/\/www.ibsasailing.com\/?s={search_term_string}"},"query-input":{"@type":"PropertyValueSpecification","valueRequired":true,"valueName":"search_term_string"}}],"inLanguage":"fr-FR"},{"@type":"Organization","@id":"https:\/\/www.ibsasailing.com\/#organization","name":"IBSA Sailing","url":"https:\/\/www.ibsasailing.com\/","logo":{"@type":"ImageObject","inLanguage":"fr-FR","@id":"https:\/\/www.ibsasailing.com\/#\/schema\/logo\/image\/","url":"https:\/\/www.ibsasailing.com\/wp-content\/uploads\/2022\/11\/IBSA_RdR_StartDay40-1-scaled.jpg","contentUrl":"https:\/\/www.ibsasailing.com\/wp-content\/uploads\/2022\/11\/IBSA_RdR_StartDay40-1-scaled.jpg","width":2560,"height":1523,"caption":"IBSA Sailing"},"image":{"@id":"https:\/\/www.ibsasailing.com\/#\/schema\/logo\/image\/"},"sameAs":["https:\/\/www.facebook.com\/ibsapharma\/"]}]}},"_links":{"self":[{"href":"https:\/\/www.ibsasailing.com\/fr\/wp-json\/wp\/v2\/pages\/8812","targetHints":{"allow":["GET"]}}],"collection":[{"href":"https:\/\/www.ibsasailing.com\/fr\/wp-json\/wp\/v2\/pages"}],"about":[{"href":"https:\/\/www.ibsasailing.com\/fr\/wp-json\/wp\/v2\/types\/page"}],"author":[{"embeddable":true,"href":"https:\/\/www.ibsasailing.com\/fr\/wp-json\/wp\/v2\/users\/4"}],"replies":[{"embeddable":true,"href":"https:\/\/www.ibsasailing.com\/fr\/wp-json\/wp\/v2\/comments?post=8812"}],"version-history":[{"count":1,"href":"https:\/\/www.ibsasailing.com\/fr\/wp-json\/wp\/v2\/pages\/8812\/revisions"}],"predecessor-version":[{"id":8813,"href":"https:\/\/www.ibsasailing.com\/fr\/wp-json\/wp\/v2\/pages\/8812\/revisions\/8813"}],"wp:attachment":[{"href":"https:\/\/www.ibsasailing.com\/fr\/wp-json\/wp\/v2\/media?parent=8812"}],"curies":[{"name":"wp","href":"https:\/\/api.w.org\/{rel}","templated":true}]}}